
{"id":1142443,"date":"2022-12-26T13:32:30","date_gmt":"2022-12-26T12:32:32","guid":{"rendered":"https:\/\/www.baque.com\/?post_type=product&#038;p=1142443"},"modified":"2022-12-27T13:13:30","modified_gmt":"2022-12-27T12:13:30","slug":"gobik-gizonezkoen-kulotea-copia","status":"publish","type":"product","link":"https:\/\/www.baque.com\/eu\/denda\/maillotak\/gobik-gizonezkoen-kulotea-copia\/","title":{"rendered":"GOBIK GIZONEZKOEN KULOTEA 2023"},"content":{"rendered":"<p>Prestazio handiko kulotea, oso ergonomikoa eta parekorik ez duen erresistentziarekin. Jostura lauarekin jositakoa da eta tiranteak ultra transpiragarria den ehun batekin eginak daude, freskotasuna eman eta bikain eusteko.<\/p>\n<p>Gainera, akabera oso leuna du eta zinta elastiko eroso du laser bidez ebakitakoa eta mikrosilikonarekin, erosoagoa izan eta hobeto doitzeko.<\/p>\n<p style=\"background: white; margin: 0cm 0cm 19.2pt 0cm;\"><span lang=\"EU\" style=\"font-size: 13.0pt; color: #1c1b1b;\">Egokia da edozein gorpuzkerako erabiltzaile ertain eta aurreratuentzat.<\/span><\/p>\n<p><strong>\u00b7 Edizio esklusiboa: Gobik-ek ekoitzia, Limited K10 modeloa<\/strong><\/p>\n<p><strong>\u00b7 Ezaugarriak<\/strong>: Comfort | Adjustment<\/p>\n<p><strong>\u00b7 Erabilera-tartea<\/strong>: 17\u00baC &#8211; 35\u00baC<\/p>\n<p><strong>\u00b7 Badana: <\/strong>K10<\/p>\n<p>&nbsp;<\/p>\n<h4><strong>BADANA K10 CARBON (GIZONENTZAT)\u00a0<\/strong><\/h4>\n<p><strong>Egokia errepidean edo MTBn ibilbide luzeak egiteko.\u00a0<\/strong>Azken belaunaldiko badana da \u201cstiched\u201d teknologia erabiltzen duena, superlaua alderantzikatutako egiturarekin, 2 dentsitate eta E.I.T. CARBONIUM ehunarekin.<\/p>\n<p><strong>\u00b7 Errendimendua:<\/strong>8 ordu<\/p>\n<p><strong>\u00b7 Lodiera:<\/strong>3-18 mm<\/p>\n<p><strong>\u00b7 Dentsitatea:<\/strong>60-120 kg\/m3 bikoitza<\/p>\n<p><strong>\u00b7 Aparra:<\/strong>Dentsitate handiko E.I.T<\/p>\n<p><strong>\u00b7 Ehuna:<\/strong>I.T Carbonium bakteriostatiko ultra transpiragarria<\/p>\n","protected":false},"excerpt":{"rendered":"<p>Prestazio handiko kulotea, oso ergonomikoa eta parekorik ez duen erresistentziarekin. Jostura lauarekin jositakoa da eta tiranteak ultra transpiragarria den ehun batekin eginak daude, freskotasuna eman eta bikain eusteko. Gainera, akabera oso leuna du eta zinta elastiko eroso du laser bidez ebakitakoa eta mikrosilikonarekin, erosoagoa izan eta hobeto doitzeko. Egokia da edozein gorpuzkerako erabiltzaile ertain eta [&hellip;]<\/p>\n","protected":false},"featured_media":1138714,"template":"","meta":{"_acf_changed":false},"product_brand":[],"product_cat":[401],"product_tag":[],"class_list":{"0":"post-1142443","1":"product","2":"type-product","3":"status-publish","4":"has-post-thumbnail","6":"product_cat-maillotak","8":"first","9":"instock","10":"sale","11":"taxable","12":"shipping-taxable","13":"purchasable","14":"product-type-variable"},"bundled_by":[],"bundle_stock_status":"instock","bundle_stock_quantity":null,"bundle_virtual":false,"bundle_layout":"","bundle_add_to_cart_form_location":"","bundle_editable_in_cart":false,"bundle_sold_individually_context":"","bundle_item_grouping":"","bundle_min_size":"","bundle_max_size":"","bundle_price":[],"bundled_items":[],"bundle_sell_ids":[],"acf":[],"yoast_head":"<!-- This site is optimized with the Yoast SEO plugin v27.3 - https:\/\/yoast.com\/product\/yoast-seo-wordpress\/ -->\n<title>Culotte Gobik Hombre Caf\u00e9s Baqu\u00e9 \/\/ Equipaci\u00f3n ciclista Baqu\u00e9<\/title>\n<meta name=\"description\" content=\"Culotte marca Gobik de altas prestaciones, muy ergon\u00f3mico, y con una resistencia sin igual. Est\u00e1 confeccionado con costura plana y tirantes elaborados en tejido ultra transpirable.\" \/>\n<meta name=\"robots\" content=\"index, follow, max-snippet:-1, max-image-preview:large, max-video-preview:-1\" \/>\n<meta property=\"og:locale\" content=\"eu_ES\" \/>\n<meta property=\"og:type\" content=\"article\" \/>\n<meta property=\"og:title\" content=\"Culotte Gobik Hombre Caf\u00e9s Baqu\u00e9 \/\/ Equipaci\u00f3n ciclista Baqu\u00e9\" \/>\n<meta property=\"og:description\" content=\"Culotte marca Gobik de altas prestaciones, muy ergon\u00f3mico, y con una resistencia sin igual. Est\u00e1 confeccionado con costura plana y tirantes elaborados en tejido ultra transpirable.\" \/>\n<meta property=\"og:url\" content=\"https:\/\/www.baque.com\/eu\/denda\/maillotak\/gobik-gizonezkoen-kulotea-copia\/\" \/>\n<meta property=\"og:site_name\" content=\"Caf\u00e9s Baqu\u00e9\" \/>\n<meta property=\"article:modified_time\" content=\"2022-12-27T12:13:30+00:00\" \/>\n<meta property=\"og:image\" content=\"https:\/\/www.baque.com\/wp-content\/uploads\/2022\/12\/Culotte-corto.jpg\" \/>\n\t<meta property=\"og:image:width\" content=\"669\" \/>\n\t<meta property=\"og:image:height\" content=\"779\" \/>\n\t<meta property=\"og:image:type\" content=\"image\/jpeg\" \/>\n<meta name=\"twitter:card\" content=\"summary_large_image\" \/>\n<meta name=\"twitter:label1\" content=\"Est. reading time\" \/>\n\t<meta name=\"twitter:data1\" content=\"1 minute\" \/>\n<script type=\"application\/ld+json\" class=\"yoast-schema-graph\">{\"@context\":\"https:\\\/\\\/schema.org\",\"@graph\":[{\"@type\":\"WebPage\",\"@id\":\"https:\\\/\\\/www.baque.com\\\/eu\\\/denda\\\/maillotak\\\/gobik-gizonezkoen-kulotea-copia\\\/\",\"url\":\"https:\\\/\\\/www.baque.com\\\/eu\\\/denda\\\/maillotak\\\/gobik-gizonezkoen-kulotea-copia\\\/\",\"name\":\"Culotte Gobik Hombre Caf\u00e9s Baqu\u00e9 \\\/\\\/ Equipaci\u00f3n ciclista Baqu\u00e9\",\"isPartOf\":{\"@id\":\"https:\\\/\\\/www.baque.com\\\/es\\\/#website\"},\"primaryImageOfPage\":{\"@id\":\"https:\\\/\\\/www.baque.com\\\/eu\\\/denda\\\/maillotak\\\/gobik-gizonezkoen-kulotea-copia\\\/#primaryimage\"},\"image\":{\"@id\":\"https:\\\/\\\/www.baque.com\\\/eu\\\/denda\\\/maillotak\\\/gobik-gizonezkoen-kulotea-copia\\\/#primaryimage\"},\"thumbnailUrl\":\"https:\\\/\\\/www.baque.com\\\/wp-content\\\/uploads\\\/2022\\\/12\\\/Culotte-corto.jpg\",\"datePublished\":\"2022-12-26T12:32:32+00:00\",\"dateModified\":\"2022-12-27T12:13:30+00:00\",\"description\":\"Culotte marca Gobik de altas prestaciones, muy ergon\u00f3mico, y con una resistencia sin igual. Est\u00e1 confeccionado con costura plana y tirantes elaborados en tejido ultra transpirable.\",\"breadcrumb\":{\"@id\":\"https:\\\/\\\/www.baque.com\\\/eu\\\/denda\\\/maillotak\\\/gobik-gizonezkoen-kulotea-copia\\\/#breadcrumb\"},\"inLanguage\":\"eu-ES\",\"potentialAction\":[{\"@type\":\"ReadAction\",\"target\":[\"https:\\\/\\\/www.baque.com\\\/eu\\\/denda\\\/maillotak\\\/gobik-gizonezkoen-kulotea-copia\\\/\"]}]},{\"@type\":\"ImageObject\",\"inLanguage\":\"eu-ES\",\"@id\":\"https:\\\/\\\/www.baque.com\\\/eu\\\/denda\\\/maillotak\\\/gobik-gizonezkoen-kulotea-copia\\\/#primaryimage\",\"url\":\"https:\\\/\\\/www.baque.com\\\/wp-content\\\/uploads\\\/2022\\\/12\\\/Culotte-corto.jpg\",\"contentUrl\":\"https:\\\/\\\/www.baque.com\\\/wp-content\\\/uploads\\\/2022\\\/12\\\/Culotte-corto.jpg\",\"width\":669,\"height\":779},{\"@type\":\"BreadcrumbList\",\"@id\":\"https:\\\/\\\/www.baque.com\\\/eu\\\/denda\\\/maillotak\\\/gobik-gizonezkoen-kulotea-copia\\\/#breadcrumb\",\"itemListElement\":[{\"@type\":\"ListItem\",\"position\":1,\"name\":\"Portada\",\"item\":\"https:\\\/\\\/www.baque.com\\\/eu\\\/\"},{\"@type\":\"ListItem\",\"position\":2,\"name\":\"Denda\",\"item\":\"https:\\\/\\\/www.baque.com\\\/eu\\\/denda\\\/\"},{\"@type\":\"ListItem\",\"position\":3,\"name\":\"GOBIK GIZONEZKOEN KULOTEA 2023\"}]},{\"@type\":\"WebSite\",\"@id\":\"https:\\\/\\\/www.baque.com\\\/es\\\/#website\",\"url\":\"https:\\\/\\\/www.baque.com\\\/es\\\/\",\"name\":\"Caf\u00e9s Baqu\u00e9\",\"description\":\"Somos l\u00edderes en hosteler\u00eda en Pa\u00eds Vasco y La Rioja y una de las marcas m\u00e1s reconocidas en el mercado nacional. Somos una empresa familiar en constante innovaci\u00f3n en el producto. Tostamos y distribuimos caf\u00e9 molido, en grano y c\u00e1psulas para disfrutar en casa, en el bar y en la oficina.\",\"potentialAction\":[{\"@type\":\"SearchAction\",\"target\":{\"@type\":\"EntryPoint\",\"urlTemplate\":\"https:\\\/\\\/www.baque.com\\\/es\\\/?s={search_term_string}\"},\"query-input\":{\"@type\":\"PropertyValueSpecification\",\"valueRequired\":true,\"valueName\":\"search_term_string\"}}],\"inLanguage\":\"eu-ES\"}]}<\/script>\n<!-- \/ Yoast SEO plugin. -->","yoast_head_json":{"title":"Culotte Gobik Hombre Caf\u00e9s Baqu\u00e9 \/\/ Equipaci\u00f3n ciclista Baqu\u00e9","description":"Culotte marca Gobik de altas prestaciones, muy ergon\u00f3mico, y con una resistencia sin igual. Est\u00e1 confeccionado con costura plana y tirantes elaborados en tejido ultra transpirable.","robots":{"index":"index","follow":"follow","max-snippet":"max-snippet:-1","max-image-preview":"max-image-preview:large","max-video-preview":"max-video-preview:-1"},"og_locale":"eu_ES","og_type":"article","og_title":"Culotte Gobik Hombre Caf\u00e9s Baqu\u00e9 \/\/ Equipaci\u00f3n ciclista Baqu\u00e9","og_description":"Culotte marca Gobik de altas prestaciones, muy ergon\u00f3mico, y con una resistencia sin igual. Est\u00e1 confeccionado con costura plana y tirantes elaborados en tejido ultra transpirable.","og_url":"https:\/\/www.baque.com\/eu\/denda\/maillotak\/gobik-gizonezkoen-kulotea-copia\/","og_site_name":"Caf\u00e9s Baqu\u00e9","article_modified_time":"2022-12-27T12:13:30+00:00","og_image":[{"width":669,"height":779,"url":"https:\/\/www.baque.com\/wp-content\/uploads\/2022\/12\/Culotte-corto.jpg","type":"image\/jpeg"}],"twitter_card":"summary_large_image","twitter_misc":{"Est. reading time":"1 minute"},"schema":{"@context":"https:\/\/schema.org","@graph":[{"@type":"WebPage","@id":"https:\/\/www.baque.com\/eu\/denda\/maillotak\/gobik-gizonezkoen-kulotea-copia\/","url":"https:\/\/www.baque.com\/eu\/denda\/maillotak\/gobik-gizonezkoen-kulotea-copia\/","name":"Culotte Gobik Hombre Caf\u00e9s Baqu\u00e9 \/\/ Equipaci\u00f3n ciclista Baqu\u00e9","isPartOf":{"@id":"https:\/\/www.baque.com\/es\/#website"},"primaryImageOfPage":{"@id":"https:\/\/www.baque.com\/eu\/denda\/maillotak\/gobik-gizonezkoen-kulotea-copia\/#primaryimage"},"image":{"@id":"https:\/\/www.baque.com\/eu\/denda\/maillotak\/gobik-gizonezkoen-kulotea-copia\/#primaryimage"},"thumbnailUrl":"https:\/\/www.baque.com\/wp-content\/uploads\/2022\/12\/Culotte-corto.jpg","datePublished":"2022-12-26T12:32:32+00:00","dateModified":"2022-12-27T12:13:30+00:00","description":"Culotte marca Gobik de altas prestaciones, muy ergon\u00f3mico, y con una resistencia sin igual. Est\u00e1 confeccionado con costura plana y tirantes elaborados en tejido ultra transpirable.","breadcrumb":{"@id":"https:\/\/www.baque.com\/eu\/denda\/maillotak\/gobik-gizonezkoen-kulotea-copia\/#breadcrumb"},"inLanguage":"eu-ES","potentialAction":[{"@type":"ReadAction","target":["https:\/\/www.baque.com\/eu\/denda\/maillotak\/gobik-gizonezkoen-kulotea-copia\/"]}]},{"@type":"ImageObject","inLanguage":"eu-ES","@id":"https:\/\/www.baque.com\/eu\/denda\/maillotak\/gobik-gizonezkoen-kulotea-copia\/#primaryimage","url":"https:\/\/www.baque.com\/wp-content\/uploads\/2022\/12\/Culotte-corto.jpg","contentUrl":"https:\/\/www.baque.com\/wp-content\/uploads\/2022\/12\/Culotte-corto.jpg","width":669,"height":779},{"@type":"BreadcrumbList","@id":"https:\/\/www.baque.com\/eu\/denda\/maillotak\/gobik-gizonezkoen-kulotea-copia\/#breadcrumb","itemListElement":[{"@type":"ListItem","position":1,"name":"Portada","item":"https:\/\/www.baque.com\/eu\/"},{"@type":"ListItem","position":2,"name":"Denda","item":"https:\/\/www.baque.com\/eu\/denda\/"},{"@type":"ListItem","position":3,"name":"GOBIK GIZONEZKOEN KULOTEA 2023"}]},{"@type":"WebSite","@id":"https:\/\/www.baque.com\/es\/#website","url":"https:\/\/www.baque.com\/es\/","name":"Caf\u00e9s Baqu\u00e9","description":"Somos l\u00edderes en hosteler\u00eda en Pa\u00eds Vasco y La Rioja y una de las marcas m\u00e1s reconocidas en el mercado nacional. Somos una empresa familiar en constante innovaci\u00f3n en el producto. Tostamos y distribuimos caf\u00e9 molido, en grano y c\u00e1psulas para disfrutar en casa, en el bar y en la oficina.","potentialAction":[{"@type":"SearchAction","target":{"@type":"EntryPoint","urlTemplate":"https:\/\/www.baque.com\/es\/?s={search_term_string}"},"query-input":{"@type":"PropertyValueSpecification","valueRequired":true,"valueName":"search_term_string"}}],"inLanguage":"eu-ES"}]}},"_links":{"self":[{"href":"https:\/\/www.baque.com\/eu\/wp-json\/wp\/v2\/product\/1142443","targetHints":{"allow":["GET"]}}],"collection":[{"href":"https:\/\/www.baque.com\/eu\/wp-json\/wp\/v2\/product"}],"about":[{"href":"https:\/\/www.baque.com\/eu\/wp-json\/wp\/v2\/types\/product"}],"wp:featuredmedia":[{"embeddable":true,"href":"https:\/\/www.baque.com\/eu\/wp-json\/wp\/v2\/media\/1138714"}],"wp:attachment":[{"href":"https:\/\/www.baque.com\/eu\/wp-json\/wp\/v2\/media?parent=1142443"}],"wp:term":[{"taxonomy":"product_brand","embeddable":true,"href":"https:\/\/www.baque.com\/eu\/wp-json\/wp\/v2\/product_brand?post=1142443"},{"taxonomy":"product_cat","embeddable":true,"href":"https:\/\/www.baque.com\/eu\/wp-json\/wp\/v2\/product_cat?post=1142443"},{"taxonomy":"product_tag","embeddable":true,"href":"https:\/\/www.baque.com\/eu\/wp-json\/wp\/v2\/product_tag?post=1142443"}],"curies":[{"name":"wp","href":"https:\/\/api.w.org\/{rel}","templated":true}]}}