
{"id":1142879,"date":"2022-12-26T16:38:11","date_gmt":"2022-12-26T15:38:12","guid":{"rendered":"https:\/\/www.baque.com\/?post_type=product&#038;p=1142879"},"modified":"2022-12-27T13:10:55","modified_gmt":"2022-12-27T12:10:55","slug":"gobik-limited-k9-emakumeentzako-kulot-luzea-copia","status":"publish","type":"product","link":"https:\/\/www.baque.com\/eu\/denda\/maillotak\/gobik-limited-k9-emakumeentzako-kulot-luzea-copia\/","title":{"rendered":"GOBIK LIMITED K9 EMAKUMEENTZAKO KULOT LUZEA 2023"},"content":{"rendered":"<p>Zinta elastiko mikrozulodun tirante lauak dituen kulot luzea. Emakumeen anatomiara moldatuta daude, modu optimoan eusteko, eta txirrindulariaren pisua modu erosoan banatzeko bezain zabalak dira.<\/p>\n<p>Xehetasun islatzaileak ditu galtza-zangoen behealdean.<\/p>\n<p>Kulotaren badana hau malguagoa eta ergonomikoagoa da, eta kanal bikoitzeko egitura du izerdia ateratzeko. Gainera, txirrindulariaren anatomiara bikain moldatzen diren bi dentsitate ditume moria elastikoa duen badana du.<\/p>\n<p>Oso ongi geratzen da gorpuzkera ertaina edo mehea duten erabiltzaile aurreratuetan.<\/p>\n<p><strong>EMAKUMEENTZAKO K9 CARBON BADANA (2020ko 3.0 bertsioa)<\/strong><\/p>\n<p><strong>\u00b7 Errendimendua: <\/strong>8 ordu<\/p>\n<p><strong>\u00a0\u00b7 Lodiera: <\/strong>11 mm<\/p>\n<p><strong>\u00a0\u00b7 Dentsitatea: <\/strong>120-80 kg\/m3 bikoitza<\/p>\n<p><strong>\u00a0\u00b7 Aparra: <\/strong>Dentsitate handia<\/p>\n<p><strong>\u00b7 Osaera: <\/strong>% 76 poliamida, % 21 elastanoa eta % 3 karbonoa<\/p>\n<p><strong>\u00b7 Ehuna:<\/strong>I.T ECO CARBONIUM FLASH antiestatiko eta bakteriostatikoa<\/p>\n","protected":false},"excerpt":{"rendered":"<p>Zinta elastiko mikrozulodun tirante lauak dituen kulot luzea. Emakumeen anatomiara moldatuta daude, modu optimoan eusteko, eta txirrindulariaren pisua modu erosoan banatzeko bezain zabalak dira. Xehetasun islatzaileak ditu galtza-zangoen behealdean. Kulotaren badana hau malguagoa eta ergonomikoagoa da, eta kanal bikoitzeko egitura du izerdia ateratzeko. Gainera, txirrindulariaren anatomiara bikain moldatzen diren bi dentsitate ditume moria elastikoa duen [&hellip;]<\/p>\n","protected":false},"featured_media":1138717,"template":"","meta":{"_acf_changed":false},"product_brand":[],"product_cat":[401],"product_tag":[],"class_list":{"0":"post-1142879","1":"product","2":"type-product","3":"status-publish","4":"has-post-thumbnail","6":"product_cat-maillotak","8":"first","9":"instock","10":"sale","11":"taxable","12":"shipping-taxable","13":"purchasable","14":"product-type-variable","15":"has-default-attributes"},"bundled_by":[],"bundle_stock_status":"instock","bundle_stock_quantity":null,"bundle_virtual":false,"bundle_layout":"","bundle_add_to_cart_form_location":"","bundle_editable_in_cart":false,"bundle_sold_individually_context":"","bundle_item_grouping":"","bundle_min_size":"","bundle_max_size":"","bundle_price":[],"bundled_items":[],"bundle_sell_ids":[],"acf":[],"yoast_head":"<!-- This site is optimized with the Yoast SEO plugin v27.3 - https:\/\/yoast.com\/product\/yoast-seo-wordpress\/ -->\n<title>GOBIK LIMITED K9 EMAKUMEENTZAKO KULOT LUZEA 2023 - Caf\u00e9s Baqu\u00e9<\/title>\n<meta name=\"robots\" content=\"index, follow, max-snippet:-1, max-image-preview:large, max-video-preview:-1\" \/>\n<meta property=\"og:locale\" content=\"eu_ES\" \/>\n<meta property=\"og:type\" content=\"article\" \/>\n<meta property=\"og:title\" content=\"GOBIK LIMITED K9 EMAKUMEENTZAKO KULOT LUZEA 2023 - Caf\u00e9s Baqu\u00e9\" \/>\n<meta property=\"og:description\" content=\"Zinta elastiko mikrozulodun tirante lauak dituen kulot luzea. Emakumeen anatomiara moldatuta daude, modu optimoan eusteko, eta txirrindulariaren pisua modu erosoan banatzeko bezain zabalak dira. Xehetasun islatzaileak ditu galtza-zangoen behealdean. Kulotaren badana hau malguagoa eta ergonomikoagoa da, eta kanal bikoitzeko egitura du izerdia ateratzeko. Gainera, txirrindulariaren anatomiara bikain moldatzen diren bi dentsitate ditume moria elastikoa duen [&hellip;]\" \/>\n<meta property=\"og:url\" content=\"https:\/\/www.baque.com\/eu\/denda\/maillotak\/gobik-limited-k9-emakumeentzako-kulot-luzea-copia\/\" \/>\n<meta property=\"og:site_name\" content=\"Caf\u00e9s Baqu\u00e9\" \/>\n<meta property=\"article:modified_time\" content=\"2022-12-27T12:10:55+00:00\" \/>\n<meta property=\"og:image\" content=\"https:\/\/www.baque.com\/wp-content\/uploads\/2022\/12\/Culotte-largo-frontal.jpg\" \/>\n\t<meta property=\"og:image:width\" content=\"481\" \/>\n\t<meta property=\"og:image:height\" content=\"786\" \/>\n\t<meta property=\"og:image:type\" content=\"image\/jpeg\" \/>\n<meta name=\"twitter:card\" content=\"summary_large_image\" \/>\n<meta name=\"twitter:label1\" content=\"Est. reading time\" \/>\n\t<meta name=\"twitter:data1\" content=\"1 minute\" \/>\n<script type=\"application\/ld+json\" class=\"yoast-schema-graph\">{\"@context\":\"https:\\\/\\\/schema.org\",\"@graph\":[{\"@type\":\"WebPage\",\"@id\":\"https:\\\/\\\/www.baque.com\\\/eu\\\/denda\\\/maillotak\\\/gobik-limited-k9-emakumeentzako-kulot-luzea-copia\\\/\",\"url\":\"https:\\\/\\\/www.baque.com\\\/eu\\\/denda\\\/maillotak\\\/gobik-limited-k9-emakumeentzako-kulot-luzea-copia\\\/\",\"name\":\"GOBIK LIMITED K9 EMAKUMEENTZAKO KULOT LUZEA 2023 - Caf\u00e9s Baqu\u00e9\",\"isPartOf\":{\"@id\":\"https:\\\/\\\/www.baque.com\\\/es\\\/#website\"},\"primaryImageOfPage\":{\"@id\":\"https:\\\/\\\/www.baque.com\\\/eu\\\/denda\\\/maillotak\\\/gobik-limited-k9-emakumeentzako-kulot-luzea-copia\\\/#primaryimage\"},\"image\":{\"@id\":\"https:\\\/\\\/www.baque.com\\\/eu\\\/denda\\\/maillotak\\\/gobik-limited-k9-emakumeentzako-kulot-luzea-copia\\\/#primaryimage\"},\"thumbnailUrl\":\"https:\\\/\\\/www.baque.com\\\/wp-content\\\/uploads\\\/2022\\\/12\\\/Culotte-largo-frontal.jpg\",\"datePublished\":\"2022-12-26T15:38:12+00:00\",\"dateModified\":\"2022-12-27T12:10:55+00:00\",\"breadcrumb\":{\"@id\":\"https:\\\/\\\/www.baque.com\\\/eu\\\/denda\\\/maillotak\\\/gobik-limited-k9-emakumeentzako-kulot-luzea-copia\\\/#breadcrumb\"},\"inLanguage\":\"eu-ES\",\"potentialAction\":[{\"@type\":\"ReadAction\",\"target\":[\"https:\\\/\\\/www.baque.com\\\/eu\\\/denda\\\/maillotak\\\/gobik-limited-k9-emakumeentzako-kulot-luzea-copia\\\/\"]}]},{\"@type\":\"ImageObject\",\"inLanguage\":\"eu-ES\",\"@id\":\"https:\\\/\\\/www.baque.com\\\/eu\\\/denda\\\/maillotak\\\/gobik-limited-k9-emakumeentzako-kulot-luzea-copia\\\/#primaryimage\",\"url\":\"https:\\\/\\\/www.baque.com\\\/wp-content\\\/uploads\\\/2022\\\/12\\\/Culotte-largo-frontal.jpg\",\"contentUrl\":\"https:\\\/\\\/www.baque.com\\\/wp-content\\\/uploads\\\/2022\\\/12\\\/Culotte-largo-frontal.jpg\",\"width\":481,\"height\":786},{\"@type\":\"BreadcrumbList\",\"@id\":\"https:\\\/\\\/www.baque.com\\\/eu\\\/denda\\\/maillotak\\\/gobik-limited-k9-emakumeentzako-kulot-luzea-copia\\\/#breadcrumb\",\"itemListElement\":[{\"@type\":\"ListItem\",\"position\":1,\"name\":\"Portada\",\"item\":\"https:\\\/\\\/www.baque.com\\\/eu\\\/\"},{\"@type\":\"ListItem\",\"position\":2,\"name\":\"Denda\",\"item\":\"https:\\\/\\\/www.baque.com\\\/eu\\\/denda\\\/\"},{\"@type\":\"ListItem\",\"position\":3,\"name\":\"GOBIK LIMITED K9 EMAKUMEENTZAKO KULOT LUZEA 2023\"}]},{\"@type\":\"WebSite\",\"@id\":\"https:\\\/\\\/www.baque.com\\\/es\\\/#website\",\"url\":\"https:\\\/\\\/www.baque.com\\\/es\\\/\",\"name\":\"Caf\u00e9s Baqu\u00e9\",\"description\":\"Somos l\u00edderes en hosteler\u00eda en Pa\u00eds Vasco y La Rioja y una de las marcas m\u00e1s reconocidas en el mercado nacional. Somos una empresa familiar en constante innovaci\u00f3n en el producto. Tostamos y distribuimos caf\u00e9 molido, en grano y c\u00e1psulas para disfrutar en casa, en el bar y en la oficina.\",\"potentialAction\":[{\"@type\":\"SearchAction\",\"target\":{\"@type\":\"EntryPoint\",\"urlTemplate\":\"https:\\\/\\\/www.baque.com\\\/es\\\/?s={search_term_string}\"},\"query-input\":{\"@type\":\"PropertyValueSpecification\",\"valueRequired\":true,\"valueName\":\"search_term_string\"}}],\"inLanguage\":\"eu-ES\"}]}<\/script>\n<!-- \/ Yoast SEO plugin. -->","yoast_head_json":{"title":"GOBIK LIMITED K9 EMAKUMEENTZAKO KULOT LUZEA 2023 - Caf\u00e9s Baqu\u00e9","robots":{"index":"index","follow":"follow","max-snippet":"max-snippet:-1","max-image-preview":"max-image-preview:large","max-video-preview":"max-video-preview:-1"},"og_locale":"eu_ES","og_type":"article","og_title":"GOBIK LIMITED K9 EMAKUMEENTZAKO KULOT LUZEA 2023 - Caf\u00e9s Baqu\u00e9","og_description":"Zinta elastiko mikrozulodun tirante lauak dituen kulot luzea. Emakumeen anatomiara moldatuta daude, modu optimoan eusteko, eta txirrindulariaren pisua modu erosoan banatzeko bezain zabalak dira. Xehetasun islatzaileak ditu galtza-zangoen behealdean. Kulotaren badana hau malguagoa eta ergonomikoagoa da, eta kanal bikoitzeko egitura du izerdia ateratzeko. Gainera, txirrindulariaren anatomiara bikain moldatzen diren bi dentsitate ditume moria elastikoa duen [&hellip;]","og_url":"https:\/\/www.baque.com\/eu\/denda\/maillotak\/gobik-limited-k9-emakumeentzako-kulot-luzea-copia\/","og_site_name":"Caf\u00e9s Baqu\u00e9","article_modified_time":"2022-12-27T12:10:55+00:00","og_image":[{"width":481,"height":786,"url":"https:\/\/www.baque.com\/wp-content\/uploads\/2022\/12\/Culotte-largo-frontal.jpg","type":"image\/jpeg"}],"twitter_card":"summary_large_image","twitter_misc":{"Est. reading time":"1 minute"},"schema":{"@context":"https:\/\/schema.org","@graph":[{"@type":"WebPage","@id":"https:\/\/www.baque.com\/eu\/denda\/maillotak\/gobik-limited-k9-emakumeentzako-kulot-luzea-copia\/","url":"https:\/\/www.baque.com\/eu\/denda\/maillotak\/gobik-limited-k9-emakumeentzako-kulot-luzea-copia\/","name":"GOBIK LIMITED K9 EMAKUMEENTZAKO KULOT LUZEA 2023 - Caf\u00e9s Baqu\u00e9","isPartOf":{"@id":"https:\/\/www.baque.com\/es\/#website"},"primaryImageOfPage":{"@id":"https:\/\/www.baque.com\/eu\/denda\/maillotak\/gobik-limited-k9-emakumeentzako-kulot-luzea-copia\/#primaryimage"},"image":{"@id":"https:\/\/www.baque.com\/eu\/denda\/maillotak\/gobik-limited-k9-emakumeentzako-kulot-luzea-copia\/#primaryimage"},"thumbnailUrl":"https:\/\/www.baque.com\/wp-content\/uploads\/2022\/12\/Culotte-largo-frontal.jpg","datePublished":"2022-12-26T15:38:12+00:00","dateModified":"2022-12-27T12:10:55+00:00","breadcrumb":{"@id":"https:\/\/www.baque.com\/eu\/denda\/maillotak\/gobik-limited-k9-emakumeentzako-kulot-luzea-copia\/#breadcrumb"},"inLanguage":"eu-ES","potentialAction":[{"@type":"ReadAction","target":["https:\/\/www.baque.com\/eu\/denda\/maillotak\/gobik-limited-k9-emakumeentzako-kulot-luzea-copia\/"]}]},{"@type":"ImageObject","inLanguage":"eu-ES","@id":"https:\/\/www.baque.com\/eu\/denda\/maillotak\/gobik-limited-k9-emakumeentzako-kulot-luzea-copia\/#primaryimage","url":"https:\/\/www.baque.com\/wp-content\/uploads\/2022\/12\/Culotte-largo-frontal.jpg","contentUrl":"https:\/\/www.baque.com\/wp-content\/uploads\/2022\/12\/Culotte-largo-frontal.jpg","width":481,"height":786},{"@type":"BreadcrumbList","@id":"https:\/\/www.baque.com\/eu\/denda\/maillotak\/gobik-limited-k9-emakumeentzako-kulot-luzea-copia\/#breadcrumb","itemListElement":[{"@type":"ListItem","position":1,"name":"Portada","item":"https:\/\/www.baque.com\/eu\/"},{"@type":"ListItem","position":2,"name":"Denda","item":"https:\/\/www.baque.com\/eu\/denda\/"},{"@type":"ListItem","position":3,"name":"GOBIK LIMITED K9 EMAKUMEENTZAKO KULOT LUZEA 2023"}]},{"@type":"WebSite","@id":"https:\/\/www.baque.com\/es\/#website","url":"https:\/\/www.baque.com\/es\/","name":"Caf\u00e9s Baqu\u00e9","description":"Somos l\u00edderes en hosteler\u00eda en Pa\u00eds Vasco y La Rioja y una de las marcas m\u00e1s reconocidas en el mercado nacional. Somos una empresa familiar en constante innovaci\u00f3n en el producto. Tostamos y distribuimos caf\u00e9 molido, en grano y c\u00e1psulas para disfrutar en casa, en el bar y en la oficina.","potentialAction":[{"@type":"SearchAction","target":{"@type":"EntryPoint","urlTemplate":"https:\/\/www.baque.com\/es\/?s={search_term_string}"},"query-input":{"@type":"PropertyValueSpecification","valueRequired":true,"valueName":"search_term_string"}}],"inLanguage":"eu-ES"}]}},"_links":{"self":[{"href":"https:\/\/www.baque.com\/eu\/wp-json\/wp\/v2\/product\/1142879","targetHints":{"allow":["GET"]}}],"collection":[{"href":"https:\/\/www.baque.com\/eu\/wp-json\/wp\/v2\/product"}],"about":[{"href":"https:\/\/www.baque.com\/eu\/wp-json\/wp\/v2\/types\/product"}],"wp:featuredmedia":[{"embeddable":true,"href":"https:\/\/www.baque.com\/eu\/wp-json\/wp\/v2\/media\/1138717"}],"wp:attachment":[{"href":"https:\/\/www.baque.com\/eu\/wp-json\/wp\/v2\/media?parent=1142879"}],"wp:term":[{"taxonomy":"product_brand","embeddable":true,"href":"https:\/\/www.baque.com\/eu\/wp-json\/wp\/v2\/product_brand?post=1142879"},{"taxonomy":"product_cat","embeddable":true,"href":"https:\/\/www.baque.com\/eu\/wp-json\/wp\/v2\/product_cat?post=1142879"},{"taxonomy":"product_tag","embeddable":true,"href":"https:\/\/www.baque.com\/eu\/wp-json\/wp\/v2\/product_tag?post=1142879"}],"curies":[{"name":"wp","href":"https:\/\/api.w.org\/{rel}","templated":true}]}}