
{"id":1177943,"date":"2023-01-10T10:12:48","date_gmt":"2023-01-10T09:12:48","guid":{"rendered":"https:\/\/www.baque.com\/?post_type=product&#038;p=1177943"},"modified":"2023-03-30T15:19:41","modified_gmt":"2023-03-30T13:19:41","slug":"txokolatezko-madalenatxoak-120-unit-copia","status":"publish","type":"product","link":"https:\/\/www.baque.com\/eu\/denda\/amenity-ak\/txokolatezko-madalenatxoak-120-unit-copia\/","title":{"rendered":"Txokolatezko Mini-Madalenatxoak, 120 unit."},"content":{"rendered":"<p>Osagai onenak eta erretze zehatza izateari esker, txokolatezko mini-madalenatxo hauek produktu erabat zaporetsuak, mamitsuak eta leunak dira. Banaka ontziratuta daude.<\/p>\n<h3>Pisua\/kantitatea<\/h3>\n<p>120 unit.<\/p>\n<h3>Osagaiak<\/h3>\n<p>% 100 gari irina, kakaozko krema barrubetea (azukrea, ekilore olioa, kakao hauts deskoipetua, almidoi, HUR pasta, emulgentea (ekilore letizina), aroma), azukrea, ekilore olioa, HARRAUTZA, glizerina findua, hezetzailea (E-420ii), (E-473), gasifikatzailea (E-450i), (E-500ii), kontserbagarria (E-281), azukre inbertitua, ESNE hautsa, emultzionatzailea (E-471, E-477, E-570), gurin aroma.<\/p>\n<h3>Alergenoak<\/h3>\n<p>Glutena, arrautza, esnea eta fruitu lehorrak ditu. Soja aztarnak izan ditzake.<\/p>\n<h3>Nutrizio informazioa<\/h3>\n<table class='ingredientes'><tr><th align='left'>Balio Energetikoa<\/th><th align='right'>431 kcal.\/ 1808 kJ.<\/th><\/tr><tr><td align='left'>Koipeak guztira<\/td><td align='right'>20,0 g.<\/td><\/tr><tr><td align='left'>eta horietatik aseak<\/td><td align='right'>2,5 g.<\/td><\/tr><tr><td align='left'>Karbohidratoak<\/td><td align='right'>57,3 g.<\/td><\/tr><tr><td align='left'>eta horietatik azukreak<\/td><td align='right'>25,9 g.<\/td><\/tr><tr><td align='left'>Proteinak<\/td><td align='right'>5,5 g.<\/td><\/tr><tr><td align='left'>Gatza<\/td><td align='right'>0,01 g.<\/td><\/tr><\/table>\n<h3>Erabilera\/kontserbazio baldintzak<\/h3>\n<p>Gorde leku fresko, lehor eta usainik gabeko batean.<\/p>\n<h3>Iraungitze data<\/h3>\n<p>6 hilabete<\/p>\n<h3>Aholkua<\/h3>\n<p>Ezin hobeak goizeko kafeari laguntzeko.<\/p>\n","protected":false},"excerpt":{"rendered":"<p>Amenity-ak.<\/p>\n","protected":false},"featured_media":1177945,"template":"","meta":{"_acf_changed":false},"product_brand":[],"product_cat":[124],"product_tag":[263,272,280,281,351],"class_list":{"0":"post-1177943","1":"product","2":"type-product","3":"status-publish","4":"has-post-thumbnail","6":"product_cat-amenity-ak","7":"product_tag-amenity-ak","8":"product_tag-gozokiak","9":"product_tag-madalena-eu","10":"product_tag-madalena-eu-2","11":"product_tag-mini-eu","13":"first","14":"instock","15":"taxable","16":"shipping-taxable","17":"purchasable","18":"product-type-simple"},"bundled_by":[],"bundle_stock_status":"instock","bundle_stock_quantity":714,"bundle_virtual":false,"bundle_layout":"","bundle_add_to_cart_form_location":"","bundle_editable_in_cart":false,"bundle_sold_individually_context":"","bundle_item_grouping":"","bundle_min_size":"","bundle_max_size":"","bundle_price":[],"bundled_items":[],"bundle_sell_ids":[],"acf":[],"yoast_head":"<!-- This site is optimized with the Yoast SEO plugin v27.3 - https:\/\/yoast.com\/product\/yoast-seo-wordpress\/ -->\n<title>Txokolatezko Mini-Madalenatxoak, 120 unit. - Caf\u00e9s Baqu\u00e9<\/title>\n<meta name=\"robots\" content=\"index, follow, max-snippet:-1, max-image-preview:large, max-video-preview:-1\" \/>\n<meta property=\"og:locale\" content=\"eu_ES\" \/>\n<meta property=\"og:type\" content=\"article\" \/>\n<meta property=\"og:title\" content=\"Txokolatezko Mini-Madalenatxoak, 120 unit. - Caf\u00e9s Baqu\u00e9\" \/>\n<meta property=\"og:description\" content=\"Amenity-ak.\" \/>\n<meta property=\"og:url\" content=\"https:\/\/www.baque.com\/eu\/denda\/amenity-ak\/txokolatezko-madalenatxoak-120-unit-copia\/\" \/>\n<meta property=\"og:site_name\" content=\"Caf\u00e9s Baqu\u00e9\" \/>\n<meta property=\"article:modified_time\" content=\"2023-03-30T13:19:41+00:00\" \/>\n<meta property=\"og:image\" content=\"https:\/\/www.baque.com\/wp-content\/uploads\/2023\/01\/Mini-magdalenas-A-scaled.jpg\" \/>\n\t<meta property=\"og:image:width\" content=\"2560\" \/>\n\t<meta property=\"og:image:height\" content=\"2560\" \/>\n\t<meta property=\"og:image:type\" content=\"image\/jpeg\" \/>\n<meta name=\"twitter:card\" content=\"summary_large_image\" \/>\n<meta name=\"twitter:label1\" content=\"Est. reading time\" \/>\n\t<meta name=\"twitter:data1\" content=\"1 minute\" \/>\n<script type=\"application\/ld+json\" class=\"yoast-schema-graph\">{\"@context\":\"https:\\\/\\\/schema.org\",\"@graph\":[{\"@type\":\"WebPage\",\"@id\":\"https:\\\/\\\/www.baque.com\\\/eu\\\/denda\\\/amenity-ak\\\/txokolatezko-madalenatxoak-120-unit-copia\\\/\",\"url\":\"https:\\\/\\\/www.baque.com\\\/eu\\\/denda\\\/amenity-ak\\\/txokolatezko-madalenatxoak-120-unit-copia\\\/\",\"name\":\"Txokolatezko Mini-Madalenatxoak, 120 unit. - Caf\u00e9s Baqu\u00e9\",\"isPartOf\":{\"@id\":\"https:\\\/\\\/www.baque.com\\\/es\\\/#website\"},\"primaryImageOfPage\":{\"@id\":\"https:\\\/\\\/www.baque.com\\\/eu\\\/denda\\\/amenity-ak\\\/txokolatezko-madalenatxoak-120-unit-copia\\\/#primaryimage\"},\"image\":{\"@id\":\"https:\\\/\\\/www.baque.com\\\/eu\\\/denda\\\/amenity-ak\\\/txokolatezko-madalenatxoak-120-unit-copia\\\/#primaryimage\"},\"thumbnailUrl\":\"https:\\\/\\\/www.baque.com\\\/wp-content\\\/uploads\\\/2023\\\/01\\\/Mini-magdalenas-A-scaled.jpg\",\"datePublished\":\"2023-01-10T09:12:48+00:00\",\"dateModified\":\"2023-03-30T13:19:41+00:00\",\"breadcrumb\":{\"@id\":\"https:\\\/\\\/www.baque.com\\\/eu\\\/denda\\\/amenity-ak\\\/txokolatezko-madalenatxoak-120-unit-copia\\\/#breadcrumb\"},\"inLanguage\":\"eu-ES\",\"potentialAction\":[{\"@type\":\"ReadAction\",\"target\":[\"https:\\\/\\\/www.baque.com\\\/eu\\\/denda\\\/amenity-ak\\\/txokolatezko-madalenatxoak-120-unit-copia\\\/\"]}]},{\"@type\":\"ImageObject\",\"inLanguage\":\"eu-ES\",\"@id\":\"https:\\\/\\\/www.baque.com\\\/eu\\\/denda\\\/amenity-ak\\\/txokolatezko-madalenatxoak-120-unit-copia\\\/#primaryimage\",\"url\":\"https:\\\/\\\/www.baque.com\\\/wp-content\\\/uploads\\\/2023\\\/01\\\/Mini-magdalenas-A-scaled.jpg\",\"contentUrl\":\"https:\\\/\\\/www.baque.com\\\/wp-content\\\/uploads\\\/2023\\\/01\\\/Mini-magdalenas-A-scaled.jpg\",\"width\":2560,\"height\":2560},{\"@type\":\"BreadcrumbList\",\"@id\":\"https:\\\/\\\/www.baque.com\\\/eu\\\/denda\\\/amenity-ak\\\/txokolatezko-madalenatxoak-120-unit-copia\\\/#breadcrumb\",\"itemListElement\":[{\"@type\":\"ListItem\",\"position\":1,\"name\":\"Portada\",\"item\":\"https:\\\/\\\/www.baque.com\\\/eu\\\/\"},{\"@type\":\"ListItem\",\"position\":2,\"name\":\"Denda\",\"item\":\"https:\\\/\\\/www.baque.com\\\/eu\\\/denda\\\/\"},{\"@type\":\"ListItem\",\"position\":3,\"name\":\"Txokolatezko Mini-Madalenatxoak, 120 unit.\"}]},{\"@type\":\"WebSite\",\"@id\":\"https:\\\/\\\/www.baque.com\\\/es\\\/#website\",\"url\":\"https:\\\/\\\/www.baque.com\\\/es\\\/\",\"name\":\"Caf\u00e9s Baqu\u00e9\",\"description\":\"Somos l\u00edderes en hosteler\u00eda en Pa\u00eds Vasco y La Rioja y una de las marcas m\u00e1s reconocidas en el mercado nacional. Somos una empresa familiar en constante innovaci\u00f3n en el producto. Tostamos y distribuimos caf\u00e9 molido, en grano y c\u00e1psulas para disfrutar en casa, en el bar y en la oficina.\",\"potentialAction\":[{\"@type\":\"SearchAction\",\"target\":{\"@type\":\"EntryPoint\",\"urlTemplate\":\"https:\\\/\\\/www.baque.com\\\/es\\\/?s={search_term_string}\"},\"query-input\":{\"@type\":\"PropertyValueSpecification\",\"valueRequired\":true,\"valueName\":\"search_term_string\"}}],\"inLanguage\":\"eu-ES\"}]}<\/script>\n<!-- \/ Yoast SEO plugin. -->","yoast_head_json":{"title":"Txokolatezko Mini-Madalenatxoak, 120 unit. - Caf\u00e9s Baqu\u00e9","robots":{"index":"index","follow":"follow","max-snippet":"max-snippet:-1","max-image-preview":"max-image-preview:large","max-video-preview":"max-video-preview:-1"},"og_locale":"eu_ES","og_type":"article","og_title":"Txokolatezko Mini-Madalenatxoak, 120 unit. - Caf\u00e9s Baqu\u00e9","og_description":"Amenity-ak.","og_url":"https:\/\/www.baque.com\/eu\/denda\/amenity-ak\/txokolatezko-madalenatxoak-120-unit-copia\/","og_site_name":"Caf\u00e9s Baqu\u00e9","article_modified_time":"2023-03-30T13:19:41+00:00","og_image":[{"width":2560,"height":2560,"url":"https:\/\/www.baque.com\/wp-content\/uploads\/2023\/01\/Mini-magdalenas-A-scaled.jpg","type":"image\/jpeg"}],"twitter_card":"summary_large_image","twitter_misc":{"Est. reading time":"1 minute"},"schema":{"@context":"https:\/\/schema.org","@graph":[{"@type":"WebPage","@id":"https:\/\/www.baque.com\/eu\/denda\/amenity-ak\/txokolatezko-madalenatxoak-120-unit-copia\/","url":"https:\/\/www.baque.com\/eu\/denda\/amenity-ak\/txokolatezko-madalenatxoak-120-unit-copia\/","name":"Txokolatezko Mini-Madalenatxoak, 120 unit. - Caf\u00e9s Baqu\u00e9","isPartOf":{"@id":"https:\/\/www.baque.com\/es\/#website"},"primaryImageOfPage":{"@id":"https:\/\/www.baque.com\/eu\/denda\/amenity-ak\/txokolatezko-madalenatxoak-120-unit-copia\/#primaryimage"},"image":{"@id":"https:\/\/www.baque.com\/eu\/denda\/amenity-ak\/txokolatezko-madalenatxoak-120-unit-copia\/#primaryimage"},"thumbnailUrl":"https:\/\/www.baque.com\/wp-content\/uploads\/2023\/01\/Mini-magdalenas-A-scaled.jpg","datePublished":"2023-01-10T09:12:48+00:00","dateModified":"2023-03-30T13:19:41+00:00","breadcrumb":{"@id":"https:\/\/www.baque.com\/eu\/denda\/amenity-ak\/txokolatezko-madalenatxoak-120-unit-copia\/#breadcrumb"},"inLanguage":"eu-ES","potentialAction":[{"@type":"ReadAction","target":["https:\/\/www.baque.com\/eu\/denda\/amenity-ak\/txokolatezko-madalenatxoak-120-unit-copia\/"]}]},{"@type":"ImageObject","inLanguage":"eu-ES","@id":"https:\/\/www.baque.com\/eu\/denda\/amenity-ak\/txokolatezko-madalenatxoak-120-unit-copia\/#primaryimage","url":"https:\/\/www.baque.com\/wp-content\/uploads\/2023\/01\/Mini-magdalenas-A-scaled.jpg","contentUrl":"https:\/\/www.baque.com\/wp-content\/uploads\/2023\/01\/Mini-magdalenas-A-scaled.jpg","width":2560,"height":2560},{"@type":"BreadcrumbList","@id":"https:\/\/www.baque.com\/eu\/denda\/amenity-ak\/txokolatezko-madalenatxoak-120-unit-copia\/#breadcrumb","itemListElement":[{"@type":"ListItem","position":1,"name":"Portada","item":"https:\/\/www.baque.com\/eu\/"},{"@type":"ListItem","position":2,"name":"Denda","item":"https:\/\/www.baque.com\/eu\/denda\/"},{"@type":"ListItem","position":3,"name":"Txokolatezko Mini-Madalenatxoak, 120 unit."}]},{"@type":"WebSite","@id":"https:\/\/www.baque.com\/es\/#website","url":"https:\/\/www.baque.com\/es\/","name":"Caf\u00e9s Baqu\u00e9","description":"Somos l\u00edderes en hosteler\u00eda en Pa\u00eds Vasco y La Rioja y una de las marcas m\u00e1s reconocidas en el mercado nacional. Somos una empresa familiar en constante innovaci\u00f3n en el producto. Tostamos y distribuimos caf\u00e9 molido, en grano y c\u00e1psulas para disfrutar en casa, en el bar y en la oficina.","potentialAction":[{"@type":"SearchAction","target":{"@type":"EntryPoint","urlTemplate":"https:\/\/www.baque.com\/es\/?s={search_term_string}"},"query-input":{"@type":"PropertyValueSpecification","valueRequired":true,"valueName":"search_term_string"}}],"inLanguage":"eu-ES"}]}},"_links":{"self":[{"href":"https:\/\/www.baque.com\/eu\/wp-json\/wp\/v2\/product\/1177943","targetHints":{"allow":["GET"]}}],"collection":[{"href":"https:\/\/www.baque.com\/eu\/wp-json\/wp\/v2\/product"}],"about":[{"href":"https:\/\/www.baque.com\/eu\/wp-json\/wp\/v2\/types\/product"}],"wp:featuredmedia":[{"embeddable":true,"href":"https:\/\/www.baque.com\/eu\/wp-json\/wp\/v2\/media\/1177945"}],"wp:attachment":[{"href":"https:\/\/www.baque.com\/eu\/wp-json\/wp\/v2\/media?parent=1177943"}],"wp:term":[{"taxonomy":"product_brand","embeddable":true,"href":"https:\/\/www.baque.com\/eu\/wp-json\/wp\/v2\/product_brand?post=1177943"},{"taxonomy":"product_cat","embeddable":true,"href":"https:\/\/www.baque.com\/eu\/wp-json\/wp\/v2\/product_cat?post=1177943"},{"taxonomy":"product_tag","embeddable":true,"href":"https:\/\/www.baque.com\/eu\/wp-json\/wp\/v2\/product_tag?post=1177943"}],"curies":[{"name":"wp","href":"https:\/\/api.w.org\/{rel}","templated":true}]}}