
{"id":13481,"date":"2020-02-03T12:03:06","date_gmt":"2020-02-03T10:03:06","guid":{"rendered":"https:\/\/www.baque.com\/tienda\/kategoria-gabea\/ice-tea-te-berdea-sagar-zaporearekin-20-poltsa\/"},"modified":"2020-02-10T14:06:52","modified_gmt":"2020-02-10T12:06:52","slug":"ice-tea-te-berdea-sagar-zaporearekin-20-poltsa","status":"publish","type":"product","link":"https:\/\/www.baque.com\/eu\/denda\/udako-edariak\/ice-tea-te-berdea-sagar-zaporearekin-20-poltsa\/","title":{"rendered":"Ice Tea, Te Berdea Sagar-zaporearekin, 20 poltsa"},"content":{"rendered":"<p>Infusio hotza te berdearen erauzkinarekin eta sagar-zukuarekin. Te berde freskagarria eta sagar berdearen benetako zaporea, zure zentzumenak piztuko dituen aroma freskoarekin, frutaren usain gozo biziari esker.<\/p>\n<p><strong>Pisua\/Kopurua <\/strong><\/p>\n<p>3 g-ko 20 poltsa.<\/p>\n<p><strong>Osagaiak<\/strong><\/p>\n<p>Maltodextrina, azidotzailea (azido zitrikoa), te berdearen erauzkina (Camellia sinensis L.), aroma, sagar-zukua hautsean, edulkoratzaileak (sukralosa eta esteviol glukosidoak), C bitamina, antiaglomeratzailea (E551), koloratzaileak (karamelu naturala eta klorofilina).<\/p>\n<p><strong>Alergenoak <\/strong><\/p>\n<p>Ez kontsumitu adierazitako osagairen bati alergia izanez gero.<\/p>\n<p><strong>Erabiltzeko\/Gordetzeko baldintzak <\/strong><\/p>\n<p>Mantendu toki fresko eta lehor batean<\/p>\n<h3>Iraungitze data<\/h3>\n<p>36 hilabete<\/p>\n<p><strong>Aholku bat <\/strong><\/p>\n<p>Disolbatu 3 g 250 ml uretan eta mugitu erabat disolbatu arte. Atera kopa altu batean edo tutu-edalontzi batean pil\u00e9 izotzarekin<\/p>\n","protected":false},"excerpt":{"rendered":"<p>Infusio hotza te berdearen erauzkinarekin eta sagar-zukuarekin. Te berde freskagarria eta sagar berdearen benetako zaporea, zure zentzumenak piztuko dituen aroma freskoarekin, frutaren usain gozo biziari esker. Pisua\/Kopurua 3 g-ko 20 poltsa. Osagaiak Maltodextrina, azidotzailea (azido zitrikoa), te berdearen erauzkina (Camellia sinensis L.), aroma, sagar-zukua hautsean, edulkoratzaileak (sukralosa eta esteviol glukosidoak), C bitamina, antiaglomeratzailea (E551), koloratzaileak [&hellip;]<\/p>\n","protected":false},"featured_media":12975,"template":"","meta":{"_acf_changed":false},"product_brand":[],"product_cat":[125],"product_tag":[284],"class_list":{"0":"post-13481","1":"product","2":"type-product","3":"status-publish","4":"has-post-thumbnail","6":"product_cat-udako-edariak","7":"product_tag-ice-tea-eu","9":"first","10":"instock","11":"taxable","12":"shipping-taxable","13":"purchasable","14":"product-type-simple"},"bundled_by":[],"bundle_stock_status":"instock","bundle_stock_quantity":449,"bundle_virtual":false,"bundle_layout":"","bundle_add_to_cart_form_location":"","bundle_editable_in_cart":false,"bundle_sold_individually_context":"","bundle_item_grouping":"","bundle_min_size":"","bundle_max_size":"","bundle_price":[],"bundled_items":[],"bundle_sell_ids":[],"acf":[],"yoast_head":"<!-- This site is optimized with the Yoast SEO plugin v27.3 - https:\/\/yoast.com\/product\/yoast-seo-wordpress\/ -->\n<title>Ice Tea, Te Berdea Sagar-zaporearekin, 20 poltsa - Caf\u00e9s Baqu\u00e9<\/title>\n<meta name=\"robots\" content=\"index, follow, max-snippet:-1, max-image-preview:large, max-video-preview:-1\" \/>\n<meta property=\"og:locale\" content=\"eu_ES\" \/>\n<meta property=\"og:type\" content=\"article\" \/>\n<meta property=\"og:title\" content=\"Ice Tea, Te Berdea Sagar-zaporearekin, 20 poltsa - Caf\u00e9s Baqu\u00e9\" \/>\n<meta property=\"og:description\" content=\"Infusio hotza te berdearen erauzkinarekin eta sagar-zukuarekin. Te berde freskagarria eta sagar berdearen benetako zaporea, zure zentzumenak piztuko dituen aroma freskoarekin, frutaren usain gozo biziari esker. Pisua\/Kopurua 3 g-ko 20 poltsa. Osagaiak Maltodextrina, azidotzailea (azido zitrikoa), te berdearen erauzkina (Camellia sinensis L.), aroma, sagar-zukua hautsean, edulkoratzaileak (sukralosa eta esteviol glukosidoak), C bitamina, antiaglomeratzailea (E551), koloratzaileak [&hellip;]\" \/>\n<meta property=\"og:url\" content=\"https:\/\/www.baque.com\/eu\/denda\/udako-edariak\/ice-tea-te-berdea-sagar-zaporearekin-20-poltsa\/\" \/>\n<meta property=\"og:site_name\" content=\"Caf\u00e9s Baqu\u00e9\" \/>\n<meta property=\"article:modified_time\" content=\"2020-02-10T12:06:52+00:00\" \/>\n<meta property=\"og:image\" content=\"https:\/\/www.baque.com\/wp-content\/uploads\/2020\/02\/Ice-Tea_T\u00e9-verde_manzana.jpg\" \/>\n\t<meta property=\"og:image:width\" content=\"284\" \/>\n\t<meta property=\"og:image:height\" content=\"331\" \/>\n\t<meta property=\"og:image:type\" content=\"image\/jpeg\" \/>\n<meta name=\"twitter:card\" content=\"summary_large_image\" \/>\n<script type=\"application\/ld+json\" class=\"yoast-schema-graph\">{\"@context\":\"https:\\\/\\\/schema.org\",\"@graph\":[{\"@type\":\"WebPage\",\"@id\":\"https:\\\/\\\/www.baque.com\\\/eu\\\/denda\\\/udako-edariak\\\/ice-tea-te-berdea-sagar-zaporearekin-20-poltsa\\\/\",\"url\":\"https:\\\/\\\/www.baque.com\\\/eu\\\/denda\\\/udako-edariak\\\/ice-tea-te-berdea-sagar-zaporearekin-20-poltsa\\\/\",\"name\":\"Ice Tea, Te Berdea Sagar-zaporearekin, 20 poltsa - Caf\u00e9s Baqu\u00e9\",\"isPartOf\":{\"@id\":\"https:\\\/\\\/www.baque.com\\\/es\\\/#website\"},\"primaryImageOfPage\":{\"@id\":\"https:\\\/\\\/www.baque.com\\\/eu\\\/denda\\\/udako-edariak\\\/ice-tea-te-berdea-sagar-zaporearekin-20-poltsa\\\/#primaryimage\"},\"image\":{\"@id\":\"https:\\\/\\\/www.baque.com\\\/eu\\\/denda\\\/udako-edariak\\\/ice-tea-te-berdea-sagar-zaporearekin-20-poltsa\\\/#primaryimage\"},\"thumbnailUrl\":\"https:\\\/\\\/www.baque.com\\\/wp-content\\\/uploads\\\/2020\\\/02\\\/Ice-Tea_T\u00e9-verde_manzana.jpg\",\"datePublished\":\"2020-02-03T10:03:06+00:00\",\"dateModified\":\"2020-02-10T12:06:52+00:00\",\"breadcrumb\":{\"@id\":\"https:\\\/\\\/www.baque.com\\\/eu\\\/denda\\\/udako-edariak\\\/ice-tea-te-berdea-sagar-zaporearekin-20-poltsa\\\/#breadcrumb\"},\"inLanguage\":\"eu-ES\",\"potentialAction\":[{\"@type\":\"ReadAction\",\"target\":[\"https:\\\/\\\/www.baque.com\\\/eu\\\/denda\\\/udako-edariak\\\/ice-tea-te-berdea-sagar-zaporearekin-20-poltsa\\\/\"]}]},{\"@type\":\"ImageObject\",\"inLanguage\":\"eu-ES\",\"@id\":\"https:\\\/\\\/www.baque.com\\\/eu\\\/denda\\\/udako-edariak\\\/ice-tea-te-berdea-sagar-zaporearekin-20-poltsa\\\/#primaryimage\",\"url\":\"https:\\\/\\\/www.baque.com\\\/wp-content\\\/uploads\\\/2020\\\/02\\\/Ice-Tea_T\u00e9-verde_manzana.jpg\",\"contentUrl\":\"https:\\\/\\\/www.baque.com\\\/wp-content\\\/uploads\\\/2020\\\/02\\\/Ice-Tea_T\u00e9-verde_manzana.jpg\",\"width\":284,\"height\":331},{\"@type\":\"BreadcrumbList\",\"@id\":\"https:\\\/\\\/www.baque.com\\\/eu\\\/denda\\\/udako-edariak\\\/ice-tea-te-berdea-sagar-zaporearekin-20-poltsa\\\/#breadcrumb\",\"itemListElement\":[{\"@type\":\"ListItem\",\"position\":1,\"name\":\"Portada\",\"item\":\"https:\\\/\\\/www.baque.com\\\/eu\\\/\"},{\"@type\":\"ListItem\",\"position\":2,\"name\":\"Denda\",\"item\":\"https:\\\/\\\/www.baque.com\\\/eu\\\/denda\\\/\"},{\"@type\":\"ListItem\",\"position\":3,\"name\":\"Ice Tea, Te Berdea Sagar-zaporearekin, 20 poltsa\"}]},{\"@type\":\"WebSite\",\"@id\":\"https:\\\/\\\/www.baque.com\\\/es\\\/#website\",\"url\":\"https:\\\/\\\/www.baque.com\\\/es\\\/\",\"name\":\"Caf\u00e9s Baqu\u00e9\",\"description\":\"Somos l\u00edderes en hosteler\u00eda en Pa\u00eds Vasco y La Rioja y una de las marcas m\u00e1s reconocidas en el mercado nacional. Somos una empresa familiar en constante innovaci\u00f3n en el producto. Tostamos y distribuimos caf\u00e9 molido, en grano y c\u00e1psulas para disfrutar en casa, en el bar y en la oficina.\",\"potentialAction\":[{\"@type\":\"SearchAction\",\"target\":{\"@type\":\"EntryPoint\",\"urlTemplate\":\"https:\\\/\\\/www.baque.com\\\/es\\\/?s={search_term_string}\"},\"query-input\":{\"@type\":\"PropertyValueSpecification\",\"valueRequired\":true,\"valueName\":\"search_term_string\"}}],\"inLanguage\":\"eu-ES\"}]}<\/script>\n<!-- \/ Yoast SEO plugin. -->","yoast_head_json":{"title":"Ice Tea, Te Berdea Sagar-zaporearekin, 20 poltsa - Caf\u00e9s Baqu\u00e9","robots":{"index":"index","follow":"follow","max-snippet":"max-snippet:-1","max-image-preview":"max-image-preview:large","max-video-preview":"max-video-preview:-1"},"og_locale":"eu_ES","og_type":"article","og_title":"Ice Tea, Te Berdea Sagar-zaporearekin, 20 poltsa - Caf\u00e9s Baqu\u00e9","og_description":"Infusio hotza te berdearen erauzkinarekin eta sagar-zukuarekin. Te berde freskagarria eta sagar berdearen benetako zaporea, zure zentzumenak piztuko dituen aroma freskoarekin, frutaren usain gozo biziari esker. Pisua\/Kopurua 3 g-ko 20 poltsa. Osagaiak Maltodextrina, azidotzailea (azido zitrikoa), te berdearen erauzkina (Camellia sinensis L.), aroma, sagar-zukua hautsean, edulkoratzaileak (sukralosa eta esteviol glukosidoak), C bitamina, antiaglomeratzailea (E551), koloratzaileak [&hellip;]","og_url":"https:\/\/www.baque.com\/eu\/denda\/udako-edariak\/ice-tea-te-berdea-sagar-zaporearekin-20-poltsa\/","og_site_name":"Caf\u00e9s Baqu\u00e9","article_modified_time":"2020-02-10T12:06:52+00:00","og_image":[{"width":284,"height":331,"url":"https:\/\/www.baque.com\/wp-content\/uploads\/2020\/02\/Ice-Tea_T\u00e9-verde_manzana.jpg","type":"image\/jpeg"}],"twitter_card":"summary_large_image","schema":{"@context":"https:\/\/schema.org","@graph":[{"@type":"WebPage","@id":"https:\/\/www.baque.com\/eu\/denda\/udako-edariak\/ice-tea-te-berdea-sagar-zaporearekin-20-poltsa\/","url":"https:\/\/www.baque.com\/eu\/denda\/udako-edariak\/ice-tea-te-berdea-sagar-zaporearekin-20-poltsa\/","name":"Ice Tea, Te Berdea Sagar-zaporearekin, 20 poltsa - Caf\u00e9s Baqu\u00e9","isPartOf":{"@id":"https:\/\/www.baque.com\/es\/#website"},"primaryImageOfPage":{"@id":"https:\/\/www.baque.com\/eu\/denda\/udako-edariak\/ice-tea-te-berdea-sagar-zaporearekin-20-poltsa\/#primaryimage"},"image":{"@id":"https:\/\/www.baque.com\/eu\/denda\/udako-edariak\/ice-tea-te-berdea-sagar-zaporearekin-20-poltsa\/#primaryimage"},"thumbnailUrl":"https:\/\/www.baque.com\/wp-content\/uploads\/2020\/02\/Ice-Tea_T\u00e9-verde_manzana.jpg","datePublished":"2020-02-03T10:03:06+00:00","dateModified":"2020-02-10T12:06:52+00:00","breadcrumb":{"@id":"https:\/\/www.baque.com\/eu\/denda\/udako-edariak\/ice-tea-te-berdea-sagar-zaporearekin-20-poltsa\/#breadcrumb"},"inLanguage":"eu-ES","potentialAction":[{"@type":"ReadAction","target":["https:\/\/www.baque.com\/eu\/denda\/udako-edariak\/ice-tea-te-berdea-sagar-zaporearekin-20-poltsa\/"]}]},{"@type":"ImageObject","inLanguage":"eu-ES","@id":"https:\/\/www.baque.com\/eu\/denda\/udako-edariak\/ice-tea-te-berdea-sagar-zaporearekin-20-poltsa\/#primaryimage","url":"https:\/\/www.baque.com\/wp-content\/uploads\/2020\/02\/Ice-Tea_T\u00e9-verde_manzana.jpg","contentUrl":"https:\/\/www.baque.com\/wp-content\/uploads\/2020\/02\/Ice-Tea_T\u00e9-verde_manzana.jpg","width":284,"height":331},{"@type":"BreadcrumbList","@id":"https:\/\/www.baque.com\/eu\/denda\/udako-edariak\/ice-tea-te-berdea-sagar-zaporearekin-20-poltsa\/#breadcrumb","itemListElement":[{"@type":"ListItem","position":1,"name":"Portada","item":"https:\/\/www.baque.com\/eu\/"},{"@type":"ListItem","position":2,"name":"Denda","item":"https:\/\/www.baque.com\/eu\/denda\/"},{"@type":"ListItem","position":3,"name":"Ice Tea, Te Berdea Sagar-zaporearekin, 20 poltsa"}]},{"@type":"WebSite","@id":"https:\/\/www.baque.com\/es\/#website","url":"https:\/\/www.baque.com\/es\/","name":"Caf\u00e9s Baqu\u00e9","description":"Somos l\u00edderes en hosteler\u00eda en Pa\u00eds Vasco y La Rioja y una de las marcas m\u00e1s reconocidas en el mercado nacional. Somos una empresa familiar en constante innovaci\u00f3n en el producto. Tostamos y distribuimos caf\u00e9 molido, en grano y c\u00e1psulas para disfrutar en casa, en el bar y en la oficina.","potentialAction":[{"@type":"SearchAction","target":{"@type":"EntryPoint","urlTemplate":"https:\/\/www.baque.com\/es\/?s={search_term_string}"},"query-input":{"@type":"PropertyValueSpecification","valueRequired":true,"valueName":"search_term_string"}}],"inLanguage":"eu-ES"}]}},"_links":{"self":[{"href":"https:\/\/www.baque.com\/eu\/wp-json\/wp\/v2\/product\/13481","targetHints":{"allow":["GET"]}}],"collection":[{"href":"https:\/\/www.baque.com\/eu\/wp-json\/wp\/v2\/product"}],"about":[{"href":"https:\/\/www.baque.com\/eu\/wp-json\/wp\/v2\/types\/product"}],"wp:featuredmedia":[{"embeddable":true,"href":"https:\/\/www.baque.com\/eu\/wp-json\/wp\/v2\/media\/12975"}],"wp:attachment":[{"href":"https:\/\/www.baque.com\/eu\/wp-json\/wp\/v2\/media?parent=13481"}],"wp:term":[{"taxonomy":"product_brand","embeddable":true,"href":"https:\/\/www.baque.com\/eu\/wp-json\/wp\/v2\/product_brand?post=13481"},{"taxonomy":"product_cat","embeddable":true,"href":"https:\/\/www.baque.com\/eu\/wp-json\/wp\/v2\/product_cat?post=13481"},{"taxonomy":"product_tag","embeddable":true,"href":"https:\/\/www.baque.com\/eu\/wp-json\/wp\/v2\/product_tag?post=13481"}],"curies":[{"name":"wp","href":"https:\/\/api.w.org\/{rel}","templated":true}]}}