
{"id":13484,"date":"2020-02-03T11:54:20","date_gmt":"2020-02-03T09:54:20","guid":{"rendered":"https:\/\/www.baque.com\/tienda\/kategoria-gabea\/ice-tea-te-beltza-limoi-zaporearekin-20-poltsa\/"},"modified":"2020-02-10T14:10:27","modified_gmt":"2020-02-10T12:10:27","slug":"ice-tea-te-beltza-limoi-zaporearekin-20-poltsa","status":"publish","type":"product","link":"https:\/\/www.baque.com\/eu\/denda\/udako-edariak\/ice-tea-te-beltza-limoi-zaporearekin-20-poltsa\/","title":{"rendered":"Ice Tea, Te Beltza Limoi-zaporearekin, 20 poltsa"},"content":{"rendered":"<p>Harrituta geratuko zara hotzean hartzeko gure teen eta infusioen sortarekin Te beltzaren aromak bat egiten du limoi-zukuaren zapore freskoarekin, edari delikatu eta freskagarria lortzeko. Te zaporetsua da udako beroari aurre egin eta gorputza hidratatzeko.<\/p>\n<p><strong>Pisua\/Kopurua <\/strong><\/p>\n<p>3 g-ko 20 poltsa.<\/p>\n<h3>Osagaiak<\/h3>\n<p>Maltodextrina, azidotzailea (azido zitrikoa), te beltzaren erauzkina (Camellia sinensis L.), karamelu naturalaren koloratzailea, limoi-zukua hautsean, edulkoloratzaileak (sukralosa eta esteviol glukosidoak), aroma, C bitamina, antiaglomeratzailea (E551).<\/p>\n<p><strong>Alergenoak <\/strong><\/p>\n<p>Ez kontsumitu adierazitako osagairen bati alergia izanez gero.<\/p>\n<p><strong>Erabiltzeko\/Gordetzeko baldintzak <\/strong><\/p>\n<p>Mantendu toki fresko eta lehor batean<\/p>\n<p><strong>Iraungitze data<\/strong><\/p>\n<p>36 hilabete<\/p>\n<p><strong>Aholku bat <\/strong><\/p>\n<p>Disolbatu 3 g 250 ml uretan eta mugitu erabat disolbatu arte. Atera kopa altu batean edo tutu-edalontzi batean pil\u00e9 izotzarekin.<\/p>\n<p>&nbsp;<\/p>\n","protected":false},"excerpt":{"rendered":"<p>Harrituta geratuko zara hotzean hartzeko gure teen eta infusioen sortarekin Te beltzaren aromak bat egiten du limoi-zukuaren zapore freskoarekin, edari delikatu eta freskagarria lortzeko. Te zaporetsua da udako beroari aurre egin eta gorputza hidratatzeko. Pisua\/Kopurua 3 g-ko 20 poltsa. Osagaiak Maltodextrina, azidotzailea (azido zitrikoa), te beltzaren erauzkina (Camellia sinensis L.), karamelu naturalaren koloratzailea, limoi-zukua hautsean, [&hellip;]<\/p>\n","protected":false},"featured_media":12967,"template":"","meta":{"_acf_changed":false},"product_brand":[],"product_cat":[125],"product_tag":[284,266,413],"class_list":{"0":"post-13484","1":"product","2":"type-product","3":"status-publish","4":"has-post-thumbnail","6":"product_cat-udako-edariak","7":"product_tag-ice-tea-eu","8":"product_tag-limoia","9":"product_tag-te-negro-eu","11":"first","12":"instock","13":"taxable","14":"shipping-taxable","15":"purchasable","16":"product-type-simple"},"bundled_by":[],"bundle_stock_status":"instock","bundle_stock_quantity":460,"bundle_virtual":false,"bundle_layout":"","bundle_add_to_cart_form_location":"","bundle_editable_in_cart":false,"bundle_sold_individually_context":"","bundle_item_grouping":"","bundle_min_size":"","bundle_max_size":"","bundle_price":[],"bundled_items":[],"bundle_sell_ids":[],"acf":[],"yoast_head":"<!-- This site is optimized with the Yoast SEO plugin v27.3 - https:\/\/yoast.com\/product\/yoast-seo-wordpress\/ -->\n<title>Ice Tea, Te Beltza Limoi-zaporearekin, 20 poltsa - Caf\u00e9s Baqu\u00e9<\/title>\n<meta name=\"robots\" content=\"index, follow, max-snippet:-1, max-image-preview:large, max-video-preview:-1\" \/>\n<meta property=\"og:locale\" content=\"eu_ES\" \/>\n<meta property=\"og:type\" content=\"article\" \/>\n<meta property=\"og:title\" content=\"Ice Tea, Te Beltza Limoi-zaporearekin, 20 poltsa - Caf\u00e9s Baqu\u00e9\" \/>\n<meta property=\"og:description\" content=\"Harrituta geratuko zara hotzean hartzeko gure teen eta infusioen sortarekin Te beltzaren aromak bat egiten du limoi-zukuaren zapore freskoarekin, edari delikatu eta freskagarria lortzeko. Te zaporetsua da udako beroari aurre egin eta gorputza hidratatzeko. Pisua\/Kopurua 3 g-ko 20 poltsa. Osagaiak Maltodextrina, azidotzailea (azido zitrikoa), te beltzaren erauzkina (Camellia sinensis L.), karamelu naturalaren koloratzailea, limoi-zukua hautsean, [&hellip;]\" \/>\n<meta property=\"og:url\" content=\"https:\/\/www.baque.com\/eu\/denda\/udako-edariak\/ice-tea-te-beltza-limoi-zaporearekin-20-poltsa\/\" \/>\n<meta property=\"og:site_name\" content=\"Caf\u00e9s Baqu\u00e9\" \/>\n<meta property=\"article:modified_time\" content=\"2020-02-10T12:10:27+00:00\" \/>\n<meta property=\"og:image\" content=\"https:\/\/www.baque.com\/wp-content\/uploads\/2020\/02\/Ice-Tea_T\u00e9-negro_lim\u00f3n.jpg\" \/>\n\t<meta property=\"og:image:width\" content=\"284\" \/>\n\t<meta property=\"og:image:height\" content=\"331\" \/>\n\t<meta property=\"og:image:type\" content=\"image\/jpeg\" \/>\n<meta name=\"twitter:card\" content=\"summary_large_image\" \/>\n<meta name=\"twitter:label1\" content=\"Est. reading time\" \/>\n\t<meta name=\"twitter:data1\" content=\"1 minute\" \/>\n<script type=\"application\/ld+json\" class=\"yoast-schema-graph\">{\"@context\":\"https:\\\/\\\/schema.org\",\"@graph\":[{\"@type\":\"WebPage\",\"@id\":\"https:\\\/\\\/www.baque.com\\\/eu\\\/denda\\\/udako-edariak\\\/ice-tea-te-beltza-limoi-zaporearekin-20-poltsa\\\/\",\"url\":\"https:\\\/\\\/www.baque.com\\\/eu\\\/denda\\\/udako-edariak\\\/ice-tea-te-beltza-limoi-zaporearekin-20-poltsa\\\/\",\"name\":\"Ice Tea, Te Beltza Limoi-zaporearekin, 20 poltsa - Caf\u00e9s Baqu\u00e9\",\"isPartOf\":{\"@id\":\"https:\\\/\\\/www.baque.com\\\/es\\\/#website\"},\"primaryImageOfPage\":{\"@id\":\"https:\\\/\\\/www.baque.com\\\/eu\\\/denda\\\/udako-edariak\\\/ice-tea-te-beltza-limoi-zaporearekin-20-poltsa\\\/#primaryimage\"},\"image\":{\"@id\":\"https:\\\/\\\/www.baque.com\\\/eu\\\/denda\\\/udako-edariak\\\/ice-tea-te-beltza-limoi-zaporearekin-20-poltsa\\\/#primaryimage\"},\"thumbnailUrl\":\"https:\\\/\\\/www.baque.com\\\/wp-content\\\/uploads\\\/2020\\\/02\\\/Ice-Tea_T\u00e9-negro_lim\u00f3n.jpg\",\"datePublished\":\"2020-02-03T09:54:20+00:00\",\"dateModified\":\"2020-02-10T12:10:27+00:00\",\"breadcrumb\":{\"@id\":\"https:\\\/\\\/www.baque.com\\\/eu\\\/denda\\\/udako-edariak\\\/ice-tea-te-beltza-limoi-zaporearekin-20-poltsa\\\/#breadcrumb\"},\"inLanguage\":\"eu-ES\",\"potentialAction\":[{\"@type\":\"ReadAction\",\"target\":[\"https:\\\/\\\/www.baque.com\\\/eu\\\/denda\\\/udako-edariak\\\/ice-tea-te-beltza-limoi-zaporearekin-20-poltsa\\\/\"]}]},{\"@type\":\"ImageObject\",\"inLanguage\":\"eu-ES\",\"@id\":\"https:\\\/\\\/www.baque.com\\\/eu\\\/denda\\\/udako-edariak\\\/ice-tea-te-beltza-limoi-zaporearekin-20-poltsa\\\/#primaryimage\",\"url\":\"https:\\\/\\\/www.baque.com\\\/wp-content\\\/uploads\\\/2020\\\/02\\\/Ice-Tea_T\u00e9-negro_lim\u00f3n.jpg\",\"contentUrl\":\"https:\\\/\\\/www.baque.com\\\/wp-content\\\/uploads\\\/2020\\\/02\\\/Ice-Tea_T\u00e9-negro_lim\u00f3n.jpg\",\"width\":284,\"height\":331},{\"@type\":\"BreadcrumbList\",\"@id\":\"https:\\\/\\\/www.baque.com\\\/eu\\\/denda\\\/udako-edariak\\\/ice-tea-te-beltza-limoi-zaporearekin-20-poltsa\\\/#breadcrumb\",\"itemListElement\":[{\"@type\":\"ListItem\",\"position\":1,\"name\":\"Portada\",\"item\":\"https:\\\/\\\/www.baque.com\\\/eu\\\/\"},{\"@type\":\"ListItem\",\"position\":2,\"name\":\"Denda\",\"item\":\"https:\\\/\\\/www.baque.com\\\/eu\\\/denda\\\/\"},{\"@type\":\"ListItem\",\"position\":3,\"name\":\"Ice Tea, Te Beltza Limoi-zaporearekin, 20 poltsa\"}]},{\"@type\":\"WebSite\",\"@id\":\"https:\\\/\\\/www.baque.com\\\/es\\\/#website\",\"url\":\"https:\\\/\\\/www.baque.com\\\/es\\\/\",\"name\":\"Caf\u00e9s Baqu\u00e9\",\"description\":\"Somos l\u00edderes en hosteler\u00eda en Pa\u00eds Vasco y La Rioja y una de las marcas m\u00e1s reconocidas en el mercado nacional. Somos una empresa familiar en constante innovaci\u00f3n en el producto. Tostamos y distribuimos caf\u00e9 molido, en grano y c\u00e1psulas para disfrutar en casa, en el bar y en la oficina.\",\"potentialAction\":[{\"@type\":\"SearchAction\",\"target\":{\"@type\":\"EntryPoint\",\"urlTemplate\":\"https:\\\/\\\/www.baque.com\\\/es\\\/?s={search_term_string}\"},\"query-input\":{\"@type\":\"PropertyValueSpecification\",\"valueRequired\":true,\"valueName\":\"search_term_string\"}}],\"inLanguage\":\"eu-ES\"}]}<\/script>\n<!-- \/ Yoast SEO plugin. -->","yoast_head_json":{"title":"Ice Tea, Te Beltza Limoi-zaporearekin, 20 poltsa - Caf\u00e9s Baqu\u00e9","robots":{"index":"index","follow":"follow","max-snippet":"max-snippet:-1","max-image-preview":"max-image-preview:large","max-video-preview":"max-video-preview:-1"},"og_locale":"eu_ES","og_type":"article","og_title":"Ice Tea, Te Beltza Limoi-zaporearekin, 20 poltsa - Caf\u00e9s Baqu\u00e9","og_description":"Harrituta geratuko zara hotzean hartzeko gure teen eta infusioen sortarekin Te beltzaren aromak bat egiten du limoi-zukuaren zapore freskoarekin, edari delikatu eta freskagarria lortzeko. Te zaporetsua da udako beroari aurre egin eta gorputza hidratatzeko. Pisua\/Kopurua 3 g-ko 20 poltsa. Osagaiak Maltodextrina, azidotzailea (azido zitrikoa), te beltzaren erauzkina (Camellia sinensis L.), karamelu naturalaren koloratzailea, limoi-zukua hautsean, [&hellip;]","og_url":"https:\/\/www.baque.com\/eu\/denda\/udako-edariak\/ice-tea-te-beltza-limoi-zaporearekin-20-poltsa\/","og_site_name":"Caf\u00e9s Baqu\u00e9","article_modified_time":"2020-02-10T12:10:27+00:00","og_image":[{"width":284,"height":331,"url":"https:\/\/www.baque.com\/wp-content\/uploads\/2020\/02\/Ice-Tea_T\u00e9-negro_lim\u00f3n.jpg","type":"image\/jpeg"}],"twitter_card":"summary_large_image","twitter_misc":{"Est. reading time":"1 minute"},"schema":{"@context":"https:\/\/schema.org","@graph":[{"@type":"WebPage","@id":"https:\/\/www.baque.com\/eu\/denda\/udako-edariak\/ice-tea-te-beltza-limoi-zaporearekin-20-poltsa\/","url":"https:\/\/www.baque.com\/eu\/denda\/udako-edariak\/ice-tea-te-beltza-limoi-zaporearekin-20-poltsa\/","name":"Ice Tea, Te Beltza Limoi-zaporearekin, 20 poltsa - Caf\u00e9s Baqu\u00e9","isPartOf":{"@id":"https:\/\/www.baque.com\/es\/#website"},"primaryImageOfPage":{"@id":"https:\/\/www.baque.com\/eu\/denda\/udako-edariak\/ice-tea-te-beltza-limoi-zaporearekin-20-poltsa\/#primaryimage"},"image":{"@id":"https:\/\/www.baque.com\/eu\/denda\/udako-edariak\/ice-tea-te-beltza-limoi-zaporearekin-20-poltsa\/#primaryimage"},"thumbnailUrl":"https:\/\/www.baque.com\/wp-content\/uploads\/2020\/02\/Ice-Tea_T\u00e9-negro_lim\u00f3n.jpg","datePublished":"2020-02-03T09:54:20+00:00","dateModified":"2020-02-10T12:10:27+00:00","breadcrumb":{"@id":"https:\/\/www.baque.com\/eu\/denda\/udako-edariak\/ice-tea-te-beltza-limoi-zaporearekin-20-poltsa\/#breadcrumb"},"inLanguage":"eu-ES","potentialAction":[{"@type":"ReadAction","target":["https:\/\/www.baque.com\/eu\/denda\/udako-edariak\/ice-tea-te-beltza-limoi-zaporearekin-20-poltsa\/"]}]},{"@type":"ImageObject","inLanguage":"eu-ES","@id":"https:\/\/www.baque.com\/eu\/denda\/udako-edariak\/ice-tea-te-beltza-limoi-zaporearekin-20-poltsa\/#primaryimage","url":"https:\/\/www.baque.com\/wp-content\/uploads\/2020\/02\/Ice-Tea_T\u00e9-negro_lim\u00f3n.jpg","contentUrl":"https:\/\/www.baque.com\/wp-content\/uploads\/2020\/02\/Ice-Tea_T\u00e9-negro_lim\u00f3n.jpg","width":284,"height":331},{"@type":"BreadcrumbList","@id":"https:\/\/www.baque.com\/eu\/denda\/udako-edariak\/ice-tea-te-beltza-limoi-zaporearekin-20-poltsa\/#breadcrumb","itemListElement":[{"@type":"ListItem","position":1,"name":"Portada","item":"https:\/\/www.baque.com\/eu\/"},{"@type":"ListItem","position":2,"name":"Denda","item":"https:\/\/www.baque.com\/eu\/denda\/"},{"@type":"ListItem","position":3,"name":"Ice Tea, Te Beltza Limoi-zaporearekin, 20 poltsa"}]},{"@type":"WebSite","@id":"https:\/\/www.baque.com\/es\/#website","url":"https:\/\/www.baque.com\/es\/","name":"Caf\u00e9s Baqu\u00e9","description":"Somos l\u00edderes en hosteler\u00eda en Pa\u00eds Vasco y La Rioja y una de las marcas m\u00e1s reconocidas en el mercado nacional. Somos una empresa familiar en constante innovaci\u00f3n en el producto. Tostamos y distribuimos caf\u00e9 molido, en grano y c\u00e1psulas para disfrutar en casa, en el bar y en la oficina.","potentialAction":[{"@type":"SearchAction","target":{"@type":"EntryPoint","urlTemplate":"https:\/\/www.baque.com\/es\/?s={search_term_string}"},"query-input":{"@type":"PropertyValueSpecification","valueRequired":true,"valueName":"search_term_string"}}],"inLanguage":"eu-ES"}]}},"_links":{"self":[{"href":"https:\/\/www.baque.com\/eu\/wp-json\/wp\/v2\/product\/13484","targetHints":{"allow":["GET"]}}],"collection":[{"href":"https:\/\/www.baque.com\/eu\/wp-json\/wp\/v2\/product"}],"about":[{"href":"https:\/\/www.baque.com\/eu\/wp-json\/wp\/v2\/types\/product"}],"wp:featuredmedia":[{"embeddable":true,"href":"https:\/\/www.baque.com\/eu\/wp-json\/wp\/v2\/media\/12967"}],"wp:attachment":[{"href":"https:\/\/www.baque.com\/eu\/wp-json\/wp\/v2\/media?parent=13484"}],"wp:term":[{"taxonomy":"product_brand","embeddable":true,"href":"https:\/\/www.baque.com\/eu\/wp-json\/wp\/v2\/product_brand?post=13484"},{"taxonomy":"product_cat","embeddable":true,"href":"https:\/\/www.baque.com\/eu\/wp-json\/wp\/v2\/product_cat?post=13484"},{"taxonomy":"product_tag","embeddable":true,"href":"https:\/\/www.baque.com\/eu\/wp-json\/wp\/v2\/product_tag?post=13484"}],"curies":[{"name":"wp","href":"https:\/\/api.w.org\/{rel}","templated":true}]}}