
{"id":1382190,"date":"2023-04-12T10:59:46","date_gmt":"2023-04-12T08:59:46","guid":{"rendered":"https:\/\/www.baque.com\/?post_type=product&#038;p=1382190"},"modified":"2025-04-11T19:25:53","modified_gmt":"2025-04-11T17:25:53","slug":"myanmar-pyin-cafe-de-finca-kafe-aleak-250g-copia","status":"publish","type":"product","link":"https:\/\/www.baque.com\/eu\/denda\/kafea\/myanmar-pyin-cafe-de-finca-kafe-aleak-250g-copia\/","title":{"rendered":"Myanmar Pyin Oo Lwin  Caf\u00e9 de Finca, kafe aleak 250g."},"content":{"rendered":"<p>Pyin Oo Lwin, Myanmarren &#8220;Kafearen hiria&#8221; deitzen zaion lurraldearen erdialdean dago, azkar hasten ari den rulaldea delarik. Herrialdearen erdiguean dauden mendikate freskoetan kokatuta, kafe finka hauek zitrikoen, aguakatearen edo dragoi frutaren nekazal lurrak partekatzen dituzte.<\/p>\n<p>&nbsp;<\/p>\n<table style=\"height: 168px;\" width=\"266\">\n<tbody>\n<tr>\n<th style=\"text-align: left;\" valign=\"top\">Prozesua<\/th>\n<td style=\"text-align: left;\" valign=\"top\">Garbitua<\/td>\n<\/tr>\n<tr>\n<th style=\"text-align: left;\" valign=\"top\">Barietate bakarra<\/th>\n<td valign=\"top\">Catimor<\/td>\n<\/tr>\n<tr>\n<th style=\"text-align: left;\" valign=\"top\">Altitudea<\/th>\n<td valign=\"top\">1.035-1.125m<\/td>\n<\/tr>\n<tr>\n<th style=\"text-align: left;\" valign=\"top\">SCA puntuazioa<\/th>\n<td style=\"text-align: left;\" valign=\"top\">86,25<\/td>\n<\/tr>\n<\/tbody>\n<\/table>\n<p>Espezialitate-kafeetako bakoitza bakana eta autentikoa da, eta historia bat du atzean. Sasoikoak dira espezialitate-kafeak. Ekoizle txikiek eskualde zehatz batean lantzen dute haien kafe-barietate bakarra, altitude jakin batean, eta zoruaren, tenperaturaren eta hezetasunaren kondizio espezifikoetan. Nekazariek eskuz batzen dute uzta; heldutasun ezin hobean dauden kafe-gereziak baino ez dituzte aukeratzen; gero, kafe-gereziari mamia kentzen diotenean, berriz ere kafe-aleak hautatzen dituzte, akastunak baztertuz.<\/p>\n","protected":false},"excerpt":{"rendered":"<p>Pyin Oo Lwin, Myanmarren &#8220;Kafearen hiria&#8221; deitzen zaion lurraldearen erdialdean dago, azkar hasten ari den rulaldea delarik. Herrialdearen erdiguean dauden mendikate freskoetan kokatuta, kafe finka hauek zitrikoen, aguakatearen edo dragoi frutaren nekazal lurrak partekatzen dituzte. &nbsp; Prozesua Garbitua Barietate bakarra Catimor Altitudea 1.035-1.125m SCA puntuazioa 86,25 Espezialitate-kafeetako bakoitza bakana eta autentikoa da, eta historia bat [&hellip;]<\/p>\n","protected":false},"featured_media":1382218,"template":"","meta":{"_acf_changed":false},"product_brand":[],"product_cat":[136,518],"product_tag":[],"class_list":{"0":"post-1382190","1":"product","2":"type-product","3":"status-publish","4":"has-post-thumbnail","6":"product_cat-kafea","7":"product_cat-specialty-coffees-eus","9":"first","10":"outofstock","11":"taxable","12":"shipping-taxable","13":"purchasable","14":"product-type-simple"},"bundled_by":[],"bundle_stock_status":"outofstock","bundle_stock_quantity":0,"bundle_virtual":false,"bundle_layout":"","bundle_add_to_cart_form_location":"","bundle_editable_in_cart":false,"bundle_sold_individually_context":"","bundle_item_grouping":"","bundle_min_size":"","bundle_max_size":"","bundle_price":[],"bundled_items":[],"bundle_sell_ids":[],"acf":[],"yoast_head":"<!-- This site is optimized with the Yoast SEO plugin v27.3 - https:\/\/yoast.com\/product\/yoast-seo-wordpress\/ -->\n<title>Myanmar Pyin Oo Lwin Caf\u00e9 de Finca, kafe aleak 250g. - Caf\u00e9s Baqu\u00e9<\/title>\n<meta name=\"robots\" content=\"index, follow, max-snippet:-1, max-image-preview:large, max-video-preview:-1\" \/>\n<meta property=\"og:locale\" content=\"eu_ES\" \/>\n<meta property=\"og:type\" content=\"article\" \/>\n<meta property=\"og:title\" content=\"Myanmar Pyin Oo Lwin Caf\u00e9 de Finca, kafe aleak 250g. - Caf\u00e9s Baqu\u00e9\" \/>\n<meta property=\"og:description\" content=\"Pyin Oo Lwin, Myanmarren &#8220;Kafearen hiria&#8221; deitzen zaion lurraldearen erdialdean dago, azkar hasten ari den rulaldea delarik. Herrialdearen erdiguean dauden mendikate freskoetan kokatuta, kafe finka hauek zitrikoen, aguakatearen edo dragoi frutaren nekazal lurrak partekatzen dituzte. &nbsp; Prozesua Garbitua Barietate bakarra Catimor Altitudea 1.035-1.125m SCA puntuazioa 86,25 Espezialitate-kafeetako bakoitza bakana eta autentikoa da, eta historia bat [&hellip;]\" \/>\n<meta property=\"og:url\" content=\"https:\/\/www.baque.com\/eu\/denda\/kafea\/myanmar-pyin-cafe-de-finca-kafe-aleak-250g-copia\/\" \/>\n<meta property=\"og:site_name\" content=\"Caf\u00e9s Baqu\u00e9\" \/>\n<meta property=\"article:modified_time\" content=\"2025-04-11T17:25:53+00:00\" \/>\n<meta property=\"og:image\" content=\"https:\/\/www.baque.com\/wp-content\/uploads\/2023\/04\/MyanmanPyinOoLwin_Lateral.jpg\" \/>\n\t<meta property=\"og:image:width\" content=\"1862\" \/>\n\t<meta property=\"og:image:height\" content=\"1862\" \/>\n\t<meta property=\"og:image:type\" content=\"image\/jpeg\" \/>\n<meta name=\"twitter:card\" content=\"summary_large_image\" \/>\n<meta name=\"twitter:label1\" content=\"Est. reading time\" \/>\n\t<meta name=\"twitter:data1\" content=\"1 minute\" \/>\n<script type=\"application\/ld+json\" class=\"yoast-schema-graph\">{\"@context\":\"https:\\\/\\\/schema.org\",\"@graph\":[{\"@type\":\"WebPage\",\"@id\":\"https:\\\/\\\/www.baque.com\\\/eu\\\/denda\\\/kafea\\\/myanmar-pyin-cafe-de-finca-kafe-aleak-250g-copia\\\/\",\"url\":\"https:\\\/\\\/www.baque.com\\\/eu\\\/denda\\\/kafea\\\/myanmar-pyin-cafe-de-finca-kafe-aleak-250g-copia\\\/\",\"name\":\"Myanmar Pyin Oo Lwin Caf\u00e9 de Finca, kafe aleak 250g. - Caf\u00e9s Baqu\u00e9\",\"isPartOf\":{\"@id\":\"https:\\\/\\\/www.baque.com\\\/es\\\/#website\"},\"primaryImageOfPage\":{\"@id\":\"https:\\\/\\\/www.baque.com\\\/eu\\\/denda\\\/kafea\\\/myanmar-pyin-cafe-de-finca-kafe-aleak-250g-copia\\\/#primaryimage\"},\"image\":{\"@id\":\"https:\\\/\\\/www.baque.com\\\/eu\\\/denda\\\/kafea\\\/myanmar-pyin-cafe-de-finca-kafe-aleak-250g-copia\\\/#primaryimage\"},\"thumbnailUrl\":\"https:\\\/\\\/www.baque.com\\\/wp-content\\\/uploads\\\/2023\\\/04\\\/MyanmanPyinOoLwin_Lateral.jpg\",\"datePublished\":\"2023-04-12T08:59:46+00:00\",\"dateModified\":\"2025-04-11T17:25:53+00:00\",\"breadcrumb\":{\"@id\":\"https:\\\/\\\/www.baque.com\\\/eu\\\/denda\\\/kafea\\\/myanmar-pyin-cafe-de-finca-kafe-aleak-250g-copia\\\/#breadcrumb\"},\"inLanguage\":\"eu-ES\",\"potentialAction\":[{\"@type\":\"ReadAction\",\"target\":[\"https:\\\/\\\/www.baque.com\\\/eu\\\/denda\\\/kafea\\\/myanmar-pyin-cafe-de-finca-kafe-aleak-250g-copia\\\/\"]}]},{\"@type\":\"ImageObject\",\"inLanguage\":\"eu-ES\",\"@id\":\"https:\\\/\\\/www.baque.com\\\/eu\\\/denda\\\/kafea\\\/myanmar-pyin-cafe-de-finca-kafe-aleak-250g-copia\\\/#primaryimage\",\"url\":\"https:\\\/\\\/www.baque.com\\\/wp-content\\\/uploads\\\/2023\\\/04\\\/MyanmanPyinOoLwin_Lateral.jpg\",\"contentUrl\":\"https:\\\/\\\/www.baque.com\\\/wp-content\\\/uploads\\\/2023\\\/04\\\/MyanmanPyinOoLwin_Lateral.jpg\",\"width\":1862,\"height\":1862},{\"@type\":\"BreadcrumbList\",\"@id\":\"https:\\\/\\\/www.baque.com\\\/eu\\\/denda\\\/kafea\\\/myanmar-pyin-cafe-de-finca-kafe-aleak-250g-copia\\\/#breadcrumb\",\"itemListElement\":[{\"@type\":\"ListItem\",\"position\":1,\"name\":\"Portada\",\"item\":\"https:\\\/\\\/www.baque.com\\\/eu\\\/\"},{\"@type\":\"ListItem\",\"position\":2,\"name\":\"Denda\",\"item\":\"https:\\\/\\\/www.baque.com\\\/eu\\\/denda\\\/\"},{\"@type\":\"ListItem\",\"position\":3,\"name\":\"Myanmar Pyin Oo Lwin Caf\u00e9 de Finca, kafe aleak 250g.\"}]},{\"@type\":\"WebSite\",\"@id\":\"https:\\\/\\\/www.baque.com\\\/es\\\/#website\",\"url\":\"https:\\\/\\\/www.baque.com\\\/es\\\/\",\"name\":\"Caf\u00e9s Baqu\u00e9\",\"description\":\"Somos l\u00edderes en hosteler\u00eda en Pa\u00eds Vasco y La Rioja y una de las marcas m\u00e1s reconocidas en el mercado nacional. Somos una empresa familiar en constante innovaci\u00f3n en el producto. Tostamos y distribuimos caf\u00e9 molido, en grano y c\u00e1psulas para disfrutar en casa, en el bar y en la oficina.\",\"potentialAction\":[{\"@type\":\"SearchAction\",\"target\":{\"@type\":\"EntryPoint\",\"urlTemplate\":\"https:\\\/\\\/www.baque.com\\\/es\\\/?s={search_term_string}\"},\"query-input\":{\"@type\":\"PropertyValueSpecification\",\"valueRequired\":true,\"valueName\":\"search_term_string\"}}],\"inLanguage\":\"eu-ES\"}]}<\/script>\n<!-- \/ Yoast SEO plugin. -->","yoast_head_json":{"title":"Myanmar Pyin Oo Lwin Caf\u00e9 de Finca, kafe aleak 250g. - Caf\u00e9s Baqu\u00e9","robots":{"index":"index","follow":"follow","max-snippet":"max-snippet:-1","max-image-preview":"max-image-preview:large","max-video-preview":"max-video-preview:-1"},"og_locale":"eu_ES","og_type":"article","og_title":"Myanmar Pyin Oo Lwin Caf\u00e9 de Finca, kafe aleak 250g. - Caf\u00e9s Baqu\u00e9","og_description":"Pyin Oo Lwin, Myanmarren &#8220;Kafearen hiria&#8221; deitzen zaion lurraldearen erdialdean dago, azkar hasten ari den rulaldea delarik. Herrialdearen erdiguean dauden mendikate freskoetan kokatuta, kafe finka hauek zitrikoen, aguakatearen edo dragoi frutaren nekazal lurrak partekatzen dituzte. &nbsp; Prozesua Garbitua Barietate bakarra Catimor Altitudea 1.035-1.125m SCA puntuazioa 86,25 Espezialitate-kafeetako bakoitza bakana eta autentikoa da, eta historia bat [&hellip;]","og_url":"https:\/\/www.baque.com\/eu\/denda\/kafea\/myanmar-pyin-cafe-de-finca-kafe-aleak-250g-copia\/","og_site_name":"Caf\u00e9s Baqu\u00e9","article_modified_time":"2025-04-11T17:25:53+00:00","og_image":[{"width":1862,"height":1862,"url":"https:\/\/www.baque.com\/wp-content\/uploads\/2023\/04\/MyanmanPyinOoLwin_Lateral.jpg","type":"image\/jpeg"}],"twitter_card":"summary_large_image","twitter_misc":{"Est. reading time":"1 minute"},"schema":{"@context":"https:\/\/schema.org","@graph":[{"@type":"WebPage","@id":"https:\/\/www.baque.com\/eu\/denda\/kafea\/myanmar-pyin-cafe-de-finca-kafe-aleak-250g-copia\/","url":"https:\/\/www.baque.com\/eu\/denda\/kafea\/myanmar-pyin-cafe-de-finca-kafe-aleak-250g-copia\/","name":"Myanmar Pyin Oo Lwin Caf\u00e9 de Finca, kafe aleak 250g. - Caf\u00e9s Baqu\u00e9","isPartOf":{"@id":"https:\/\/www.baque.com\/es\/#website"},"primaryImageOfPage":{"@id":"https:\/\/www.baque.com\/eu\/denda\/kafea\/myanmar-pyin-cafe-de-finca-kafe-aleak-250g-copia\/#primaryimage"},"image":{"@id":"https:\/\/www.baque.com\/eu\/denda\/kafea\/myanmar-pyin-cafe-de-finca-kafe-aleak-250g-copia\/#primaryimage"},"thumbnailUrl":"https:\/\/www.baque.com\/wp-content\/uploads\/2023\/04\/MyanmanPyinOoLwin_Lateral.jpg","datePublished":"2023-04-12T08:59:46+00:00","dateModified":"2025-04-11T17:25:53+00:00","breadcrumb":{"@id":"https:\/\/www.baque.com\/eu\/denda\/kafea\/myanmar-pyin-cafe-de-finca-kafe-aleak-250g-copia\/#breadcrumb"},"inLanguage":"eu-ES","potentialAction":[{"@type":"ReadAction","target":["https:\/\/www.baque.com\/eu\/denda\/kafea\/myanmar-pyin-cafe-de-finca-kafe-aleak-250g-copia\/"]}]},{"@type":"ImageObject","inLanguage":"eu-ES","@id":"https:\/\/www.baque.com\/eu\/denda\/kafea\/myanmar-pyin-cafe-de-finca-kafe-aleak-250g-copia\/#primaryimage","url":"https:\/\/www.baque.com\/wp-content\/uploads\/2023\/04\/MyanmanPyinOoLwin_Lateral.jpg","contentUrl":"https:\/\/www.baque.com\/wp-content\/uploads\/2023\/04\/MyanmanPyinOoLwin_Lateral.jpg","width":1862,"height":1862},{"@type":"BreadcrumbList","@id":"https:\/\/www.baque.com\/eu\/denda\/kafea\/myanmar-pyin-cafe-de-finca-kafe-aleak-250g-copia\/#breadcrumb","itemListElement":[{"@type":"ListItem","position":1,"name":"Portada","item":"https:\/\/www.baque.com\/eu\/"},{"@type":"ListItem","position":2,"name":"Denda","item":"https:\/\/www.baque.com\/eu\/denda\/"},{"@type":"ListItem","position":3,"name":"Myanmar Pyin Oo Lwin Caf\u00e9 de Finca, kafe aleak 250g."}]},{"@type":"WebSite","@id":"https:\/\/www.baque.com\/es\/#website","url":"https:\/\/www.baque.com\/es\/","name":"Caf\u00e9s Baqu\u00e9","description":"Somos l\u00edderes en hosteler\u00eda en Pa\u00eds Vasco y La Rioja y una de las marcas m\u00e1s reconocidas en el mercado nacional. Somos una empresa familiar en constante innovaci\u00f3n en el producto. Tostamos y distribuimos caf\u00e9 molido, en grano y c\u00e1psulas para disfrutar en casa, en el bar y en la oficina.","potentialAction":[{"@type":"SearchAction","target":{"@type":"EntryPoint","urlTemplate":"https:\/\/www.baque.com\/es\/?s={search_term_string}"},"query-input":{"@type":"PropertyValueSpecification","valueRequired":true,"valueName":"search_term_string"}}],"inLanguage":"eu-ES"}]}},"_links":{"self":[{"href":"https:\/\/www.baque.com\/eu\/wp-json\/wp\/v2\/product\/1382190","targetHints":{"allow":["GET"]}}],"collection":[{"href":"https:\/\/www.baque.com\/eu\/wp-json\/wp\/v2\/product"}],"about":[{"href":"https:\/\/www.baque.com\/eu\/wp-json\/wp\/v2\/types\/product"}],"wp:featuredmedia":[{"embeddable":true,"href":"https:\/\/www.baque.com\/eu\/wp-json\/wp\/v2\/media\/1382218"}],"wp:attachment":[{"href":"https:\/\/www.baque.com\/eu\/wp-json\/wp\/v2\/media?parent=1382190"}],"wp:term":[{"taxonomy":"product_brand","embeddable":true,"href":"https:\/\/www.baque.com\/eu\/wp-json\/wp\/v2\/product_brand?post=1382190"},{"taxonomy":"product_cat","embeddable":true,"href":"https:\/\/www.baque.com\/eu\/wp-json\/wp\/v2\/product_cat?post=1382190"},{"taxonomy":"product_tag","embeddable":true,"href":"https:\/\/www.baque.com\/eu\/wp-json\/wp\/v2\/product_tag?post=1382190"}],"curies":[{"name":"wp","href":"https:\/\/api.w.org\/{rel}","templated":true}]}}