
{"id":144279,"date":"2020-08-06T08:38:44","date_gmt":"2020-08-06T06:38:44","guid":{"rendered":"https:\/\/www.baque.com\/?post_type=product&#038;p=144279"},"modified":"2024-07-11T12:15:21","modified_gmt":"2024-07-11T10:15:21","slug":"xiaomi-kapsulako-kafe-makina","status":"publish","type":"product","link":"https:\/\/www.baque.com\/eu\/denda\/kafea\/xiaomi-kapsulako-kafe-makina\/","title":{"rendered":"Xiaomi Mijia Kapsulako Kafe-makina"},"content":{"rendered":"<p><strong>Enpresa edo autonomoa zara? Pertsonalizatu zure eskaera <a href=\"https:\/\/www.baque.com\/eu\/bulegoa-xiaomi\/\">hemen.<\/a><\/strong><\/p>\n<p>Diseinu dotorea den Xiaomi Mijia S1301 kafe-makina konpaktua, 16 barreko presioko Nespresso\u00ae sistemarekin bateragarria dena.<\/p>\n<p>40 eta 110 ml-ko kikarak egiten ditu, eta 25 eta 180 ml-ra arte pertsonaliza daitezke. Automatikoki itzaltzen da. Gainera, 620 ml-ko ur-depositua eta beheko erretilu erauzgarria ditu, 130 mm-ko altuera duten kikarak sartzeko.<\/p>\n","protected":false},"excerpt":{"rendered":"<p>Nespresso\u00ae sistemarekin bateragarria<\/p>\n","protected":false},"featured_media":1553040,"template":"","meta":{"_acf_changed":false},"product_brand":[],"product_cat":[136],"product_tag":[283,356],"class_list":{"0":"post-144279","1":"product","2":"type-product","3":"status-publish","4":"has-post-thumbnail","6":"product_cat-kafea","7":"product_tag-kapsulak","8":"product_tag-nespresso-eu","10":"first","11":"outofstock","12":"taxable","13":"shipping-taxable","14":"purchasable","15":"product-type-simple"},"bundled_by":[],"bundle_stock_status":"outofstock","bundle_stock_quantity":0,"bundle_virtual":false,"bundle_layout":"","bundle_add_to_cart_form_location":"","bundle_editable_in_cart":false,"bundle_sold_individually_context":"","bundle_item_grouping":"","bundle_min_size":"","bundle_max_size":"","bundle_price":[],"bundled_items":[],"bundle_sell_ids":[],"acf":[],"yoast_head":"<!-- This site is optimized with the Yoast SEO plugin v27.3 - https:\/\/yoast.com\/product\/yoast-seo-wordpress\/ -->\n<title>Xiaomi Mijia Kapsulako Kafe-makina - Caf\u00e9s Baqu\u00e9<\/title>\n<meta name=\"robots\" content=\"index, follow, max-snippet:-1, max-image-preview:large, max-video-preview:-1\" \/>\n<meta property=\"og:locale\" content=\"eu_ES\" \/>\n<meta property=\"og:type\" content=\"article\" \/>\n<meta property=\"og:title\" content=\"Xiaomi Mijia Kapsulako Kafe-makina - Caf\u00e9s Baqu\u00e9\" \/>\n<meta property=\"og:description\" content=\"Nespresso\u00ae sistemarekin bateragarria\" \/>\n<meta property=\"og:url\" content=\"https:\/\/www.baque.com\/eu\/denda\/kafea\/xiaomi-kapsulako-kafe-makina\/\" \/>\n<meta property=\"og:site_name\" content=\"Caf\u00e9s Baqu\u00e9\" \/>\n<meta property=\"article:modified_time\" content=\"2024-07-11T10:15:21+00:00\" \/>\n<meta property=\"og:image\" content=\"https:\/\/www.baque.com\/wp-content\/uploads\/2020\/08\/xiaomi-tienda-online_eu-01-01.jpg\" \/>\n\t<meta property=\"og:image:width\" content=\"1817\" \/>\n\t<meta property=\"og:image:height\" content=\"1582\" \/>\n\t<meta property=\"og:image:type\" content=\"image\/jpeg\" \/>\n<meta name=\"twitter:card\" content=\"summary_large_image\" \/>\n<meta name=\"twitter:label1\" content=\"Est. reading time\" \/>\n\t<meta name=\"twitter:data1\" content=\"1 minute\" \/>\n<script type=\"application\/ld+json\" class=\"yoast-schema-graph\">{\"@context\":\"https:\\\/\\\/schema.org\",\"@graph\":[{\"@type\":\"WebPage\",\"@id\":\"https:\\\/\\\/www.baque.com\\\/eu\\\/denda\\\/kafea\\\/xiaomi-kapsulako-kafe-makina\\\/\",\"url\":\"https:\\\/\\\/www.baque.com\\\/eu\\\/denda\\\/kafea\\\/xiaomi-kapsulako-kafe-makina\\\/\",\"name\":\"Xiaomi Mijia Kapsulako Kafe-makina - Caf\u00e9s Baqu\u00e9\",\"isPartOf\":{\"@id\":\"https:\\\/\\\/www.baque.com\\\/es\\\/#website\"},\"primaryImageOfPage\":{\"@id\":\"https:\\\/\\\/www.baque.com\\\/eu\\\/denda\\\/kafea\\\/xiaomi-kapsulako-kafe-makina\\\/#primaryimage\"},\"image\":{\"@id\":\"https:\\\/\\\/www.baque.com\\\/eu\\\/denda\\\/kafea\\\/xiaomi-kapsulako-kafe-makina\\\/#primaryimage\"},\"thumbnailUrl\":\"https:\\\/\\\/www.baque.com\\\/wp-content\\\/uploads\\\/2020\\\/08\\\/xiaomi-tienda-online_eu-01-01.jpg\",\"datePublished\":\"2020-08-06T06:38:44+00:00\",\"dateModified\":\"2024-07-11T10:15:21+00:00\",\"breadcrumb\":{\"@id\":\"https:\\\/\\\/www.baque.com\\\/eu\\\/denda\\\/kafea\\\/xiaomi-kapsulako-kafe-makina\\\/#breadcrumb\"},\"inLanguage\":\"eu-ES\",\"potentialAction\":[{\"@type\":\"ReadAction\",\"target\":[\"https:\\\/\\\/www.baque.com\\\/eu\\\/denda\\\/kafea\\\/xiaomi-kapsulako-kafe-makina\\\/\"]}]},{\"@type\":\"ImageObject\",\"inLanguage\":\"eu-ES\",\"@id\":\"https:\\\/\\\/www.baque.com\\\/eu\\\/denda\\\/kafea\\\/xiaomi-kapsulako-kafe-makina\\\/#primaryimage\",\"url\":\"https:\\\/\\\/www.baque.com\\\/wp-content\\\/uploads\\\/2020\\\/08\\\/xiaomi-tienda-online_eu-01-01.jpg\",\"contentUrl\":\"https:\\\/\\\/www.baque.com\\\/wp-content\\\/uploads\\\/2020\\\/08\\\/xiaomi-tienda-online_eu-01-01.jpg\",\"width\":1817,\"height\":1582},{\"@type\":\"BreadcrumbList\",\"@id\":\"https:\\\/\\\/www.baque.com\\\/eu\\\/denda\\\/kafea\\\/xiaomi-kapsulako-kafe-makina\\\/#breadcrumb\",\"itemListElement\":[{\"@type\":\"ListItem\",\"position\":1,\"name\":\"Portada\",\"item\":\"https:\\\/\\\/www.baque.com\\\/eu\\\/\"},{\"@type\":\"ListItem\",\"position\":2,\"name\":\"Denda\",\"item\":\"https:\\\/\\\/www.baque.com\\\/eu\\\/denda\\\/\"},{\"@type\":\"ListItem\",\"position\":3,\"name\":\"Xiaomi Mijia Kapsulako Kafe-makina\"}]},{\"@type\":\"WebSite\",\"@id\":\"https:\\\/\\\/www.baque.com\\\/es\\\/#website\",\"url\":\"https:\\\/\\\/www.baque.com\\\/es\\\/\",\"name\":\"Caf\u00e9s Baqu\u00e9\",\"description\":\"Somos l\u00edderes en hosteler\u00eda en Pa\u00eds Vasco y La Rioja y una de las marcas m\u00e1s reconocidas en el mercado nacional. Somos una empresa familiar en constante innovaci\u00f3n en el producto. Tostamos y distribuimos caf\u00e9 molido, en grano y c\u00e1psulas para disfrutar en casa, en el bar y en la oficina.\",\"potentialAction\":[{\"@type\":\"SearchAction\",\"target\":{\"@type\":\"EntryPoint\",\"urlTemplate\":\"https:\\\/\\\/www.baque.com\\\/es\\\/?s={search_term_string}\"},\"query-input\":{\"@type\":\"PropertyValueSpecification\",\"valueRequired\":true,\"valueName\":\"search_term_string\"}}],\"inLanguage\":\"eu-ES\"}]}<\/script>\n<!-- \/ Yoast SEO plugin. -->","yoast_head_json":{"title":"Xiaomi Mijia Kapsulako Kafe-makina - Caf\u00e9s Baqu\u00e9","robots":{"index":"index","follow":"follow","max-snippet":"max-snippet:-1","max-image-preview":"max-image-preview:large","max-video-preview":"max-video-preview:-1"},"og_locale":"eu_ES","og_type":"article","og_title":"Xiaomi Mijia Kapsulako Kafe-makina - Caf\u00e9s Baqu\u00e9","og_description":"Nespresso\u00ae sistemarekin bateragarria","og_url":"https:\/\/www.baque.com\/eu\/denda\/kafea\/xiaomi-kapsulako-kafe-makina\/","og_site_name":"Caf\u00e9s Baqu\u00e9","article_modified_time":"2024-07-11T10:15:21+00:00","og_image":[{"width":1817,"height":1582,"url":"https:\/\/www.baque.com\/wp-content\/uploads\/2020\/08\/xiaomi-tienda-online_eu-01-01.jpg","type":"image\/jpeg"}],"twitter_card":"summary_large_image","twitter_misc":{"Est. reading time":"1 minute"},"schema":{"@context":"https:\/\/schema.org","@graph":[{"@type":"WebPage","@id":"https:\/\/www.baque.com\/eu\/denda\/kafea\/xiaomi-kapsulako-kafe-makina\/","url":"https:\/\/www.baque.com\/eu\/denda\/kafea\/xiaomi-kapsulako-kafe-makina\/","name":"Xiaomi Mijia Kapsulako Kafe-makina - Caf\u00e9s Baqu\u00e9","isPartOf":{"@id":"https:\/\/www.baque.com\/es\/#website"},"primaryImageOfPage":{"@id":"https:\/\/www.baque.com\/eu\/denda\/kafea\/xiaomi-kapsulako-kafe-makina\/#primaryimage"},"image":{"@id":"https:\/\/www.baque.com\/eu\/denda\/kafea\/xiaomi-kapsulako-kafe-makina\/#primaryimage"},"thumbnailUrl":"https:\/\/www.baque.com\/wp-content\/uploads\/2020\/08\/xiaomi-tienda-online_eu-01-01.jpg","datePublished":"2020-08-06T06:38:44+00:00","dateModified":"2024-07-11T10:15:21+00:00","breadcrumb":{"@id":"https:\/\/www.baque.com\/eu\/denda\/kafea\/xiaomi-kapsulako-kafe-makina\/#breadcrumb"},"inLanguage":"eu-ES","potentialAction":[{"@type":"ReadAction","target":["https:\/\/www.baque.com\/eu\/denda\/kafea\/xiaomi-kapsulako-kafe-makina\/"]}]},{"@type":"ImageObject","inLanguage":"eu-ES","@id":"https:\/\/www.baque.com\/eu\/denda\/kafea\/xiaomi-kapsulako-kafe-makina\/#primaryimage","url":"https:\/\/www.baque.com\/wp-content\/uploads\/2020\/08\/xiaomi-tienda-online_eu-01-01.jpg","contentUrl":"https:\/\/www.baque.com\/wp-content\/uploads\/2020\/08\/xiaomi-tienda-online_eu-01-01.jpg","width":1817,"height":1582},{"@type":"BreadcrumbList","@id":"https:\/\/www.baque.com\/eu\/denda\/kafea\/xiaomi-kapsulako-kafe-makina\/#breadcrumb","itemListElement":[{"@type":"ListItem","position":1,"name":"Portada","item":"https:\/\/www.baque.com\/eu\/"},{"@type":"ListItem","position":2,"name":"Denda","item":"https:\/\/www.baque.com\/eu\/denda\/"},{"@type":"ListItem","position":3,"name":"Xiaomi Mijia Kapsulako Kafe-makina"}]},{"@type":"WebSite","@id":"https:\/\/www.baque.com\/es\/#website","url":"https:\/\/www.baque.com\/es\/","name":"Caf\u00e9s Baqu\u00e9","description":"Somos l\u00edderes en hosteler\u00eda en Pa\u00eds Vasco y La Rioja y una de las marcas m\u00e1s reconocidas en el mercado nacional. Somos una empresa familiar en constante innovaci\u00f3n en el producto. Tostamos y distribuimos caf\u00e9 molido, en grano y c\u00e1psulas para disfrutar en casa, en el bar y en la oficina.","potentialAction":[{"@type":"SearchAction","target":{"@type":"EntryPoint","urlTemplate":"https:\/\/www.baque.com\/es\/?s={search_term_string}"},"query-input":{"@type":"PropertyValueSpecification","valueRequired":true,"valueName":"search_term_string"}}],"inLanguage":"eu-ES"}]}},"_links":{"self":[{"href":"https:\/\/www.baque.com\/eu\/wp-json\/wp\/v2\/product\/144279","targetHints":{"allow":["GET"]}}],"collection":[{"href":"https:\/\/www.baque.com\/eu\/wp-json\/wp\/v2\/product"}],"about":[{"href":"https:\/\/www.baque.com\/eu\/wp-json\/wp\/v2\/types\/product"}],"wp:featuredmedia":[{"embeddable":true,"href":"https:\/\/www.baque.com\/eu\/wp-json\/wp\/v2\/media\/1553040"}],"wp:attachment":[{"href":"https:\/\/www.baque.com\/eu\/wp-json\/wp\/v2\/media?parent=144279"}],"wp:term":[{"taxonomy":"product_brand","embeddable":true,"href":"https:\/\/www.baque.com\/eu\/wp-json\/wp\/v2\/product_brand?post=144279"},{"taxonomy":"product_cat","embeddable":true,"href":"https:\/\/www.baque.com\/eu\/wp-json\/wp\/v2\/product_cat?post=144279"},{"taxonomy":"product_tag","embeddable":true,"href":"https:\/\/www.baque.com\/eu\/wp-json\/wp\/v2\/product_tag?post=144279"}],"curies":[{"name":"wp","href":"https:\/\/api.w.org\/{rel}","templated":true}]}}