
{"id":1859106,"date":"2023-11-13T12:16:48","date_gmt":"2023-11-13T11:16:48","guid":{"rendered":"https:\/\/www.baque.com\/?post_type=product&#038;p=1859106"},"modified":"2023-11-15T12:22:04","modified_gmt":"2023-11-15T11:22:04","slug":"zapore-estra-bizia-10-kapsula-konpostagarri-nespresso-rekin-bateragarriak-copia-2","status":"publish","type":"product","link":"https:\/\/www.baque.com\/eu\/denda\/kafe-kapsulak\/aluminiozko-kapsulak-nespresso-rekin-bateragarriak\/zapore-estra-bizia-10-kapsula-konpostagarri-nespresso-rekin-bateragarriak-copia-2\/","title":{"rendered":"Zapore Estra Bizia, Aluminiozko 20 kapsula  Nespresso\u00ae-rekin bateragarriak"},"content":{"rendered":"<p>Aluminiozko kapsulak,\u00a0 Nespresso\u00ae-rekin bateragarriak.<\/p>\n<p>Zapore handia eta estimulatzailea duen kafea da. Kafe gogorra nahi duten horientzat pentsatutakoa da, gorputz sendoa du eta koipetsua da, kontrastea egiten du bere azidotasun neutroarekin eta ahoan irauten duen egurraren eta fruitu lehorren aroma du. Gainera, oso egokia da esnearekin hartzeko.<\/p>\n<h3>Intentsitatea<\/h3>\n<p class=\"intensity\">13 <span class=\"circle\"><\/span><span class=\"circle\"><\/span><span class=\"circle\"><\/span><span class=\"circle\"><\/span><span class=\"circle\"><\/span><span class=\"circle\"><\/span><span class=\"circle\"><\/span><span class=\"circle\"><\/span><span class=\"circle\"><\/span><span class=\"circle\"><\/span><span class=\"circle\"><\/span><span class=\"circle\"><\/span><span class=\"circle\"><\/span><\/p>\n<h3>Pisua\/kantitatea<\/h3>\n<p>20 unit.<\/p>\n<h3>Osagaiak<\/h3>\n<p>Kafea eta azukrea.<\/p>\n<h3>Alergenoak<\/h3>\n<p>Bat ere ez.<\/p>\n<h3>Erabilera\/kontserbazio baldintzak<\/h3>\n<p>Gorde leku fresko eta lehor batean.<\/p>\n<h3>Iraungitze data<\/h3>\n<p>18 hilabete<\/p>\n<h3>Aholkua<\/h3>\n<p>Kapsula bakoitza espresso bakar bat prestatzeko erabili. Kafea ohiko eran egin (kafegailuaren erabilera jarraibideak ikusi).<\/p>\n","protected":false},"excerpt":{"rendered":"<p>Kafe ehoa %70eko txigorketa naturalekoa eta %30eko torrefaktuarekin<\/p>\n","protected":false},"featured_media":1859017,"template":"","meta":{"_acf_changed":false},"product_brand":[],"product_cat":[600],"product_tag":[287,294,458,283,355,356,457],"class_list":{"0":"post-1859106","1":"product","2":"type-product","3":"status-publish","4":"has-post-thumbnail","6":"product_cat-aluminiozko-kapsulak-nespresso-rekin-bateragarriak","7":"product_tag-bateragarriak","8":"product_tag-bizia","9":"product_tag-estra-eu","10":"product_tag-kapsulak","11":"product_tag-naturala","12":"product_tag-nespresso-eu","13":"product_tag-torrefaktua-eu","15":"first","16":"instock","17":"taxable","18":"shipping-taxable","19":"purchasable","20":"product-type-simple"},"bundled_by":[],"bundle_stock_status":"instock","bundle_stock_quantity":1730,"bundle_virtual":false,"bundle_layout":"","bundle_add_to_cart_form_location":"","bundle_editable_in_cart":false,"bundle_sold_individually_context":"","bundle_item_grouping":"","bundle_min_size":"","bundle_max_size":"","bundle_price":[],"bundled_items":[],"bundle_sell_ids":[],"acf":[],"yoast_head":"<!-- This site is optimized with the Yoast SEO plugin v27.3 - https:\/\/yoast.com\/product\/yoast-seo-wordpress\/ -->\n<title>Zapore Estra Bizia, Aluminiozko 20 kapsula Nespresso\u00ae-rekin bateragarriak - Caf\u00e9s Baqu\u00e9<\/title>\n<meta name=\"robots\" content=\"index, follow, max-snippet:-1, max-image-preview:large, max-video-preview:-1\" \/>\n<meta property=\"og:locale\" content=\"eu_ES\" \/>\n<meta property=\"og:type\" content=\"article\" \/>\n<meta property=\"og:title\" content=\"Zapore Estra Bizia, Aluminiozko 20 kapsula Nespresso\u00ae-rekin bateragarriak - Caf\u00e9s Baqu\u00e9\" \/>\n<meta property=\"og:description\" content=\"Kafe ehoa %70eko txigorketa naturalekoa eta %30eko torrefaktuarekin\" \/>\n<meta property=\"og:url\" content=\"https:\/\/www.baque.com\/eu\/denda\/kafe-kapsulak\/aluminiozko-kapsulak-nespresso-rekin-bateragarriak\/zapore-estra-bizia-10-kapsula-konpostagarri-nespresso-rekin-bateragarriak-copia-2\/\" \/>\n<meta property=\"og:site_name\" content=\"Caf\u00e9s Baqu\u00e9\" \/>\n<meta property=\"article:modified_time\" content=\"2023-11-15T11:22:04+00:00\" \/>\n<meta property=\"og:image\" content=\"https:\/\/www.baque.com\/wp-content\/uploads\/2023\/11\/08410684002399_C1N1.jpg\" \/>\n\t<meta property=\"og:image:width\" content=\"2000\" \/>\n\t<meta property=\"og:image:height\" content=\"2000\" \/>\n\t<meta property=\"og:image:type\" content=\"image\/jpeg\" \/>\n<meta name=\"twitter:card\" content=\"summary_large_image\" \/>\n<meta name=\"twitter:label1\" content=\"Est. reading time\" \/>\n\t<meta name=\"twitter:data1\" content=\"1 minute\" \/>\n<script type=\"application\/ld+json\" class=\"yoast-schema-graph\">{\"@context\":\"https:\\\/\\\/schema.org\",\"@graph\":[{\"@type\":\"WebPage\",\"@id\":\"https:\\\/\\\/www.baque.com\\\/eu\\\/denda\\\/kafe-kapsulak\\\/aluminiozko-kapsulak-nespresso-rekin-bateragarriak\\\/zapore-estra-bizia-10-kapsula-konpostagarri-nespresso-rekin-bateragarriak-copia-2\\\/\",\"url\":\"https:\\\/\\\/www.baque.com\\\/eu\\\/denda\\\/kafe-kapsulak\\\/aluminiozko-kapsulak-nespresso-rekin-bateragarriak\\\/zapore-estra-bizia-10-kapsula-konpostagarri-nespresso-rekin-bateragarriak-copia-2\\\/\",\"name\":\"Zapore Estra Bizia, Aluminiozko 20 kapsula Nespresso\u00ae-rekin bateragarriak - Caf\u00e9s Baqu\u00e9\",\"isPartOf\":{\"@id\":\"https:\\\/\\\/www.baque.com\\\/es\\\/#website\"},\"primaryImageOfPage\":{\"@id\":\"https:\\\/\\\/www.baque.com\\\/eu\\\/denda\\\/kafe-kapsulak\\\/aluminiozko-kapsulak-nespresso-rekin-bateragarriak\\\/zapore-estra-bizia-10-kapsula-konpostagarri-nespresso-rekin-bateragarriak-copia-2\\\/#primaryimage\"},\"image\":{\"@id\":\"https:\\\/\\\/www.baque.com\\\/eu\\\/denda\\\/kafe-kapsulak\\\/aluminiozko-kapsulak-nespresso-rekin-bateragarriak\\\/zapore-estra-bizia-10-kapsula-konpostagarri-nespresso-rekin-bateragarriak-copia-2\\\/#primaryimage\"},\"thumbnailUrl\":\"https:\\\/\\\/www.baque.com\\\/wp-content\\\/uploads\\\/2023\\\/11\\\/08410684002399_C1N1.jpg\",\"datePublished\":\"2023-11-13T11:16:48+00:00\",\"dateModified\":\"2023-11-15T11:22:04+00:00\",\"breadcrumb\":{\"@id\":\"https:\\\/\\\/www.baque.com\\\/eu\\\/denda\\\/kafe-kapsulak\\\/aluminiozko-kapsulak-nespresso-rekin-bateragarriak\\\/zapore-estra-bizia-10-kapsula-konpostagarri-nespresso-rekin-bateragarriak-copia-2\\\/#breadcrumb\"},\"inLanguage\":\"eu-ES\",\"potentialAction\":[{\"@type\":\"ReadAction\",\"target\":[\"https:\\\/\\\/www.baque.com\\\/eu\\\/denda\\\/kafe-kapsulak\\\/aluminiozko-kapsulak-nespresso-rekin-bateragarriak\\\/zapore-estra-bizia-10-kapsula-konpostagarri-nespresso-rekin-bateragarriak-copia-2\\\/\"]}]},{\"@type\":\"ImageObject\",\"inLanguage\":\"eu-ES\",\"@id\":\"https:\\\/\\\/www.baque.com\\\/eu\\\/denda\\\/kafe-kapsulak\\\/aluminiozko-kapsulak-nespresso-rekin-bateragarriak\\\/zapore-estra-bizia-10-kapsula-konpostagarri-nespresso-rekin-bateragarriak-copia-2\\\/#primaryimage\",\"url\":\"https:\\\/\\\/www.baque.com\\\/wp-content\\\/uploads\\\/2023\\\/11\\\/08410684002399_C1N1.jpg\",\"contentUrl\":\"https:\\\/\\\/www.baque.com\\\/wp-content\\\/uploads\\\/2023\\\/11\\\/08410684002399_C1N1.jpg\",\"width\":2000,\"height\":2000},{\"@type\":\"BreadcrumbList\",\"@id\":\"https:\\\/\\\/www.baque.com\\\/eu\\\/denda\\\/kafe-kapsulak\\\/aluminiozko-kapsulak-nespresso-rekin-bateragarriak\\\/zapore-estra-bizia-10-kapsula-konpostagarri-nespresso-rekin-bateragarriak-copia-2\\\/#breadcrumb\",\"itemListElement\":[{\"@type\":\"ListItem\",\"position\":1,\"name\":\"Portada\",\"item\":\"https:\\\/\\\/www.baque.com\\\/eu\\\/\"},{\"@type\":\"ListItem\",\"position\":2,\"name\":\"Denda\",\"item\":\"https:\\\/\\\/www.baque.com\\\/eu\\\/denda\\\/\"},{\"@type\":\"ListItem\",\"position\":3,\"name\":\"Zapore Estra Bizia, Aluminiozko 20 kapsula Nespresso\u00ae-rekin bateragarriak\"}]},{\"@type\":\"WebSite\",\"@id\":\"https:\\\/\\\/www.baque.com\\\/es\\\/#website\",\"url\":\"https:\\\/\\\/www.baque.com\\\/es\\\/\",\"name\":\"Caf\u00e9s Baqu\u00e9\",\"description\":\"Somos l\u00edderes en hosteler\u00eda en Pa\u00eds Vasco y La Rioja y una de las marcas m\u00e1s reconocidas en el mercado nacional. Somos una empresa familiar en constante innovaci\u00f3n en el producto. Tostamos y distribuimos caf\u00e9 molido, en grano y c\u00e1psulas para disfrutar en casa, en el bar y en la oficina.\",\"potentialAction\":[{\"@type\":\"SearchAction\",\"target\":{\"@type\":\"EntryPoint\",\"urlTemplate\":\"https:\\\/\\\/www.baque.com\\\/es\\\/?s={search_term_string}\"},\"query-input\":{\"@type\":\"PropertyValueSpecification\",\"valueRequired\":true,\"valueName\":\"search_term_string\"}}],\"inLanguage\":\"eu-ES\"}]}<\/script>\n<!-- \/ Yoast SEO plugin. -->","yoast_head_json":{"title":"Zapore Estra Bizia, Aluminiozko 20 kapsula Nespresso\u00ae-rekin bateragarriak - Caf\u00e9s Baqu\u00e9","robots":{"index":"index","follow":"follow","max-snippet":"max-snippet:-1","max-image-preview":"max-image-preview:large","max-video-preview":"max-video-preview:-1"},"og_locale":"eu_ES","og_type":"article","og_title":"Zapore Estra Bizia, Aluminiozko 20 kapsula Nespresso\u00ae-rekin bateragarriak - Caf\u00e9s Baqu\u00e9","og_description":"Kafe ehoa %70eko txigorketa naturalekoa eta %30eko torrefaktuarekin","og_url":"https:\/\/www.baque.com\/eu\/denda\/kafe-kapsulak\/aluminiozko-kapsulak-nespresso-rekin-bateragarriak\/zapore-estra-bizia-10-kapsula-konpostagarri-nespresso-rekin-bateragarriak-copia-2\/","og_site_name":"Caf\u00e9s Baqu\u00e9","article_modified_time":"2023-11-15T11:22:04+00:00","og_image":[{"width":2000,"height":2000,"url":"https:\/\/www.baque.com\/wp-content\/uploads\/2023\/11\/08410684002399_C1N1.jpg","type":"image\/jpeg"}],"twitter_card":"summary_large_image","twitter_misc":{"Est. reading time":"1 minute"},"schema":{"@context":"https:\/\/schema.org","@graph":[{"@type":"WebPage","@id":"https:\/\/www.baque.com\/eu\/denda\/kafe-kapsulak\/aluminiozko-kapsulak-nespresso-rekin-bateragarriak\/zapore-estra-bizia-10-kapsula-konpostagarri-nespresso-rekin-bateragarriak-copia-2\/","url":"https:\/\/www.baque.com\/eu\/denda\/kafe-kapsulak\/aluminiozko-kapsulak-nespresso-rekin-bateragarriak\/zapore-estra-bizia-10-kapsula-konpostagarri-nespresso-rekin-bateragarriak-copia-2\/","name":"Zapore Estra Bizia, Aluminiozko 20 kapsula Nespresso\u00ae-rekin bateragarriak - Caf\u00e9s Baqu\u00e9","isPartOf":{"@id":"https:\/\/www.baque.com\/es\/#website"},"primaryImageOfPage":{"@id":"https:\/\/www.baque.com\/eu\/denda\/kafe-kapsulak\/aluminiozko-kapsulak-nespresso-rekin-bateragarriak\/zapore-estra-bizia-10-kapsula-konpostagarri-nespresso-rekin-bateragarriak-copia-2\/#primaryimage"},"image":{"@id":"https:\/\/www.baque.com\/eu\/denda\/kafe-kapsulak\/aluminiozko-kapsulak-nespresso-rekin-bateragarriak\/zapore-estra-bizia-10-kapsula-konpostagarri-nespresso-rekin-bateragarriak-copia-2\/#primaryimage"},"thumbnailUrl":"https:\/\/www.baque.com\/wp-content\/uploads\/2023\/11\/08410684002399_C1N1.jpg","datePublished":"2023-11-13T11:16:48+00:00","dateModified":"2023-11-15T11:22:04+00:00","breadcrumb":{"@id":"https:\/\/www.baque.com\/eu\/denda\/kafe-kapsulak\/aluminiozko-kapsulak-nespresso-rekin-bateragarriak\/zapore-estra-bizia-10-kapsula-konpostagarri-nespresso-rekin-bateragarriak-copia-2\/#breadcrumb"},"inLanguage":"eu-ES","potentialAction":[{"@type":"ReadAction","target":["https:\/\/www.baque.com\/eu\/denda\/kafe-kapsulak\/aluminiozko-kapsulak-nespresso-rekin-bateragarriak\/zapore-estra-bizia-10-kapsula-konpostagarri-nespresso-rekin-bateragarriak-copia-2\/"]}]},{"@type":"ImageObject","inLanguage":"eu-ES","@id":"https:\/\/www.baque.com\/eu\/denda\/kafe-kapsulak\/aluminiozko-kapsulak-nespresso-rekin-bateragarriak\/zapore-estra-bizia-10-kapsula-konpostagarri-nespresso-rekin-bateragarriak-copia-2\/#primaryimage","url":"https:\/\/www.baque.com\/wp-content\/uploads\/2023\/11\/08410684002399_C1N1.jpg","contentUrl":"https:\/\/www.baque.com\/wp-content\/uploads\/2023\/11\/08410684002399_C1N1.jpg","width":2000,"height":2000},{"@type":"BreadcrumbList","@id":"https:\/\/www.baque.com\/eu\/denda\/kafe-kapsulak\/aluminiozko-kapsulak-nespresso-rekin-bateragarriak\/zapore-estra-bizia-10-kapsula-konpostagarri-nespresso-rekin-bateragarriak-copia-2\/#breadcrumb","itemListElement":[{"@type":"ListItem","position":1,"name":"Portada","item":"https:\/\/www.baque.com\/eu\/"},{"@type":"ListItem","position":2,"name":"Denda","item":"https:\/\/www.baque.com\/eu\/denda\/"},{"@type":"ListItem","position":3,"name":"Zapore Estra Bizia, Aluminiozko 20 kapsula Nespresso\u00ae-rekin bateragarriak"}]},{"@type":"WebSite","@id":"https:\/\/www.baque.com\/es\/#website","url":"https:\/\/www.baque.com\/es\/","name":"Caf\u00e9s Baqu\u00e9","description":"Somos l\u00edderes en hosteler\u00eda en Pa\u00eds Vasco y La Rioja y una de las marcas m\u00e1s reconocidas en el mercado nacional. Somos una empresa familiar en constante innovaci\u00f3n en el producto. Tostamos y distribuimos caf\u00e9 molido, en grano y c\u00e1psulas para disfrutar en casa, en el bar y en la oficina.","potentialAction":[{"@type":"SearchAction","target":{"@type":"EntryPoint","urlTemplate":"https:\/\/www.baque.com\/es\/?s={search_term_string}"},"query-input":{"@type":"PropertyValueSpecification","valueRequired":true,"valueName":"search_term_string"}}],"inLanguage":"eu-ES"}]}},"_links":{"self":[{"href":"https:\/\/www.baque.com\/eu\/wp-json\/wp\/v2\/product\/1859106","targetHints":{"allow":["GET"]}}],"collection":[{"href":"https:\/\/www.baque.com\/eu\/wp-json\/wp\/v2\/product"}],"about":[{"href":"https:\/\/www.baque.com\/eu\/wp-json\/wp\/v2\/types\/product"}],"wp:featuredmedia":[{"embeddable":true,"href":"https:\/\/www.baque.com\/eu\/wp-json\/wp\/v2\/media\/1859017"}],"wp:attachment":[{"href":"https:\/\/www.baque.com\/eu\/wp-json\/wp\/v2\/media?parent=1859106"}],"wp:term":[{"taxonomy":"product_brand","embeddable":true,"href":"https:\/\/www.baque.com\/eu\/wp-json\/wp\/v2\/product_brand?post=1859106"},{"taxonomy":"product_cat","embeddable":true,"href":"https:\/\/www.baque.com\/eu\/wp-json\/wp\/v2\/product_cat?post=1859106"},{"taxonomy":"product_tag","embeddable":true,"href":"https:\/\/www.baque.com\/eu\/wp-json\/wp\/v2\/product_tag?post=1859106"}],"curies":[{"name":"wp","href":"https:\/\/api.w.org\/{rel}","templated":true}]}}