
{"id":18848,"date":"2019-07-16T13:30:28","date_gmt":"2019-07-16T11:30:28","guid":{"rendered":"https:\/\/www.baque.com\/tienda\/kategoria-gabea\/cookie-organikoak-200-unitate\/"},"modified":"2026-01-09T13:57:04","modified_gmt":"2026-01-09T12:57:04","slug":"cookie-organikoak-200-unitate","status":"publish","type":"product","link":"https:\/\/www.baque.com\/eu\/denda\/amenity-ak\/cookie-organikoak-200-unitate\/","title":{"rendered":"Cookie organikoak, 200 uds."},"content":{"rendered":"<p>Kafea laguntzeko gaileta organikoak %100ean osagai ekologikoekin eginak. Banaka ontziratuak.<\/p>\n","protected":false},"excerpt":{"rendered":"<p>Kafea laguntzeko gaileta organikoak %100ean osagai ekologikoekin eginak. Banaka ontziratuak.<\/p>\n","protected":false},"featured_media":7535,"template":"","meta":{"_acf_changed":false},"product_brand":[],"product_cat":[124],"product_tag":[],"class_list":{"0":"post-18848","1":"product","2":"type-product","3":"status-publish","4":"has-post-thumbnail","6":"product_cat-amenity-ak","8":"first","9":"instock","10":"taxable","11":"shipping-taxable","12":"purchasable","13":"product-type-simple"},"bundled_by":[],"bundle_stock_status":"instock","bundle_stock_quantity":283,"bundle_virtual":false,"bundle_layout":"","bundle_add_to_cart_form_location":"","bundle_editable_in_cart":false,"bundle_sold_individually_context":"","bundle_item_grouping":"","bundle_min_size":"","bundle_max_size":"","bundle_price":[],"bundled_items":[],"bundle_sell_ids":[],"acf":[],"yoast_head":"<!-- This site is optimized with the Yoast SEO plugin v27.3 - https:\/\/yoast.com\/product\/yoast-seo-wordpress\/ -->\n<title>Cookie organikoak, 200 uds. - Caf\u00e9s Baqu\u00e9<\/title>\n<meta name=\"robots\" content=\"index, follow, max-snippet:-1, max-image-preview:large, max-video-preview:-1\" \/>\n<meta property=\"og:locale\" content=\"eu_ES\" \/>\n<meta property=\"og:type\" content=\"article\" \/>\n<meta property=\"og:title\" content=\"Cookie organikoak, 200 uds. - Caf\u00e9s Baqu\u00e9\" \/>\n<meta property=\"og:description\" content=\"Kafea laguntzeko gaileta organikoak %100ean osagai ekologikoekin eginak. Banaka ontziratuak.\" \/>\n<meta property=\"og:url\" content=\"https:\/\/www.baque.com\/eu\/denda\/amenity-ak\/cookie-organikoak-200-unitate\/\" \/>\n<meta property=\"og:site_name\" content=\"Caf\u00e9s Baqu\u00e9\" \/>\n<meta property=\"article:modified_time\" content=\"2026-01-09T12:57:04+00:00\" \/>\n<meta property=\"og:image\" content=\"https:\/\/www.baque.com\/wp-content\/uploads\/2019\/07\/Cookie.org_.-1320x990.jpg\" \/>\n\t<meta property=\"og:image:width\" content=\"1320\" \/>\n\t<meta property=\"og:image:height\" content=\"990\" \/>\n\t<meta property=\"og:image:type\" content=\"image\/jpeg\" \/>\n<meta name=\"twitter:card\" content=\"summary_large_image\" \/>\n<script type=\"application\/ld+json\" class=\"yoast-schema-graph\">{\"@context\":\"https:\\\/\\\/schema.org\",\"@graph\":[{\"@type\":\"WebPage\",\"@id\":\"https:\\\/\\\/www.baque.com\\\/eu\\\/denda\\\/amenity-ak\\\/cookie-organikoak-200-unitate\\\/\",\"url\":\"https:\\\/\\\/www.baque.com\\\/eu\\\/denda\\\/amenity-ak\\\/cookie-organikoak-200-unitate\\\/\",\"name\":\"Cookie organikoak, 200 uds. - Caf\u00e9s Baqu\u00e9\",\"isPartOf\":{\"@id\":\"https:\\\/\\\/www.baque.com\\\/es\\\/#website\"},\"primaryImageOfPage\":{\"@id\":\"https:\\\/\\\/www.baque.com\\\/eu\\\/denda\\\/amenity-ak\\\/cookie-organikoak-200-unitate\\\/#primaryimage\"},\"image\":{\"@id\":\"https:\\\/\\\/www.baque.com\\\/eu\\\/denda\\\/amenity-ak\\\/cookie-organikoak-200-unitate\\\/#primaryimage\"},\"thumbnailUrl\":\"https:\\\/\\\/www.baque.com\\\/wp-content\\\/uploads\\\/2019\\\/07\\\/Cookie.org_..jpg\",\"datePublished\":\"2019-07-16T11:30:28+00:00\",\"dateModified\":\"2026-01-09T12:57:04+00:00\",\"breadcrumb\":{\"@id\":\"https:\\\/\\\/www.baque.com\\\/eu\\\/denda\\\/amenity-ak\\\/cookie-organikoak-200-unitate\\\/#breadcrumb\"},\"inLanguage\":\"eu-ES\",\"potentialAction\":[{\"@type\":\"ReadAction\",\"target\":[\"https:\\\/\\\/www.baque.com\\\/eu\\\/denda\\\/amenity-ak\\\/cookie-organikoak-200-unitate\\\/\"]}]},{\"@type\":\"ImageObject\",\"inLanguage\":\"eu-ES\",\"@id\":\"https:\\\/\\\/www.baque.com\\\/eu\\\/denda\\\/amenity-ak\\\/cookie-organikoak-200-unitate\\\/#primaryimage\",\"url\":\"https:\\\/\\\/www.baque.com\\\/wp-content\\\/uploads\\\/2019\\\/07\\\/Cookie.org_..jpg\",\"contentUrl\":\"https:\\\/\\\/www.baque.com\\\/wp-content\\\/uploads\\\/2019\\\/07\\\/Cookie.org_..jpg\",\"width\":4160,\"height\":3120,\"caption\":\"dav\"},{\"@type\":\"BreadcrumbList\",\"@id\":\"https:\\\/\\\/www.baque.com\\\/eu\\\/denda\\\/amenity-ak\\\/cookie-organikoak-200-unitate\\\/#breadcrumb\",\"itemListElement\":[{\"@type\":\"ListItem\",\"position\":1,\"name\":\"Portada\",\"item\":\"https:\\\/\\\/www.baque.com\\\/eu\\\/\"},{\"@type\":\"ListItem\",\"position\":2,\"name\":\"Denda\",\"item\":\"https:\\\/\\\/www.baque.com\\\/eu\\\/denda\\\/\"},{\"@type\":\"ListItem\",\"position\":3,\"name\":\"Cookie organikoak, 200 uds.\"}]},{\"@type\":\"WebSite\",\"@id\":\"https:\\\/\\\/www.baque.com\\\/es\\\/#website\",\"url\":\"https:\\\/\\\/www.baque.com\\\/es\\\/\",\"name\":\"Caf\u00e9s Baqu\u00e9\",\"description\":\"Somos l\u00edderes en hosteler\u00eda en Pa\u00eds Vasco y La Rioja y una de las marcas m\u00e1s reconocidas en el mercado nacional. Somos una empresa familiar en constante innovaci\u00f3n en el producto. Tostamos y distribuimos caf\u00e9 molido, en grano y c\u00e1psulas para disfrutar en casa, en el bar y en la oficina.\",\"potentialAction\":[{\"@type\":\"SearchAction\",\"target\":{\"@type\":\"EntryPoint\",\"urlTemplate\":\"https:\\\/\\\/www.baque.com\\\/es\\\/?s={search_term_string}\"},\"query-input\":{\"@type\":\"PropertyValueSpecification\",\"valueRequired\":true,\"valueName\":\"search_term_string\"}}],\"inLanguage\":\"eu-ES\"}]}<\/script>\n<!-- \/ Yoast SEO plugin. -->","yoast_head_json":{"title":"Cookie organikoak, 200 uds. - Caf\u00e9s Baqu\u00e9","robots":{"index":"index","follow":"follow","max-snippet":"max-snippet:-1","max-image-preview":"max-image-preview:large","max-video-preview":"max-video-preview:-1"},"og_locale":"eu_ES","og_type":"article","og_title":"Cookie organikoak, 200 uds. - Caf\u00e9s Baqu\u00e9","og_description":"Kafea laguntzeko gaileta organikoak %100ean osagai ekologikoekin eginak. Banaka ontziratuak.","og_url":"https:\/\/www.baque.com\/eu\/denda\/amenity-ak\/cookie-organikoak-200-unitate\/","og_site_name":"Caf\u00e9s Baqu\u00e9","article_modified_time":"2026-01-09T12:57:04+00:00","og_image":[{"width":1320,"height":990,"url":"https:\/\/www.baque.com\/wp-content\/uploads\/2019\/07\/Cookie.org_.-1320x990.jpg","type":"image\/jpeg"}],"twitter_card":"summary_large_image","schema":{"@context":"https:\/\/schema.org","@graph":[{"@type":"WebPage","@id":"https:\/\/www.baque.com\/eu\/denda\/amenity-ak\/cookie-organikoak-200-unitate\/","url":"https:\/\/www.baque.com\/eu\/denda\/amenity-ak\/cookie-organikoak-200-unitate\/","name":"Cookie organikoak, 200 uds. - Caf\u00e9s Baqu\u00e9","isPartOf":{"@id":"https:\/\/www.baque.com\/es\/#website"},"primaryImageOfPage":{"@id":"https:\/\/www.baque.com\/eu\/denda\/amenity-ak\/cookie-organikoak-200-unitate\/#primaryimage"},"image":{"@id":"https:\/\/www.baque.com\/eu\/denda\/amenity-ak\/cookie-organikoak-200-unitate\/#primaryimage"},"thumbnailUrl":"https:\/\/www.baque.com\/wp-content\/uploads\/2019\/07\/Cookie.org_..jpg","datePublished":"2019-07-16T11:30:28+00:00","dateModified":"2026-01-09T12:57:04+00:00","breadcrumb":{"@id":"https:\/\/www.baque.com\/eu\/denda\/amenity-ak\/cookie-organikoak-200-unitate\/#breadcrumb"},"inLanguage":"eu-ES","potentialAction":[{"@type":"ReadAction","target":["https:\/\/www.baque.com\/eu\/denda\/amenity-ak\/cookie-organikoak-200-unitate\/"]}]},{"@type":"ImageObject","inLanguage":"eu-ES","@id":"https:\/\/www.baque.com\/eu\/denda\/amenity-ak\/cookie-organikoak-200-unitate\/#primaryimage","url":"https:\/\/www.baque.com\/wp-content\/uploads\/2019\/07\/Cookie.org_..jpg","contentUrl":"https:\/\/www.baque.com\/wp-content\/uploads\/2019\/07\/Cookie.org_..jpg","width":4160,"height":3120,"caption":"dav"},{"@type":"BreadcrumbList","@id":"https:\/\/www.baque.com\/eu\/denda\/amenity-ak\/cookie-organikoak-200-unitate\/#breadcrumb","itemListElement":[{"@type":"ListItem","position":1,"name":"Portada","item":"https:\/\/www.baque.com\/eu\/"},{"@type":"ListItem","position":2,"name":"Denda","item":"https:\/\/www.baque.com\/eu\/denda\/"},{"@type":"ListItem","position":3,"name":"Cookie organikoak, 200 uds."}]},{"@type":"WebSite","@id":"https:\/\/www.baque.com\/es\/#website","url":"https:\/\/www.baque.com\/es\/","name":"Caf\u00e9s Baqu\u00e9","description":"Somos l\u00edderes en hosteler\u00eda en Pa\u00eds Vasco y La Rioja y una de las marcas m\u00e1s reconocidas en el mercado nacional. Somos una empresa familiar en constante innovaci\u00f3n en el producto. Tostamos y distribuimos caf\u00e9 molido, en grano y c\u00e1psulas para disfrutar en casa, en el bar y en la oficina.","potentialAction":[{"@type":"SearchAction","target":{"@type":"EntryPoint","urlTemplate":"https:\/\/www.baque.com\/es\/?s={search_term_string}"},"query-input":{"@type":"PropertyValueSpecification","valueRequired":true,"valueName":"search_term_string"}}],"inLanguage":"eu-ES"}]}},"_links":{"self":[{"href":"https:\/\/www.baque.com\/eu\/wp-json\/wp\/v2\/product\/18848","targetHints":{"allow":["GET"]}}],"collection":[{"href":"https:\/\/www.baque.com\/eu\/wp-json\/wp\/v2\/product"}],"about":[{"href":"https:\/\/www.baque.com\/eu\/wp-json\/wp\/v2\/types\/product"}],"wp:featuredmedia":[{"embeddable":true,"href":"https:\/\/www.baque.com\/eu\/wp-json\/wp\/v2\/media\/7535"}],"wp:attachment":[{"href":"https:\/\/www.baque.com\/eu\/wp-json\/wp\/v2\/media?parent=18848"}],"wp:term":[{"taxonomy":"product_brand","embeddable":true,"href":"https:\/\/www.baque.com\/eu\/wp-json\/wp\/v2\/product_brand?post=18848"},{"taxonomy":"product_cat","embeddable":true,"href":"https:\/\/www.baque.com\/eu\/wp-json\/wp\/v2\/product_cat?post=18848"},{"taxonomy":"product_tag","embeddable":true,"href":"https:\/\/www.baque.com\/eu\/wp-json\/wp\/v2\/product_tag?post=18848"}],"curies":[{"name":"wp","href":"https:\/\/api.w.org\/{rel}","templated":true}]}}