
{"id":2693096,"date":"2024-11-21T11:59:39","date_gmt":"2024-11-21T10:59:39","guid":{"rendered":"https:\/\/www.baque.com\/?post_type=product&#038;p=2693096"},"modified":"2025-01-21T12:09:40","modified_gmt":"2025-01-21T11:09:40","slug":"esne-gaingabetu-hautsa-500g-copia","status":"publish","type":"product","link":"https:\/\/www.baque.com\/eu\/denda\/disolbagarriak\/esne-gaingabetu-hautsa-500g-copia\/","title":{"rendered":"KAKAO HAUTSA, GLUTEN GABEA, 1 KG."},"content":{"rendered":"<p>Kakao hautsa, glutenik gabea eta kontserbagarri eta koloratzaile artifizialik gabea.<\/p>\n<h3>Pisua\/kantitatea<\/h3>\n<p>Kg 1.<\/p>\n<h3>Osagaiak<\/h3>\n<p>Azukrea, kakao hautsa (%21), esne gaingabetua hautsan, laktosueroa, laktosa, artoaren alidoia, gatza eta antiaglomeratzailea.<\/p>\n<h3>Alergenoak<\/h3>\n<p>Esnea. Ez du glutenik.<\/p>\n<h3>Nutrizio informazioa 100g-ko<\/h3>\n<table class=\"ingredientes\">\n<tbody>\n<tr>\n<th align=\"left\">Balio Energetikoa<\/th>\n<th align=\"right\">360 kcal.\/ 1524,4 kJ.<\/th>\n<\/tr>\n<tr>\n<td align=\"left\">Koipeak guztira<\/td>\n<td align=\"right\">3,1 g.<\/td>\n<\/tr>\n<tr>\n<td align=\"left\">eta horietatik aseak<\/td>\n<td align=\"right\">1,8 g.<\/td>\n<\/tr>\n<tr>\n<td align=\"left\">Karbohidratoak<\/td>\n<td align=\"right\">70,2 g.<\/td>\n<\/tr>\n<tr>\n<td align=\"left\">eta horietatik azukreak<\/td>\n<td align=\"right\">66,1 g.<\/td>\n<\/tr>\n<tr>\n<td align=\"left\"><\/td>\n<td align=\"right\"><\/td>\n<\/tr>\n<tr>\n<td align=\"left\">Proteinak<\/td>\n<td align=\"right\">8,6 g.<\/td>\n<\/tr>\n<tr>\n<td align=\"left\">Gatza<\/td>\n<td align=\"right\">1 g.<\/td>\n<\/tr>\n<\/tbody>\n<\/table>\n<h3>Erabilera\/kontserbazio baldintzak<\/h3>\n<p>Gorde leku fresko eta lehor batean.<\/p>\n<h3>Iraungitze data<\/h3>\n<p>18 hilabete<\/p>\n<h3>Aholkua<\/h3>\n<p>Ur berotan disolbatu, batez ere kafe-makina automatikoentzako prestatutako disoluzioa, etxean kontsumitzeko 20-22g produktu disolbatu 100ml uretan.<\/p>\n","protected":false},"excerpt":{"rendered":"<p>Kakao hautsa, glutenik gabea eta kontserbagarri eta koloratzaile artifizialik gabea. Pisua\/kantitatea Kg 1. Osagaiak Azukrea, kakao hautsa (%21), esne gaingabetua hautsan, laktosueroa, laktosa, artoaren alidoia, gatza eta antiaglomeratzailea. Alergenoak Esnea. Ez du glutenik. Nutrizio informazioa 100g-ko Balio Energetikoa 360 kcal.\/ 1524,4 kJ. Koipeak guztira 3,1 g. eta horietatik aseak 1,8 g. Karbohidratoak 70,2 g. eta [&hellip;]<\/p>\n","protected":false},"featured_media":2329162,"template":"","meta":{"_acf_changed":false},"product_brand":[],"product_cat":[133,136],"product_tag":[],"class_list":{"0":"post-2693096","1":"product","2":"type-product","3":"status-publish","4":"has-post-thumbnail","6":"product_cat-disolbagarriak","7":"product_cat-kafea","9":"first","10":"instock","11":"taxable","12":"shipping-taxable","13":"purchasable","14":"product-type-simple"},"bundled_by":[],"bundle_stock_status":"instock","bundle_stock_quantity":251,"bundle_virtual":false,"bundle_layout":"","bundle_add_to_cart_form_location":"","bundle_editable_in_cart":false,"bundle_sold_individually_context":"","bundle_item_grouping":"","bundle_min_size":"","bundle_max_size":"","bundle_price":[],"bundled_items":[],"bundle_sell_ids":[],"acf":[],"yoast_head":"<!-- This site is optimized with the Yoast SEO plugin v27.3 - https:\/\/yoast.com\/product\/yoast-seo-wordpress\/ -->\n<title>KAKAO HAUTSA, GLUTEN GABEA, 1 KG. - Caf\u00e9s Baqu\u00e9<\/title>\n<meta name=\"robots\" content=\"index, follow, max-snippet:-1, max-image-preview:large, max-video-preview:-1\" \/>\n<meta property=\"og:locale\" content=\"eu_ES\" \/>\n<meta property=\"og:type\" content=\"article\" \/>\n<meta property=\"og:title\" content=\"KAKAO HAUTSA, GLUTEN GABEA, 1 KG. - Caf\u00e9s Baqu\u00e9\" \/>\n<meta property=\"og:description\" content=\"Kakao hautsa, glutenik gabea eta kontserbagarri eta koloratzaile artifizialik gabea. Pisua\/kantitatea Kg 1. Osagaiak Azukrea, kakao hautsa (%21), esne gaingabetua hautsan, laktosueroa, laktosa, artoaren alidoia, gatza eta antiaglomeratzailea. Alergenoak Esnea. Ez du glutenik. Nutrizio informazioa 100g-ko Balio Energetikoa 360 kcal.\/ 1524,4 kJ. Koipeak guztira 3,1 g. eta horietatik aseak 1,8 g. Karbohidratoak 70,2 g. eta [&hellip;]\" \/>\n<meta property=\"og:url\" content=\"https:\/\/www.baque.com\/eu\/denda\/disolbagarriak\/esne-gaingabetu-hautsa-500g-copia\/\" \/>\n<meta property=\"og:site_name\" content=\"Caf\u00e9s Baqu\u00e9\" \/>\n<meta property=\"article:modified_time\" content=\"2025-01-21T11:09:40+00:00\" \/>\n<meta property=\"og:image\" content=\"https:\/\/www.baque.com\/wp-content\/uploads\/2024\/06\/cacao-soluble-sin-gluten-baque-hosteleria-1.png\" \/>\n\t<meta property=\"og:image:width\" content=\"500\" \/>\n\t<meta property=\"og:image:height\" content=\"687\" \/>\n\t<meta property=\"og:image:type\" content=\"image\/png\" \/>\n<meta name=\"twitter:card\" content=\"summary_large_image\" \/>\n<meta name=\"twitter:label1\" content=\"Est. reading time\" \/>\n\t<meta name=\"twitter:data1\" content=\"1 minute\" \/>\n<script type=\"application\/ld+json\" class=\"yoast-schema-graph\">{\"@context\":\"https:\\\/\\\/schema.org\",\"@graph\":[{\"@type\":\"WebPage\",\"@id\":\"https:\\\/\\\/www.baque.com\\\/eu\\\/denda\\\/disolbagarriak\\\/esne-gaingabetu-hautsa-500g-copia\\\/\",\"url\":\"https:\\\/\\\/www.baque.com\\\/eu\\\/denda\\\/disolbagarriak\\\/esne-gaingabetu-hautsa-500g-copia\\\/\",\"name\":\"KAKAO HAUTSA, GLUTEN GABEA, 1 KG. - Caf\u00e9s Baqu\u00e9\",\"isPartOf\":{\"@id\":\"https:\\\/\\\/www.baque.com\\\/es\\\/#website\"},\"primaryImageOfPage\":{\"@id\":\"https:\\\/\\\/www.baque.com\\\/eu\\\/denda\\\/disolbagarriak\\\/esne-gaingabetu-hautsa-500g-copia\\\/#primaryimage\"},\"image\":{\"@id\":\"https:\\\/\\\/www.baque.com\\\/eu\\\/denda\\\/disolbagarriak\\\/esne-gaingabetu-hautsa-500g-copia\\\/#primaryimage\"},\"thumbnailUrl\":\"https:\\\/\\\/www.baque.com\\\/wp-content\\\/uploads\\\/2024\\\/06\\\/cacao-soluble-sin-gluten-baque-hosteleria-1.png\",\"datePublished\":\"2024-11-21T10:59:39+00:00\",\"dateModified\":\"2025-01-21T11:09:40+00:00\",\"breadcrumb\":{\"@id\":\"https:\\\/\\\/www.baque.com\\\/eu\\\/denda\\\/disolbagarriak\\\/esne-gaingabetu-hautsa-500g-copia\\\/#breadcrumb\"},\"inLanguage\":\"eu-ES\",\"potentialAction\":[{\"@type\":\"ReadAction\",\"target\":[\"https:\\\/\\\/www.baque.com\\\/eu\\\/denda\\\/disolbagarriak\\\/esne-gaingabetu-hautsa-500g-copia\\\/\"]}]},{\"@type\":\"ImageObject\",\"inLanguage\":\"eu-ES\",\"@id\":\"https:\\\/\\\/www.baque.com\\\/eu\\\/denda\\\/disolbagarriak\\\/esne-gaingabetu-hautsa-500g-copia\\\/#primaryimage\",\"url\":\"https:\\\/\\\/www.baque.com\\\/wp-content\\\/uploads\\\/2024\\\/06\\\/cacao-soluble-sin-gluten-baque-hosteleria-1.png\",\"contentUrl\":\"https:\\\/\\\/www.baque.com\\\/wp-content\\\/uploads\\\/2024\\\/06\\\/cacao-soluble-sin-gluten-baque-hosteleria-1.png\",\"width\":500,\"height\":687},{\"@type\":\"BreadcrumbList\",\"@id\":\"https:\\\/\\\/www.baque.com\\\/eu\\\/denda\\\/disolbagarriak\\\/esne-gaingabetu-hautsa-500g-copia\\\/#breadcrumb\",\"itemListElement\":[{\"@type\":\"ListItem\",\"position\":1,\"name\":\"Portada\",\"item\":\"https:\\\/\\\/www.baque.com\\\/eu\\\/\"},{\"@type\":\"ListItem\",\"position\":2,\"name\":\"Denda\",\"item\":\"https:\\\/\\\/www.baque.com\\\/eu\\\/denda\\\/\"},{\"@type\":\"ListItem\",\"position\":3,\"name\":\"KAKAO HAUTSA, GLUTEN GABEA, 1 KG.\"}]},{\"@type\":\"WebSite\",\"@id\":\"https:\\\/\\\/www.baque.com\\\/es\\\/#website\",\"url\":\"https:\\\/\\\/www.baque.com\\\/es\\\/\",\"name\":\"Caf\u00e9s Baqu\u00e9\",\"description\":\"Somos l\u00edderes en hosteler\u00eda en Pa\u00eds Vasco y La Rioja y una de las marcas m\u00e1s reconocidas en el mercado nacional. Somos una empresa familiar en constante innovaci\u00f3n en el producto. Tostamos y distribuimos caf\u00e9 molido, en grano y c\u00e1psulas para disfrutar en casa, en el bar y en la oficina.\",\"potentialAction\":[{\"@type\":\"SearchAction\",\"target\":{\"@type\":\"EntryPoint\",\"urlTemplate\":\"https:\\\/\\\/www.baque.com\\\/es\\\/?s={search_term_string}\"},\"query-input\":{\"@type\":\"PropertyValueSpecification\",\"valueRequired\":true,\"valueName\":\"search_term_string\"}}],\"inLanguage\":\"eu-ES\"}]}<\/script>\n<!-- \/ Yoast SEO plugin. -->","yoast_head_json":{"title":"KAKAO HAUTSA, GLUTEN GABEA, 1 KG. - Caf\u00e9s Baqu\u00e9","robots":{"index":"index","follow":"follow","max-snippet":"max-snippet:-1","max-image-preview":"max-image-preview:large","max-video-preview":"max-video-preview:-1"},"og_locale":"eu_ES","og_type":"article","og_title":"KAKAO HAUTSA, GLUTEN GABEA, 1 KG. - Caf\u00e9s Baqu\u00e9","og_description":"Kakao hautsa, glutenik gabea eta kontserbagarri eta koloratzaile artifizialik gabea. Pisua\/kantitatea Kg 1. Osagaiak Azukrea, kakao hautsa (%21), esne gaingabetua hautsan, laktosueroa, laktosa, artoaren alidoia, gatza eta antiaglomeratzailea. Alergenoak Esnea. Ez du glutenik. Nutrizio informazioa 100g-ko Balio Energetikoa 360 kcal.\/ 1524,4 kJ. Koipeak guztira 3,1 g. eta horietatik aseak 1,8 g. Karbohidratoak 70,2 g. eta [&hellip;]","og_url":"https:\/\/www.baque.com\/eu\/denda\/disolbagarriak\/esne-gaingabetu-hautsa-500g-copia\/","og_site_name":"Caf\u00e9s Baqu\u00e9","article_modified_time":"2025-01-21T11:09:40+00:00","og_image":[{"width":500,"height":687,"url":"https:\/\/www.baque.com\/wp-content\/uploads\/2024\/06\/cacao-soluble-sin-gluten-baque-hosteleria-1.png","type":"image\/png"}],"twitter_card":"summary_large_image","twitter_misc":{"Est. reading time":"1 minute"},"schema":{"@context":"https:\/\/schema.org","@graph":[{"@type":"WebPage","@id":"https:\/\/www.baque.com\/eu\/denda\/disolbagarriak\/esne-gaingabetu-hautsa-500g-copia\/","url":"https:\/\/www.baque.com\/eu\/denda\/disolbagarriak\/esne-gaingabetu-hautsa-500g-copia\/","name":"KAKAO HAUTSA, GLUTEN GABEA, 1 KG. - Caf\u00e9s Baqu\u00e9","isPartOf":{"@id":"https:\/\/www.baque.com\/es\/#website"},"primaryImageOfPage":{"@id":"https:\/\/www.baque.com\/eu\/denda\/disolbagarriak\/esne-gaingabetu-hautsa-500g-copia\/#primaryimage"},"image":{"@id":"https:\/\/www.baque.com\/eu\/denda\/disolbagarriak\/esne-gaingabetu-hautsa-500g-copia\/#primaryimage"},"thumbnailUrl":"https:\/\/www.baque.com\/wp-content\/uploads\/2024\/06\/cacao-soluble-sin-gluten-baque-hosteleria-1.png","datePublished":"2024-11-21T10:59:39+00:00","dateModified":"2025-01-21T11:09:40+00:00","breadcrumb":{"@id":"https:\/\/www.baque.com\/eu\/denda\/disolbagarriak\/esne-gaingabetu-hautsa-500g-copia\/#breadcrumb"},"inLanguage":"eu-ES","potentialAction":[{"@type":"ReadAction","target":["https:\/\/www.baque.com\/eu\/denda\/disolbagarriak\/esne-gaingabetu-hautsa-500g-copia\/"]}]},{"@type":"ImageObject","inLanguage":"eu-ES","@id":"https:\/\/www.baque.com\/eu\/denda\/disolbagarriak\/esne-gaingabetu-hautsa-500g-copia\/#primaryimage","url":"https:\/\/www.baque.com\/wp-content\/uploads\/2024\/06\/cacao-soluble-sin-gluten-baque-hosteleria-1.png","contentUrl":"https:\/\/www.baque.com\/wp-content\/uploads\/2024\/06\/cacao-soluble-sin-gluten-baque-hosteleria-1.png","width":500,"height":687},{"@type":"BreadcrumbList","@id":"https:\/\/www.baque.com\/eu\/denda\/disolbagarriak\/esne-gaingabetu-hautsa-500g-copia\/#breadcrumb","itemListElement":[{"@type":"ListItem","position":1,"name":"Portada","item":"https:\/\/www.baque.com\/eu\/"},{"@type":"ListItem","position":2,"name":"Denda","item":"https:\/\/www.baque.com\/eu\/denda\/"},{"@type":"ListItem","position":3,"name":"KAKAO HAUTSA, GLUTEN GABEA, 1 KG."}]},{"@type":"WebSite","@id":"https:\/\/www.baque.com\/es\/#website","url":"https:\/\/www.baque.com\/es\/","name":"Caf\u00e9s Baqu\u00e9","description":"Somos l\u00edderes en hosteler\u00eda en Pa\u00eds Vasco y La Rioja y una de las marcas m\u00e1s reconocidas en el mercado nacional. Somos una empresa familiar en constante innovaci\u00f3n en el producto. Tostamos y distribuimos caf\u00e9 molido, en grano y c\u00e1psulas para disfrutar en casa, en el bar y en la oficina.","potentialAction":[{"@type":"SearchAction","target":{"@type":"EntryPoint","urlTemplate":"https:\/\/www.baque.com\/es\/?s={search_term_string}"},"query-input":{"@type":"PropertyValueSpecification","valueRequired":true,"valueName":"search_term_string"}}],"inLanguage":"eu-ES"}]}},"_links":{"self":[{"href":"https:\/\/www.baque.com\/eu\/wp-json\/wp\/v2\/product\/2693096","targetHints":{"allow":["GET"]}}],"collection":[{"href":"https:\/\/www.baque.com\/eu\/wp-json\/wp\/v2\/product"}],"about":[{"href":"https:\/\/www.baque.com\/eu\/wp-json\/wp\/v2\/types\/product"}],"wp:featuredmedia":[{"embeddable":true,"href":"https:\/\/www.baque.com\/eu\/wp-json\/wp\/v2\/media\/2329162"}],"wp:attachment":[{"href":"https:\/\/www.baque.com\/eu\/wp-json\/wp\/v2\/media?parent=2693096"}],"wp:term":[{"taxonomy":"product_brand","embeddable":true,"href":"https:\/\/www.baque.com\/eu\/wp-json\/wp\/v2\/product_brand?post=2693096"},{"taxonomy":"product_cat","embeddable":true,"href":"https:\/\/www.baque.com\/eu\/wp-json\/wp\/v2\/product_cat?post=2693096"},{"taxonomy":"product_tag","embeddable":true,"href":"https:\/\/www.baque.com\/eu\/wp-json\/wp\/v2\/product_tag?post=2693096"}],"curies":[{"name":"wp","href":"https:\/\/api.w.org\/{rel}","templated":true}]}}