
{"id":2712830,"date":"2024-11-28T11:27:03","date_gmt":"2024-11-28T10:27:03","guid":{"rendered":"https:\/\/www.baque.com\/?post_type=product&#038;p=2712830"},"modified":"2026-05-11T17:18:59","modified_gmt":"2026-05-11T15:18:59","slug":"xiaomi-mijia-kapsulako-kafe-makina-copia","status":"publish","type":"product","link":"https:\/\/www.baque.com\/eu\/denda\/kafe-makinak-eta-osagarriak\/kapsulen-kafe-makinak\/xiaomi-mijia-kapsulako-kafe-makina-copia\/","title":{"rendered":"De&#8217;Longhi Essenza Mini Kapsula Kafe-makina"},"content":{"rendered":"<p><strong>Enpresa edo autonomoa zara? Pertsonalizatu zure eskaera <a href=\"https:\/\/www.baque.com\/eu\/bulegoa-xiaomi\/\">hemen.<\/a><\/strong><\/p>\n<p>Diseinu dotorea duen De&#8217;Longhi kafe-makina konpaktua, 19 barreko presioko Nespresso\u00ae sistemarekin bateragarria dena.<\/p>\n<p>\u25cf Edozein espaziotara egokitzen den diseinu trinkoa.<br \/>\n\u25cf Thermoblock De &#8216;Longhi sistemak tenperatura idealean prestatzen du zure kafea.<br \/>\n\u25cf 9 minutuan deskonektatzen den auto-itzalketa automatikoko funtzioarekin.<\/p>\n","protected":false},"excerpt":{"rendered":"<p>Nespresso\u00ae sistemarekin bateragarria<\/p>\n","protected":false},"featured_media":2712926,"template":"","meta":{"_acf_changed":false},"product_brand":[],"product_cat":[564,609],"product_tag":[283,356],"class_list":{"0":"post-2712830","1":"product","2":"type-product","3":"status-publish","4":"has-post-thumbnail","6":"product_cat-kafe-makinak-eta-osagarriak","7":"product_cat-kapsulen-kafe-makinak","8":"product_tag-kapsulak","9":"product_tag-nespresso-eu","11":"first","12":"instock","13":"taxable","14":"shipping-taxable","15":"purchasable","16":"product-type-simple"},"bundled_by":[],"bundle_stock_status":"instock","bundle_stock_quantity":1,"bundle_virtual":false,"bundle_layout":"","bundle_add_to_cart_form_location":"","bundle_editable_in_cart":false,"bundle_sold_individually_context":"","bundle_item_grouping":"","bundle_min_size":"","bundle_max_size":"","bundle_price":[],"bundled_items":[],"bundle_sell_ids":[],"acf":[],"yoast_head":"<!-- This site is optimized with the Yoast SEO plugin v27.3 - https:\/\/yoast.com\/product\/yoast-seo-wordpress\/ -->\n<title>De&#039;Longhi Essenza Mini Kapsula Kafe-makina - Caf\u00e9s Baqu\u00e9<\/title>\n<meta name=\"robots\" content=\"index, follow, max-snippet:-1, max-image-preview:large, max-video-preview:-1\" \/>\n<meta property=\"og:locale\" content=\"eu_ES\" \/>\n<meta property=\"og:type\" content=\"article\" \/>\n<meta property=\"og:title\" content=\"De&#039;Longhi Essenza Mini Kapsula Kafe-makina - Caf\u00e9s Baqu\u00e9\" \/>\n<meta property=\"og:description\" content=\"Nespresso\u00ae sistemarekin bateragarria\" \/>\n<meta property=\"og:url\" content=\"https:\/\/www.baque.com\/eu\/denda\/kafe-makinak-eta-osagarriak\/kapsulen-kafe-makinak\/xiaomi-mijia-kapsulako-kafe-makina-copia\/\" \/>\n<meta property=\"og:site_name\" content=\"Caf\u00e9s Baqu\u00e9\" \/>\n<meta property=\"article:modified_time\" content=\"2026-05-11T15:18:59+00:00\" \/>\n<meta property=\"og:image\" content=\"https:\/\/www.baque.com\/wp-content\/uploads\/2024\/11\/essenza-mini-negra.png\" \/>\n\t<meta property=\"og:image:width\" content=\"800\" \/>\n\t<meta property=\"og:image:height\" content=\"800\" \/>\n\t<meta property=\"og:image:type\" content=\"image\/png\" \/>\n<meta name=\"twitter:card\" content=\"summary_large_image\" \/>\n<meta name=\"twitter:label1\" content=\"Est. reading time\" \/>\n\t<meta name=\"twitter:data1\" content=\"1 minute\" \/>\n<script type=\"application\/ld+json\" class=\"yoast-schema-graph\">{\"@context\":\"https:\\\/\\\/schema.org\",\"@graph\":[{\"@type\":\"WebPage\",\"@id\":\"https:\\\/\\\/www.baque.com\\\/eu\\\/denda\\\/kafe-makinak-eta-osagarriak\\\/kapsulen-kafe-makinak\\\/xiaomi-mijia-kapsulako-kafe-makina-copia\\\/\",\"url\":\"https:\\\/\\\/www.baque.com\\\/eu\\\/denda\\\/kafe-makinak-eta-osagarriak\\\/kapsulen-kafe-makinak\\\/xiaomi-mijia-kapsulako-kafe-makina-copia\\\/\",\"name\":\"De'Longhi Essenza Mini Kapsula Kafe-makina - Caf\u00e9s Baqu\u00e9\",\"isPartOf\":{\"@id\":\"https:\\\/\\\/www.baque.com\\\/es\\\/#website\"},\"primaryImageOfPage\":{\"@id\":\"https:\\\/\\\/www.baque.com\\\/eu\\\/denda\\\/kafe-makinak-eta-osagarriak\\\/kapsulen-kafe-makinak\\\/xiaomi-mijia-kapsulako-kafe-makina-copia\\\/#primaryimage\"},\"image\":{\"@id\":\"https:\\\/\\\/www.baque.com\\\/eu\\\/denda\\\/kafe-makinak-eta-osagarriak\\\/kapsulen-kafe-makinak\\\/xiaomi-mijia-kapsulako-kafe-makina-copia\\\/#primaryimage\"},\"thumbnailUrl\":\"https:\\\/\\\/www.baque.com\\\/wp-content\\\/uploads\\\/2024\\\/11\\\/essenza-mini-negra.png\",\"datePublished\":\"2024-11-28T10:27:03+00:00\",\"dateModified\":\"2026-05-11T15:18:59+00:00\",\"breadcrumb\":{\"@id\":\"https:\\\/\\\/www.baque.com\\\/eu\\\/denda\\\/kafe-makinak-eta-osagarriak\\\/kapsulen-kafe-makinak\\\/xiaomi-mijia-kapsulako-kafe-makina-copia\\\/#breadcrumb\"},\"inLanguage\":\"eu-ES\",\"potentialAction\":[{\"@type\":\"ReadAction\",\"target\":[\"https:\\\/\\\/www.baque.com\\\/eu\\\/denda\\\/kafe-makinak-eta-osagarriak\\\/kapsulen-kafe-makinak\\\/xiaomi-mijia-kapsulako-kafe-makina-copia\\\/\"]}]},{\"@type\":\"ImageObject\",\"inLanguage\":\"eu-ES\",\"@id\":\"https:\\\/\\\/www.baque.com\\\/eu\\\/denda\\\/kafe-makinak-eta-osagarriak\\\/kapsulen-kafe-makinak\\\/xiaomi-mijia-kapsulako-kafe-makina-copia\\\/#primaryimage\",\"url\":\"https:\\\/\\\/www.baque.com\\\/wp-content\\\/uploads\\\/2024\\\/11\\\/essenza-mini-negra.png\",\"contentUrl\":\"https:\\\/\\\/www.baque.com\\\/wp-content\\\/uploads\\\/2024\\\/11\\\/essenza-mini-negra.png\",\"width\":800,\"height\":800},{\"@type\":\"BreadcrumbList\",\"@id\":\"https:\\\/\\\/www.baque.com\\\/eu\\\/denda\\\/kafe-makinak-eta-osagarriak\\\/kapsulen-kafe-makinak\\\/xiaomi-mijia-kapsulako-kafe-makina-copia\\\/#breadcrumb\",\"itemListElement\":[{\"@type\":\"ListItem\",\"position\":1,\"name\":\"Portada\",\"item\":\"https:\\\/\\\/www.baque.com\\\/eu\\\/\"},{\"@type\":\"ListItem\",\"position\":2,\"name\":\"Denda\",\"item\":\"https:\\\/\\\/www.baque.com\\\/eu\\\/denda\\\/\"},{\"@type\":\"ListItem\",\"position\":3,\"name\":\"De&#8217;Longhi Essenza Mini Kapsula Kafe-makina\"}]},{\"@type\":\"WebSite\",\"@id\":\"https:\\\/\\\/www.baque.com\\\/es\\\/#website\",\"url\":\"https:\\\/\\\/www.baque.com\\\/es\\\/\",\"name\":\"Caf\u00e9s Baqu\u00e9\",\"description\":\"Somos l\u00edderes en hosteler\u00eda en Pa\u00eds Vasco y La Rioja y una de las marcas m\u00e1s reconocidas en el mercado nacional. Somos una empresa familiar en constante innovaci\u00f3n en el producto. Tostamos y distribuimos caf\u00e9 molido, en grano y c\u00e1psulas para disfrutar en casa, en el bar y en la oficina.\",\"potentialAction\":[{\"@type\":\"SearchAction\",\"target\":{\"@type\":\"EntryPoint\",\"urlTemplate\":\"https:\\\/\\\/www.baque.com\\\/es\\\/?s={search_term_string}\"},\"query-input\":{\"@type\":\"PropertyValueSpecification\",\"valueRequired\":true,\"valueName\":\"search_term_string\"}}],\"inLanguage\":\"eu-ES\"}]}<\/script>\n<!-- \/ Yoast SEO plugin. -->","yoast_head_json":{"title":"De'Longhi Essenza Mini Kapsula Kafe-makina - Caf\u00e9s Baqu\u00e9","robots":{"index":"index","follow":"follow","max-snippet":"max-snippet:-1","max-image-preview":"max-image-preview:large","max-video-preview":"max-video-preview:-1"},"og_locale":"eu_ES","og_type":"article","og_title":"De'Longhi Essenza Mini Kapsula Kafe-makina - Caf\u00e9s Baqu\u00e9","og_description":"Nespresso\u00ae sistemarekin bateragarria","og_url":"https:\/\/www.baque.com\/eu\/denda\/kafe-makinak-eta-osagarriak\/kapsulen-kafe-makinak\/xiaomi-mijia-kapsulako-kafe-makina-copia\/","og_site_name":"Caf\u00e9s Baqu\u00e9","article_modified_time":"2026-05-11T15:18:59+00:00","og_image":[{"width":800,"height":800,"url":"https:\/\/www.baque.com\/wp-content\/uploads\/2024\/11\/essenza-mini-negra.png","type":"image\/png"}],"twitter_card":"summary_large_image","twitter_misc":{"Est. reading time":"1 minute"},"schema":{"@context":"https:\/\/schema.org","@graph":[{"@type":"WebPage","@id":"https:\/\/www.baque.com\/eu\/denda\/kafe-makinak-eta-osagarriak\/kapsulen-kafe-makinak\/xiaomi-mijia-kapsulako-kafe-makina-copia\/","url":"https:\/\/www.baque.com\/eu\/denda\/kafe-makinak-eta-osagarriak\/kapsulen-kafe-makinak\/xiaomi-mijia-kapsulako-kafe-makina-copia\/","name":"De'Longhi Essenza Mini Kapsula Kafe-makina - Caf\u00e9s Baqu\u00e9","isPartOf":{"@id":"https:\/\/www.baque.com\/es\/#website"},"primaryImageOfPage":{"@id":"https:\/\/www.baque.com\/eu\/denda\/kafe-makinak-eta-osagarriak\/kapsulen-kafe-makinak\/xiaomi-mijia-kapsulako-kafe-makina-copia\/#primaryimage"},"image":{"@id":"https:\/\/www.baque.com\/eu\/denda\/kafe-makinak-eta-osagarriak\/kapsulen-kafe-makinak\/xiaomi-mijia-kapsulako-kafe-makina-copia\/#primaryimage"},"thumbnailUrl":"https:\/\/www.baque.com\/wp-content\/uploads\/2024\/11\/essenza-mini-negra.png","datePublished":"2024-11-28T10:27:03+00:00","dateModified":"2026-05-11T15:18:59+00:00","breadcrumb":{"@id":"https:\/\/www.baque.com\/eu\/denda\/kafe-makinak-eta-osagarriak\/kapsulen-kafe-makinak\/xiaomi-mijia-kapsulako-kafe-makina-copia\/#breadcrumb"},"inLanguage":"eu-ES","potentialAction":[{"@type":"ReadAction","target":["https:\/\/www.baque.com\/eu\/denda\/kafe-makinak-eta-osagarriak\/kapsulen-kafe-makinak\/xiaomi-mijia-kapsulako-kafe-makina-copia\/"]}]},{"@type":"ImageObject","inLanguage":"eu-ES","@id":"https:\/\/www.baque.com\/eu\/denda\/kafe-makinak-eta-osagarriak\/kapsulen-kafe-makinak\/xiaomi-mijia-kapsulako-kafe-makina-copia\/#primaryimage","url":"https:\/\/www.baque.com\/wp-content\/uploads\/2024\/11\/essenza-mini-negra.png","contentUrl":"https:\/\/www.baque.com\/wp-content\/uploads\/2024\/11\/essenza-mini-negra.png","width":800,"height":800},{"@type":"BreadcrumbList","@id":"https:\/\/www.baque.com\/eu\/denda\/kafe-makinak-eta-osagarriak\/kapsulen-kafe-makinak\/xiaomi-mijia-kapsulako-kafe-makina-copia\/#breadcrumb","itemListElement":[{"@type":"ListItem","position":1,"name":"Portada","item":"https:\/\/www.baque.com\/eu\/"},{"@type":"ListItem","position":2,"name":"Denda","item":"https:\/\/www.baque.com\/eu\/denda\/"},{"@type":"ListItem","position":3,"name":"De&#8217;Longhi Essenza Mini Kapsula Kafe-makina"}]},{"@type":"WebSite","@id":"https:\/\/www.baque.com\/es\/#website","url":"https:\/\/www.baque.com\/es\/","name":"Caf\u00e9s Baqu\u00e9","description":"Somos l\u00edderes en hosteler\u00eda en Pa\u00eds Vasco y La Rioja y una de las marcas m\u00e1s reconocidas en el mercado nacional. Somos una empresa familiar en constante innovaci\u00f3n en el producto. Tostamos y distribuimos caf\u00e9 molido, en grano y c\u00e1psulas para disfrutar en casa, en el bar y en la oficina.","potentialAction":[{"@type":"SearchAction","target":{"@type":"EntryPoint","urlTemplate":"https:\/\/www.baque.com\/es\/?s={search_term_string}"},"query-input":{"@type":"PropertyValueSpecification","valueRequired":true,"valueName":"search_term_string"}}],"inLanguage":"eu-ES"}]}},"_links":{"self":[{"href":"https:\/\/www.baque.com\/eu\/wp-json\/wp\/v2\/product\/2712830","targetHints":{"allow":["GET"]}}],"collection":[{"href":"https:\/\/www.baque.com\/eu\/wp-json\/wp\/v2\/product"}],"about":[{"href":"https:\/\/www.baque.com\/eu\/wp-json\/wp\/v2\/types\/product"}],"wp:featuredmedia":[{"embeddable":true,"href":"https:\/\/www.baque.com\/eu\/wp-json\/wp\/v2\/media\/2712926"}],"wp:attachment":[{"href":"https:\/\/www.baque.com\/eu\/wp-json\/wp\/v2\/media?parent=2712830"}],"wp:term":[{"taxonomy":"product_brand","embeddable":true,"href":"https:\/\/www.baque.com\/eu\/wp-json\/wp\/v2\/product_brand?post=2712830"},{"taxonomy":"product_cat","embeddable":true,"href":"https:\/\/www.baque.com\/eu\/wp-json\/wp\/v2\/product_cat?post=2712830"},{"taxonomy":"product_tag","embeddable":true,"href":"https:\/\/www.baque.com\/eu\/wp-json\/wp\/v2\/product_tag?post=2712830"}],"curies":[{"name":"wp","href":"https:\/\/api.w.org\/{rel}","templated":true}]}}