
{"id":2897819,"date":"2025-02-06T11:38:27","date_gmt":"2025-02-06T10:38:27","guid":{"rendered":"https:\/\/www.baque.com\/?post_type=product&#038;p=2897819"},"modified":"2025-03-05T14:32:32","modified_gmt":"2025-03-05T13:32:32","slug":"azukre-zuria-3gr-1000-unit-copia","status":"publish","type":"product","link":"https:\/\/www.baque.com\/eu\/denda\/gozatzaileak\/azukre-zuria-3gr-1000-unit-copia\/","title":{"rendered":"Azukre zuria 7gr., 1000 unit."},"content":{"rendered":"<p>Azukre zuria, 7gr-ko zorrotxoan.<\/p>\n<h3>Pisua\/kantitatea<\/h3>\n<p>1000 unit. Azukre koxkor bakoitzak 7 g.<\/p>\n<h3>Osagaiak<\/h3>\n<p>Azukre zuria<\/p>\n<h3>Alergenoak<\/h3>\n<p>Bat ere ez.<\/p>\n<h3>Erabilera\/kontserbazio baldintzak<\/h3>\n<p>Leku fresko eta lehor batean mantendu.<\/p>\n<h3>Iraungitze data<\/h3>\n<p>36 hilabete<\/p>\n","protected":false},"excerpt":{"rendered":"<p>Gozagarriak.<\/p>\n","protected":false},"featured_media":2897822,"template":"","meta":{"_acf_changed":false},"product_brand":[],"product_cat":[123],"product_tag":[267],"class_list":{"0":"post-2897819","1":"product","2":"type-product","3":"status-publish","4":"has-post-thumbnail","6":"product_cat-gozatzaileak","7":"product_tag-azukrea","9":"first","10":"instock","11":"taxable","12":"shipping-taxable","13":"purchasable","14":"product-type-simple"},"bundled_by":[],"bundle_stock_status":"instock","bundle_stock_quantity":309,"bundle_virtual":false,"bundle_layout":"","bundle_add_to_cart_form_location":"","bundle_editable_in_cart":false,"bundle_sold_individually_context":"","bundle_item_grouping":"","bundle_min_size":"","bundle_max_size":"","bundle_price":[],"bundled_items":[],"bundle_sell_ids":[],"acf":[],"yoast_head":"<!-- This site is optimized with the Yoast SEO plugin v27.3 - https:\/\/yoast.com\/product\/yoast-seo-wordpress\/ -->\n<title>Azukre zuria 7gr., 1000 unit. - Caf\u00e9s Baqu\u00e9<\/title>\n<meta name=\"robots\" content=\"index, follow, max-snippet:-1, max-image-preview:large, max-video-preview:-1\" \/>\n<meta property=\"og:locale\" content=\"eu_ES\" \/>\n<meta property=\"og:type\" content=\"article\" \/>\n<meta property=\"og:title\" content=\"Azukre zuria 7gr., 1000 unit. - Caf\u00e9s Baqu\u00e9\" \/>\n<meta property=\"og:description\" content=\"Gozagarriak.\" \/>\n<meta property=\"og:url\" content=\"https:\/\/www.baque.com\/eu\/denda\/gozatzaileak\/azukre-zuria-3gr-1000-unit-copia\/\" \/>\n<meta property=\"og:site_name\" content=\"Caf\u00e9s Baqu\u00e9\" \/>\n<meta property=\"article:modified_time\" content=\"2025-03-05T13:32:32+00:00\" \/>\n<meta property=\"og:image\" content=\"https:\/\/www.baque.com\/wp-content\/uploads\/2025\/02\/azucar-7-g-100-reciclable-cara-A-scaled.jpg\" \/>\n\t<meta property=\"og:image:width\" content=\"2560\" \/>\n\t<meta property=\"og:image:height\" content=\"2560\" \/>\n\t<meta property=\"og:image:type\" content=\"image\/jpeg\" \/>\n<meta name=\"twitter:card\" content=\"summary_large_image\" \/>\n<meta name=\"twitter:label1\" content=\"Est. reading time\" \/>\n\t<meta name=\"twitter:data1\" content=\"1 minute\" \/>\n<script type=\"application\/ld+json\" class=\"yoast-schema-graph\">{\"@context\":\"https:\\\/\\\/schema.org\",\"@graph\":[{\"@type\":\"WebPage\",\"@id\":\"https:\\\/\\\/www.baque.com\\\/eu\\\/denda\\\/gozatzaileak\\\/azukre-zuria-3gr-1000-unit-copia\\\/\",\"url\":\"https:\\\/\\\/www.baque.com\\\/eu\\\/denda\\\/gozatzaileak\\\/azukre-zuria-3gr-1000-unit-copia\\\/\",\"name\":\"Azukre zuria 7gr., 1000 unit. - Caf\u00e9s Baqu\u00e9\",\"isPartOf\":{\"@id\":\"https:\\\/\\\/www.baque.com\\\/es\\\/#website\"},\"primaryImageOfPage\":{\"@id\":\"https:\\\/\\\/www.baque.com\\\/eu\\\/denda\\\/gozatzaileak\\\/azukre-zuria-3gr-1000-unit-copia\\\/#primaryimage\"},\"image\":{\"@id\":\"https:\\\/\\\/www.baque.com\\\/eu\\\/denda\\\/gozatzaileak\\\/azukre-zuria-3gr-1000-unit-copia\\\/#primaryimage\"},\"thumbnailUrl\":\"https:\\\/\\\/www.baque.com\\\/wp-content\\\/uploads\\\/2025\\\/02\\\/azucar-7-g-100-reciclable-cara-A-scaled.jpg\",\"datePublished\":\"2025-02-06T10:38:27+00:00\",\"dateModified\":\"2025-03-05T13:32:32+00:00\",\"breadcrumb\":{\"@id\":\"https:\\\/\\\/www.baque.com\\\/eu\\\/denda\\\/gozatzaileak\\\/azukre-zuria-3gr-1000-unit-copia\\\/#breadcrumb\"},\"inLanguage\":\"eu-ES\",\"potentialAction\":[{\"@type\":\"ReadAction\",\"target\":[\"https:\\\/\\\/www.baque.com\\\/eu\\\/denda\\\/gozatzaileak\\\/azukre-zuria-3gr-1000-unit-copia\\\/\"]}]},{\"@type\":\"ImageObject\",\"inLanguage\":\"eu-ES\",\"@id\":\"https:\\\/\\\/www.baque.com\\\/eu\\\/denda\\\/gozatzaileak\\\/azukre-zuria-3gr-1000-unit-copia\\\/#primaryimage\",\"url\":\"https:\\\/\\\/www.baque.com\\\/wp-content\\\/uploads\\\/2025\\\/02\\\/azucar-7-g-100-reciclable-cara-A-scaled.jpg\",\"contentUrl\":\"https:\\\/\\\/www.baque.com\\\/wp-content\\\/uploads\\\/2025\\\/02\\\/azucar-7-g-100-reciclable-cara-A-scaled.jpg\",\"width\":2560,\"height\":2560},{\"@type\":\"BreadcrumbList\",\"@id\":\"https:\\\/\\\/www.baque.com\\\/eu\\\/denda\\\/gozatzaileak\\\/azukre-zuria-3gr-1000-unit-copia\\\/#breadcrumb\",\"itemListElement\":[{\"@type\":\"ListItem\",\"position\":1,\"name\":\"Portada\",\"item\":\"https:\\\/\\\/www.baque.com\\\/eu\\\/\"},{\"@type\":\"ListItem\",\"position\":2,\"name\":\"Denda\",\"item\":\"https:\\\/\\\/www.baque.com\\\/eu\\\/denda\\\/\"},{\"@type\":\"ListItem\",\"position\":3,\"name\":\"Azukre zuria 7gr., 1000 unit.\"}]},{\"@type\":\"WebSite\",\"@id\":\"https:\\\/\\\/www.baque.com\\\/es\\\/#website\",\"url\":\"https:\\\/\\\/www.baque.com\\\/es\\\/\",\"name\":\"Caf\u00e9s Baqu\u00e9\",\"description\":\"Somos l\u00edderes en hosteler\u00eda en Pa\u00eds Vasco y La Rioja y una de las marcas m\u00e1s reconocidas en el mercado nacional. Somos una empresa familiar en constante innovaci\u00f3n en el producto. Tostamos y distribuimos caf\u00e9 molido, en grano y c\u00e1psulas para disfrutar en casa, en el bar y en la oficina.\",\"potentialAction\":[{\"@type\":\"SearchAction\",\"target\":{\"@type\":\"EntryPoint\",\"urlTemplate\":\"https:\\\/\\\/www.baque.com\\\/es\\\/?s={search_term_string}\"},\"query-input\":{\"@type\":\"PropertyValueSpecification\",\"valueRequired\":true,\"valueName\":\"search_term_string\"}}],\"inLanguage\":\"eu-ES\"}]}<\/script>\n<!-- \/ Yoast SEO plugin. -->","yoast_head_json":{"title":"Azukre zuria 7gr., 1000 unit. - Caf\u00e9s Baqu\u00e9","robots":{"index":"index","follow":"follow","max-snippet":"max-snippet:-1","max-image-preview":"max-image-preview:large","max-video-preview":"max-video-preview:-1"},"og_locale":"eu_ES","og_type":"article","og_title":"Azukre zuria 7gr., 1000 unit. - Caf\u00e9s Baqu\u00e9","og_description":"Gozagarriak.","og_url":"https:\/\/www.baque.com\/eu\/denda\/gozatzaileak\/azukre-zuria-3gr-1000-unit-copia\/","og_site_name":"Caf\u00e9s Baqu\u00e9","article_modified_time":"2025-03-05T13:32:32+00:00","og_image":[{"width":2560,"height":2560,"url":"https:\/\/www.baque.com\/wp-content\/uploads\/2025\/02\/azucar-7-g-100-reciclable-cara-A-scaled.jpg","type":"image\/jpeg"}],"twitter_card":"summary_large_image","twitter_misc":{"Est. reading time":"1 minute"},"schema":{"@context":"https:\/\/schema.org","@graph":[{"@type":"WebPage","@id":"https:\/\/www.baque.com\/eu\/denda\/gozatzaileak\/azukre-zuria-3gr-1000-unit-copia\/","url":"https:\/\/www.baque.com\/eu\/denda\/gozatzaileak\/azukre-zuria-3gr-1000-unit-copia\/","name":"Azukre zuria 7gr., 1000 unit. - Caf\u00e9s Baqu\u00e9","isPartOf":{"@id":"https:\/\/www.baque.com\/es\/#website"},"primaryImageOfPage":{"@id":"https:\/\/www.baque.com\/eu\/denda\/gozatzaileak\/azukre-zuria-3gr-1000-unit-copia\/#primaryimage"},"image":{"@id":"https:\/\/www.baque.com\/eu\/denda\/gozatzaileak\/azukre-zuria-3gr-1000-unit-copia\/#primaryimage"},"thumbnailUrl":"https:\/\/www.baque.com\/wp-content\/uploads\/2025\/02\/azucar-7-g-100-reciclable-cara-A-scaled.jpg","datePublished":"2025-02-06T10:38:27+00:00","dateModified":"2025-03-05T13:32:32+00:00","breadcrumb":{"@id":"https:\/\/www.baque.com\/eu\/denda\/gozatzaileak\/azukre-zuria-3gr-1000-unit-copia\/#breadcrumb"},"inLanguage":"eu-ES","potentialAction":[{"@type":"ReadAction","target":["https:\/\/www.baque.com\/eu\/denda\/gozatzaileak\/azukre-zuria-3gr-1000-unit-copia\/"]}]},{"@type":"ImageObject","inLanguage":"eu-ES","@id":"https:\/\/www.baque.com\/eu\/denda\/gozatzaileak\/azukre-zuria-3gr-1000-unit-copia\/#primaryimage","url":"https:\/\/www.baque.com\/wp-content\/uploads\/2025\/02\/azucar-7-g-100-reciclable-cara-A-scaled.jpg","contentUrl":"https:\/\/www.baque.com\/wp-content\/uploads\/2025\/02\/azucar-7-g-100-reciclable-cara-A-scaled.jpg","width":2560,"height":2560},{"@type":"BreadcrumbList","@id":"https:\/\/www.baque.com\/eu\/denda\/gozatzaileak\/azukre-zuria-3gr-1000-unit-copia\/#breadcrumb","itemListElement":[{"@type":"ListItem","position":1,"name":"Portada","item":"https:\/\/www.baque.com\/eu\/"},{"@type":"ListItem","position":2,"name":"Denda","item":"https:\/\/www.baque.com\/eu\/denda\/"},{"@type":"ListItem","position":3,"name":"Azukre zuria 7gr., 1000 unit."}]},{"@type":"WebSite","@id":"https:\/\/www.baque.com\/es\/#website","url":"https:\/\/www.baque.com\/es\/","name":"Caf\u00e9s Baqu\u00e9","description":"Somos l\u00edderes en hosteler\u00eda en Pa\u00eds Vasco y La Rioja y una de las marcas m\u00e1s reconocidas en el mercado nacional. Somos una empresa familiar en constante innovaci\u00f3n en el producto. Tostamos y distribuimos caf\u00e9 molido, en grano y c\u00e1psulas para disfrutar en casa, en el bar y en la oficina.","potentialAction":[{"@type":"SearchAction","target":{"@type":"EntryPoint","urlTemplate":"https:\/\/www.baque.com\/es\/?s={search_term_string}"},"query-input":{"@type":"PropertyValueSpecification","valueRequired":true,"valueName":"search_term_string"}}],"inLanguage":"eu-ES"}]}},"_links":{"self":[{"href":"https:\/\/www.baque.com\/eu\/wp-json\/wp\/v2\/product\/2897819","targetHints":{"allow":["GET"]}}],"collection":[{"href":"https:\/\/www.baque.com\/eu\/wp-json\/wp\/v2\/product"}],"about":[{"href":"https:\/\/www.baque.com\/eu\/wp-json\/wp\/v2\/types\/product"}],"wp:featuredmedia":[{"embeddable":true,"href":"https:\/\/www.baque.com\/eu\/wp-json\/wp\/v2\/media\/2897822"}],"wp:attachment":[{"href":"https:\/\/www.baque.com\/eu\/wp-json\/wp\/v2\/media?parent=2897819"}],"wp:term":[{"taxonomy":"product_brand","embeddable":true,"href":"https:\/\/www.baque.com\/eu\/wp-json\/wp\/v2\/product_brand?post=2897819"},{"taxonomy":"product_cat","embeddable":true,"href":"https:\/\/www.baque.com\/eu\/wp-json\/wp\/v2\/product_cat?post=2897819"},{"taxonomy":"product_tag","embeddable":true,"href":"https:\/\/www.baque.com\/eu\/wp-json\/wp\/v2\/product_tag?post=2897819"}],"curies":[{"name":"wp","href":"https:\/\/api.w.org\/{rel}","templated":true}]}}