
{"id":29582,"date":"2020-06-19T10:26:39","date_gmt":"2020-06-19T08:26:39","guid":{"rendered":"https:\/\/www.baque.com\/?post_type=product&#038;p=29582"},"modified":"2020-06-19T13:43:21","modified_gmt":"2020-06-19T11:43:21","slug":"glutenik-gabeko-kakaoa-30-unit","status":"publish","type":"product","link":"https:\/\/www.baque.com\/eu\/denda\/kakaoak\/kakao-disolbagarria\/glutenik-gabeko-kakaoa-30-unit\/","title":{"rendered":"GLUTENIK GABEKO KAKAOA, 30 unit."},"content":{"rendered":"<p>Glutenik gabeko Baqu\u00e9 kakao disolbagarria, kakaoaren usainarekin, aromarekin eta testurarekin. Egokia da zeliakoentzat.<\/p>\n<h3>Pisua\/kantitatea<\/h3>\n<p>30 unit.<\/p>\n<h3>Osagaiak<\/h3>\n<p>Azukrea, kakao hauts gantzgabetua, arroz irina, garagar-maltaren estraktua (glutenik gabe), antiaglomeratzailea (fosfato dikaltzikoa), aromak, gatza eta emultsionatzailea.<\/p>\n<h3>Alergenoak<\/h3>\n<p>Bat ere ez. Ez du glutenik, ezta aztarnarik ere.<\/p>\n<h3>Nutrizio informazioa 100g-ko<\/h3>\n<table class='ingredientes'><tr><th align='left'>Balio Energetikoa<\/th><th align='right'>371 kcal.\/ 1571 kJ.<\/th><\/tr><tr><td align='left'>Koipeak guztira<\/td><td align='right'>2,9 g.<\/td><\/tr><tr><td align='left'>eta horietatik aseak<\/td><td align='right'>1,7 g.<\/td><\/tr><tr><td align='left'>Karbohidratoak<\/td><td align='right'>76,1 g.<\/td><\/tr><tr><td align='left'>eta horietatik azukreak<\/td><td align='right'>66,5 g.<\/td><\/tr><tr><td align='left'>Elikaien zuntza<\/td><td align='right'>8,2 g.<\/td><\/tr><tr><td align='left'>Proteinak<\/td><td align='right'>6,2 g.<\/td><\/tr><tr><td align='left'>Gatza<\/td><td align='right'>0,04 g.<\/td><\/tr><\/table>\n<h3>Erabilera\/kontserbazio baldintzak<\/h3>\n<p>Gorde leku fresko eta lehor batean.<\/p>\n<h3>Iraungitze data<\/h3>\n<p>24 hilabete<\/p>\n<h3>Aholkua<\/h3>\n<p>Edalontzi edo katilu batean edukia gehitu. Bota esne bero edo hotz pixka bat eta eragin. Esne gehiagorekin osatu. Gosari eta askarietarako aproposa.<\/p>\n","protected":false},"excerpt":{"rendered":"<p>Glutenik gabeko kakaoa<\/p>\n","protected":false},"featured_media":29571,"template":"","meta":{"_acf_changed":false},"product_brand":[],"product_cat":[136,516,128],"product_tag":[308],"class_list":{"0":"post-29582","1":"product","2":"type-product","3":"status-publish","4":"has-post-thumbnail","6":"product_cat-kafea","7":"product_cat-kakao-disolbagarria","8":"product_cat-kakaoak","9":"product_tag-kakaoa","11":"first","12":"instock","13":"taxable","14":"shipping-taxable","15":"purchasable","16":"product-type-simple"},"bundled_by":[],"bundle_stock_status":"instock","bundle_stock_quantity":169,"bundle_virtual":false,"bundle_layout":"","bundle_add_to_cart_form_location":"","bundle_editable_in_cart":false,"bundle_sold_individually_context":"","bundle_item_grouping":"","bundle_min_size":"","bundle_max_size":"","bundle_price":[],"bundled_items":[],"bundle_sell_ids":[],"acf":[],"yoast_head":"<!-- This site is optimized with the Yoast SEO plugin v27.3 - https:\/\/yoast.com\/product\/yoast-seo-wordpress\/ -->\n<title>GLUTENIK GABEKO KAKAOA, 30 unit. - Caf\u00e9s Baqu\u00e9<\/title>\n<meta name=\"robots\" content=\"index, follow, max-snippet:-1, max-image-preview:large, max-video-preview:-1\" \/>\n<meta property=\"og:locale\" content=\"eu_ES\" \/>\n<meta property=\"og:type\" content=\"article\" \/>\n<meta property=\"og:title\" content=\"GLUTENIK GABEKO KAKAOA, 30 unit. - Caf\u00e9s Baqu\u00e9\" \/>\n<meta property=\"og:description\" content=\"Glutenik gabeko kakaoa\" \/>\n<meta property=\"og:url\" content=\"https:\/\/www.baque.com\/eu\/denda\/kakaoak\/kakao-disolbagarria\/glutenik-gabeko-kakaoa-30-unit\/\" \/>\n<meta property=\"og:site_name\" content=\"Caf\u00e9s Baqu\u00e9\" \/>\n<meta property=\"article:modified_time\" content=\"2020-06-19T11:43:21+00:00\" \/>\n<meta property=\"og:image\" content=\"https:\/\/www.baque.com\/wp-content\/uploads\/2020\/06\/cacao-sin-gluten-baque.jpg\" \/>\n\t<meta property=\"og:image:width\" content=\"500\" \/>\n\t<meta property=\"og:image:height\" content=\"500\" \/>\n\t<meta property=\"og:image:type\" content=\"image\/jpeg\" \/>\n<meta name=\"twitter:card\" content=\"summary_large_image\" \/>\n<meta name=\"twitter:label1\" content=\"Est. reading time\" \/>\n\t<meta name=\"twitter:data1\" content=\"1 minute\" \/>\n<script type=\"application\/ld+json\" class=\"yoast-schema-graph\">{\"@context\":\"https:\\\/\\\/schema.org\",\"@graph\":[{\"@type\":\"WebPage\",\"@id\":\"https:\\\/\\\/www.baque.com\\\/eu\\\/denda\\\/kakaoak\\\/kakao-disolbagarria\\\/glutenik-gabeko-kakaoa-30-unit\\\/\",\"url\":\"https:\\\/\\\/www.baque.com\\\/eu\\\/denda\\\/kakaoak\\\/kakao-disolbagarria\\\/glutenik-gabeko-kakaoa-30-unit\\\/\",\"name\":\"GLUTENIK GABEKO KAKAOA, 30 unit. - Caf\u00e9s Baqu\u00e9\",\"isPartOf\":{\"@id\":\"https:\\\/\\\/www.baque.com\\\/es\\\/#website\"},\"primaryImageOfPage\":{\"@id\":\"https:\\\/\\\/www.baque.com\\\/eu\\\/denda\\\/kakaoak\\\/kakao-disolbagarria\\\/glutenik-gabeko-kakaoa-30-unit\\\/#primaryimage\"},\"image\":{\"@id\":\"https:\\\/\\\/www.baque.com\\\/eu\\\/denda\\\/kakaoak\\\/kakao-disolbagarria\\\/glutenik-gabeko-kakaoa-30-unit\\\/#primaryimage\"},\"thumbnailUrl\":\"https:\\\/\\\/www.baque.com\\\/wp-content\\\/uploads\\\/2020\\\/06\\\/cacao-sin-gluten-baque.jpg\",\"datePublished\":\"2020-06-19T08:26:39+00:00\",\"dateModified\":\"2020-06-19T11:43:21+00:00\",\"breadcrumb\":{\"@id\":\"https:\\\/\\\/www.baque.com\\\/eu\\\/denda\\\/kakaoak\\\/kakao-disolbagarria\\\/glutenik-gabeko-kakaoa-30-unit\\\/#breadcrumb\"},\"inLanguage\":\"eu-ES\",\"potentialAction\":[{\"@type\":\"ReadAction\",\"target\":[\"https:\\\/\\\/www.baque.com\\\/eu\\\/denda\\\/kakaoak\\\/kakao-disolbagarria\\\/glutenik-gabeko-kakaoa-30-unit\\\/\"]}]},{\"@type\":\"ImageObject\",\"inLanguage\":\"eu-ES\",\"@id\":\"https:\\\/\\\/www.baque.com\\\/eu\\\/denda\\\/kakaoak\\\/kakao-disolbagarria\\\/glutenik-gabeko-kakaoa-30-unit\\\/#primaryimage\",\"url\":\"https:\\\/\\\/www.baque.com\\\/wp-content\\\/uploads\\\/2020\\\/06\\\/cacao-sin-gluten-baque.jpg\",\"contentUrl\":\"https:\\\/\\\/www.baque.com\\\/wp-content\\\/uploads\\\/2020\\\/06\\\/cacao-sin-gluten-baque.jpg\",\"width\":500,\"height\":500},{\"@type\":\"BreadcrumbList\",\"@id\":\"https:\\\/\\\/www.baque.com\\\/eu\\\/denda\\\/kakaoak\\\/kakao-disolbagarria\\\/glutenik-gabeko-kakaoa-30-unit\\\/#breadcrumb\",\"itemListElement\":[{\"@type\":\"ListItem\",\"position\":1,\"name\":\"Portada\",\"item\":\"https:\\\/\\\/www.baque.com\\\/eu\\\/\"},{\"@type\":\"ListItem\",\"position\":2,\"name\":\"Denda\",\"item\":\"https:\\\/\\\/www.baque.com\\\/eu\\\/denda\\\/\"},{\"@type\":\"ListItem\",\"position\":3,\"name\":\"GLUTENIK GABEKO KAKAOA, 30 unit.\"}]},{\"@type\":\"WebSite\",\"@id\":\"https:\\\/\\\/www.baque.com\\\/es\\\/#website\",\"url\":\"https:\\\/\\\/www.baque.com\\\/es\\\/\",\"name\":\"Caf\u00e9s Baqu\u00e9\",\"description\":\"Somos l\u00edderes en hosteler\u00eda en Pa\u00eds Vasco y La Rioja y una de las marcas m\u00e1s reconocidas en el mercado nacional. Somos una empresa familiar en constante innovaci\u00f3n en el producto. Tostamos y distribuimos caf\u00e9 molido, en grano y c\u00e1psulas para disfrutar en casa, en el bar y en la oficina.\",\"potentialAction\":[{\"@type\":\"SearchAction\",\"target\":{\"@type\":\"EntryPoint\",\"urlTemplate\":\"https:\\\/\\\/www.baque.com\\\/es\\\/?s={search_term_string}\"},\"query-input\":{\"@type\":\"PropertyValueSpecification\",\"valueRequired\":true,\"valueName\":\"search_term_string\"}}],\"inLanguage\":\"eu-ES\"}]}<\/script>\n<!-- \/ Yoast SEO plugin. -->","yoast_head_json":{"title":"GLUTENIK GABEKO KAKAOA, 30 unit. - Caf\u00e9s Baqu\u00e9","robots":{"index":"index","follow":"follow","max-snippet":"max-snippet:-1","max-image-preview":"max-image-preview:large","max-video-preview":"max-video-preview:-1"},"og_locale":"eu_ES","og_type":"article","og_title":"GLUTENIK GABEKO KAKAOA, 30 unit. - Caf\u00e9s Baqu\u00e9","og_description":"Glutenik gabeko kakaoa","og_url":"https:\/\/www.baque.com\/eu\/denda\/kakaoak\/kakao-disolbagarria\/glutenik-gabeko-kakaoa-30-unit\/","og_site_name":"Caf\u00e9s Baqu\u00e9","article_modified_time":"2020-06-19T11:43:21+00:00","og_image":[{"width":500,"height":500,"url":"https:\/\/www.baque.com\/wp-content\/uploads\/2020\/06\/cacao-sin-gluten-baque.jpg","type":"image\/jpeg"}],"twitter_card":"summary_large_image","twitter_misc":{"Est. reading time":"1 minute"},"schema":{"@context":"https:\/\/schema.org","@graph":[{"@type":"WebPage","@id":"https:\/\/www.baque.com\/eu\/denda\/kakaoak\/kakao-disolbagarria\/glutenik-gabeko-kakaoa-30-unit\/","url":"https:\/\/www.baque.com\/eu\/denda\/kakaoak\/kakao-disolbagarria\/glutenik-gabeko-kakaoa-30-unit\/","name":"GLUTENIK GABEKO KAKAOA, 30 unit. - Caf\u00e9s Baqu\u00e9","isPartOf":{"@id":"https:\/\/www.baque.com\/es\/#website"},"primaryImageOfPage":{"@id":"https:\/\/www.baque.com\/eu\/denda\/kakaoak\/kakao-disolbagarria\/glutenik-gabeko-kakaoa-30-unit\/#primaryimage"},"image":{"@id":"https:\/\/www.baque.com\/eu\/denda\/kakaoak\/kakao-disolbagarria\/glutenik-gabeko-kakaoa-30-unit\/#primaryimage"},"thumbnailUrl":"https:\/\/www.baque.com\/wp-content\/uploads\/2020\/06\/cacao-sin-gluten-baque.jpg","datePublished":"2020-06-19T08:26:39+00:00","dateModified":"2020-06-19T11:43:21+00:00","breadcrumb":{"@id":"https:\/\/www.baque.com\/eu\/denda\/kakaoak\/kakao-disolbagarria\/glutenik-gabeko-kakaoa-30-unit\/#breadcrumb"},"inLanguage":"eu-ES","potentialAction":[{"@type":"ReadAction","target":["https:\/\/www.baque.com\/eu\/denda\/kakaoak\/kakao-disolbagarria\/glutenik-gabeko-kakaoa-30-unit\/"]}]},{"@type":"ImageObject","inLanguage":"eu-ES","@id":"https:\/\/www.baque.com\/eu\/denda\/kakaoak\/kakao-disolbagarria\/glutenik-gabeko-kakaoa-30-unit\/#primaryimage","url":"https:\/\/www.baque.com\/wp-content\/uploads\/2020\/06\/cacao-sin-gluten-baque.jpg","contentUrl":"https:\/\/www.baque.com\/wp-content\/uploads\/2020\/06\/cacao-sin-gluten-baque.jpg","width":500,"height":500},{"@type":"BreadcrumbList","@id":"https:\/\/www.baque.com\/eu\/denda\/kakaoak\/kakao-disolbagarria\/glutenik-gabeko-kakaoa-30-unit\/#breadcrumb","itemListElement":[{"@type":"ListItem","position":1,"name":"Portada","item":"https:\/\/www.baque.com\/eu\/"},{"@type":"ListItem","position":2,"name":"Denda","item":"https:\/\/www.baque.com\/eu\/denda\/"},{"@type":"ListItem","position":3,"name":"GLUTENIK GABEKO KAKAOA, 30 unit."}]},{"@type":"WebSite","@id":"https:\/\/www.baque.com\/es\/#website","url":"https:\/\/www.baque.com\/es\/","name":"Caf\u00e9s Baqu\u00e9","description":"Somos l\u00edderes en hosteler\u00eda en Pa\u00eds Vasco y La Rioja y una de las marcas m\u00e1s reconocidas en el mercado nacional. Somos una empresa familiar en constante innovaci\u00f3n en el producto. Tostamos y distribuimos caf\u00e9 molido, en grano y c\u00e1psulas para disfrutar en casa, en el bar y en la oficina.","potentialAction":[{"@type":"SearchAction","target":{"@type":"EntryPoint","urlTemplate":"https:\/\/www.baque.com\/es\/?s={search_term_string}"},"query-input":{"@type":"PropertyValueSpecification","valueRequired":true,"valueName":"search_term_string"}}],"inLanguage":"eu-ES"}]}},"_links":{"self":[{"href":"https:\/\/www.baque.com\/eu\/wp-json\/wp\/v2\/product\/29582","targetHints":{"allow":["GET"]}}],"collection":[{"href":"https:\/\/www.baque.com\/eu\/wp-json\/wp\/v2\/product"}],"about":[{"href":"https:\/\/www.baque.com\/eu\/wp-json\/wp\/v2\/types\/product"}],"wp:featuredmedia":[{"embeddable":true,"href":"https:\/\/www.baque.com\/eu\/wp-json\/wp\/v2\/media\/29571"}],"wp:attachment":[{"href":"https:\/\/www.baque.com\/eu\/wp-json\/wp\/v2\/media?parent=29582"}],"wp:term":[{"taxonomy":"product_brand","embeddable":true,"href":"https:\/\/www.baque.com\/eu\/wp-json\/wp\/v2\/product_brand?post=29582"},{"taxonomy":"product_cat","embeddable":true,"href":"https:\/\/www.baque.com\/eu\/wp-json\/wp\/v2\/product_cat?post=29582"},{"taxonomy":"product_tag","embeddable":true,"href":"https:\/\/www.baque.com\/eu\/wp-json\/wp\/v2\/product_tag?post=29582"}],"curies":[{"name":"wp","href":"https:\/\/api.w.org\/{rel}","templated":true}]}}