
{"id":3700,"date":"2018-06-20T09:59:59","date_gmt":"2018-06-20T07:59:59","guid":{"rendered":"http:\/\/www.baque.com\/tienda\/kategoria-gabea\/kafe-ehoa-naturala-250-g\/"},"modified":"2020-04-20T21:55:46","modified_gmt":"2020-04-20T19:55:46","slug":"kafe-ehoa-naturala-250-g","status":"publish","type":"product","link":"https:\/\/www.baque.com\/eu\/denda\/kafe-ehoa\/kafe-ehoa-naturala-250-g\/","title":{"rendered":"Kafe ehoa Naturala, 250 g."},"content":{"rendered":"<p>Era naturalean txigortutako Arabiko eta Robusta kafeon emaitza zaporez eta usainez betetako kafe ezin hobe bat da.<\/p>\n<h3>Intentsitatea<\/h3>\n<p class='intensity'>5.5 <span class=\"circle\"><\/span><span class=\"circle\"><\/span><span class=\"circle\"><\/span><span class=\"circle\"><\/span><span class=\"circle\"><\/span><span class=\"circle circle05\"><\/span><span class=\"circle circle0\"><\/span><span class=\"circle circle0\"><\/span><span class=\"circle circle0\"><\/span><span class=\"circle circle0\"><\/span><\/p>\n<h3>Pisua\/kantitatea<\/h3>\n<p>250 g.<\/p>\n<h3>Osagaiak<\/h3>\n<p>Kafea.<\/p>\n<h3>Alergenoak<\/h3>\n<p>Bat ere ez.<\/p>\n<h3>Erabilera\/kontserbazio baldintzak<\/h3>\n<p>Gorde leku fresko eta lehor batean, eguzki argitik kanpo.<\/p>\n<h3>Iraungitze data<\/h3>\n<p>24 hilabete<\/p>\n<h3>Aholkua<\/h3>\n<p>Behin zabaldutakoan, sartu ontzi hermetiko batean eta gorde hozkailuan.<\/p>\n","protected":false},"excerpt":{"rendered":"<p>Era naturalean txigortutako kafe ehoa.<\/p>\n","protected":false},"featured_media":2704880,"template":"","meta":{"_acf_changed":false},"product_brand":[],"product_cat":[135],"product_tag":[353,355],"class_list":{"0":"post-3700","1":"product","2":"type-product","3":"status-publish","4":"has-post-thumbnail","6":"product_cat-kafe-ehoa","7":"product_tag-ehoa","8":"product_tag-naturala","10":"first","11":"instock","12":"taxable","13":"shipping-taxable","14":"purchasable","15":"product-type-simple"},"bundled_by":[],"bundle_stock_status":"instock","bundle_stock_quantity":105498,"bundle_virtual":false,"bundle_layout":"","bundle_add_to_cart_form_location":"","bundle_editable_in_cart":false,"bundle_sold_individually_context":"","bundle_item_grouping":"","bundle_min_size":"","bundle_max_size":"","bundle_price":[],"bundled_items":[],"bundle_sell_ids":[],"acf":[],"yoast_head":"<!-- This site is optimized with the Yoast SEO plugin v27.3 - https:\/\/yoast.com\/product\/yoast-seo-wordpress\/ -->\n<title>Kafe ehoa Naturala, 250 g. - Caf\u00e9s Baqu\u00e9<\/title>\n<meta name=\"robots\" content=\"index, follow, max-snippet:-1, max-image-preview:large, max-video-preview:-1\" \/>\n<meta property=\"og:locale\" content=\"eu_ES\" \/>\n<meta property=\"og:type\" content=\"article\" \/>\n<meta property=\"og:title\" content=\"Kafe ehoa Naturala, 250 g. - Caf\u00e9s Baqu\u00e9\" \/>\n<meta property=\"og:description\" content=\"Era naturalean txigortutako kafe ehoa.\" \/>\n<meta property=\"og:url\" content=\"https:\/\/www.baque.com\/eu\/denda\/kafe-ehoa\/kafe-ehoa-naturala-250-g\/\" \/>\n<meta property=\"og:site_name\" content=\"Caf\u00e9s Baqu\u00e9\" \/>\n<meta property=\"article:modified_time\" content=\"2020-04-20T19:55:46+00:00\" \/>\n<meta property=\"og:image\" content=\"https:\/\/www.baque.com\/wp-content\/uploads\/2020\/06\/Baque-Molido-250g-Natural-Facing.jpg\" \/>\n\t<meta property=\"og:image:width\" content=\"1800\" \/>\n\t<meta property=\"og:image:height\" content=\"1800\" \/>\n\t<meta property=\"og:image:type\" content=\"image\/jpeg\" \/>\n<meta name=\"twitter:card\" content=\"summary_large_image\" \/>\n<script type=\"application\/ld+json\" class=\"yoast-schema-graph\">{\"@context\":\"https:\\\/\\\/schema.org\",\"@graph\":[{\"@type\":\"WebPage\",\"@id\":\"https:\\\/\\\/www.baque.com\\\/eu\\\/denda\\\/kafe-ehoa\\\/kafe-ehoa-naturala-250-g\\\/\",\"url\":\"https:\\\/\\\/www.baque.com\\\/eu\\\/denda\\\/kafe-ehoa\\\/kafe-ehoa-naturala-250-g\\\/\",\"name\":\"Kafe ehoa Naturala, 250 g. - Caf\u00e9s Baqu\u00e9\",\"isPartOf\":{\"@id\":\"https:\\\/\\\/www.baque.com\\\/es\\\/#website\"},\"primaryImageOfPage\":{\"@id\":\"https:\\\/\\\/www.baque.com\\\/eu\\\/denda\\\/kafe-ehoa\\\/kafe-ehoa-naturala-250-g\\\/#primaryimage\"},\"image\":{\"@id\":\"https:\\\/\\\/www.baque.com\\\/eu\\\/denda\\\/kafe-ehoa\\\/kafe-ehoa-naturala-250-g\\\/#primaryimage\"},\"thumbnailUrl\":\"https:\\\/\\\/www.baque.com\\\/wp-content\\\/uploads\\\/2020\\\/06\\\/Baque-Molido-250g-Natural-Facing.jpg\",\"datePublished\":\"2018-06-20T07:59:59+00:00\",\"dateModified\":\"2020-04-20T19:55:46+00:00\",\"breadcrumb\":{\"@id\":\"https:\\\/\\\/www.baque.com\\\/eu\\\/denda\\\/kafe-ehoa\\\/kafe-ehoa-naturala-250-g\\\/#breadcrumb\"},\"inLanguage\":\"eu-ES\",\"potentialAction\":[{\"@type\":\"ReadAction\",\"target\":[\"https:\\\/\\\/www.baque.com\\\/eu\\\/denda\\\/kafe-ehoa\\\/kafe-ehoa-naturala-250-g\\\/\"]}]},{\"@type\":\"ImageObject\",\"inLanguage\":\"eu-ES\",\"@id\":\"https:\\\/\\\/www.baque.com\\\/eu\\\/denda\\\/kafe-ehoa\\\/kafe-ehoa-naturala-250-g\\\/#primaryimage\",\"url\":\"https:\\\/\\\/www.baque.com\\\/wp-content\\\/uploads\\\/2020\\\/06\\\/Baque-Molido-250g-Natural-Facing.jpg\",\"contentUrl\":\"https:\\\/\\\/www.baque.com\\\/wp-content\\\/uploads\\\/2020\\\/06\\\/Baque-Molido-250g-Natural-Facing.jpg\",\"width\":1800,\"height\":1800},{\"@type\":\"BreadcrumbList\",\"@id\":\"https:\\\/\\\/www.baque.com\\\/eu\\\/denda\\\/kafe-ehoa\\\/kafe-ehoa-naturala-250-g\\\/#breadcrumb\",\"itemListElement\":[{\"@type\":\"ListItem\",\"position\":1,\"name\":\"Portada\",\"item\":\"https:\\\/\\\/www.baque.com\\\/eu\\\/\"},{\"@type\":\"ListItem\",\"position\":2,\"name\":\"Denda\",\"item\":\"https:\\\/\\\/www.baque.com\\\/eu\\\/denda\\\/\"},{\"@type\":\"ListItem\",\"position\":3,\"name\":\"Kafe ehoa Naturala, 250 g.\"}]},{\"@type\":\"WebSite\",\"@id\":\"https:\\\/\\\/www.baque.com\\\/es\\\/#website\",\"url\":\"https:\\\/\\\/www.baque.com\\\/es\\\/\",\"name\":\"Caf\u00e9s Baqu\u00e9\",\"description\":\"Somos l\u00edderes en hosteler\u00eda en Pa\u00eds Vasco y La Rioja y una de las marcas m\u00e1s reconocidas en el mercado nacional. Somos una empresa familiar en constante innovaci\u00f3n en el producto. Tostamos y distribuimos caf\u00e9 molido, en grano y c\u00e1psulas para disfrutar en casa, en el bar y en la oficina.\",\"potentialAction\":[{\"@type\":\"SearchAction\",\"target\":{\"@type\":\"EntryPoint\",\"urlTemplate\":\"https:\\\/\\\/www.baque.com\\\/es\\\/?s={search_term_string}\"},\"query-input\":{\"@type\":\"PropertyValueSpecification\",\"valueRequired\":true,\"valueName\":\"search_term_string\"}}],\"inLanguage\":\"eu-ES\"}]}<\/script>\n<!-- \/ Yoast SEO plugin. -->","yoast_head_json":{"title":"Kafe ehoa Naturala, 250 g. - Caf\u00e9s Baqu\u00e9","robots":{"index":"index","follow":"follow","max-snippet":"max-snippet:-1","max-image-preview":"max-image-preview:large","max-video-preview":"max-video-preview:-1"},"og_locale":"eu_ES","og_type":"article","og_title":"Kafe ehoa Naturala, 250 g. - Caf\u00e9s Baqu\u00e9","og_description":"Era naturalean txigortutako kafe ehoa.","og_url":"https:\/\/www.baque.com\/eu\/denda\/kafe-ehoa\/kafe-ehoa-naturala-250-g\/","og_site_name":"Caf\u00e9s Baqu\u00e9","article_modified_time":"2020-04-20T19:55:46+00:00","og_image":[{"width":1800,"height":1800,"url":"https:\/\/www.baque.com\/wp-content\/uploads\/2020\/06\/Baque-Molido-250g-Natural-Facing.jpg","type":"image\/jpeg"}],"twitter_card":"summary_large_image","schema":{"@context":"https:\/\/schema.org","@graph":[{"@type":"WebPage","@id":"https:\/\/www.baque.com\/eu\/denda\/kafe-ehoa\/kafe-ehoa-naturala-250-g\/","url":"https:\/\/www.baque.com\/eu\/denda\/kafe-ehoa\/kafe-ehoa-naturala-250-g\/","name":"Kafe ehoa Naturala, 250 g. - Caf\u00e9s Baqu\u00e9","isPartOf":{"@id":"https:\/\/www.baque.com\/es\/#website"},"primaryImageOfPage":{"@id":"https:\/\/www.baque.com\/eu\/denda\/kafe-ehoa\/kafe-ehoa-naturala-250-g\/#primaryimage"},"image":{"@id":"https:\/\/www.baque.com\/eu\/denda\/kafe-ehoa\/kafe-ehoa-naturala-250-g\/#primaryimage"},"thumbnailUrl":"https:\/\/www.baque.com\/wp-content\/uploads\/2020\/06\/Baque-Molido-250g-Natural-Facing.jpg","datePublished":"2018-06-20T07:59:59+00:00","dateModified":"2020-04-20T19:55:46+00:00","breadcrumb":{"@id":"https:\/\/www.baque.com\/eu\/denda\/kafe-ehoa\/kafe-ehoa-naturala-250-g\/#breadcrumb"},"inLanguage":"eu-ES","potentialAction":[{"@type":"ReadAction","target":["https:\/\/www.baque.com\/eu\/denda\/kafe-ehoa\/kafe-ehoa-naturala-250-g\/"]}]},{"@type":"ImageObject","inLanguage":"eu-ES","@id":"https:\/\/www.baque.com\/eu\/denda\/kafe-ehoa\/kafe-ehoa-naturala-250-g\/#primaryimage","url":"https:\/\/www.baque.com\/wp-content\/uploads\/2020\/06\/Baque-Molido-250g-Natural-Facing.jpg","contentUrl":"https:\/\/www.baque.com\/wp-content\/uploads\/2020\/06\/Baque-Molido-250g-Natural-Facing.jpg","width":1800,"height":1800},{"@type":"BreadcrumbList","@id":"https:\/\/www.baque.com\/eu\/denda\/kafe-ehoa\/kafe-ehoa-naturala-250-g\/#breadcrumb","itemListElement":[{"@type":"ListItem","position":1,"name":"Portada","item":"https:\/\/www.baque.com\/eu\/"},{"@type":"ListItem","position":2,"name":"Denda","item":"https:\/\/www.baque.com\/eu\/denda\/"},{"@type":"ListItem","position":3,"name":"Kafe ehoa Naturala, 250 g."}]},{"@type":"WebSite","@id":"https:\/\/www.baque.com\/es\/#website","url":"https:\/\/www.baque.com\/es\/","name":"Caf\u00e9s Baqu\u00e9","description":"Somos l\u00edderes en hosteler\u00eda en Pa\u00eds Vasco y La Rioja y una de las marcas m\u00e1s reconocidas en el mercado nacional. Somos una empresa familiar en constante innovaci\u00f3n en el producto. Tostamos y distribuimos caf\u00e9 molido, en grano y c\u00e1psulas para disfrutar en casa, en el bar y en la oficina.","potentialAction":[{"@type":"SearchAction","target":{"@type":"EntryPoint","urlTemplate":"https:\/\/www.baque.com\/es\/?s={search_term_string}"},"query-input":{"@type":"PropertyValueSpecification","valueRequired":true,"valueName":"search_term_string"}}],"inLanguage":"eu-ES"}]}},"_links":{"self":[{"href":"https:\/\/www.baque.com\/eu\/wp-json\/wp\/v2\/product\/3700","targetHints":{"allow":["GET"]}}],"collection":[{"href":"https:\/\/www.baque.com\/eu\/wp-json\/wp\/v2\/product"}],"about":[{"href":"https:\/\/www.baque.com\/eu\/wp-json\/wp\/v2\/types\/product"}],"wp:featuredmedia":[{"embeddable":true,"href":"https:\/\/www.baque.com\/eu\/wp-json\/wp\/v2\/media\/2704880"}],"wp:attachment":[{"href":"https:\/\/www.baque.com\/eu\/wp-json\/wp\/v2\/media?parent=3700"}],"wp:term":[{"taxonomy":"product_brand","embeddable":true,"href":"https:\/\/www.baque.com\/eu\/wp-json\/wp\/v2\/product_brand?post=3700"},{"taxonomy":"product_cat","embeddable":true,"href":"https:\/\/www.baque.com\/eu\/wp-json\/wp\/v2\/product_cat?post=3700"},{"taxonomy":"product_tag","embeddable":true,"href":"https:\/\/www.baque.com\/eu\/wp-json\/wp\/v2\/product_tag?post=3700"}],"curies":[{"name":"wp","href":"https:\/\/api.w.org\/{rel}","templated":true}]}}