
{"id":3812,"date":"2018-06-20T10:04:58","date_gmt":"2018-06-20T08:04:58","guid":{"rendered":"http:\/\/www.baque.com\/tienda\/kategoria-gabea\/te-berdea-25-unit\/"},"modified":"2020-02-20T16:25:27","modified_gmt":"2020-02-20T14:25:27","slug":"te-berdea-25-unit","status":"publish","type":"product","link":"https:\/\/www.baque.com\/eu\/denda\/teak-infusioak\/oinarrizkoak\/te-berdea-25-unit\/","title":{"rendered":"Te berdea, 25 unit."},"content":{"rendered":"<p>Zapore arina eta hosto freskoen aroma dauka; kaltzioa eta fluorra dituenez, hezurrak eta hortzak indartzen ditu. Edariak daukan burdinak zelulei oxigenoa ematen die eta potasioak metabolismoa orekatzen du. Zinkak giza gorputzaren defentsak areagotzen ditu eta hazten laguntzen du.<\/p>\n<h3>Pisua\/kantitatea<\/h3>\n<p>25 unit.<\/p>\n<h3>Osagaiak<\/h3>\n<p>Te berdea.<\/p>\n<h3>Alergenoak<\/h3>\n<p>Bat ere ez.<\/p>\n<h3>Erabilera\/kontserbazio baldintzak<\/h3>\n<p>Gorde leku fresko eta lehor batean.<\/p>\n<h3>Iraungitze data<\/h3>\n<p>36 hilabete<\/p>\n<h3>Aholkua<\/h3>\n<p>Gehienez ere 24\u00baC-tan kontsumitu. Infusio denbora: 3-5 minutu.<\/p>\n","protected":false},"excerpt":{"rendered":"<p>Infusioak iragazkian.<\/p>\n","protected":false},"featured_media":5274,"template":"","meta":{"_acf_changed":false},"product_brand":[],"product_cat":[129],"product_tag":[265,290,328,292,305],"class_list":{"0":"post-3812","1":"product","2":"type-product","3":"status-publish","4":"has-post-thumbnail","6":"product_cat-oinarrizkoak","7":"product_tag-berde","8":"product_tag-infusioak","9":"product_tag-iragazkia","10":"product_tag-tea","11":"product_tag-zorroa","13":"first","14":"instock","15":"taxable","16":"shipping-taxable","17":"purchasable","18":"product-type-simple"},"bundled_by":[],"bundle_stock_status":"instock","bundle_stock_quantity":766,"bundle_virtual":false,"bundle_layout":"","bundle_add_to_cart_form_location":"","bundle_editable_in_cart":false,"bundle_sold_individually_context":"","bundle_item_grouping":"","bundle_min_size":"","bundle_max_size":"","bundle_price":[],"bundled_items":[],"bundle_sell_ids":[],"acf":[],"yoast_head":"<!-- This site is optimized with the Yoast SEO plugin v27.3 - https:\/\/yoast.com\/product\/yoast-seo-wordpress\/ -->\n<title>Te berdea, 25 unit. - Caf\u00e9s Baqu\u00e9<\/title>\n<meta name=\"robots\" content=\"index, follow, max-snippet:-1, max-image-preview:large, max-video-preview:-1\" \/>\n<meta property=\"og:locale\" content=\"eu_ES\" \/>\n<meta property=\"og:type\" content=\"article\" \/>\n<meta property=\"og:title\" content=\"Te berdea, 25 unit. - Caf\u00e9s Baqu\u00e9\" \/>\n<meta property=\"og:description\" content=\"Infusioak iragazkian.\" \/>\n<meta property=\"og:url\" content=\"https:\/\/www.baque.com\/eu\/denda\/teak-infusioak\/oinarrizkoak\/te-berdea-25-unit\/\" \/>\n<meta property=\"og:site_name\" content=\"Caf\u00e9s Baqu\u00e9\" \/>\n<meta property=\"article:modified_time\" content=\"2020-02-20T14:25:27+00:00\" \/>\n<meta property=\"og:image\" content=\"https:\/\/www.baque.com\/wp-content\/uploads\/2018\/11\/25132500-infusiones-basicas-te-verde.jpg\" \/>\n\t<meta property=\"og:image:width\" content=\"500\" \/>\n\t<meta property=\"og:image:height\" content=\"500\" \/>\n\t<meta property=\"og:image:type\" content=\"image\/jpeg\" \/>\n<meta name=\"twitter:card\" content=\"summary_large_image\" \/>\n<script type=\"application\/ld+json\" class=\"yoast-schema-graph\">{\"@context\":\"https:\\\/\\\/schema.org\",\"@graph\":[{\"@type\":\"WebPage\",\"@id\":\"https:\\\/\\\/www.baque.com\\\/eu\\\/denda\\\/teak-infusioak\\\/oinarrizkoak\\\/te-berdea-25-unit\\\/\",\"url\":\"https:\\\/\\\/www.baque.com\\\/eu\\\/denda\\\/teak-infusioak\\\/oinarrizkoak\\\/te-berdea-25-unit\\\/\",\"name\":\"Te berdea, 25 unit. - Caf\u00e9s Baqu\u00e9\",\"isPartOf\":{\"@id\":\"https:\\\/\\\/www.baque.com\\\/es\\\/#website\"},\"primaryImageOfPage\":{\"@id\":\"https:\\\/\\\/www.baque.com\\\/eu\\\/denda\\\/teak-infusioak\\\/oinarrizkoak\\\/te-berdea-25-unit\\\/#primaryimage\"},\"image\":{\"@id\":\"https:\\\/\\\/www.baque.com\\\/eu\\\/denda\\\/teak-infusioak\\\/oinarrizkoak\\\/te-berdea-25-unit\\\/#primaryimage\"},\"thumbnailUrl\":\"https:\\\/\\\/www.baque.com\\\/wp-content\\\/uploads\\\/2018\\\/11\\\/25132500-infusiones-basicas-te-verde.jpg\",\"datePublished\":\"2018-06-20T08:04:58+00:00\",\"dateModified\":\"2020-02-20T14:25:27+00:00\",\"breadcrumb\":{\"@id\":\"https:\\\/\\\/www.baque.com\\\/eu\\\/denda\\\/teak-infusioak\\\/oinarrizkoak\\\/te-berdea-25-unit\\\/#breadcrumb\"},\"inLanguage\":\"eu-ES\",\"potentialAction\":[{\"@type\":\"ReadAction\",\"target\":[\"https:\\\/\\\/www.baque.com\\\/eu\\\/denda\\\/teak-infusioak\\\/oinarrizkoak\\\/te-berdea-25-unit\\\/\"]}]},{\"@type\":\"ImageObject\",\"inLanguage\":\"eu-ES\",\"@id\":\"https:\\\/\\\/www.baque.com\\\/eu\\\/denda\\\/teak-infusioak\\\/oinarrizkoak\\\/te-berdea-25-unit\\\/#primaryimage\",\"url\":\"https:\\\/\\\/www.baque.com\\\/wp-content\\\/uploads\\\/2018\\\/11\\\/25132500-infusiones-basicas-te-verde.jpg\",\"contentUrl\":\"https:\\\/\\\/www.baque.com\\\/wp-content\\\/uploads\\\/2018\\\/11\\\/25132500-infusiones-basicas-te-verde.jpg\",\"width\":500,\"height\":500},{\"@type\":\"BreadcrumbList\",\"@id\":\"https:\\\/\\\/www.baque.com\\\/eu\\\/denda\\\/teak-infusioak\\\/oinarrizkoak\\\/te-berdea-25-unit\\\/#breadcrumb\",\"itemListElement\":[{\"@type\":\"ListItem\",\"position\":1,\"name\":\"Portada\",\"item\":\"https:\\\/\\\/www.baque.com\\\/eu\\\/\"},{\"@type\":\"ListItem\",\"position\":2,\"name\":\"Denda\",\"item\":\"https:\\\/\\\/www.baque.com\\\/eu\\\/denda\\\/\"},{\"@type\":\"ListItem\",\"position\":3,\"name\":\"Te berdea, 25 unit.\"}]},{\"@type\":\"WebSite\",\"@id\":\"https:\\\/\\\/www.baque.com\\\/es\\\/#website\",\"url\":\"https:\\\/\\\/www.baque.com\\\/es\\\/\",\"name\":\"Caf\u00e9s Baqu\u00e9\",\"description\":\"Somos l\u00edderes en hosteler\u00eda en Pa\u00eds Vasco y La Rioja y una de las marcas m\u00e1s reconocidas en el mercado nacional. Somos una empresa familiar en constante innovaci\u00f3n en el producto. Tostamos y distribuimos caf\u00e9 molido, en grano y c\u00e1psulas para disfrutar en casa, en el bar y en la oficina.\",\"potentialAction\":[{\"@type\":\"SearchAction\",\"target\":{\"@type\":\"EntryPoint\",\"urlTemplate\":\"https:\\\/\\\/www.baque.com\\\/es\\\/?s={search_term_string}\"},\"query-input\":{\"@type\":\"PropertyValueSpecification\",\"valueRequired\":true,\"valueName\":\"search_term_string\"}}],\"inLanguage\":\"eu-ES\"}]}<\/script>\n<!-- \/ Yoast SEO plugin. -->","yoast_head_json":{"title":"Te berdea, 25 unit. - Caf\u00e9s Baqu\u00e9","robots":{"index":"index","follow":"follow","max-snippet":"max-snippet:-1","max-image-preview":"max-image-preview:large","max-video-preview":"max-video-preview:-1"},"og_locale":"eu_ES","og_type":"article","og_title":"Te berdea, 25 unit. - Caf\u00e9s Baqu\u00e9","og_description":"Infusioak iragazkian.","og_url":"https:\/\/www.baque.com\/eu\/denda\/teak-infusioak\/oinarrizkoak\/te-berdea-25-unit\/","og_site_name":"Caf\u00e9s Baqu\u00e9","article_modified_time":"2020-02-20T14:25:27+00:00","og_image":[{"width":500,"height":500,"url":"https:\/\/www.baque.com\/wp-content\/uploads\/2018\/11\/25132500-infusiones-basicas-te-verde.jpg","type":"image\/jpeg"}],"twitter_card":"summary_large_image","schema":{"@context":"https:\/\/schema.org","@graph":[{"@type":"WebPage","@id":"https:\/\/www.baque.com\/eu\/denda\/teak-infusioak\/oinarrizkoak\/te-berdea-25-unit\/","url":"https:\/\/www.baque.com\/eu\/denda\/teak-infusioak\/oinarrizkoak\/te-berdea-25-unit\/","name":"Te berdea, 25 unit. - Caf\u00e9s Baqu\u00e9","isPartOf":{"@id":"https:\/\/www.baque.com\/es\/#website"},"primaryImageOfPage":{"@id":"https:\/\/www.baque.com\/eu\/denda\/teak-infusioak\/oinarrizkoak\/te-berdea-25-unit\/#primaryimage"},"image":{"@id":"https:\/\/www.baque.com\/eu\/denda\/teak-infusioak\/oinarrizkoak\/te-berdea-25-unit\/#primaryimage"},"thumbnailUrl":"https:\/\/www.baque.com\/wp-content\/uploads\/2018\/11\/25132500-infusiones-basicas-te-verde.jpg","datePublished":"2018-06-20T08:04:58+00:00","dateModified":"2020-02-20T14:25:27+00:00","breadcrumb":{"@id":"https:\/\/www.baque.com\/eu\/denda\/teak-infusioak\/oinarrizkoak\/te-berdea-25-unit\/#breadcrumb"},"inLanguage":"eu-ES","potentialAction":[{"@type":"ReadAction","target":["https:\/\/www.baque.com\/eu\/denda\/teak-infusioak\/oinarrizkoak\/te-berdea-25-unit\/"]}]},{"@type":"ImageObject","inLanguage":"eu-ES","@id":"https:\/\/www.baque.com\/eu\/denda\/teak-infusioak\/oinarrizkoak\/te-berdea-25-unit\/#primaryimage","url":"https:\/\/www.baque.com\/wp-content\/uploads\/2018\/11\/25132500-infusiones-basicas-te-verde.jpg","contentUrl":"https:\/\/www.baque.com\/wp-content\/uploads\/2018\/11\/25132500-infusiones-basicas-te-verde.jpg","width":500,"height":500},{"@type":"BreadcrumbList","@id":"https:\/\/www.baque.com\/eu\/denda\/teak-infusioak\/oinarrizkoak\/te-berdea-25-unit\/#breadcrumb","itemListElement":[{"@type":"ListItem","position":1,"name":"Portada","item":"https:\/\/www.baque.com\/eu\/"},{"@type":"ListItem","position":2,"name":"Denda","item":"https:\/\/www.baque.com\/eu\/denda\/"},{"@type":"ListItem","position":3,"name":"Te berdea, 25 unit."}]},{"@type":"WebSite","@id":"https:\/\/www.baque.com\/es\/#website","url":"https:\/\/www.baque.com\/es\/","name":"Caf\u00e9s Baqu\u00e9","description":"Somos l\u00edderes en hosteler\u00eda en Pa\u00eds Vasco y La Rioja y una de las marcas m\u00e1s reconocidas en el mercado nacional. Somos una empresa familiar en constante innovaci\u00f3n en el producto. Tostamos y distribuimos caf\u00e9 molido, en grano y c\u00e1psulas para disfrutar en casa, en el bar y en la oficina.","potentialAction":[{"@type":"SearchAction","target":{"@type":"EntryPoint","urlTemplate":"https:\/\/www.baque.com\/es\/?s={search_term_string}"},"query-input":{"@type":"PropertyValueSpecification","valueRequired":true,"valueName":"search_term_string"}}],"inLanguage":"eu-ES"}]}},"_links":{"self":[{"href":"https:\/\/www.baque.com\/eu\/wp-json\/wp\/v2\/product\/3812","targetHints":{"allow":["GET"]}}],"collection":[{"href":"https:\/\/www.baque.com\/eu\/wp-json\/wp\/v2\/product"}],"about":[{"href":"https:\/\/www.baque.com\/eu\/wp-json\/wp\/v2\/types\/product"}],"wp:featuredmedia":[{"embeddable":true,"href":"https:\/\/www.baque.com\/eu\/wp-json\/wp\/v2\/media\/5274"}],"wp:attachment":[{"href":"https:\/\/www.baque.com\/eu\/wp-json\/wp\/v2\/media?parent=3812"}],"wp:term":[{"taxonomy":"product_brand","embeddable":true,"href":"https:\/\/www.baque.com\/eu\/wp-json\/wp\/v2\/product_brand?post=3812"},{"taxonomy":"product_cat","embeddable":true,"href":"https:\/\/www.baque.com\/eu\/wp-json\/wp\/v2\/product_cat?post=3812"},{"taxonomy":"product_tag","embeddable":true,"href":"https:\/\/www.baque.com\/eu\/wp-json\/wp\/v2\/product_tag?post=3812"}],"curies":[{"name":"wp","href":"https:\/\/api.w.org\/{rel}","templated":true}]}}