
{"id":3836,"date":"2018-06-20T10:05:16","date_gmt":"2018-06-20T08:05:16","guid":{"rendered":"http:\/\/www.baque.com\/tienda\/kategoria-gabea\/egiteko-txokolatea-25-unit\/"},"modified":"2022-04-04T14:45:35","modified_gmt":"2022-04-04T12:45:35","slug":"egiteko-txokolatea-25-unit","status":"publish","type":"product","link":"https:\/\/www.baque.com\/eu\/denda\/kakaoak\/kakao-disolbagarria\/egiteko-txokolatea-25-unit\/","title":{"rendered":"Egiteko txokolatea, 25 unit."},"content":{"rendered":"<p>Baqu\u00e9ren egiteko txokolatearen prestakina, aroma bizikoa eta kakao zapore handikoa.<\/p>\n<h3>Pisua\/kantitatea<\/h3>\n<p>25 unit.<\/p>\n<h3>Osagaiak<\/h3>\n<p>Azukrea, arto almidoia, kakao hauts gantzgabetua, banilla eta kanela aromak.<\/p>\n<h3>Alergenoak<\/h3>\n<p>Bat ere ez. Glutenik eta aztarnarik gabea.<\/p>\n<h3>Erabilera\/kontserbazio baldintzak<\/h3>\n<p>Gorde leku fresko eta lehor batean.<\/p>\n<h3>Iraungitze data<\/h3>\n<p>12 hilabete<\/p>\n<h3>Aholkua<\/h3>\n<p>Isuri kikara batean eta berotu. Ezin hobea neguko arratsalde hotzetan edo euritsuetan gozatzeko.<\/p>\n","protected":false},"excerpt":{"rendered":"<p>Egiteko txokolatea.<\/p>\n","protected":false},"featured_media":5226,"template":"","meta":{"_acf_changed":false},"product_brand":[],"product_cat":[136,516,128],"product_tag":[309,308,372,313],"class_list":{"0":"post-3836","1":"product","2":"type-product","3":"status-publish","4":"has-post-thumbnail","6":"product_cat-kafea","7":"product_cat-kakao-disolbagarria","8":"product_cat-kakaoak","9":"product_tag-beroa","10":"product_tag-kakaoa","11":"product_tag-kikara","12":"product_tag-txokolatea","14":"first","15":"instock","16":"taxable","17":"shipping-taxable","18":"purchasable","19":"product-type-simple"},"bundled_by":[],"bundle_stock_status":"instock","bundle_stock_quantity":815,"bundle_virtual":false,"bundle_layout":"","bundle_add_to_cart_form_location":"","bundle_editable_in_cart":false,"bundle_sold_individually_context":"","bundle_item_grouping":"","bundle_min_size":"","bundle_max_size":"","bundle_price":[],"bundled_items":[],"bundle_sell_ids":[],"acf":[],"yoast_head":"<!-- This site is optimized with the Yoast SEO plugin v27.3 - https:\/\/yoast.com\/product\/yoast-seo-wordpress\/ -->\n<title>Egiteko txokolatea, 25 unit. - Caf\u00e9s Baqu\u00e9<\/title>\n<meta name=\"robots\" content=\"index, follow, max-snippet:-1, max-image-preview:large, max-video-preview:-1\" \/>\n<meta property=\"og:locale\" content=\"eu_ES\" \/>\n<meta property=\"og:type\" content=\"article\" \/>\n<meta property=\"og:title\" content=\"Egiteko txokolatea, 25 unit. - Caf\u00e9s Baqu\u00e9\" \/>\n<meta property=\"og:description\" content=\"Egiteko txokolatea.\" \/>\n<meta property=\"og:url\" content=\"https:\/\/www.baque.com\/eu\/denda\/kakaoak\/kakao-disolbagarria\/egiteko-txokolatea-25-unit\/\" \/>\n<meta property=\"og:site_name\" content=\"Caf\u00e9s Baqu\u00e9\" \/>\n<meta property=\"article:modified_time\" content=\"2022-04-04T12:45:35+00:00\" \/>\n<meta property=\"og:image\" content=\"https:\/\/www.baque.com\/wp-content\/uploads\/2018\/11\/24201100-chocolate-a-la-taza.jpg\" \/>\n\t<meta property=\"og:image:width\" content=\"500\" \/>\n\t<meta property=\"og:image:height\" content=\"500\" \/>\n\t<meta property=\"og:image:type\" content=\"image\/jpeg\" \/>\n<meta name=\"twitter:card\" content=\"summary_large_image\" \/>\n<script type=\"application\/ld+json\" class=\"yoast-schema-graph\">{\"@context\":\"https:\\\/\\\/schema.org\",\"@graph\":[{\"@type\":\"WebPage\",\"@id\":\"https:\\\/\\\/www.baque.com\\\/eu\\\/denda\\\/kakaoak\\\/kakao-disolbagarria\\\/egiteko-txokolatea-25-unit\\\/\",\"url\":\"https:\\\/\\\/www.baque.com\\\/eu\\\/denda\\\/kakaoak\\\/kakao-disolbagarria\\\/egiteko-txokolatea-25-unit\\\/\",\"name\":\"Egiteko txokolatea, 25 unit. - Caf\u00e9s Baqu\u00e9\",\"isPartOf\":{\"@id\":\"https:\\\/\\\/www.baque.com\\\/es\\\/#website\"},\"primaryImageOfPage\":{\"@id\":\"https:\\\/\\\/www.baque.com\\\/eu\\\/denda\\\/kakaoak\\\/kakao-disolbagarria\\\/egiteko-txokolatea-25-unit\\\/#primaryimage\"},\"image\":{\"@id\":\"https:\\\/\\\/www.baque.com\\\/eu\\\/denda\\\/kakaoak\\\/kakao-disolbagarria\\\/egiteko-txokolatea-25-unit\\\/#primaryimage\"},\"thumbnailUrl\":\"https:\\\/\\\/www.baque.com\\\/wp-content\\\/uploads\\\/2018\\\/11\\\/24201100-chocolate-a-la-taza.jpg\",\"datePublished\":\"2018-06-20T08:05:16+00:00\",\"dateModified\":\"2022-04-04T12:45:35+00:00\",\"breadcrumb\":{\"@id\":\"https:\\\/\\\/www.baque.com\\\/eu\\\/denda\\\/kakaoak\\\/kakao-disolbagarria\\\/egiteko-txokolatea-25-unit\\\/#breadcrumb\"},\"inLanguage\":\"eu-ES\",\"potentialAction\":[{\"@type\":\"ReadAction\",\"target\":[\"https:\\\/\\\/www.baque.com\\\/eu\\\/denda\\\/kakaoak\\\/kakao-disolbagarria\\\/egiteko-txokolatea-25-unit\\\/\"]}]},{\"@type\":\"ImageObject\",\"inLanguage\":\"eu-ES\",\"@id\":\"https:\\\/\\\/www.baque.com\\\/eu\\\/denda\\\/kakaoak\\\/kakao-disolbagarria\\\/egiteko-txokolatea-25-unit\\\/#primaryimage\",\"url\":\"https:\\\/\\\/www.baque.com\\\/wp-content\\\/uploads\\\/2018\\\/11\\\/24201100-chocolate-a-la-taza.jpg\",\"contentUrl\":\"https:\\\/\\\/www.baque.com\\\/wp-content\\\/uploads\\\/2018\\\/11\\\/24201100-chocolate-a-la-taza.jpg\",\"width\":500,\"height\":500},{\"@type\":\"BreadcrumbList\",\"@id\":\"https:\\\/\\\/www.baque.com\\\/eu\\\/denda\\\/kakaoak\\\/kakao-disolbagarria\\\/egiteko-txokolatea-25-unit\\\/#breadcrumb\",\"itemListElement\":[{\"@type\":\"ListItem\",\"position\":1,\"name\":\"Portada\",\"item\":\"https:\\\/\\\/www.baque.com\\\/eu\\\/\"},{\"@type\":\"ListItem\",\"position\":2,\"name\":\"Denda\",\"item\":\"https:\\\/\\\/www.baque.com\\\/eu\\\/denda\\\/\"},{\"@type\":\"ListItem\",\"position\":3,\"name\":\"Egiteko txokolatea, 25 unit.\"}]},{\"@type\":\"WebSite\",\"@id\":\"https:\\\/\\\/www.baque.com\\\/es\\\/#website\",\"url\":\"https:\\\/\\\/www.baque.com\\\/es\\\/\",\"name\":\"Caf\u00e9s Baqu\u00e9\",\"description\":\"Somos l\u00edderes en hosteler\u00eda en Pa\u00eds Vasco y La Rioja y una de las marcas m\u00e1s reconocidas en el mercado nacional. Somos una empresa familiar en constante innovaci\u00f3n en el producto. Tostamos y distribuimos caf\u00e9 molido, en grano y c\u00e1psulas para disfrutar en casa, en el bar y en la oficina.\",\"potentialAction\":[{\"@type\":\"SearchAction\",\"target\":{\"@type\":\"EntryPoint\",\"urlTemplate\":\"https:\\\/\\\/www.baque.com\\\/es\\\/?s={search_term_string}\"},\"query-input\":{\"@type\":\"PropertyValueSpecification\",\"valueRequired\":true,\"valueName\":\"search_term_string\"}}],\"inLanguage\":\"eu-ES\"}]}<\/script>\n<!-- \/ Yoast SEO plugin. -->","yoast_head_json":{"title":"Egiteko txokolatea, 25 unit. - Caf\u00e9s Baqu\u00e9","robots":{"index":"index","follow":"follow","max-snippet":"max-snippet:-1","max-image-preview":"max-image-preview:large","max-video-preview":"max-video-preview:-1"},"og_locale":"eu_ES","og_type":"article","og_title":"Egiteko txokolatea, 25 unit. - Caf\u00e9s Baqu\u00e9","og_description":"Egiteko txokolatea.","og_url":"https:\/\/www.baque.com\/eu\/denda\/kakaoak\/kakao-disolbagarria\/egiteko-txokolatea-25-unit\/","og_site_name":"Caf\u00e9s Baqu\u00e9","article_modified_time":"2022-04-04T12:45:35+00:00","og_image":[{"width":500,"height":500,"url":"https:\/\/www.baque.com\/wp-content\/uploads\/2018\/11\/24201100-chocolate-a-la-taza.jpg","type":"image\/jpeg"}],"twitter_card":"summary_large_image","schema":{"@context":"https:\/\/schema.org","@graph":[{"@type":"WebPage","@id":"https:\/\/www.baque.com\/eu\/denda\/kakaoak\/kakao-disolbagarria\/egiteko-txokolatea-25-unit\/","url":"https:\/\/www.baque.com\/eu\/denda\/kakaoak\/kakao-disolbagarria\/egiteko-txokolatea-25-unit\/","name":"Egiteko txokolatea, 25 unit. - Caf\u00e9s Baqu\u00e9","isPartOf":{"@id":"https:\/\/www.baque.com\/es\/#website"},"primaryImageOfPage":{"@id":"https:\/\/www.baque.com\/eu\/denda\/kakaoak\/kakao-disolbagarria\/egiteko-txokolatea-25-unit\/#primaryimage"},"image":{"@id":"https:\/\/www.baque.com\/eu\/denda\/kakaoak\/kakao-disolbagarria\/egiteko-txokolatea-25-unit\/#primaryimage"},"thumbnailUrl":"https:\/\/www.baque.com\/wp-content\/uploads\/2018\/11\/24201100-chocolate-a-la-taza.jpg","datePublished":"2018-06-20T08:05:16+00:00","dateModified":"2022-04-04T12:45:35+00:00","breadcrumb":{"@id":"https:\/\/www.baque.com\/eu\/denda\/kakaoak\/kakao-disolbagarria\/egiteko-txokolatea-25-unit\/#breadcrumb"},"inLanguage":"eu-ES","potentialAction":[{"@type":"ReadAction","target":["https:\/\/www.baque.com\/eu\/denda\/kakaoak\/kakao-disolbagarria\/egiteko-txokolatea-25-unit\/"]}]},{"@type":"ImageObject","inLanguage":"eu-ES","@id":"https:\/\/www.baque.com\/eu\/denda\/kakaoak\/kakao-disolbagarria\/egiteko-txokolatea-25-unit\/#primaryimage","url":"https:\/\/www.baque.com\/wp-content\/uploads\/2018\/11\/24201100-chocolate-a-la-taza.jpg","contentUrl":"https:\/\/www.baque.com\/wp-content\/uploads\/2018\/11\/24201100-chocolate-a-la-taza.jpg","width":500,"height":500},{"@type":"BreadcrumbList","@id":"https:\/\/www.baque.com\/eu\/denda\/kakaoak\/kakao-disolbagarria\/egiteko-txokolatea-25-unit\/#breadcrumb","itemListElement":[{"@type":"ListItem","position":1,"name":"Portada","item":"https:\/\/www.baque.com\/eu\/"},{"@type":"ListItem","position":2,"name":"Denda","item":"https:\/\/www.baque.com\/eu\/denda\/"},{"@type":"ListItem","position":3,"name":"Egiteko txokolatea, 25 unit."}]},{"@type":"WebSite","@id":"https:\/\/www.baque.com\/es\/#website","url":"https:\/\/www.baque.com\/es\/","name":"Caf\u00e9s Baqu\u00e9","description":"Somos l\u00edderes en hosteler\u00eda en Pa\u00eds Vasco y La Rioja y una de las marcas m\u00e1s reconocidas en el mercado nacional. Somos una empresa familiar en constante innovaci\u00f3n en el producto. Tostamos y distribuimos caf\u00e9 molido, en grano y c\u00e1psulas para disfrutar en casa, en el bar y en la oficina.","potentialAction":[{"@type":"SearchAction","target":{"@type":"EntryPoint","urlTemplate":"https:\/\/www.baque.com\/es\/?s={search_term_string}"},"query-input":{"@type":"PropertyValueSpecification","valueRequired":true,"valueName":"search_term_string"}}],"inLanguage":"eu-ES"}]}},"_links":{"self":[{"href":"https:\/\/www.baque.com\/eu\/wp-json\/wp\/v2\/product\/3836","targetHints":{"allow":["GET"]}}],"collection":[{"href":"https:\/\/www.baque.com\/eu\/wp-json\/wp\/v2\/product"}],"about":[{"href":"https:\/\/www.baque.com\/eu\/wp-json\/wp\/v2\/types\/product"}],"wp:featuredmedia":[{"embeddable":true,"href":"https:\/\/www.baque.com\/eu\/wp-json\/wp\/v2\/media\/5226"}],"wp:attachment":[{"href":"https:\/\/www.baque.com\/eu\/wp-json\/wp\/v2\/media?parent=3836"}],"wp:term":[{"taxonomy":"product_brand","embeddable":true,"href":"https:\/\/www.baque.com\/eu\/wp-json\/wp\/v2\/product_brand?post=3836"},{"taxonomy":"product_cat","embeddable":true,"href":"https:\/\/www.baque.com\/eu\/wp-json\/wp\/v2\/product_cat?post=3836"},{"taxonomy":"product_tag","embeddable":true,"href":"https:\/\/www.baque.com\/eu\/wp-json\/wp\/v2\/product_tag?post=3836"}],"curies":[{"name":"wp","href":"https:\/\/api.w.org\/{rel}","templated":true}]}}