
{"id":3868,"date":"2018-06-20T10:06:39","date_gmt":"2018-06-20T08:06:39","guid":{"rendered":"http:\/\/www.baque.com\/tienda\/kategoria-gabea\/cookie-nahastea-200-unit\/"},"modified":"2020-02-21T14:51:35","modified_gmt":"2020-02-21T12:51:35","slug":"cookie-nahastea-200-unit","status":"publish","type":"product","link":"https:\/\/www.baque.com\/eu\/denda\/amenity-ak\/cookie-nahastea-200-unit\/","title":{"rendered":"Cookie nahastea, 200 unit."},"content":{"rendered":"<p>Kalitatezko hiru zaporetako (limoia, gurina eta txokolatea) cookie txikien sorta; kafearekin batera hartuta, une hori erlaxatzeko eta plazerez betetzeko momentua izango da.<\/p>\n<h3>Pisua\/kantitatea<\/h3>\n<p>200 unit.<\/p>\n<h3>Osagaiak<\/h3>\n<p><b>Gailetak txokolate pipitekin:<\/b> gari irina, landare koipea (palma), azukrea, txokolate pipitak %16 (azukrea, kakao orea, kakao gurina, emultsionatzailea: lezitinak), nougatine %5 (azukrea, almendra, urra), arrautzak, legamia hautsa: E450 &#8211; E500 (ii), laktosa eta esne proteinak, glukosa jarabea, gatza, aroma. Kakahuete, soja eta beste fruitu lehor batzuen arrastoak izan ditzake.<\/p>\n<p><b>Gurinezko gaileta:<\/b> gari irina, gurina %30, azukrea, gari zuntzak, laktosa eta esne proteinak, gatza, legamia hautsa: E450 &#8211; E500 (ii). Fruitu lehor, arrautza, kakahuete eta soja arrastoak izan ditzake.<\/p>\n<p><b>Limoizko gaileta:<\/b><\/p>\n<p>gari irina, gurina %17, azukrea, arrautza osoak, arrautza gorringoa, Siziliako limoiaren aroma naturala %0.8, esne hauts gaingabetua, gatza, legamia hautsa: E450 &#8211; E500 (ii). Soja eta fruitu lehor aztarnak izan ditzake.<\/p>\n<h3>Alergenoak<\/h3>\n<p><b>Txokolate pipitadun galleta:<\/b> garia, arbendola, hurra, arrautza, laktosa, esnea. Soja, kakahuete eta beste fruitu lehor batzuen aztarnak izan ditzake.<\/p>\n<p><b>Gurinezko galleta:<b><\/b> garia, gurina, laktosa, esnea. Fruitu lehor, arrautza, kakahuete eta soja aztarnak izan ditzake.<\/b><\/p>\n<p><b>Limoi galleta:<\/b> garia, gurina, arrautza, esnea. Soja eta fruitu lehor aztarnak izan ditzake.<\/p>\n<h3>Nutrizio informazioa<\/h3>\n<table class='ingredientes'><tr><th align='left'>Balio Energetikoa<\/th><th align='right'>498 kcal.\/ 2086 kJ.<\/th><\/tr><tr><td align='left'>Koipeak guztira<\/td><td align='right'>24 g.<\/td><\/tr><tr><td align='left'>eta horietatik aseak<\/td><td align='right'>14 g.<\/td><\/tr><tr><td align='left'>Karbohidratoak<\/td><td align='right'>64 g.<\/td><\/tr><tr><td align='left'>eta horietatik azukreak<\/td><td align='right'>27 g.<\/td><\/tr><tr><td align='left'>Proteinak<\/td><td align='right'>6,4 g.<\/td><\/tr><tr><td align='left'>Gatza<\/td><td align='right'>0,94 g.<\/td><\/tr><\/table>\n<h3>Erabilera\/kontserbazio baldintzak<\/h3>\n<p>Gorde leku fresko, lehor eta usainik gabeko batean.<\/p>\n<h3>Iraungitze data<\/h3>\n<p>10 hilabete<\/p>\n<h3>Aholkua<\/h3>\n<p>Ezin hobeak goizeko kafeari laguntzeko.<\/p>\n","protected":false},"excerpt":{"rendered":"<p>Amenity-ak.<\/p>\n","protected":false},"featured_media":5248,"template":"","meta":{"_acf_changed":false},"product_brand":[],"product_cat":[124],"product_tag":[263,317,279,272,344,266,352,313],"class_list":{"0":"post-3868","1":"product","2":"type-product","3":"status-publish","4":"has-post-thumbnail","6":"product_cat-amenity-ak","7":"product_tag-amenity-ak","8":"product_tag-cookieak","9":"product_tag-gailetak","10":"product_tag-gozokiak","11":"product_tag-gurina","12":"product_tag-limoia","13":"product_tag-mix-eu","14":"product_tag-txokolatea","16":"first","17":"outofstock","18":"taxable","19":"shipping-taxable","20":"purchasable","21":"product-type-simple"},"bundled_by":[],"bundle_stock_status":"outofstock","bundle_stock_quantity":0,"bundle_virtual":false,"bundle_layout":"","bundle_add_to_cart_form_location":"","bundle_editable_in_cart":false,"bundle_sold_individually_context":"","bundle_item_grouping":"","bundle_min_size":"","bundle_max_size":"","bundle_price":[],"bundled_items":[],"bundle_sell_ids":[],"acf":[],"yoast_head":"<!-- This site is optimized with the Yoast SEO plugin v27.3 - https:\/\/yoast.com\/product\/yoast-seo-wordpress\/ -->\n<title>Cookie nahastea, 200 unit. - Caf\u00e9s Baqu\u00e9<\/title>\n<meta name=\"robots\" content=\"index, follow, max-snippet:-1, max-image-preview:large, max-video-preview:-1\" \/>\n<meta property=\"og:locale\" content=\"eu_ES\" \/>\n<meta property=\"og:type\" content=\"article\" \/>\n<meta property=\"og:title\" content=\"Cookie nahastea, 200 unit. - Caf\u00e9s Baqu\u00e9\" \/>\n<meta property=\"og:description\" content=\"Amenity-ak.\" \/>\n<meta property=\"og:url\" content=\"https:\/\/www.baque.com\/eu\/denda\/amenity-ak\/cookie-nahastea-200-unit\/\" \/>\n<meta property=\"og:site_name\" content=\"Caf\u00e9s Baqu\u00e9\" \/>\n<meta property=\"article:modified_time\" content=\"2020-02-21T12:51:35+00:00\" \/>\n<meta property=\"og:image\" content=\"https:\/\/www.baque.com\/wp-content\/uploads\/2018\/11\/24501102-amenities-mini-cookies.jpg\" \/>\n\t<meta property=\"og:image:width\" content=\"500\" \/>\n\t<meta property=\"og:image:height\" content=\"500\" \/>\n\t<meta property=\"og:image:type\" content=\"image\/jpeg\" \/>\n<meta name=\"twitter:card\" content=\"summary_large_image\" \/>\n<meta name=\"twitter:label1\" content=\"Est. reading time\" \/>\n\t<meta name=\"twitter:data1\" content=\"1 minute\" \/>\n<script type=\"application\/ld+json\" class=\"yoast-schema-graph\">{\"@context\":\"https:\\\/\\\/schema.org\",\"@graph\":[{\"@type\":\"WebPage\",\"@id\":\"https:\\\/\\\/www.baque.com\\\/eu\\\/denda\\\/amenity-ak\\\/cookie-nahastea-200-unit\\\/\",\"url\":\"https:\\\/\\\/www.baque.com\\\/eu\\\/denda\\\/amenity-ak\\\/cookie-nahastea-200-unit\\\/\",\"name\":\"Cookie nahastea, 200 unit. - Caf\u00e9s Baqu\u00e9\",\"isPartOf\":{\"@id\":\"https:\\\/\\\/www.baque.com\\\/es\\\/#website\"},\"primaryImageOfPage\":{\"@id\":\"https:\\\/\\\/www.baque.com\\\/eu\\\/denda\\\/amenity-ak\\\/cookie-nahastea-200-unit\\\/#primaryimage\"},\"image\":{\"@id\":\"https:\\\/\\\/www.baque.com\\\/eu\\\/denda\\\/amenity-ak\\\/cookie-nahastea-200-unit\\\/#primaryimage\"},\"thumbnailUrl\":\"https:\\\/\\\/www.baque.com\\\/wp-content\\\/uploads\\\/2018\\\/11\\\/24501102-amenities-mini-cookies.jpg\",\"datePublished\":\"2018-06-20T08:06:39+00:00\",\"dateModified\":\"2020-02-21T12:51:35+00:00\",\"breadcrumb\":{\"@id\":\"https:\\\/\\\/www.baque.com\\\/eu\\\/denda\\\/amenity-ak\\\/cookie-nahastea-200-unit\\\/#breadcrumb\"},\"inLanguage\":\"eu-ES\",\"potentialAction\":[{\"@type\":\"ReadAction\",\"target\":[\"https:\\\/\\\/www.baque.com\\\/eu\\\/denda\\\/amenity-ak\\\/cookie-nahastea-200-unit\\\/\"]}]},{\"@type\":\"ImageObject\",\"inLanguage\":\"eu-ES\",\"@id\":\"https:\\\/\\\/www.baque.com\\\/eu\\\/denda\\\/amenity-ak\\\/cookie-nahastea-200-unit\\\/#primaryimage\",\"url\":\"https:\\\/\\\/www.baque.com\\\/wp-content\\\/uploads\\\/2018\\\/11\\\/24501102-amenities-mini-cookies.jpg\",\"contentUrl\":\"https:\\\/\\\/www.baque.com\\\/wp-content\\\/uploads\\\/2018\\\/11\\\/24501102-amenities-mini-cookies.jpg\",\"width\":500,\"height\":500,\"caption\":\"mini cookies\"},{\"@type\":\"BreadcrumbList\",\"@id\":\"https:\\\/\\\/www.baque.com\\\/eu\\\/denda\\\/amenity-ak\\\/cookie-nahastea-200-unit\\\/#breadcrumb\",\"itemListElement\":[{\"@type\":\"ListItem\",\"position\":1,\"name\":\"Portada\",\"item\":\"https:\\\/\\\/www.baque.com\\\/eu\\\/\"},{\"@type\":\"ListItem\",\"position\":2,\"name\":\"Denda\",\"item\":\"https:\\\/\\\/www.baque.com\\\/eu\\\/denda\\\/\"},{\"@type\":\"ListItem\",\"position\":3,\"name\":\"Cookie nahastea, 200 unit.\"}]},{\"@type\":\"WebSite\",\"@id\":\"https:\\\/\\\/www.baque.com\\\/es\\\/#website\",\"url\":\"https:\\\/\\\/www.baque.com\\\/es\\\/\",\"name\":\"Caf\u00e9s Baqu\u00e9\",\"description\":\"Somos l\u00edderes en hosteler\u00eda en Pa\u00eds Vasco y La Rioja y una de las marcas m\u00e1s reconocidas en el mercado nacional. Somos una empresa familiar en constante innovaci\u00f3n en el producto. Tostamos y distribuimos caf\u00e9 molido, en grano y c\u00e1psulas para disfrutar en casa, en el bar y en la oficina.\",\"potentialAction\":[{\"@type\":\"SearchAction\",\"target\":{\"@type\":\"EntryPoint\",\"urlTemplate\":\"https:\\\/\\\/www.baque.com\\\/es\\\/?s={search_term_string}\"},\"query-input\":{\"@type\":\"PropertyValueSpecification\",\"valueRequired\":true,\"valueName\":\"search_term_string\"}}],\"inLanguage\":\"eu-ES\"}]}<\/script>\n<!-- \/ Yoast SEO plugin. -->","yoast_head_json":{"title":"Cookie nahastea, 200 unit. - Caf\u00e9s Baqu\u00e9","robots":{"index":"index","follow":"follow","max-snippet":"max-snippet:-1","max-image-preview":"max-image-preview:large","max-video-preview":"max-video-preview:-1"},"og_locale":"eu_ES","og_type":"article","og_title":"Cookie nahastea, 200 unit. - Caf\u00e9s Baqu\u00e9","og_description":"Amenity-ak.","og_url":"https:\/\/www.baque.com\/eu\/denda\/amenity-ak\/cookie-nahastea-200-unit\/","og_site_name":"Caf\u00e9s Baqu\u00e9","article_modified_time":"2020-02-21T12:51:35+00:00","og_image":[{"width":500,"height":500,"url":"https:\/\/www.baque.com\/wp-content\/uploads\/2018\/11\/24501102-amenities-mini-cookies.jpg","type":"image\/jpeg"}],"twitter_card":"summary_large_image","twitter_misc":{"Est. reading time":"1 minute"},"schema":{"@context":"https:\/\/schema.org","@graph":[{"@type":"WebPage","@id":"https:\/\/www.baque.com\/eu\/denda\/amenity-ak\/cookie-nahastea-200-unit\/","url":"https:\/\/www.baque.com\/eu\/denda\/amenity-ak\/cookie-nahastea-200-unit\/","name":"Cookie nahastea, 200 unit. - Caf\u00e9s Baqu\u00e9","isPartOf":{"@id":"https:\/\/www.baque.com\/es\/#website"},"primaryImageOfPage":{"@id":"https:\/\/www.baque.com\/eu\/denda\/amenity-ak\/cookie-nahastea-200-unit\/#primaryimage"},"image":{"@id":"https:\/\/www.baque.com\/eu\/denda\/amenity-ak\/cookie-nahastea-200-unit\/#primaryimage"},"thumbnailUrl":"https:\/\/www.baque.com\/wp-content\/uploads\/2018\/11\/24501102-amenities-mini-cookies.jpg","datePublished":"2018-06-20T08:06:39+00:00","dateModified":"2020-02-21T12:51:35+00:00","breadcrumb":{"@id":"https:\/\/www.baque.com\/eu\/denda\/amenity-ak\/cookie-nahastea-200-unit\/#breadcrumb"},"inLanguage":"eu-ES","potentialAction":[{"@type":"ReadAction","target":["https:\/\/www.baque.com\/eu\/denda\/amenity-ak\/cookie-nahastea-200-unit\/"]}]},{"@type":"ImageObject","inLanguage":"eu-ES","@id":"https:\/\/www.baque.com\/eu\/denda\/amenity-ak\/cookie-nahastea-200-unit\/#primaryimage","url":"https:\/\/www.baque.com\/wp-content\/uploads\/2018\/11\/24501102-amenities-mini-cookies.jpg","contentUrl":"https:\/\/www.baque.com\/wp-content\/uploads\/2018\/11\/24501102-amenities-mini-cookies.jpg","width":500,"height":500,"caption":"mini cookies"},{"@type":"BreadcrumbList","@id":"https:\/\/www.baque.com\/eu\/denda\/amenity-ak\/cookie-nahastea-200-unit\/#breadcrumb","itemListElement":[{"@type":"ListItem","position":1,"name":"Portada","item":"https:\/\/www.baque.com\/eu\/"},{"@type":"ListItem","position":2,"name":"Denda","item":"https:\/\/www.baque.com\/eu\/denda\/"},{"@type":"ListItem","position":3,"name":"Cookie nahastea, 200 unit."}]},{"@type":"WebSite","@id":"https:\/\/www.baque.com\/es\/#website","url":"https:\/\/www.baque.com\/es\/","name":"Caf\u00e9s Baqu\u00e9","description":"Somos l\u00edderes en hosteler\u00eda en Pa\u00eds Vasco y La Rioja y una de las marcas m\u00e1s reconocidas en el mercado nacional. Somos una empresa familiar en constante innovaci\u00f3n en el producto. Tostamos y distribuimos caf\u00e9 molido, en grano y c\u00e1psulas para disfrutar en casa, en el bar y en la oficina.","potentialAction":[{"@type":"SearchAction","target":{"@type":"EntryPoint","urlTemplate":"https:\/\/www.baque.com\/es\/?s={search_term_string}"},"query-input":{"@type":"PropertyValueSpecification","valueRequired":true,"valueName":"search_term_string"}}],"inLanguage":"eu-ES"}]}},"_links":{"self":[{"href":"https:\/\/www.baque.com\/eu\/wp-json\/wp\/v2\/product\/3868","targetHints":{"allow":["GET"]}}],"collection":[{"href":"https:\/\/www.baque.com\/eu\/wp-json\/wp\/v2\/product"}],"about":[{"href":"https:\/\/www.baque.com\/eu\/wp-json\/wp\/v2\/types\/product"}],"wp:featuredmedia":[{"embeddable":true,"href":"https:\/\/www.baque.com\/eu\/wp-json\/wp\/v2\/media\/5248"}],"wp:attachment":[{"href":"https:\/\/www.baque.com\/eu\/wp-json\/wp\/v2\/media?parent=3868"}],"wp:term":[{"taxonomy":"product_brand","embeddable":true,"href":"https:\/\/www.baque.com\/eu\/wp-json\/wp\/v2\/product_brand?post=3868"},{"taxonomy":"product_cat","embeddable":true,"href":"https:\/\/www.baque.com\/eu\/wp-json\/wp\/v2\/product_cat?post=3868"},{"taxonomy":"product_tag","embeddable":true,"href":"https:\/\/www.baque.com\/eu\/wp-json\/wp\/v2\/product_tag?post=3868"}],"curies":[{"name":"wp","href":"https:\/\/api.w.org\/{rel}","templated":true}]}}