
{"id":3902,"date":"2018-06-25T09:38:24","date_gmt":"2018-06-25T07:38:24","guid":{"rendered":"http:\/\/www.baque.com\/tienda\/kategoria-gabea\/earl-grey-bio-te-beltza\/"},"modified":"2019-11-25T13:28:29","modified_gmt":"2019-11-25T11:28:29","slug":"earl-grey-bio-te-beltza","status":"publish","type":"product","link":"https:\/\/www.baque.com\/eu\/denda\/teak-infusioak\/organikoak\/earl-grey-bio-te-beltza\/","title":{"rendered":"Earl Grey Bio te beltza"},"content":{"rendered":"<p> Earl Grey te beltzaren Bio infusioa. Piramide formako te biologiko atsegin eta goxo-goxoa.<\/p>\n<h3>Pisua\/kantitatea<\/h3>\n<p>15 piramide zorrotan x 2g kutxatilan<\/p>\n<h3>Osagaiak<\/h3>\n<p>Assam te beltza, Sudindikoa, aroma naturala, nabar lorea.<\/p>\n<h3>Alergenoak<\/h3>\n<p>Fruitu azaldun, esne, soja eta sulfito arrastoak izan ditzake.<\/p>\n<h3>Erabilera\/kontserbazio baldintzak<\/h3>\n<p>Leku fresko eta lehor batean mantendu. Gomendatutako kontserbazio tenperatura: &lt;24\u00baC<\/p>\n<h3>Iraungitze data<\/h3>\n<p>24 hilabete<\/p>\n<h3>Aholkua<\/h3>\n<p>Piramidea ur beroa duen edalontzi batean sartu eta infusionatzen utzi 2-3 min.<\/p>\n","protected":false},"excerpt":{"rendered":"<p>Te &amp; Infusio Organikoak.<\/p>\n","protected":false},"featured_media":5514,"template":"","meta":{"_acf_changed":false},"product_brand":[],"product_cat":[296],"product_tag":[273,292],"class_list":{"0":"post-3902","1":"product","2":"type-product","3":"status-publish","4":"has-post-thumbnail","6":"product_cat-organikoak","7":"product_tag-organikoa","8":"product_tag-tea","10":"first","11":"instock","12":"taxable","13":"shipping-taxable","14":"purchasable","15":"product-type-simple"},"bundled_by":[],"bundle_stock_status":"instock","bundle_stock_quantity":538,"bundle_virtual":false,"bundle_layout":"","bundle_add_to_cart_form_location":"","bundle_editable_in_cart":false,"bundle_sold_individually_context":"","bundle_item_grouping":"","bundle_min_size":"","bundle_max_size":"","bundle_price":[],"bundled_items":[],"bundle_sell_ids":[],"acf":[],"yoast_head":"<!-- This site is optimized with the Yoast SEO plugin v27.3 - https:\/\/yoast.com\/product\/yoast-seo-wordpress\/ -->\n<title>Earl Grey Bio te beltza - Caf\u00e9s Baqu\u00e9<\/title>\n<meta name=\"robots\" content=\"index, follow, max-snippet:-1, max-image-preview:large, max-video-preview:-1\" \/>\n<meta property=\"og:locale\" content=\"eu_ES\" \/>\n<meta property=\"og:type\" content=\"article\" \/>\n<meta property=\"og:title\" content=\"Earl Grey Bio te beltza - Caf\u00e9s Baqu\u00e9\" \/>\n<meta property=\"og:description\" content=\"Te &amp; Infusio Organikoak.\" \/>\n<meta property=\"og:url\" content=\"https:\/\/www.baque.com\/eu\/denda\/teak-infusioak\/organikoak\/earl-grey-bio-te-beltza\/\" \/>\n<meta property=\"og:site_name\" content=\"Caf\u00e9s Baqu\u00e9\" \/>\n<meta property=\"article:modified_time\" content=\"2019-11-25T11:28:29+00:00\" \/>\n<meta property=\"og:image\" content=\"https:\/\/www.baque.com\/wp-content\/uploads\/2018\/11\/tes-e-infusiones-organicas-earl-gray-e1542887268436.jpg\" \/>\n\t<meta property=\"og:image:width\" content=\"500\" \/>\n\t<meta property=\"og:image:height\" content=\"500\" \/>\n\t<meta property=\"og:image:type\" content=\"image\/jpeg\" \/>\n<meta name=\"twitter:card\" content=\"summary_large_image\" \/>\n<script type=\"application\/ld+json\" class=\"yoast-schema-graph\">{\"@context\":\"https:\\\/\\\/schema.org\",\"@graph\":[{\"@type\":\"WebPage\",\"@id\":\"https:\\\/\\\/www.baque.com\\\/eu\\\/denda\\\/teak-infusioak\\\/organikoak\\\/earl-grey-bio-te-beltza\\\/\",\"url\":\"https:\\\/\\\/www.baque.com\\\/eu\\\/denda\\\/teak-infusioak\\\/organikoak\\\/earl-grey-bio-te-beltza\\\/\",\"name\":\"Earl Grey Bio te beltza - Caf\u00e9s Baqu\u00e9\",\"isPartOf\":{\"@id\":\"https:\\\/\\\/www.baque.com\\\/es\\\/#website\"},\"primaryImageOfPage\":{\"@id\":\"https:\\\/\\\/www.baque.com\\\/eu\\\/denda\\\/teak-infusioak\\\/organikoak\\\/earl-grey-bio-te-beltza\\\/#primaryimage\"},\"image\":{\"@id\":\"https:\\\/\\\/www.baque.com\\\/eu\\\/denda\\\/teak-infusioak\\\/organikoak\\\/earl-grey-bio-te-beltza\\\/#primaryimage\"},\"thumbnailUrl\":\"https:\\\/\\\/www.baque.com\\\/wp-content\\\/uploads\\\/2018\\\/11\\\/tes-e-infusiones-organicas-earl-gray-e1542887268436.jpg\",\"datePublished\":\"2018-06-25T07:38:24+00:00\",\"dateModified\":\"2019-11-25T11:28:29+00:00\",\"breadcrumb\":{\"@id\":\"https:\\\/\\\/www.baque.com\\\/eu\\\/denda\\\/teak-infusioak\\\/organikoak\\\/earl-grey-bio-te-beltza\\\/#breadcrumb\"},\"inLanguage\":\"eu-ES\",\"potentialAction\":[{\"@type\":\"ReadAction\",\"target\":[\"https:\\\/\\\/www.baque.com\\\/eu\\\/denda\\\/teak-infusioak\\\/organikoak\\\/earl-grey-bio-te-beltza\\\/\"]}]},{\"@type\":\"ImageObject\",\"inLanguage\":\"eu-ES\",\"@id\":\"https:\\\/\\\/www.baque.com\\\/eu\\\/denda\\\/teak-infusioak\\\/organikoak\\\/earl-grey-bio-te-beltza\\\/#primaryimage\",\"url\":\"https:\\\/\\\/www.baque.com\\\/wp-content\\\/uploads\\\/2018\\\/11\\\/tes-e-infusiones-organicas-earl-gray-e1542887268436.jpg\",\"contentUrl\":\"https:\\\/\\\/www.baque.com\\\/wp-content\\\/uploads\\\/2018\\\/11\\\/tes-e-infusiones-organicas-earl-gray-e1542887268436.jpg\",\"width\":500,\"height\":500},{\"@type\":\"BreadcrumbList\",\"@id\":\"https:\\\/\\\/www.baque.com\\\/eu\\\/denda\\\/teak-infusioak\\\/organikoak\\\/earl-grey-bio-te-beltza\\\/#breadcrumb\",\"itemListElement\":[{\"@type\":\"ListItem\",\"position\":1,\"name\":\"Portada\",\"item\":\"https:\\\/\\\/www.baque.com\\\/eu\\\/\"},{\"@type\":\"ListItem\",\"position\":2,\"name\":\"Denda\",\"item\":\"https:\\\/\\\/www.baque.com\\\/eu\\\/denda\\\/\"},{\"@type\":\"ListItem\",\"position\":3,\"name\":\"Earl Grey Bio te beltza\"}]},{\"@type\":\"WebSite\",\"@id\":\"https:\\\/\\\/www.baque.com\\\/es\\\/#website\",\"url\":\"https:\\\/\\\/www.baque.com\\\/es\\\/\",\"name\":\"Caf\u00e9s Baqu\u00e9\",\"description\":\"Somos l\u00edderes en hosteler\u00eda en Pa\u00eds Vasco y La Rioja y una de las marcas m\u00e1s reconocidas en el mercado nacional. Somos una empresa familiar en constante innovaci\u00f3n en el producto. Tostamos y distribuimos caf\u00e9 molido, en grano y c\u00e1psulas para disfrutar en casa, en el bar y en la oficina.\",\"potentialAction\":[{\"@type\":\"SearchAction\",\"target\":{\"@type\":\"EntryPoint\",\"urlTemplate\":\"https:\\\/\\\/www.baque.com\\\/es\\\/?s={search_term_string}\"},\"query-input\":{\"@type\":\"PropertyValueSpecification\",\"valueRequired\":true,\"valueName\":\"search_term_string\"}}],\"inLanguage\":\"eu-ES\"}]}<\/script>\n<!-- \/ Yoast SEO plugin. -->","yoast_head_json":{"title":"Earl Grey Bio te beltza - Caf\u00e9s Baqu\u00e9","robots":{"index":"index","follow":"follow","max-snippet":"max-snippet:-1","max-image-preview":"max-image-preview:large","max-video-preview":"max-video-preview:-1"},"og_locale":"eu_ES","og_type":"article","og_title":"Earl Grey Bio te beltza - Caf\u00e9s Baqu\u00e9","og_description":"Te &amp; Infusio Organikoak.","og_url":"https:\/\/www.baque.com\/eu\/denda\/teak-infusioak\/organikoak\/earl-grey-bio-te-beltza\/","og_site_name":"Caf\u00e9s Baqu\u00e9","article_modified_time":"2019-11-25T11:28:29+00:00","og_image":[{"width":500,"height":500,"url":"https:\/\/www.baque.com\/wp-content\/uploads\/2018\/11\/tes-e-infusiones-organicas-earl-gray-e1542887268436.jpg","type":"image\/jpeg"}],"twitter_card":"summary_large_image","schema":{"@context":"https:\/\/schema.org","@graph":[{"@type":"WebPage","@id":"https:\/\/www.baque.com\/eu\/denda\/teak-infusioak\/organikoak\/earl-grey-bio-te-beltza\/","url":"https:\/\/www.baque.com\/eu\/denda\/teak-infusioak\/organikoak\/earl-grey-bio-te-beltza\/","name":"Earl Grey Bio te beltza - Caf\u00e9s Baqu\u00e9","isPartOf":{"@id":"https:\/\/www.baque.com\/es\/#website"},"primaryImageOfPage":{"@id":"https:\/\/www.baque.com\/eu\/denda\/teak-infusioak\/organikoak\/earl-grey-bio-te-beltza\/#primaryimage"},"image":{"@id":"https:\/\/www.baque.com\/eu\/denda\/teak-infusioak\/organikoak\/earl-grey-bio-te-beltza\/#primaryimage"},"thumbnailUrl":"https:\/\/www.baque.com\/wp-content\/uploads\/2018\/11\/tes-e-infusiones-organicas-earl-gray-e1542887268436.jpg","datePublished":"2018-06-25T07:38:24+00:00","dateModified":"2019-11-25T11:28:29+00:00","breadcrumb":{"@id":"https:\/\/www.baque.com\/eu\/denda\/teak-infusioak\/organikoak\/earl-grey-bio-te-beltza\/#breadcrumb"},"inLanguage":"eu-ES","potentialAction":[{"@type":"ReadAction","target":["https:\/\/www.baque.com\/eu\/denda\/teak-infusioak\/organikoak\/earl-grey-bio-te-beltza\/"]}]},{"@type":"ImageObject","inLanguage":"eu-ES","@id":"https:\/\/www.baque.com\/eu\/denda\/teak-infusioak\/organikoak\/earl-grey-bio-te-beltza\/#primaryimage","url":"https:\/\/www.baque.com\/wp-content\/uploads\/2018\/11\/tes-e-infusiones-organicas-earl-gray-e1542887268436.jpg","contentUrl":"https:\/\/www.baque.com\/wp-content\/uploads\/2018\/11\/tes-e-infusiones-organicas-earl-gray-e1542887268436.jpg","width":500,"height":500},{"@type":"BreadcrumbList","@id":"https:\/\/www.baque.com\/eu\/denda\/teak-infusioak\/organikoak\/earl-grey-bio-te-beltza\/#breadcrumb","itemListElement":[{"@type":"ListItem","position":1,"name":"Portada","item":"https:\/\/www.baque.com\/eu\/"},{"@type":"ListItem","position":2,"name":"Denda","item":"https:\/\/www.baque.com\/eu\/denda\/"},{"@type":"ListItem","position":3,"name":"Earl Grey Bio te beltza"}]},{"@type":"WebSite","@id":"https:\/\/www.baque.com\/es\/#website","url":"https:\/\/www.baque.com\/es\/","name":"Caf\u00e9s Baqu\u00e9","description":"Somos l\u00edderes en hosteler\u00eda en Pa\u00eds Vasco y La Rioja y una de las marcas m\u00e1s reconocidas en el mercado nacional. Somos una empresa familiar en constante innovaci\u00f3n en el producto. Tostamos y distribuimos caf\u00e9 molido, en grano y c\u00e1psulas para disfrutar en casa, en el bar y en la oficina.","potentialAction":[{"@type":"SearchAction","target":{"@type":"EntryPoint","urlTemplate":"https:\/\/www.baque.com\/es\/?s={search_term_string}"},"query-input":{"@type":"PropertyValueSpecification","valueRequired":true,"valueName":"search_term_string"}}],"inLanguage":"eu-ES"}]}},"_links":{"self":[{"href":"https:\/\/www.baque.com\/eu\/wp-json\/wp\/v2\/product\/3902","targetHints":{"allow":["GET"]}}],"collection":[{"href":"https:\/\/www.baque.com\/eu\/wp-json\/wp\/v2\/product"}],"about":[{"href":"https:\/\/www.baque.com\/eu\/wp-json\/wp\/v2\/types\/product"}],"wp:featuredmedia":[{"embeddable":true,"href":"https:\/\/www.baque.com\/eu\/wp-json\/wp\/v2\/media\/5514"}],"wp:attachment":[{"href":"https:\/\/www.baque.com\/eu\/wp-json\/wp\/v2\/media?parent=3902"}],"wp:term":[{"taxonomy":"product_brand","embeddable":true,"href":"https:\/\/www.baque.com\/eu\/wp-json\/wp\/v2\/product_brand?post=3902"},{"taxonomy":"product_cat","embeddable":true,"href":"https:\/\/www.baque.com\/eu\/wp-json\/wp\/v2\/product_cat?post=3902"},{"taxonomy":"product_tag","embeddable":true,"href":"https:\/\/www.baque.com\/eu\/wp-json\/wp\/v2\/product_tag?post=3902"}],"curies":[{"name":"wp","href":"https:\/\/api.w.org\/{rel}","templated":true}]}}