
{"id":3914,"date":"2018-07-02T09:17:46","date_gmt":"2018-07-02T07:17:46","guid":{"rendered":"http:\/\/www.baque.com\/?post_type=product&#038;p=3914"},"modified":"2024-07-06T10:20:57","modified_gmt":"2024-07-06T08:20:57","slug":"espresso-bizia-26-kapsula-dolce-gusto-aurrezteko-formatua","status":"publish","type":"product","link":"https:\/\/www.baque.com\/eu\/denda\/kafe-kapsulak\/dolce-gusto-kafegailuarekin\/espresso-bizia-26-kapsula-dolce-gusto-aurrezteko-formatua\/","title":{"rendered":"Espresso Bizia, 26 kapsula Dolce Gusto\u00ae (aurrezteko formatua)"},"content":{"rendered":"<p>Kapsula bateragarriak Nescaf\u00e9\u00ae Dolce Gusto\u00ae kafegailuekin. Espresso krematsua, gorputz eta zapore bizikoa, kafe txigortuaren ukitu atseginekin.<\/p>\n<h3>Intentsitatea<\/h3>\n<p class='intensity'>8 <span class=\"circle\"><\/span><span class=\"circle\"><\/span><span class=\"circle\"><\/span><span class=\"circle\"><\/span><span class=\"circle\"><\/span><span class=\"circle\"><\/span><span class=\"circle\"><\/span><span class=\"circle\"><\/span><span class=\"circle circle0\"><\/span><span class=\"circle circle0\"><\/span><\/p>\n<h3>Pisua\/kantitatea<\/h3>\n<p>26 unit. 7g\/unitate = 182 g<\/p>\n<h3>Osagaiak<\/h3>\n<p>Kafea.<\/p>\n<h3>Alergenoak<\/h3>\n<p>Bat ere ez.<\/p>\n<h3>Erabilera\/kontserbazio baldintzak<\/h3>\n<p>Gorde leku fresko eta lehor batean, eguzki argitik babestuta.<\/p>\n<h3>Iraungitze data<\/h3>\n<p>18 hilabete<\/p>\n<h3>Aholkua<\/h3>\n<p>Kapsula bakoitza espresso bakar bat prestatzeko erabili. Kafea ohiko eran egin (kafegailuaren erabilera jarraibideak ikusi).<\/p>\n","protected":false},"excerpt":{"rendered":"<p>Era naturalean txigortutako kafe ehoa.<\/p>\n","protected":false},"featured_media":2641487,"template":"","meta":{"_acf_changed":false},"product_brand":[],"product_cat":[142],"product_tag":[],"class_list":{"0":"post-3914","1":"product","2":"type-product","3":"status-publish","4":"has-post-thumbnail","6":"product_cat-dolce-gusto-kafegailuarekin","8":"first","9":"instock","10":"taxable","11":"shipping-taxable","12":"purchasable","13":"product-type-simple"},"bundled_by":[],"bundle_stock_status":"instock","bundle_stock_quantity":2951,"bundle_virtual":false,"bundle_layout":"","bundle_add_to_cart_form_location":"","bundle_editable_in_cart":false,"bundle_sold_individually_context":"","bundle_item_grouping":"","bundle_min_size":"","bundle_max_size":"","bundle_price":[],"bundled_items":[],"bundle_sell_ids":[],"acf":[],"yoast_head":"<!-- This site is optimized with the Yoast SEO plugin v27.3 - https:\/\/yoast.com\/product\/yoast-seo-wordpress\/ -->\n<title>Espresso Bizia, 26 kapsula Dolce Gusto\u00ae (aurrezteko formatua) - Caf\u00e9s Baqu\u00e9<\/title>\n<meta name=\"robots\" content=\"index, follow, max-snippet:-1, max-image-preview:large, max-video-preview:-1\" \/>\n<meta property=\"og:locale\" content=\"eu_ES\" \/>\n<meta property=\"og:type\" content=\"article\" \/>\n<meta property=\"og:title\" content=\"Espresso Bizia, 26 kapsula Dolce Gusto\u00ae (aurrezteko formatua) - Caf\u00e9s Baqu\u00e9\" \/>\n<meta property=\"og:description\" content=\"Era naturalean txigortutako kafe ehoa.\" \/>\n<meta property=\"og:url\" content=\"https:\/\/www.baque.com\/eu\/denda\/kafe-kapsulak\/dolce-gusto-kafegailuarekin\/espresso-bizia-26-kapsula-dolce-gusto-aurrezteko-formatua\/\" \/>\n<meta property=\"og:site_name\" content=\"Caf\u00e9s Baqu\u00e9\" \/>\n<meta property=\"article:modified_time\" content=\"2024-07-06T08:20:57+00:00\" \/>\n<meta property=\"og:image\" content=\"https:\/\/www.baque.com\/wp-content\/uploads\/2018\/07\/Montaje-AHORRO-DG-Espresso-Intenso-Baque-Facing-1.png\" \/>\n\t<meta property=\"og:image:width\" content=\"2500\" \/>\n\t<meta property=\"og:image:height\" content=\"2300\" \/>\n\t<meta property=\"og:image:type\" content=\"image\/png\" \/>\n<meta name=\"twitter:card\" content=\"summary_large_image\" \/>\n<script type=\"application\/ld+json\" class=\"yoast-schema-graph\">{\"@context\":\"https:\\\/\\\/schema.org\",\"@graph\":[{\"@type\":\"WebPage\",\"@id\":\"https:\\\/\\\/www.baque.com\\\/eu\\\/denda\\\/kafe-kapsulak\\\/dolce-gusto-kafegailuarekin\\\/espresso-bizia-26-kapsula-dolce-gusto-aurrezteko-formatua\\\/\",\"url\":\"https:\\\/\\\/www.baque.com\\\/eu\\\/denda\\\/kafe-kapsulak\\\/dolce-gusto-kafegailuarekin\\\/espresso-bizia-26-kapsula-dolce-gusto-aurrezteko-formatua\\\/\",\"name\":\"Espresso Bizia, 26 kapsula Dolce Gusto\u00ae (aurrezteko formatua) - Caf\u00e9s Baqu\u00e9\",\"isPartOf\":{\"@id\":\"https:\\\/\\\/www.baque.com\\\/es\\\/#website\"},\"primaryImageOfPage\":{\"@id\":\"https:\\\/\\\/www.baque.com\\\/eu\\\/denda\\\/kafe-kapsulak\\\/dolce-gusto-kafegailuarekin\\\/espresso-bizia-26-kapsula-dolce-gusto-aurrezteko-formatua\\\/#primaryimage\"},\"image\":{\"@id\":\"https:\\\/\\\/www.baque.com\\\/eu\\\/denda\\\/kafe-kapsulak\\\/dolce-gusto-kafegailuarekin\\\/espresso-bizia-26-kapsula-dolce-gusto-aurrezteko-formatua\\\/#primaryimage\"},\"thumbnailUrl\":\"https:\\\/\\\/www.baque.com\\\/wp-content\\\/uploads\\\/2018\\\/07\\\/Montaje-AHORRO-DG-Espresso-Intenso-Baque-Facing-1.png\",\"datePublished\":\"2018-07-02T07:17:46+00:00\",\"dateModified\":\"2024-07-06T08:20:57+00:00\",\"breadcrumb\":{\"@id\":\"https:\\\/\\\/www.baque.com\\\/eu\\\/denda\\\/kafe-kapsulak\\\/dolce-gusto-kafegailuarekin\\\/espresso-bizia-26-kapsula-dolce-gusto-aurrezteko-formatua\\\/#breadcrumb\"},\"inLanguage\":\"eu-ES\",\"potentialAction\":[{\"@type\":\"ReadAction\",\"target\":[\"https:\\\/\\\/www.baque.com\\\/eu\\\/denda\\\/kafe-kapsulak\\\/dolce-gusto-kafegailuarekin\\\/espresso-bizia-26-kapsula-dolce-gusto-aurrezteko-formatua\\\/\"]}]},{\"@type\":\"ImageObject\",\"inLanguage\":\"eu-ES\",\"@id\":\"https:\\\/\\\/www.baque.com\\\/eu\\\/denda\\\/kafe-kapsulak\\\/dolce-gusto-kafegailuarekin\\\/espresso-bizia-26-kapsula-dolce-gusto-aurrezteko-formatua\\\/#primaryimage\",\"url\":\"https:\\\/\\\/www.baque.com\\\/wp-content\\\/uploads\\\/2018\\\/07\\\/Montaje-AHORRO-DG-Espresso-Intenso-Baque-Facing-1.png\",\"contentUrl\":\"https:\\\/\\\/www.baque.com\\\/wp-content\\\/uploads\\\/2018\\\/07\\\/Montaje-AHORRO-DG-Espresso-Intenso-Baque-Facing-1.png\",\"width\":2500,\"height\":2300},{\"@type\":\"BreadcrumbList\",\"@id\":\"https:\\\/\\\/www.baque.com\\\/eu\\\/denda\\\/kafe-kapsulak\\\/dolce-gusto-kafegailuarekin\\\/espresso-bizia-26-kapsula-dolce-gusto-aurrezteko-formatua\\\/#breadcrumb\",\"itemListElement\":[{\"@type\":\"ListItem\",\"position\":1,\"name\":\"Portada\",\"item\":\"https:\\\/\\\/www.baque.com\\\/eu\\\/\"},{\"@type\":\"ListItem\",\"position\":2,\"name\":\"Denda\",\"item\":\"https:\\\/\\\/www.baque.com\\\/eu\\\/denda\\\/\"},{\"@type\":\"ListItem\",\"position\":3,\"name\":\"Espresso Bizia, 26 kapsula Dolce Gusto\u00ae (aurrezteko formatua)\"}]},{\"@type\":\"WebSite\",\"@id\":\"https:\\\/\\\/www.baque.com\\\/es\\\/#website\",\"url\":\"https:\\\/\\\/www.baque.com\\\/es\\\/\",\"name\":\"Caf\u00e9s Baqu\u00e9\",\"description\":\"Somos l\u00edderes en hosteler\u00eda en Pa\u00eds Vasco y La Rioja y una de las marcas m\u00e1s reconocidas en el mercado nacional. Somos una empresa familiar en constante innovaci\u00f3n en el producto. Tostamos y distribuimos caf\u00e9 molido, en grano y c\u00e1psulas para disfrutar en casa, en el bar y en la oficina.\",\"potentialAction\":[{\"@type\":\"SearchAction\",\"target\":{\"@type\":\"EntryPoint\",\"urlTemplate\":\"https:\\\/\\\/www.baque.com\\\/es\\\/?s={search_term_string}\"},\"query-input\":{\"@type\":\"PropertyValueSpecification\",\"valueRequired\":true,\"valueName\":\"search_term_string\"}}],\"inLanguage\":\"eu-ES\"}]}<\/script>\n<!-- \/ Yoast SEO plugin. -->","yoast_head_json":{"title":"Espresso Bizia, 26 kapsula Dolce Gusto\u00ae (aurrezteko formatua) - Caf\u00e9s Baqu\u00e9","robots":{"index":"index","follow":"follow","max-snippet":"max-snippet:-1","max-image-preview":"max-image-preview:large","max-video-preview":"max-video-preview:-1"},"og_locale":"eu_ES","og_type":"article","og_title":"Espresso Bizia, 26 kapsula Dolce Gusto\u00ae (aurrezteko formatua) - Caf\u00e9s Baqu\u00e9","og_description":"Era naturalean txigortutako kafe ehoa.","og_url":"https:\/\/www.baque.com\/eu\/denda\/kafe-kapsulak\/dolce-gusto-kafegailuarekin\/espresso-bizia-26-kapsula-dolce-gusto-aurrezteko-formatua\/","og_site_name":"Caf\u00e9s Baqu\u00e9","article_modified_time":"2024-07-06T08:20:57+00:00","og_image":[{"width":2500,"height":2300,"url":"https:\/\/www.baque.com\/wp-content\/uploads\/2018\/07\/Montaje-AHORRO-DG-Espresso-Intenso-Baque-Facing-1.png","type":"image\/png"}],"twitter_card":"summary_large_image","schema":{"@context":"https:\/\/schema.org","@graph":[{"@type":"WebPage","@id":"https:\/\/www.baque.com\/eu\/denda\/kafe-kapsulak\/dolce-gusto-kafegailuarekin\/espresso-bizia-26-kapsula-dolce-gusto-aurrezteko-formatua\/","url":"https:\/\/www.baque.com\/eu\/denda\/kafe-kapsulak\/dolce-gusto-kafegailuarekin\/espresso-bizia-26-kapsula-dolce-gusto-aurrezteko-formatua\/","name":"Espresso Bizia, 26 kapsula Dolce Gusto\u00ae (aurrezteko formatua) - Caf\u00e9s Baqu\u00e9","isPartOf":{"@id":"https:\/\/www.baque.com\/es\/#website"},"primaryImageOfPage":{"@id":"https:\/\/www.baque.com\/eu\/denda\/kafe-kapsulak\/dolce-gusto-kafegailuarekin\/espresso-bizia-26-kapsula-dolce-gusto-aurrezteko-formatua\/#primaryimage"},"image":{"@id":"https:\/\/www.baque.com\/eu\/denda\/kafe-kapsulak\/dolce-gusto-kafegailuarekin\/espresso-bizia-26-kapsula-dolce-gusto-aurrezteko-formatua\/#primaryimage"},"thumbnailUrl":"https:\/\/www.baque.com\/wp-content\/uploads\/2018\/07\/Montaje-AHORRO-DG-Espresso-Intenso-Baque-Facing-1.png","datePublished":"2018-07-02T07:17:46+00:00","dateModified":"2024-07-06T08:20:57+00:00","breadcrumb":{"@id":"https:\/\/www.baque.com\/eu\/denda\/kafe-kapsulak\/dolce-gusto-kafegailuarekin\/espresso-bizia-26-kapsula-dolce-gusto-aurrezteko-formatua\/#breadcrumb"},"inLanguage":"eu-ES","potentialAction":[{"@type":"ReadAction","target":["https:\/\/www.baque.com\/eu\/denda\/kafe-kapsulak\/dolce-gusto-kafegailuarekin\/espresso-bizia-26-kapsula-dolce-gusto-aurrezteko-formatua\/"]}]},{"@type":"ImageObject","inLanguage":"eu-ES","@id":"https:\/\/www.baque.com\/eu\/denda\/kafe-kapsulak\/dolce-gusto-kafegailuarekin\/espresso-bizia-26-kapsula-dolce-gusto-aurrezteko-formatua\/#primaryimage","url":"https:\/\/www.baque.com\/wp-content\/uploads\/2018\/07\/Montaje-AHORRO-DG-Espresso-Intenso-Baque-Facing-1.png","contentUrl":"https:\/\/www.baque.com\/wp-content\/uploads\/2018\/07\/Montaje-AHORRO-DG-Espresso-Intenso-Baque-Facing-1.png","width":2500,"height":2300},{"@type":"BreadcrumbList","@id":"https:\/\/www.baque.com\/eu\/denda\/kafe-kapsulak\/dolce-gusto-kafegailuarekin\/espresso-bizia-26-kapsula-dolce-gusto-aurrezteko-formatua\/#breadcrumb","itemListElement":[{"@type":"ListItem","position":1,"name":"Portada","item":"https:\/\/www.baque.com\/eu\/"},{"@type":"ListItem","position":2,"name":"Denda","item":"https:\/\/www.baque.com\/eu\/denda\/"},{"@type":"ListItem","position":3,"name":"Espresso Bizia, 26 kapsula Dolce Gusto\u00ae (aurrezteko formatua)"}]},{"@type":"WebSite","@id":"https:\/\/www.baque.com\/es\/#website","url":"https:\/\/www.baque.com\/es\/","name":"Caf\u00e9s Baqu\u00e9","description":"Somos l\u00edderes en hosteler\u00eda en Pa\u00eds Vasco y La Rioja y una de las marcas m\u00e1s reconocidas en el mercado nacional. Somos una empresa familiar en constante innovaci\u00f3n en el producto. Tostamos y distribuimos caf\u00e9 molido, en grano y c\u00e1psulas para disfrutar en casa, en el bar y en la oficina.","potentialAction":[{"@type":"SearchAction","target":{"@type":"EntryPoint","urlTemplate":"https:\/\/www.baque.com\/es\/?s={search_term_string}"},"query-input":{"@type":"PropertyValueSpecification","valueRequired":true,"valueName":"search_term_string"}}],"inLanguage":"eu-ES"}]}},"_links":{"self":[{"href":"https:\/\/www.baque.com\/eu\/wp-json\/wp\/v2\/product\/3914","targetHints":{"allow":["GET"]}}],"collection":[{"href":"https:\/\/www.baque.com\/eu\/wp-json\/wp\/v2\/product"}],"about":[{"href":"https:\/\/www.baque.com\/eu\/wp-json\/wp\/v2\/types\/product"}],"wp:featuredmedia":[{"embeddable":true,"href":"https:\/\/www.baque.com\/eu\/wp-json\/wp\/v2\/media\/2641487"}],"wp:attachment":[{"href":"https:\/\/www.baque.com\/eu\/wp-json\/wp\/v2\/media?parent=3914"}],"wp:term":[{"taxonomy":"product_brand","embeddable":true,"href":"https:\/\/www.baque.com\/eu\/wp-json\/wp\/v2\/product_brand?post=3914"},{"taxonomy":"product_cat","embeddable":true,"href":"https:\/\/www.baque.com\/eu\/wp-json\/wp\/v2\/product_cat?post=3914"},{"taxonomy":"product_tag","embeddable":true,"href":"https:\/\/www.baque.com\/eu\/wp-json\/wp\/v2\/product_tag?post=3914"}],"curies":[{"name":"wp","href":"https:\/\/api.w.org\/{rel}","templated":true}]}}