
{"id":3924867,"date":"2023-06-26T10:23:54","date_gmt":"2023-06-26T08:23:54","guid":{"rendered":"https:\/\/www.baque.com\/tienda\/kategoria-gabea\/cafetera-blanca\/"},"modified":"2026-02-10T10:30:48","modified_gmt":"2026-02-10T09:30:48","slug":"cafetera-blanca","status":"publish","type":"product","link":"https:\/\/www.baque.com\/eu\/denda\/kafe-makinak-eta-osagarriak\/moccamaster-kafe-makinak-eu\/cafetera-blanca\/","title":{"rendered":"MOCCAMASTER KAFETERA ZURIA"},"content":{"rendered":"<p>Moccamaster ezaguna da filtrodun kafe makinetan munduko onenetakoa delako. Espainiako baristen, txigortzaileen eta kafea maite dutenen artean erreferentziazkoa da. 2019an, Moccamaster makinak ia txoko guztietara zabaldu ziren, espezialitate-kafearen txigortzaileen etxeetara, Michelin izarra daukaten jatetxeetara, 5 izarreko hoteletara, eta kafea sakon maite dutenen eta eliteko kirolarien etxebizitzetara.<\/p>\n<ul>\n<li><strong>Ateratze hobea<\/strong><\/li>\n<\/ul>\n<p>Uraren tenperaturarik onena 92\u00ba eta 96\u00ba artekoa da kafearen lurrina hobeto ateratzeko. Makinaren atzeratze-beso berriak altzairuzko 9 zulo dauzkanez, ehoketan ura hobeto zabaltzen da.<\/p>\n<ul>\n<li><strong>Doitasuna<\/strong><\/li>\n<\/ul>\n<p>The Select-ek 5,5 minutuko ateratze ezin hobea eskaintzen du. Moccamasterren bidez, kafeak zaporerik sakoenak azaleratzen ditu.<\/p>\n<ul>\n<li><strong>Tenperatura<\/strong><\/li>\n<\/ul>\n<p>Plaka itxurako berogailuak pitxarreko kafe-kopurura doitzen du tenperatura, kafea erre ez dadin. Plakak kafearen berezko ezaugarriei eusten die egin eta 45 minutu pasa arte, eta automatikoki itzaltzen da.<\/p>\n<ul>\n<li><strong>Edukiera<\/strong><\/li>\n<\/ul>\n<p>Pitxarra 1,25 litroko edukierakoa da (10 katilu). Botoi bat dauka, pitxarraren erdia nahi bakarrik nahi duzunerako.<\/p>\n<ul>\n<li><strong>Kalitatearen bermea<\/strong><\/li>\n<\/ul>\n<p>Makina bakoitza eskuz eginda dago eta Herbehereetan probatuta.<\/p>\n<ul>\n<li><strong>Neurriak eta pisua<\/strong><\/li>\n<\/ul>\n<p>Neurri hauek dauzka: 32 x 17 x 36 cm. Pisua, berriz, 2,7 kilokoa da.<\/p>\n","protected":false},"excerpt":{"rendered":"<p>Moccamaster ezaguna da filtrodun kafe makinetan munduko onenetakoa delako. Espainiako baristen, txigortzaileen eta kafea maite dutenen artean erreferentziazkoa da. 2019an, Moccamaster makinak ia txoko guztietara zabaldu ziren, espezialitate-kafearen txigortzaileen etxeetara, Michelin izarra daukaten jatetxeetara, 5 izarreko hoteletara, eta kafea sakon maite dutenen eta eliteko kirolarien etxebizitzetara. Ateratze hobea Uraren tenperaturarik onena 92\u00ba eta 96\u00ba artekoa [&hellip;]<\/p>\n","protected":false},"featured_media":1548585,"template":"","meta":{"_acf_changed":false},"product_brand":[],"product_cat":[136,598],"product_tag":[],"class_list":{"0":"post-3924867","1":"product","2":"type-product","3":"status-publish","4":"has-post-thumbnail","6":"product_cat-kafea","7":"product_cat-moccamaster-kafe-makinak-eu","9":"first","10":"instock","11":"taxable","12":"shipping-taxable","13":"purchasable","14":"product-type-simple"},"bundled_by":[],"bundle_stock_status":"instock","bundle_stock_quantity":1,"bundle_virtual":false,"bundle_layout":"","bundle_add_to_cart_form_location":"","bundle_editable_in_cart":false,"bundle_sold_individually_context":"","bundle_item_grouping":"","bundle_min_size":"","bundle_max_size":"","bundle_price":[],"bundled_items":[],"bundle_sell_ids":[],"acf":[],"yoast_head":"<!-- This site is optimized with the Yoast SEO plugin v27.3 - https:\/\/yoast.com\/product\/yoast-seo-wordpress\/ -->\n<title>MOCCAMASTER KAFETERA ZURIA - Caf\u00e9s Baqu\u00e9<\/title>\n<meta name=\"robots\" content=\"index, follow, max-snippet:-1, max-image-preview:large, max-video-preview:-1\" \/>\n<meta property=\"og:locale\" content=\"eu_ES\" \/>\n<meta property=\"og:type\" content=\"article\" \/>\n<meta property=\"og:title\" content=\"MOCCAMASTER KAFETERA ZURIA - Caf\u00e9s Baqu\u00e9\" \/>\n<meta property=\"og:description\" content=\"Moccamaster ezaguna da filtrodun kafe makinetan munduko onenetakoa delako. Espainiako baristen, txigortzaileen eta kafea maite dutenen artean erreferentziazkoa da. 2019an, Moccamaster makinak ia txoko guztietara zabaldu ziren, espezialitate-kafearen txigortzaileen etxeetara, Michelin izarra daukaten jatetxeetara, 5 izarreko hoteletara, eta kafea sakon maite dutenen eta eliteko kirolarien etxebizitzetara. Ateratze hobea Uraren tenperaturarik onena 92\u00ba eta 96\u00ba artekoa [&hellip;]\" \/>\n<meta property=\"og:url\" content=\"https:\/\/www.baque.com\/eu\/denda\/kafe-makinak-eta-osagarriak\/moccamaster-kafe-makinak-eu\/cafetera-blanca\/\" \/>\n<meta property=\"og:site_name\" content=\"Caf\u00e9s Baqu\u00e9\" \/>\n<meta property=\"article:modified_time\" content=\"2026-02-10T09:30:48+00:00\" \/>\n<meta property=\"og:image\" content=\"https:\/\/www.baque.com\/wp-content\/uploads\/2023\/06\/SELECT-Blanc.png\" \/>\n\t<meta property=\"og:image:width\" content=\"495\" \/>\n\t<meta property=\"og:image:height\" content=\"505\" \/>\n\t<meta property=\"og:image:type\" content=\"image\/png\" \/>\n<meta name=\"twitter:card\" content=\"summary_large_image\" \/>\n<meta name=\"twitter:label1\" content=\"Est. reading time\" \/>\n\t<meta name=\"twitter:data1\" content=\"1 minute\" \/>\n<script type=\"application\/ld+json\" class=\"yoast-schema-graph\">{\"@context\":\"https:\\\/\\\/schema.org\",\"@graph\":[{\"@type\":\"WebPage\",\"@id\":\"https:\\\/\\\/www.baque.com\\\/eu\\\/denda\\\/kafe-makinak-eta-osagarriak\\\/moccamaster-kafe-makinak-eu\\\/cafetera-blanca\\\/\",\"url\":\"https:\\\/\\\/www.baque.com\\\/eu\\\/denda\\\/kafe-makinak-eta-osagarriak\\\/moccamaster-kafe-makinak-eu\\\/cafetera-blanca\\\/\",\"name\":\"MOCCAMASTER KAFETERA ZURIA - Caf\u00e9s Baqu\u00e9\",\"isPartOf\":{\"@id\":\"https:\\\/\\\/www.baque.com\\\/es\\\/#website\"},\"primaryImageOfPage\":{\"@id\":\"https:\\\/\\\/www.baque.com\\\/eu\\\/denda\\\/kafe-makinak-eta-osagarriak\\\/moccamaster-kafe-makinak-eu\\\/cafetera-blanca\\\/#primaryimage\"},\"image\":{\"@id\":\"https:\\\/\\\/www.baque.com\\\/eu\\\/denda\\\/kafe-makinak-eta-osagarriak\\\/moccamaster-kafe-makinak-eu\\\/cafetera-blanca\\\/#primaryimage\"},\"thumbnailUrl\":\"https:\\\/\\\/www.baque.com\\\/wp-content\\\/uploads\\\/2023\\\/06\\\/SELECT-Blanc.png\",\"datePublished\":\"2023-06-26T08:23:54+00:00\",\"dateModified\":\"2026-02-10T09:30:48+00:00\",\"breadcrumb\":{\"@id\":\"https:\\\/\\\/www.baque.com\\\/eu\\\/denda\\\/kafe-makinak-eta-osagarriak\\\/moccamaster-kafe-makinak-eu\\\/cafetera-blanca\\\/#breadcrumb\"},\"inLanguage\":\"eu-ES\",\"potentialAction\":[{\"@type\":\"ReadAction\",\"target\":[\"https:\\\/\\\/www.baque.com\\\/eu\\\/denda\\\/kafe-makinak-eta-osagarriak\\\/moccamaster-kafe-makinak-eu\\\/cafetera-blanca\\\/\"]}]},{\"@type\":\"ImageObject\",\"inLanguage\":\"eu-ES\",\"@id\":\"https:\\\/\\\/www.baque.com\\\/eu\\\/denda\\\/kafe-makinak-eta-osagarriak\\\/moccamaster-kafe-makinak-eu\\\/cafetera-blanca\\\/#primaryimage\",\"url\":\"https:\\\/\\\/www.baque.com\\\/wp-content\\\/uploads\\\/2023\\\/06\\\/SELECT-Blanc.png\",\"contentUrl\":\"https:\\\/\\\/www.baque.com\\\/wp-content\\\/uploads\\\/2023\\\/06\\\/SELECT-Blanc.png\",\"width\":495,\"height\":505},{\"@type\":\"BreadcrumbList\",\"@id\":\"https:\\\/\\\/www.baque.com\\\/eu\\\/denda\\\/kafe-makinak-eta-osagarriak\\\/moccamaster-kafe-makinak-eu\\\/cafetera-blanca\\\/#breadcrumb\",\"itemListElement\":[{\"@type\":\"ListItem\",\"position\":1,\"name\":\"Portada\",\"item\":\"https:\\\/\\\/www.baque.com\\\/eu\\\/\"},{\"@type\":\"ListItem\",\"position\":2,\"name\":\"Denda\",\"item\":\"https:\\\/\\\/www.baque.com\\\/eu\\\/denda\\\/\"},{\"@type\":\"ListItem\",\"position\":3,\"name\":\"MOCCAMASTER KAFETERA ZURIA\"}]},{\"@type\":\"WebSite\",\"@id\":\"https:\\\/\\\/www.baque.com\\\/es\\\/#website\",\"url\":\"https:\\\/\\\/www.baque.com\\\/es\\\/\",\"name\":\"Caf\u00e9s Baqu\u00e9\",\"description\":\"Somos l\u00edderes en hosteler\u00eda en Pa\u00eds Vasco y La Rioja y una de las marcas m\u00e1s reconocidas en el mercado nacional. Somos una empresa familiar en constante innovaci\u00f3n en el producto. Tostamos y distribuimos caf\u00e9 molido, en grano y c\u00e1psulas para disfrutar en casa, en el bar y en la oficina.\",\"potentialAction\":[{\"@type\":\"SearchAction\",\"target\":{\"@type\":\"EntryPoint\",\"urlTemplate\":\"https:\\\/\\\/www.baque.com\\\/es\\\/?s={search_term_string}\"},\"query-input\":{\"@type\":\"PropertyValueSpecification\",\"valueRequired\":true,\"valueName\":\"search_term_string\"}}],\"inLanguage\":\"eu-ES\"}]}<\/script>\n<!-- \/ Yoast SEO plugin. -->","yoast_head_json":{"title":"MOCCAMASTER KAFETERA ZURIA - Caf\u00e9s Baqu\u00e9","robots":{"index":"index","follow":"follow","max-snippet":"max-snippet:-1","max-image-preview":"max-image-preview:large","max-video-preview":"max-video-preview:-1"},"og_locale":"eu_ES","og_type":"article","og_title":"MOCCAMASTER KAFETERA ZURIA - Caf\u00e9s Baqu\u00e9","og_description":"Moccamaster ezaguna da filtrodun kafe makinetan munduko onenetakoa delako. Espainiako baristen, txigortzaileen eta kafea maite dutenen artean erreferentziazkoa da. 2019an, Moccamaster makinak ia txoko guztietara zabaldu ziren, espezialitate-kafearen txigortzaileen etxeetara, Michelin izarra daukaten jatetxeetara, 5 izarreko hoteletara, eta kafea sakon maite dutenen eta eliteko kirolarien etxebizitzetara. Ateratze hobea Uraren tenperaturarik onena 92\u00ba eta 96\u00ba artekoa [&hellip;]","og_url":"https:\/\/www.baque.com\/eu\/denda\/kafe-makinak-eta-osagarriak\/moccamaster-kafe-makinak-eu\/cafetera-blanca\/","og_site_name":"Caf\u00e9s Baqu\u00e9","article_modified_time":"2026-02-10T09:30:48+00:00","og_image":[{"width":495,"height":505,"url":"https:\/\/www.baque.com\/wp-content\/uploads\/2023\/06\/SELECT-Blanc.png","type":"image\/png"}],"twitter_card":"summary_large_image","twitter_misc":{"Est. reading time":"1 minute"},"schema":{"@context":"https:\/\/schema.org","@graph":[{"@type":"WebPage","@id":"https:\/\/www.baque.com\/eu\/denda\/kafe-makinak-eta-osagarriak\/moccamaster-kafe-makinak-eu\/cafetera-blanca\/","url":"https:\/\/www.baque.com\/eu\/denda\/kafe-makinak-eta-osagarriak\/moccamaster-kafe-makinak-eu\/cafetera-blanca\/","name":"MOCCAMASTER KAFETERA ZURIA - Caf\u00e9s Baqu\u00e9","isPartOf":{"@id":"https:\/\/www.baque.com\/es\/#website"},"primaryImageOfPage":{"@id":"https:\/\/www.baque.com\/eu\/denda\/kafe-makinak-eta-osagarriak\/moccamaster-kafe-makinak-eu\/cafetera-blanca\/#primaryimage"},"image":{"@id":"https:\/\/www.baque.com\/eu\/denda\/kafe-makinak-eta-osagarriak\/moccamaster-kafe-makinak-eu\/cafetera-blanca\/#primaryimage"},"thumbnailUrl":"https:\/\/www.baque.com\/wp-content\/uploads\/2023\/06\/SELECT-Blanc.png","datePublished":"2023-06-26T08:23:54+00:00","dateModified":"2026-02-10T09:30:48+00:00","breadcrumb":{"@id":"https:\/\/www.baque.com\/eu\/denda\/kafe-makinak-eta-osagarriak\/moccamaster-kafe-makinak-eu\/cafetera-blanca\/#breadcrumb"},"inLanguage":"eu-ES","potentialAction":[{"@type":"ReadAction","target":["https:\/\/www.baque.com\/eu\/denda\/kafe-makinak-eta-osagarriak\/moccamaster-kafe-makinak-eu\/cafetera-blanca\/"]}]},{"@type":"ImageObject","inLanguage":"eu-ES","@id":"https:\/\/www.baque.com\/eu\/denda\/kafe-makinak-eta-osagarriak\/moccamaster-kafe-makinak-eu\/cafetera-blanca\/#primaryimage","url":"https:\/\/www.baque.com\/wp-content\/uploads\/2023\/06\/SELECT-Blanc.png","contentUrl":"https:\/\/www.baque.com\/wp-content\/uploads\/2023\/06\/SELECT-Blanc.png","width":495,"height":505},{"@type":"BreadcrumbList","@id":"https:\/\/www.baque.com\/eu\/denda\/kafe-makinak-eta-osagarriak\/moccamaster-kafe-makinak-eu\/cafetera-blanca\/#breadcrumb","itemListElement":[{"@type":"ListItem","position":1,"name":"Portada","item":"https:\/\/www.baque.com\/eu\/"},{"@type":"ListItem","position":2,"name":"Denda","item":"https:\/\/www.baque.com\/eu\/denda\/"},{"@type":"ListItem","position":3,"name":"MOCCAMASTER KAFETERA ZURIA"}]},{"@type":"WebSite","@id":"https:\/\/www.baque.com\/es\/#website","url":"https:\/\/www.baque.com\/es\/","name":"Caf\u00e9s Baqu\u00e9","description":"Somos l\u00edderes en hosteler\u00eda en Pa\u00eds Vasco y La Rioja y una de las marcas m\u00e1s reconocidas en el mercado nacional. Somos una empresa familiar en constante innovaci\u00f3n en el producto. Tostamos y distribuimos caf\u00e9 molido, en grano y c\u00e1psulas para disfrutar en casa, en el bar y en la oficina.","potentialAction":[{"@type":"SearchAction","target":{"@type":"EntryPoint","urlTemplate":"https:\/\/www.baque.com\/es\/?s={search_term_string}"},"query-input":{"@type":"PropertyValueSpecification","valueRequired":true,"valueName":"search_term_string"}}],"inLanguage":"eu-ES"}]}},"_links":{"self":[{"href":"https:\/\/www.baque.com\/eu\/wp-json\/wp\/v2\/product\/3924867","targetHints":{"allow":["GET"]}}],"collection":[{"href":"https:\/\/www.baque.com\/eu\/wp-json\/wp\/v2\/product"}],"about":[{"href":"https:\/\/www.baque.com\/eu\/wp-json\/wp\/v2\/types\/product"}],"wp:featuredmedia":[{"embeddable":true,"href":"https:\/\/www.baque.com\/eu\/wp-json\/wp\/v2\/media\/1548585"}],"wp:attachment":[{"href":"https:\/\/www.baque.com\/eu\/wp-json\/wp\/v2\/media?parent=3924867"}],"wp:term":[{"taxonomy":"product_brand","embeddable":true,"href":"https:\/\/www.baque.com\/eu\/wp-json\/wp\/v2\/product_brand?post=3924867"},{"taxonomy":"product_cat","embeddable":true,"href":"https:\/\/www.baque.com\/eu\/wp-json\/wp\/v2\/product_cat?post=3924867"},{"taxonomy":"product_tag","embeddable":true,"href":"https:\/\/www.baque.com\/eu\/wp-json\/wp\/v2\/product_tag?post=3924867"}],"curies":[{"name":"wp","href":"https:\/\/api.w.org\/{rel}","templated":true}]}}