
{"id":3986426,"date":"2026-03-04T09:53:56","date_gmt":"2026-03-04T08:53:56","guid":{"rendered":"https:\/\/www.baque.com\/?post_type=product&#038;p=3986426"},"modified":"2026-03-04T15:48:15","modified_gmt":"2026-03-04T14:48:15","slug":"english-breakfast-te-beltza-20-unit-copia","status":"publish","type":"product","link":"https:\/\/www.baque.com\/eu\/denda\/teak-infusioak\/teak-disolbagarriak\/english-breakfast-te-beltza-20-unit-copia\/","title":{"rendered":"Te matcha organikoa"},"content":{"rendered":"<p><span data-path-to-node=\"3,1\"><span class=\"citation-188\">%100 matcha organiko purua, Japoniako jatorrikoa eta maila zeremonialekoa<\/span><\/span><span data-path-to-node=\"3,3\">. <\/span><span data-path-to-node=\"3,5\"><span class=\"citation-187\">Gainerako teetan ez bezala, hostoak fin-fin ehotzen dira hauts berde bizi bat lortu arte; horrela, disolbatuta kontsumitzean hosto osoa irensten da eta antioxidatzaile, bitamina eta nutriente kontzentrazio guztia aprobetxatzen da<\/span><\/span><span data-path-to-node=\"3,7\">. <\/span><span data-path-to-node=\"3,9\"><span class=\"citation-186\">Energia iraunkorra ematen duen eta antsietaterik gabe foku mentala hobetzen duen superelikagaia da<\/span><\/span><span data-path-to-node=\"3,11\">.<\/span><\/p>\n<h3>Pisua\/kantitatea<\/h3>\n<p><span data-path-to-node=\"6,3\"><span class=\"citation-184\">50 g-ko ontzia<\/span><\/span><span data-path-to-node=\"6,5\">.<\/span><\/p>\n<h3>Osagaiak<\/h3>\n<p><span data-path-to-node=\"8,3\"><span class=\"citation-182\">%100 Japoniako jatorriko matcha te organikoa<\/span><\/span><span data-path-to-node=\"8,5\">.<\/span><\/p>\n<h3>Alergenoak<\/h3>\n<p>Edukiontzian begiratu.<\/p>\n<h3>Erabilera\/kontserbazio baldintzak<\/h3>\n<p><span data-path-to-node=\"12,3\"><span class=\"citation-178\">Ur berotan disolbatuta kontsumitu, ura irakiten ez dagoela ziurtatuz<\/span><\/span><span data-path-to-node=\"12,5\">. <\/span><span data-path-to-node=\"12,7\"><span class=\"citation-177\">Kalitatea mantentzeko, giro fresko eta lehorrean kontserbatu, hezetasunetik babestuta<\/span><\/span><span data-path-to-node=\"12,9\">.<\/span><\/p>\n<h3>Aholkua<\/h3>\n<p><span data-path-to-node=\"14,3\"><span class=\"citation-175\">Oso produktu polifazetikoa da: Matcha Latte gisa (hotza edo beroa) edo landare-edariekin goza dezakezu<\/span><\/span><span data-path-to-node=\"14,5\">.<\/span><\/p>\n","protected":false},"excerpt":{"rendered":"<p>%100 matcha organiko purua, Japoniako jatorrikoa eta maila zeremonialekoa. Gainerako teetan ez bezala, hostoak fin-fin ehotzen dira hauts berde bizi bat lortu arte; horrela, disolbatuta kontsumitzean hosto osoa irensten da eta antioxidatzaile, bitamina eta nutriente kontzentrazio guztia aprobetxatzen da. Energia iraunkorra ematen duen eta antsietaterik gabe foku mentala hobetzen duen superelikagaia da. Pisua\/kantitatea 50 g-ko [&hellip;]<\/p>\n","protected":false},"featured_media":3989749,"template":"","meta":{"_acf_changed":false},"product_brand":[],"product_cat":[611,131],"product_tag":[271,329,290,291,358,292],"class_list":{"0":"post-3986426","1":"product","2":"type-product","3":"status-publish","4":"has-post-thumbnail","6":"product_cat-teak-disolbagarriak","7":"product_cat-teak-infusioak","8":"product_tag-darjeeling-eu","9":"product_tag-ftgfop-eu","10":"product_tag-infusioak","11":"product_tag-piramide-formako","12":"product_tag-piramidea","13":"product_tag-tea","15":"first","16":"instock","17":"taxable","18":"shipping-taxable","19":"purchasable","20":"product-type-simple"},"bundled_by":[],"bundle_stock_status":"instock","bundle_stock_quantity":234,"bundle_virtual":false,"bundle_layout":"","bundle_add_to_cart_form_location":"","bundle_editable_in_cart":false,"bundle_sold_individually_context":"","bundle_item_grouping":"","bundle_min_size":"","bundle_max_size":"","bundle_price":[],"bundled_items":[],"bundle_sell_ids":[],"acf":[],"yoast_head":"<!-- This site is optimized with the Yoast SEO plugin v27.3 - https:\/\/yoast.com\/product\/yoast-seo-wordpress\/ -->\n<title>Te matcha organikoa - Caf\u00e9s Baqu\u00e9<\/title>\n<meta name=\"robots\" content=\"index, follow, max-snippet:-1, max-image-preview:large, max-video-preview:-1\" \/>\n<meta property=\"og:locale\" content=\"eu_ES\" \/>\n<meta property=\"og:type\" content=\"article\" \/>\n<meta property=\"og:title\" content=\"Te matcha organikoa - Caf\u00e9s Baqu\u00e9\" \/>\n<meta property=\"og:description\" content=\"%100 matcha organiko purua, Japoniako jatorrikoa eta maila zeremonialekoa. Gainerako teetan ez bezala, hostoak fin-fin ehotzen dira hauts berde bizi bat lortu arte; horrela, disolbatuta kontsumitzean hosto osoa irensten da eta antioxidatzaile, bitamina eta nutriente kontzentrazio guztia aprobetxatzen da. Energia iraunkorra ematen duen eta antsietaterik gabe foku mentala hobetzen duen superelikagaia da. Pisua\/kantitatea 50 g-ko [&hellip;]\" \/>\n<meta property=\"og:url\" content=\"https:\/\/www.baque.com\/eu\/denda\/teak-infusioak\/teak-disolbagarriak\/english-breakfast-te-beltza-20-unit-copia\/\" \/>\n<meta property=\"og:site_name\" content=\"Caf\u00e9s Baqu\u00e9\" \/>\n<meta property=\"article:modified_time\" content=\"2026-03-04T14:48:15+00:00\" \/>\n<meta property=\"og:image\" content=\"https:\/\/www.baque.com\/wp-content\/uploads\/2026\/03\/matcha.png\" \/>\n\t<meta property=\"og:image:width\" content=\"625\" \/>\n\t<meta property=\"og:image:height\" content=\"625\" \/>\n\t<meta property=\"og:image:type\" content=\"image\/png\" \/>\n<meta name=\"twitter:card\" content=\"summary_large_image\" \/>\n<meta name=\"twitter:label1\" content=\"Est. reading time\" \/>\n\t<meta name=\"twitter:data1\" content=\"1 minute\" \/>\n<script type=\"application\/ld+json\" class=\"yoast-schema-graph\">{\"@context\":\"https:\\\/\\\/schema.org\",\"@graph\":[{\"@type\":\"WebPage\",\"@id\":\"https:\\\/\\\/www.baque.com\\\/eu\\\/denda\\\/teak-infusioak\\\/teak-disolbagarriak\\\/english-breakfast-te-beltza-20-unit-copia\\\/\",\"url\":\"https:\\\/\\\/www.baque.com\\\/eu\\\/denda\\\/teak-infusioak\\\/teak-disolbagarriak\\\/english-breakfast-te-beltza-20-unit-copia\\\/\",\"name\":\"Te matcha organikoa - Caf\u00e9s Baqu\u00e9\",\"isPartOf\":{\"@id\":\"https:\\\/\\\/www.baque.com\\\/es\\\/#website\"},\"primaryImageOfPage\":{\"@id\":\"https:\\\/\\\/www.baque.com\\\/eu\\\/denda\\\/teak-infusioak\\\/teak-disolbagarriak\\\/english-breakfast-te-beltza-20-unit-copia\\\/#primaryimage\"},\"image\":{\"@id\":\"https:\\\/\\\/www.baque.com\\\/eu\\\/denda\\\/teak-infusioak\\\/teak-disolbagarriak\\\/english-breakfast-te-beltza-20-unit-copia\\\/#primaryimage\"},\"thumbnailUrl\":\"https:\\\/\\\/www.baque.com\\\/wp-content\\\/uploads\\\/2026\\\/03\\\/matcha.png\",\"datePublished\":\"2026-03-04T08:53:56+00:00\",\"dateModified\":\"2026-03-04T14:48:15+00:00\",\"breadcrumb\":{\"@id\":\"https:\\\/\\\/www.baque.com\\\/eu\\\/denda\\\/teak-infusioak\\\/teak-disolbagarriak\\\/english-breakfast-te-beltza-20-unit-copia\\\/#breadcrumb\"},\"inLanguage\":\"eu-ES\",\"potentialAction\":[{\"@type\":\"ReadAction\",\"target\":[\"https:\\\/\\\/www.baque.com\\\/eu\\\/denda\\\/teak-infusioak\\\/teak-disolbagarriak\\\/english-breakfast-te-beltza-20-unit-copia\\\/\"]}]},{\"@type\":\"ImageObject\",\"inLanguage\":\"eu-ES\",\"@id\":\"https:\\\/\\\/www.baque.com\\\/eu\\\/denda\\\/teak-infusioak\\\/teak-disolbagarriak\\\/english-breakfast-te-beltza-20-unit-copia\\\/#primaryimage\",\"url\":\"https:\\\/\\\/www.baque.com\\\/wp-content\\\/uploads\\\/2026\\\/03\\\/matcha.png\",\"contentUrl\":\"https:\\\/\\\/www.baque.com\\\/wp-content\\\/uploads\\\/2026\\\/03\\\/matcha.png\",\"width\":625,\"height\":625},{\"@type\":\"BreadcrumbList\",\"@id\":\"https:\\\/\\\/www.baque.com\\\/eu\\\/denda\\\/teak-infusioak\\\/teak-disolbagarriak\\\/english-breakfast-te-beltza-20-unit-copia\\\/#breadcrumb\",\"itemListElement\":[{\"@type\":\"ListItem\",\"position\":1,\"name\":\"Portada\",\"item\":\"https:\\\/\\\/www.baque.com\\\/eu\\\/\"},{\"@type\":\"ListItem\",\"position\":2,\"name\":\"Denda\",\"item\":\"https:\\\/\\\/www.baque.com\\\/eu\\\/denda\\\/\"},{\"@type\":\"ListItem\",\"position\":3,\"name\":\"Te matcha organikoa\"}]},{\"@type\":\"WebSite\",\"@id\":\"https:\\\/\\\/www.baque.com\\\/es\\\/#website\",\"url\":\"https:\\\/\\\/www.baque.com\\\/es\\\/\",\"name\":\"Caf\u00e9s Baqu\u00e9\",\"description\":\"Somos l\u00edderes en hosteler\u00eda en Pa\u00eds Vasco y La Rioja y una de las marcas m\u00e1s reconocidas en el mercado nacional. Somos una empresa familiar en constante innovaci\u00f3n en el producto. Tostamos y distribuimos caf\u00e9 molido, en grano y c\u00e1psulas para disfrutar en casa, en el bar y en la oficina.\",\"potentialAction\":[{\"@type\":\"SearchAction\",\"target\":{\"@type\":\"EntryPoint\",\"urlTemplate\":\"https:\\\/\\\/www.baque.com\\\/es\\\/?s={search_term_string}\"},\"query-input\":{\"@type\":\"PropertyValueSpecification\",\"valueRequired\":true,\"valueName\":\"search_term_string\"}}],\"inLanguage\":\"eu-ES\"}]}<\/script>\n<!-- \/ Yoast SEO plugin. -->","yoast_head_json":{"title":"Te matcha organikoa - Caf\u00e9s Baqu\u00e9","robots":{"index":"index","follow":"follow","max-snippet":"max-snippet:-1","max-image-preview":"max-image-preview:large","max-video-preview":"max-video-preview:-1"},"og_locale":"eu_ES","og_type":"article","og_title":"Te matcha organikoa - Caf\u00e9s Baqu\u00e9","og_description":"%100 matcha organiko purua, Japoniako jatorrikoa eta maila zeremonialekoa. Gainerako teetan ez bezala, hostoak fin-fin ehotzen dira hauts berde bizi bat lortu arte; horrela, disolbatuta kontsumitzean hosto osoa irensten da eta antioxidatzaile, bitamina eta nutriente kontzentrazio guztia aprobetxatzen da. Energia iraunkorra ematen duen eta antsietaterik gabe foku mentala hobetzen duen superelikagaia da. Pisua\/kantitatea 50 g-ko [&hellip;]","og_url":"https:\/\/www.baque.com\/eu\/denda\/teak-infusioak\/teak-disolbagarriak\/english-breakfast-te-beltza-20-unit-copia\/","og_site_name":"Caf\u00e9s Baqu\u00e9","article_modified_time":"2026-03-04T14:48:15+00:00","og_image":[{"width":625,"height":625,"url":"https:\/\/www.baque.com\/wp-content\/uploads\/2026\/03\/matcha.png","type":"image\/png"}],"twitter_card":"summary_large_image","twitter_misc":{"Est. reading time":"1 minute"},"schema":{"@context":"https:\/\/schema.org","@graph":[{"@type":"WebPage","@id":"https:\/\/www.baque.com\/eu\/denda\/teak-infusioak\/teak-disolbagarriak\/english-breakfast-te-beltza-20-unit-copia\/","url":"https:\/\/www.baque.com\/eu\/denda\/teak-infusioak\/teak-disolbagarriak\/english-breakfast-te-beltza-20-unit-copia\/","name":"Te matcha organikoa - Caf\u00e9s Baqu\u00e9","isPartOf":{"@id":"https:\/\/www.baque.com\/es\/#website"},"primaryImageOfPage":{"@id":"https:\/\/www.baque.com\/eu\/denda\/teak-infusioak\/teak-disolbagarriak\/english-breakfast-te-beltza-20-unit-copia\/#primaryimage"},"image":{"@id":"https:\/\/www.baque.com\/eu\/denda\/teak-infusioak\/teak-disolbagarriak\/english-breakfast-te-beltza-20-unit-copia\/#primaryimage"},"thumbnailUrl":"https:\/\/www.baque.com\/wp-content\/uploads\/2026\/03\/matcha.png","datePublished":"2026-03-04T08:53:56+00:00","dateModified":"2026-03-04T14:48:15+00:00","breadcrumb":{"@id":"https:\/\/www.baque.com\/eu\/denda\/teak-infusioak\/teak-disolbagarriak\/english-breakfast-te-beltza-20-unit-copia\/#breadcrumb"},"inLanguage":"eu-ES","potentialAction":[{"@type":"ReadAction","target":["https:\/\/www.baque.com\/eu\/denda\/teak-infusioak\/teak-disolbagarriak\/english-breakfast-te-beltza-20-unit-copia\/"]}]},{"@type":"ImageObject","inLanguage":"eu-ES","@id":"https:\/\/www.baque.com\/eu\/denda\/teak-infusioak\/teak-disolbagarriak\/english-breakfast-te-beltza-20-unit-copia\/#primaryimage","url":"https:\/\/www.baque.com\/wp-content\/uploads\/2026\/03\/matcha.png","contentUrl":"https:\/\/www.baque.com\/wp-content\/uploads\/2026\/03\/matcha.png","width":625,"height":625},{"@type":"BreadcrumbList","@id":"https:\/\/www.baque.com\/eu\/denda\/teak-infusioak\/teak-disolbagarriak\/english-breakfast-te-beltza-20-unit-copia\/#breadcrumb","itemListElement":[{"@type":"ListItem","position":1,"name":"Portada","item":"https:\/\/www.baque.com\/eu\/"},{"@type":"ListItem","position":2,"name":"Denda","item":"https:\/\/www.baque.com\/eu\/denda\/"},{"@type":"ListItem","position":3,"name":"Te matcha organikoa"}]},{"@type":"WebSite","@id":"https:\/\/www.baque.com\/es\/#website","url":"https:\/\/www.baque.com\/es\/","name":"Caf\u00e9s Baqu\u00e9","description":"Somos l\u00edderes en hosteler\u00eda en Pa\u00eds Vasco y La Rioja y una de las marcas m\u00e1s reconocidas en el mercado nacional. Somos una empresa familiar en constante innovaci\u00f3n en el producto. Tostamos y distribuimos caf\u00e9 molido, en grano y c\u00e1psulas para disfrutar en casa, en el bar y en la oficina.","potentialAction":[{"@type":"SearchAction","target":{"@type":"EntryPoint","urlTemplate":"https:\/\/www.baque.com\/es\/?s={search_term_string}"},"query-input":{"@type":"PropertyValueSpecification","valueRequired":true,"valueName":"search_term_string"}}],"inLanguage":"eu-ES"}]}},"_links":{"self":[{"href":"https:\/\/www.baque.com\/eu\/wp-json\/wp\/v2\/product\/3986426","targetHints":{"allow":["GET"]}}],"collection":[{"href":"https:\/\/www.baque.com\/eu\/wp-json\/wp\/v2\/product"}],"about":[{"href":"https:\/\/www.baque.com\/eu\/wp-json\/wp\/v2\/types\/product"}],"wp:featuredmedia":[{"embeddable":true,"href":"https:\/\/www.baque.com\/eu\/wp-json\/wp\/v2\/media\/3989749"}],"wp:attachment":[{"href":"https:\/\/www.baque.com\/eu\/wp-json\/wp\/v2\/media?parent=3986426"}],"wp:term":[{"taxonomy":"product_brand","embeddable":true,"href":"https:\/\/www.baque.com\/eu\/wp-json\/wp\/v2\/product_brand?post=3986426"},{"taxonomy":"product_cat","embeddable":true,"href":"https:\/\/www.baque.com\/eu\/wp-json\/wp\/v2\/product_cat?post=3986426"},{"taxonomy":"product_tag","embeddable":true,"href":"https:\/\/www.baque.com\/eu\/wp-json\/wp\/v2\/product_tag?post=3986426"}],"curies":[{"name":"wp","href":"https:\/\/api.w.org\/{rel}","templated":true}]}}