
{"id":3986457,"date":"2026-03-04T10:08:55","date_gmt":"2026-03-04T09:08:55","guid":{"rendered":"https:\/\/www.baque.com\/?post_type=product&#038;p=3986457"},"modified":"2026-03-04T15:48:10","modified_gmt":"2026-03-04T14:48:10","slug":"english-breakfast-te-beltza-20-unit-copia-copia","status":"publish","type":"product","link":"https:\/\/www.baque.com\/eu\/denda\/teak-infusioak\/teak-disolbagarriak\/english-breakfast-te-beltza-20-unit-copia-copia\/","title":{"rendered":"Chai lattea"},"content":{"rendered":"<p><span data-path-to-node=\"18,1\"><span class=\"citation-173\">Zentzumenak harrituko dituen aroma intentsuko Indiako tradizioari omenaldia<\/span><\/span><span data-path-to-node=\"18,3\">. <\/span><span data-path-to-node=\"18,5\"><span class=\"citation-172\">Infusionatzean, bouquet indartsu bat askatzen du, non nota zitrikoak eta lore-notak nagusitzen diren; jengibreak, berriz, txispa sarkorra ematen dio<\/span><\/span><span data-path-to-node=\"18,7\">. <\/span><span data-path-to-node=\"18,9\"><span class=\"citation-171\">Esperientzia belusezkoa eta zetazkoa eskaintzen duen edaria da, zapore iraunkor, luze eta erosokoa<\/span><\/span><span data-path-to-node=\"18,11\">.<\/span><\/p>\n<h3>Pisua\/kantitatea<\/h3>\n<p><span data-path-to-node=\"21,3\"><span class=\"citation-169\">80 g-ko ontzia<\/span><\/span><span data-path-to-node=\"21,5\">.<\/span><\/p>\n<h3>Osagaiak<\/h3>\n<p><span data-path-to-node=\"23,3\"><span class=\"citation-167\">Te beltz, jengibre, kanela, piperbeltz, iltze, laranjan eta arometan oinarritutako infusio disolbagarria<\/span><\/span><span data-path-to-node=\"23,5\">.<\/span><\/p>\n<h3>Alergenoak<\/h3>\n<p><span data-path-to-node=\"25,3\"><span class=\"citation-165\">Begiratu ontziaren etiketa egon daitezkeen trazei buruzko informazioa lortzeko<\/span><\/span><span data-path-to-node=\"25,5\">.<\/span><\/p>\n<h3>Erabilera\/kontserbazio baldintzak<\/h3>\n<p><span data-path-to-node=\"27,3\"><span class=\"citation-163\">Giro fresko eta lehorrean kontserbatu bere bouquet indartsua mantentzeko<\/span><\/span><span data-path-to-node=\"27,5\">.<\/span><\/p>\n<h3>Aholkua<\/h3>\n<p><span data-path-to-node=\"29,3\"><span class=\"citation-161\">Egunerokoari balio bereizgarria emango dioten espezia tradizionalak eta nortasuna duen edari bat bilatzen dutenentzat aproposa<\/span><\/span><span data-path-to-node=\"29,5\">.<\/span><\/p>\n","protected":false},"excerpt":{"rendered":"<p>Zentzumenak harrituko dituen aroma intentsuko Indiako tradizioari omenaldia. Infusionatzean, bouquet indartsu bat askatzen du, non nota zitrikoak eta lore-notak nagusitzen diren; jengibreak, berriz, txispa sarkorra ematen dio. Esperientzia belusezkoa eta zetazkoa eskaintzen duen edaria da, zapore iraunkor, luze eta erosokoa. Pisua\/kantitatea 80 g-ko ontzia. Osagaiak Te beltz, jengibre, kanela, piperbeltz, iltze, laranjan eta arometan oinarritutako [&hellip;]<\/p>\n","protected":false},"featured_media":3989711,"template":"","meta":{"_acf_changed":false},"product_brand":[],"product_cat":[611,131],"product_tag":[271,329,290,291,358,292],"class_list":{"0":"post-3986457","1":"product","2":"type-product","3":"status-publish","4":"has-post-thumbnail","6":"product_cat-teak-disolbagarriak","7":"product_cat-teak-infusioak","8":"product_tag-darjeeling-eu","9":"product_tag-ftgfop-eu","10":"product_tag-infusioak","11":"product_tag-piramide-formako","12":"product_tag-piramidea","13":"product_tag-tea","15":"first","16":"instock","17":"taxable","18":"shipping-taxable","19":"purchasable","20":"product-type-simple"},"bundled_by":[],"bundle_stock_status":"instock","bundle_stock_quantity":264,"bundle_virtual":false,"bundle_layout":"","bundle_add_to_cart_form_location":"","bundle_editable_in_cart":false,"bundle_sold_individually_context":"","bundle_item_grouping":"","bundle_min_size":"","bundle_max_size":"","bundle_price":[],"bundled_items":[],"bundle_sell_ids":[],"acf":[],"yoast_head":"<!-- This site is optimized with the Yoast SEO plugin v27.3 - https:\/\/yoast.com\/product\/yoast-seo-wordpress\/ -->\n<title>Chai lattea - Caf\u00e9s Baqu\u00e9<\/title>\n<meta name=\"robots\" content=\"index, follow, max-snippet:-1, max-image-preview:large, max-video-preview:-1\" \/>\n<meta property=\"og:locale\" content=\"eu_ES\" \/>\n<meta property=\"og:type\" content=\"article\" \/>\n<meta property=\"og:title\" content=\"Chai lattea - Caf\u00e9s Baqu\u00e9\" \/>\n<meta property=\"og:description\" content=\"Zentzumenak harrituko dituen aroma intentsuko Indiako tradizioari omenaldia. Infusionatzean, bouquet indartsu bat askatzen du, non nota zitrikoak eta lore-notak nagusitzen diren; jengibreak, berriz, txispa sarkorra ematen dio. Esperientzia belusezkoa eta zetazkoa eskaintzen duen edaria da, zapore iraunkor, luze eta erosokoa. Pisua\/kantitatea 80 g-ko ontzia. Osagaiak Te beltz, jengibre, kanela, piperbeltz, iltze, laranjan eta arometan oinarritutako [&hellip;]\" \/>\n<meta property=\"og:url\" content=\"https:\/\/www.baque.com\/eu\/denda\/teak-infusioak\/teak-disolbagarriak\/english-breakfast-te-beltza-20-unit-copia-copia\/\" \/>\n<meta property=\"og:site_name\" content=\"Caf\u00e9s Baqu\u00e9\" \/>\n<meta property=\"article:modified_time\" content=\"2026-03-04T14:48:10+00:00\" \/>\n<meta property=\"og:image\" content=\"https:\/\/www.baque.com\/wp-content\/uploads\/2026\/03\/Chai-scaled.webp\" \/>\n\t<meta property=\"og:image:width\" content=\"2560\" \/>\n\t<meta property=\"og:image:height\" content=\"2285\" \/>\n\t<meta property=\"og:image:type\" content=\"image\/webp\" \/>\n<meta name=\"twitter:card\" content=\"summary_large_image\" \/>\n<meta name=\"twitter:label1\" content=\"Est. reading time\" \/>\n\t<meta name=\"twitter:data1\" content=\"1 minute\" \/>\n<script type=\"application\/ld+json\" class=\"yoast-schema-graph\">{\"@context\":\"https:\\\/\\\/schema.org\",\"@graph\":[{\"@type\":\"WebPage\",\"@id\":\"https:\\\/\\\/www.baque.com\\\/eu\\\/denda\\\/teak-infusioak\\\/teak-disolbagarriak\\\/english-breakfast-te-beltza-20-unit-copia-copia\\\/\",\"url\":\"https:\\\/\\\/www.baque.com\\\/eu\\\/denda\\\/teak-infusioak\\\/teak-disolbagarriak\\\/english-breakfast-te-beltza-20-unit-copia-copia\\\/\",\"name\":\"Chai lattea - Caf\u00e9s Baqu\u00e9\",\"isPartOf\":{\"@id\":\"https:\\\/\\\/www.baque.com\\\/es\\\/#website\"},\"primaryImageOfPage\":{\"@id\":\"https:\\\/\\\/www.baque.com\\\/eu\\\/denda\\\/teak-infusioak\\\/teak-disolbagarriak\\\/english-breakfast-te-beltza-20-unit-copia-copia\\\/#primaryimage\"},\"image\":{\"@id\":\"https:\\\/\\\/www.baque.com\\\/eu\\\/denda\\\/teak-infusioak\\\/teak-disolbagarriak\\\/english-breakfast-te-beltza-20-unit-copia-copia\\\/#primaryimage\"},\"thumbnailUrl\":\"https:\\\/\\\/www.baque.com\\\/wp-content\\\/uploads\\\/2026\\\/03\\\/chai-latte.png\",\"datePublished\":\"2026-03-04T09:08:55+00:00\",\"dateModified\":\"2026-03-04T14:48:10+00:00\",\"breadcrumb\":{\"@id\":\"https:\\\/\\\/www.baque.com\\\/eu\\\/denda\\\/teak-infusioak\\\/teak-disolbagarriak\\\/english-breakfast-te-beltza-20-unit-copia-copia\\\/#breadcrumb\"},\"inLanguage\":\"eu-ES\",\"potentialAction\":[{\"@type\":\"ReadAction\",\"target\":[\"https:\\\/\\\/www.baque.com\\\/eu\\\/denda\\\/teak-infusioak\\\/teak-disolbagarriak\\\/english-breakfast-te-beltza-20-unit-copia-copia\\\/\"]}]},{\"@type\":\"ImageObject\",\"inLanguage\":\"eu-ES\",\"@id\":\"https:\\\/\\\/www.baque.com\\\/eu\\\/denda\\\/teak-infusioak\\\/teak-disolbagarriak\\\/english-breakfast-te-beltza-20-unit-copia-copia\\\/#primaryimage\",\"url\":\"https:\\\/\\\/www.baque.com\\\/wp-content\\\/uploads\\\/2026\\\/03\\\/chai-latte.png\",\"contentUrl\":\"https:\\\/\\\/www.baque.com\\\/wp-content\\\/uploads\\\/2026\\\/03\\\/chai-latte.png\",\"width\":625,\"height\":625},{\"@type\":\"BreadcrumbList\",\"@id\":\"https:\\\/\\\/www.baque.com\\\/eu\\\/denda\\\/teak-infusioak\\\/teak-disolbagarriak\\\/english-breakfast-te-beltza-20-unit-copia-copia\\\/#breadcrumb\",\"itemListElement\":[{\"@type\":\"ListItem\",\"position\":1,\"name\":\"Portada\",\"item\":\"https:\\\/\\\/www.baque.com\\\/eu\\\/\"},{\"@type\":\"ListItem\",\"position\":2,\"name\":\"Denda\",\"item\":\"https:\\\/\\\/www.baque.com\\\/eu\\\/denda\\\/\"},{\"@type\":\"ListItem\",\"position\":3,\"name\":\"Chai lattea\"}]},{\"@type\":\"WebSite\",\"@id\":\"https:\\\/\\\/www.baque.com\\\/es\\\/#website\",\"url\":\"https:\\\/\\\/www.baque.com\\\/es\\\/\",\"name\":\"Caf\u00e9s Baqu\u00e9\",\"description\":\"Somos l\u00edderes en hosteler\u00eda en Pa\u00eds Vasco y La Rioja y una de las marcas m\u00e1s reconocidas en el mercado nacional. Somos una empresa familiar en constante innovaci\u00f3n en el producto. Tostamos y distribuimos caf\u00e9 molido, en grano y c\u00e1psulas para disfrutar en casa, en el bar y en la oficina.\",\"potentialAction\":[{\"@type\":\"SearchAction\",\"target\":{\"@type\":\"EntryPoint\",\"urlTemplate\":\"https:\\\/\\\/www.baque.com\\\/es\\\/?s={search_term_string}\"},\"query-input\":{\"@type\":\"PropertyValueSpecification\",\"valueRequired\":true,\"valueName\":\"search_term_string\"}}],\"inLanguage\":\"eu-ES\"}]}<\/script>\n<!-- \/ Yoast SEO plugin. -->","yoast_head_json":{"title":"Chai lattea - Caf\u00e9s Baqu\u00e9","robots":{"index":"index","follow":"follow","max-snippet":"max-snippet:-1","max-image-preview":"max-image-preview:large","max-video-preview":"max-video-preview:-1"},"og_locale":"eu_ES","og_type":"article","og_title":"Chai lattea - Caf\u00e9s Baqu\u00e9","og_description":"Zentzumenak harrituko dituen aroma intentsuko Indiako tradizioari omenaldia. Infusionatzean, bouquet indartsu bat askatzen du, non nota zitrikoak eta lore-notak nagusitzen diren; jengibreak, berriz, txispa sarkorra ematen dio. Esperientzia belusezkoa eta zetazkoa eskaintzen duen edaria da, zapore iraunkor, luze eta erosokoa. Pisua\/kantitatea 80 g-ko ontzia. Osagaiak Te beltz, jengibre, kanela, piperbeltz, iltze, laranjan eta arometan oinarritutako [&hellip;]","og_url":"https:\/\/www.baque.com\/eu\/denda\/teak-infusioak\/teak-disolbagarriak\/english-breakfast-te-beltza-20-unit-copia-copia\/","og_site_name":"Caf\u00e9s Baqu\u00e9","article_modified_time":"2026-03-04T14:48:10+00:00","og_image":[{"width":2560,"height":2285,"url":"https:\/\/www.baque.com\/wp-content\/uploads\/2026\/03\/Chai-scaled.webp","type":"image\/webp"}],"twitter_card":"summary_large_image","twitter_misc":{"Est. reading time":"1 minute"},"schema":{"@context":"https:\/\/schema.org","@graph":[{"@type":"WebPage","@id":"https:\/\/www.baque.com\/eu\/denda\/teak-infusioak\/teak-disolbagarriak\/english-breakfast-te-beltza-20-unit-copia-copia\/","url":"https:\/\/www.baque.com\/eu\/denda\/teak-infusioak\/teak-disolbagarriak\/english-breakfast-te-beltza-20-unit-copia-copia\/","name":"Chai lattea - Caf\u00e9s Baqu\u00e9","isPartOf":{"@id":"https:\/\/www.baque.com\/es\/#website"},"primaryImageOfPage":{"@id":"https:\/\/www.baque.com\/eu\/denda\/teak-infusioak\/teak-disolbagarriak\/english-breakfast-te-beltza-20-unit-copia-copia\/#primaryimage"},"image":{"@id":"https:\/\/www.baque.com\/eu\/denda\/teak-infusioak\/teak-disolbagarriak\/english-breakfast-te-beltza-20-unit-copia-copia\/#primaryimage"},"thumbnailUrl":"https:\/\/www.baque.com\/wp-content\/uploads\/2026\/03\/chai-latte.png","datePublished":"2026-03-04T09:08:55+00:00","dateModified":"2026-03-04T14:48:10+00:00","breadcrumb":{"@id":"https:\/\/www.baque.com\/eu\/denda\/teak-infusioak\/teak-disolbagarriak\/english-breakfast-te-beltza-20-unit-copia-copia\/#breadcrumb"},"inLanguage":"eu-ES","potentialAction":[{"@type":"ReadAction","target":["https:\/\/www.baque.com\/eu\/denda\/teak-infusioak\/teak-disolbagarriak\/english-breakfast-te-beltza-20-unit-copia-copia\/"]}]},{"@type":"ImageObject","inLanguage":"eu-ES","@id":"https:\/\/www.baque.com\/eu\/denda\/teak-infusioak\/teak-disolbagarriak\/english-breakfast-te-beltza-20-unit-copia-copia\/#primaryimage","url":"https:\/\/www.baque.com\/wp-content\/uploads\/2026\/03\/chai-latte.png","contentUrl":"https:\/\/www.baque.com\/wp-content\/uploads\/2026\/03\/chai-latte.png","width":625,"height":625},{"@type":"BreadcrumbList","@id":"https:\/\/www.baque.com\/eu\/denda\/teak-infusioak\/teak-disolbagarriak\/english-breakfast-te-beltza-20-unit-copia-copia\/#breadcrumb","itemListElement":[{"@type":"ListItem","position":1,"name":"Portada","item":"https:\/\/www.baque.com\/eu\/"},{"@type":"ListItem","position":2,"name":"Denda","item":"https:\/\/www.baque.com\/eu\/denda\/"},{"@type":"ListItem","position":3,"name":"Chai lattea"}]},{"@type":"WebSite","@id":"https:\/\/www.baque.com\/es\/#website","url":"https:\/\/www.baque.com\/es\/","name":"Caf\u00e9s Baqu\u00e9","description":"Somos l\u00edderes en hosteler\u00eda en Pa\u00eds Vasco y La Rioja y una de las marcas m\u00e1s reconocidas en el mercado nacional. Somos una empresa familiar en constante innovaci\u00f3n en el producto. Tostamos y distribuimos caf\u00e9 molido, en grano y c\u00e1psulas para disfrutar en casa, en el bar y en la oficina.","potentialAction":[{"@type":"SearchAction","target":{"@type":"EntryPoint","urlTemplate":"https:\/\/www.baque.com\/es\/?s={search_term_string}"},"query-input":{"@type":"PropertyValueSpecification","valueRequired":true,"valueName":"search_term_string"}}],"inLanguage":"eu-ES"}]}},"_links":{"self":[{"href":"https:\/\/www.baque.com\/eu\/wp-json\/wp\/v2\/product\/3986457","targetHints":{"allow":["GET"]}}],"collection":[{"href":"https:\/\/www.baque.com\/eu\/wp-json\/wp\/v2\/product"}],"about":[{"href":"https:\/\/www.baque.com\/eu\/wp-json\/wp\/v2\/types\/product"}],"wp:featuredmedia":[{"embeddable":true,"href":"https:\/\/www.baque.com\/eu\/wp-json\/wp\/v2\/media\/3989711"}],"wp:attachment":[{"href":"https:\/\/www.baque.com\/eu\/wp-json\/wp\/v2\/media?parent=3986457"}],"wp:term":[{"taxonomy":"product_brand","embeddable":true,"href":"https:\/\/www.baque.com\/eu\/wp-json\/wp\/v2\/product_brand?post=3986457"},{"taxonomy":"product_cat","embeddable":true,"href":"https:\/\/www.baque.com\/eu\/wp-json\/wp\/v2\/product_cat?post=3986457"},{"taxonomy":"product_tag","embeddable":true,"href":"https:\/\/www.baque.com\/eu\/wp-json\/wp\/v2\/product_tag?post=3986457"}],"curies":[{"name":"wp","href":"https:\/\/api.w.org\/{rel}","templated":true}]}}