
{"id":408477,"date":"2021-04-22T12:18:42","date_gmt":"2021-04-22T10:18:42","guid":{"rendered":"https:\/\/www.baque.com\/?post_type=product&#038;p=408477"},"modified":"2025-06-20T16:46:42","modified_gmt":"2025-06-20T14:46:42","slug":"cacaolat-kakaozko-irabiatua-dgrekin-bateragarriak-diren-10-kapsula","status":"publish","type":"product","link":"https:\/\/www.baque.com\/eu\/denda\/kafe-kapsulak\/dolce-gusto-kafegailuarekin\/cacaolat-kakaozko-irabiatua-dgrekin-bateragarriak-diren-10-kapsula\/","title":{"rendered":"Cacaolat kakaozko irabiatua, DG\u00a9-rekin bateragarriak diren 10 kapsula"},"content":{"rendered":"<p>Kapsula bateragarriak Nescaf\u00e9\u00ae Dolce Gusto\u00ae makinekin<\/p>\n<p>Cacaolat-en zapore paregabea orain kapsulan baita ere, kalitate oneneko osagaiekin egina, zure kakaozko irabiatu bero ere goza dezazun.<\/p>\n<h3>Pisua\/kantitatea<\/h3>\n<p>10 uds.<\/p>\n<h3>Osagaiak<\/h3>\n<p>Azukrea, esne erdigaingabetua (%32), kakao koipegabetua (%14), arto almidoia, gatza, emulzionatzailea: goma guar-a, aromak eta antiaglomeratzailea: trikaltzio fosfatoa.<\/p>\n<h3>Alergenoak<\/h3>\n<p>Soja aztarnak izan ditzake.<\/p>\n<h3>Nutrizio Informazioa<\/h3>\n<table class='ingredientes'><tr><th align='left'>Balio energetikoa<\/th><th align='right'>396Kcal.\/ \u00a01672 kJ.<\/th><\/tr><tr><td align='left'>Koipeak guztira<\/td><td align='right'>6,9 g.<\/td><\/tr><tr><td align='left'>eta horietatik aseak<\/td><td align='right'>4,4 g.<\/td><\/tr><tr><td align='left'>Karbohidratoak<\/td><td align='right'>69,4 g.<\/td><\/tr><tr><td align='left'>Eta horietatik azukreak<\/td><td align='right'>63,8 g.<\/td><\/tr><tr><td align='left'>Proteinak<\/td><td align='right'>11,5 g.<\/td><\/tr><tr><td align='left'>Gatza<\/td><td align='right'>0,9 g.<\/td><\/tr><\/table>\n<h3>Erabilera\/kontserbazio baldintzak<\/h3>\n<p>Gorde leku fresko eta lehor batean, eguzki argitik kanpo.<\/p>\n<h3>Iraungitze data<\/h3>\n<p>18 hilabete<\/p>\n<p><strong>Aholkua<\/strong><\/p>\n<p>Kapsula bakoitza cacaolat bakar bat prestatzeko erabili (kafegailuaren erabilera jarraibideak ikusi).<\/p>\n<p>&nbsp;<\/p>\n","protected":false},"excerpt":{"rendered":"<p>Esne-hautsa kakao disolbagarriarekin<\/p>\n","protected":false},"featured_media":2557515,"template":"","meta":{"_acf_changed":false},"product_brand":[],"product_cat":[128,142,514],"product_tag":[287,295,316,283],"class_list":{"0":"post-408477","1":"product","2":"type-product","3":"status-publish","4":"has-post-thumbnail","6":"product_cat-kakaoak","7":"product_cat-dolce-gusto-kafegailuarekin","8":"product_cat-kakaoak-dolce-gusto","9":"product_tag-bateragarriak","10":"product_tag-dolce-gusto-eu","11":"product_tag-esnearekin","12":"product_tag-kapsulak","14":"first","15":"instock","16":"taxable","17":"shipping-taxable","18":"purchasable","19":"product-type-simple"},"bundled_by":[],"bundle_stock_status":"instock","bundle_stock_quantity":9461,"bundle_virtual":false,"bundle_layout":"","bundle_add_to_cart_form_location":"","bundle_editable_in_cart":false,"bundle_sold_individually_context":"","bundle_item_grouping":"","bundle_min_size":"","bundle_max_size":"","bundle_price":[],"bundled_items":[],"bundle_sell_ids":[],"acf":[],"yoast_head":"<!-- This site is optimized with the Yoast SEO plugin v27.3 - https:\/\/yoast.com\/product\/yoast-seo-wordpress\/ -->\n<title>Cacaolat kakaozko irabiatua, DG\u00a9-rekin bateragarriak diren 10 kapsula - Caf\u00e9s Baqu\u00e9<\/title>\n<meta name=\"robots\" content=\"index, follow, max-snippet:-1, max-image-preview:large, max-video-preview:-1\" \/>\n<meta property=\"og:locale\" content=\"eu_ES\" \/>\n<meta property=\"og:type\" content=\"article\" \/>\n<meta property=\"og:title\" content=\"Cacaolat kakaozko irabiatua, DG\u00a9-rekin bateragarriak diren 10 kapsula - Caf\u00e9s Baqu\u00e9\" \/>\n<meta property=\"og:description\" content=\"Esne-hautsa kakao disolbagarriarekin\" \/>\n<meta property=\"og:url\" content=\"https:\/\/www.baque.com\/eu\/denda\/kafe-kapsulak\/dolce-gusto-kafegailuarekin\/cacaolat-kakaozko-irabiatua-dgrekin-bateragarriak-diren-10-kapsula\/\" \/>\n<meta property=\"og:site_name\" content=\"Caf\u00e9s Baqu\u00e9\" \/>\n<meta property=\"article:modified_time\" content=\"2025-06-20T14:46:42+00:00\" \/>\n<meta property=\"og:image\" content=\"https:\/\/www.baque.com\/wp-content\/uploads\/2021\/04\/DG-Cacaolat-Facing-01.jpg\" \/>\n\t<meta property=\"og:image:width\" content=\"1117\" \/>\n\t<meta property=\"og:image:height\" content=\"1051\" \/>\n\t<meta property=\"og:image:type\" content=\"image\/jpeg\" \/>\n<meta name=\"twitter:card\" content=\"summary_large_image\" \/>\n<meta name=\"twitter:label1\" content=\"Est. reading time\" \/>\n\t<meta name=\"twitter:data1\" content=\"1 minute\" \/>\n<script type=\"application\/ld+json\" class=\"yoast-schema-graph\">{\"@context\":\"https:\\\/\\\/schema.org\",\"@graph\":[{\"@type\":\"WebPage\",\"@id\":\"https:\\\/\\\/www.baque.com\\\/eu\\\/denda\\\/kafe-kapsulak\\\/dolce-gusto-kafegailuarekin\\\/cacaolat-kakaozko-irabiatua-dgrekin-bateragarriak-diren-10-kapsula\\\/\",\"url\":\"https:\\\/\\\/www.baque.com\\\/eu\\\/denda\\\/kafe-kapsulak\\\/dolce-gusto-kafegailuarekin\\\/cacaolat-kakaozko-irabiatua-dgrekin-bateragarriak-diren-10-kapsula\\\/\",\"name\":\"Cacaolat kakaozko irabiatua, DG\u00a9-rekin bateragarriak diren 10 kapsula - Caf\u00e9s Baqu\u00e9\",\"isPartOf\":{\"@id\":\"https:\\\/\\\/www.baque.com\\\/es\\\/#website\"},\"primaryImageOfPage\":{\"@id\":\"https:\\\/\\\/www.baque.com\\\/eu\\\/denda\\\/kafe-kapsulak\\\/dolce-gusto-kafegailuarekin\\\/cacaolat-kakaozko-irabiatua-dgrekin-bateragarriak-diren-10-kapsula\\\/#primaryimage\"},\"image\":{\"@id\":\"https:\\\/\\\/www.baque.com\\\/eu\\\/denda\\\/kafe-kapsulak\\\/dolce-gusto-kafegailuarekin\\\/cacaolat-kakaozko-irabiatua-dgrekin-bateragarriak-diren-10-kapsula\\\/#primaryimage\"},\"thumbnailUrl\":\"https:\\\/\\\/www.baque.com\\\/wp-content\\\/uploads\\\/2021\\\/04\\\/DG-Cacaolat-Facing-01.jpg\",\"datePublished\":\"2021-04-22T10:18:42+00:00\",\"dateModified\":\"2025-06-20T14:46:42+00:00\",\"breadcrumb\":{\"@id\":\"https:\\\/\\\/www.baque.com\\\/eu\\\/denda\\\/kafe-kapsulak\\\/dolce-gusto-kafegailuarekin\\\/cacaolat-kakaozko-irabiatua-dgrekin-bateragarriak-diren-10-kapsula\\\/#breadcrumb\"},\"inLanguage\":\"eu-ES\",\"potentialAction\":[{\"@type\":\"ReadAction\",\"target\":[\"https:\\\/\\\/www.baque.com\\\/eu\\\/denda\\\/kafe-kapsulak\\\/dolce-gusto-kafegailuarekin\\\/cacaolat-kakaozko-irabiatua-dgrekin-bateragarriak-diren-10-kapsula\\\/\"]}]},{\"@type\":\"ImageObject\",\"inLanguage\":\"eu-ES\",\"@id\":\"https:\\\/\\\/www.baque.com\\\/eu\\\/denda\\\/kafe-kapsulak\\\/dolce-gusto-kafegailuarekin\\\/cacaolat-kakaozko-irabiatua-dgrekin-bateragarriak-diren-10-kapsula\\\/#primaryimage\",\"url\":\"https:\\\/\\\/www.baque.com\\\/wp-content\\\/uploads\\\/2021\\\/04\\\/DG-Cacaolat-Facing-01.jpg\",\"contentUrl\":\"https:\\\/\\\/www.baque.com\\\/wp-content\\\/uploads\\\/2021\\\/04\\\/DG-Cacaolat-Facing-01.jpg\",\"width\":1117,\"height\":1051},{\"@type\":\"BreadcrumbList\",\"@id\":\"https:\\\/\\\/www.baque.com\\\/eu\\\/denda\\\/kafe-kapsulak\\\/dolce-gusto-kafegailuarekin\\\/cacaolat-kakaozko-irabiatua-dgrekin-bateragarriak-diren-10-kapsula\\\/#breadcrumb\",\"itemListElement\":[{\"@type\":\"ListItem\",\"position\":1,\"name\":\"Portada\",\"item\":\"https:\\\/\\\/www.baque.com\\\/eu\\\/\"},{\"@type\":\"ListItem\",\"position\":2,\"name\":\"Denda\",\"item\":\"https:\\\/\\\/www.baque.com\\\/eu\\\/denda\\\/\"},{\"@type\":\"ListItem\",\"position\":3,\"name\":\"Cacaolat kakaozko irabiatua, DG\u00a9-rekin bateragarriak diren 10 kapsula\"}]},{\"@type\":\"WebSite\",\"@id\":\"https:\\\/\\\/www.baque.com\\\/es\\\/#website\",\"url\":\"https:\\\/\\\/www.baque.com\\\/es\\\/\",\"name\":\"Caf\u00e9s Baqu\u00e9\",\"description\":\"Somos l\u00edderes en hosteler\u00eda en Pa\u00eds Vasco y La Rioja y una de las marcas m\u00e1s reconocidas en el mercado nacional. Somos una empresa familiar en constante innovaci\u00f3n en el producto. Tostamos y distribuimos caf\u00e9 molido, en grano y c\u00e1psulas para disfrutar en casa, en el bar y en la oficina.\",\"potentialAction\":[{\"@type\":\"SearchAction\",\"target\":{\"@type\":\"EntryPoint\",\"urlTemplate\":\"https:\\\/\\\/www.baque.com\\\/es\\\/?s={search_term_string}\"},\"query-input\":{\"@type\":\"PropertyValueSpecification\",\"valueRequired\":true,\"valueName\":\"search_term_string\"}}],\"inLanguage\":\"eu-ES\"}]}<\/script>\n<!-- \/ Yoast SEO plugin. -->","yoast_head_json":{"title":"Cacaolat kakaozko irabiatua, DG\u00a9-rekin bateragarriak diren 10 kapsula - Caf\u00e9s Baqu\u00e9","robots":{"index":"index","follow":"follow","max-snippet":"max-snippet:-1","max-image-preview":"max-image-preview:large","max-video-preview":"max-video-preview:-1"},"og_locale":"eu_ES","og_type":"article","og_title":"Cacaolat kakaozko irabiatua, DG\u00a9-rekin bateragarriak diren 10 kapsula - Caf\u00e9s Baqu\u00e9","og_description":"Esne-hautsa kakao disolbagarriarekin","og_url":"https:\/\/www.baque.com\/eu\/denda\/kafe-kapsulak\/dolce-gusto-kafegailuarekin\/cacaolat-kakaozko-irabiatua-dgrekin-bateragarriak-diren-10-kapsula\/","og_site_name":"Caf\u00e9s Baqu\u00e9","article_modified_time":"2025-06-20T14:46:42+00:00","og_image":[{"width":1117,"height":1051,"url":"https:\/\/www.baque.com\/wp-content\/uploads\/2021\/04\/DG-Cacaolat-Facing-01.jpg","type":"image\/jpeg"}],"twitter_card":"summary_large_image","twitter_misc":{"Est. reading time":"1 minute"},"schema":{"@context":"https:\/\/schema.org","@graph":[{"@type":"WebPage","@id":"https:\/\/www.baque.com\/eu\/denda\/kafe-kapsulak\/dolce-gusto-kafegailuarekin\/cacaolat-kakaozko-irabiatua-dgrekin-bateragarriak-diren-10-kapsula\/","url":"https:\/\/www.baque.com\/eu\/denda\/kafe-kapsulak\/dolce-gusto-kafegailuarekin\/cacaolat-kakaozko-irabiatua-dgrekin-bateragarriak-diren-10-kapsula\/","name":"Cacaolat kakaozko irabiatua, DG\u00a9-rekin bateragarriak diren 10 kapsula - Caf\u00e9s Baqu\u00e9","isPartOf":{"@id":"https:\/\/www.baque.com\/es\/#website"},"primaryImageOfPage":{"@id":"https:\/\/www.baque.com\/eu\/denda\/kafe-kapsulak\/dolce-gusto-kafegailuarekin\/cacaolat-kakaozko-irabiatua-dgrekin-bateragarriak-diren-10-kapsula\/#primaryimage"},"image":{"@id":"https:\/\/www.baque.com\/eu\/denda\/kafe-kapsulak\/dolce-gusto-kafegailuarekin\/cacaolat-kakaozko-irabiatua-dgrekin-bateragarriak-diren-10-kapsula\/#primaryimage"},"thumbnailUrl":"https:\/\/www.baque.com\/wp-content\/uploads\/2021\/04\/DG-Cacaolat-Facing-01.jpg","datePublished":"2021-04-22T10:18:42+00:00","dateModified":"2025-06-20T14:46:42+00:00","breadcrumb":{"@id":"https:\/\/www.baque.com\/eu\/denda\/kafe-kapsulak\/dolce-gusto-kafegailuarekin\/cacaolat-kakaozko-irabiatua-dgrekin-bateragarriak-diren-10-kapsula\/#breadcrumb"},"inLanguage":"eu-ES","potentialAction":[{"@type":"ReadAction","target":["https:\/\/www.baque.com\/eu\/denda\/kafe-kapsulak\/dolce-gusto-kafegailuarekin\/cacaolat-kakaozko-irabiatua-dgrekin-bateragarriak-diren-10-kapsula\/"]}]},{"@type":"ImageObject","inLanguage":"eu-ES","@id":"https:\/\/www.baque.com\/eu\/denda\/kafe-kapsulak\/dolce-gusto-kafegailuarekin\/cacaolat-kakaozko-irabiatua-dgrekin-bateragarriak-diren-10-kapsula\/#primaryimage","url":"https:\/\/www.baque.com\/wp-content\/uploads\/2021\/04\/DG-Cacaolat-Facing-01.jpg","contentUrl":"https:\/\/www.baque.com\/wp-content\/uploads\/2021\/04\/DG-Cacaolat-Facing-01.jpg","width":1117,"height":1051},{"@type":"BreadcrumbList","@id":"https:\/\/www.baque.com\/eu\/denda\/kafe-kapsulak\/dolce-gusto-kafegailuarekin\/cacaolat-kakaozko-irabiatua-dgrekin-bateragarriak-diren-10-kapsula\/#breadcrumb","itemListElement":[{"@type":"ListItem","position":1,"name":"Portada","item":"https:\/\/www.baque.com\/eu\/"},{"@type":"ListItem","position":2,"name":"Denda","item":"https:\/\/www.baque.com\/eu\/denda\/"},{"@type":"ListItem","position":3,"name":"Cacaolat kakaozko irabiatua, DG\u00a9-rekin bateragarriak diren 10 kapsula"}]},{"@type":"WebSite","@id":"https:\/\/www.baque.com\/es\/#website","url":"https:\/\/www.baque.com\/es\/","name":"Caf\u00e9s Baqu\u00e9","description":"Somos l\u00edderes en hosteler\u00eda en Pa\u00eds Vasco y La Rioja y una de las marcas m\u00e1s reconocidas en el mercado nacional. Somos una empresa familiar en constante innovaci\u00f3n en el producto. Tostamos y distribuimos caf\u00e9 molido, en grano y c\u00e1psulas para disfrutar en casa, en el bar y en la oficina.","potentialAction":[{"@type":"SearchAction","target":{"@type":"EntryPoint","urlTemplate":"https:\/\/www.baque.com\/es\/?s={search_term_string}"},"query-input":{"@type":"PropertyValueSpecification","valueRequired":true,"valueName":"search_term_string"}}],"inLanguage":"eu-ES"}]}},"_links":{"self":[{"href":"https:\/\/www.baque.com\/eu\/wp-json\/wp\/v2\/product\/408477","targetHints":{"allow":["GET"]}}],"collection":[{"href":"https:\/\/www.baque.com\/eu\/wp-json\/wp\/v2\/product"}],"about":[{"href":"https:\/\/www.baque.com\/eu\/wp-json\/wp\/v2\/types\/product"}],"wp:featuredmedia":[{"embeddable":true,"href":"https:\/\/www.baque.com\/eu\/wp-json\/wp\/v2\/media\/2557515"}],"wp:attachment":[{"href":"https:\/\/www.baque.com\/eu\/wp-json\/wp\/v2\/media?parent=408477"}],"wp:term":[{"taxonomy":"product_brand","embeddable":true,"href":"https:\/\/www.baque.com\/eu\/wp-json\/wp\/v2\/product_brand?post=408477"},{"taxonomy":"product_cat","embeddable":true,"href":"https:\/\/www.baque.com\/eu\/wp-json\/wp\/v2\/product_cat?post=408477"},{"taxonomy":"product_tag","embeddable":true,"href":"https:\/\/www.baque.com\/eu\/wp-json\/wp\/v2\/product_tag?post=408477"}],"curies":[{"name":"wp","href":"https:\/\/api.w.org\/{rel}","templated":true}]}}