
{"id":435393,"date":"2021-05-17T13:12:02","date_gmt":"2021-05-17T11:12:02","guid":{"rendered":"https:\/\/www.baque.com\/?post_type=product&#038;p=435393"},"modified":"2025-09-24T15:07:48","modified_gmt":"2025-09-24T13:07:48","slug":"varanasi-bizia-kafe-aleak-500-g","status":"publish","type":"product","link":"https:\/\/www.baque.com\/eu\/denda\/kafe-aleak\/varanasi-bizia-kafe-aleak-500-g\/","title":{"rendered":"Varanasi bizia, 500 g."},"content":{"rendered":"<p>Hego Amerikako Arabiko goxoen eta nortasun handiko Robusta kafeen nahaste konplexua, gorputz biziko eta kontraste handiko kafea duena emaitza.<\/p>\n<h3>Intentsitatea<\/h3>\n<p class=\"intensity\">11 <span class=\"circle\"><\/span><span class=\"circle\"><\/span><span class=\"circle\"><\/span><span class=\"circle\"><\/span><span class=\"circle\"><\/span><span class=\"circle\"><\/span><span class=\"circle\"><\/span><span class=\"circle\"><\/span><span class=\"circle\"><\/span><span class=\"circle\"><\/span><span class=\"circle\"><\/span><\/p>\n<h3>Pisua\/kantitatea<\/h3>\n<p>500 g.<\/p>\n<h3>Osagaiak<\/h3>\n<p>Kafea.<\/p>\n<h3>Alergenoak<\/h3>\n<p>Bat ere ez.<\/p>\n<h3>Erabilera\/kontserbazio baldintzak<\/h3>\n<p>Gorde leku fresko eta lehor batean, eguzki argitik kanpo.<\/p>\n<h3>Iraungitze data<\/h3>\n<p>18 hilabete<\/p>\n<h3>Aholkua<\/h3>\n<p>Behin zabaldutakoan, sartu ontzi hermetiko batean eta gorde hozkailuan.<\/p>\n","protected":false},"excerpt":{"rendered":"<p>Era naturalean txigortutako kafe aleak.<\/p>\n","protected":false},"featured_media":435417,"template":"","meta":{"_acf_changed":false},"product_brand":[],"product_cat":[134],"product_tag":[336,355],"class_list":{"0":"post-435393","1":"product","2":"type-product","3":"status-publish","4":"has-post-thumbnail","6":"product_cat-kafe-aleak","7":"product_tag-alea","8":"product_tag-naturala","10":"first","11":"instock","12":"taxable","13":"shipping-taxable","14":"purchasable","15":"product-type-simple"},"bundled_by":[],"bundle_stock_status":"instock","bundle_stock_quantity":1533,"bundle_virtual":false,"bundle_layout":"","bundle_add_to_cart_form_location":"","bundle_editable_in_cart":false,"bundle_sold_individually_context":"","bundle_item_grouping":"","bundle_min_size":"","bundle_max_size":"","bundle_price":[],"bundled_items":[],"bundle_sell_ids":[],"acf":[],"yoast_head":"<!-- This site is optimized with the Yoast SEO plugin v27.3 - https:\/\/yoast.com\/product\/yoast-seo-wordpress\/ -->\n<title>Varanasi bizia, 500 g. - Caf\u00e9s Baqu\u00e9<\/title>\n<meta name=\"robots\" content=\"index, follow, max-snippet:-1, max-image-preview:large, max-video-preview:-1\" \/>\n<meta property=\"og:locale\" content=\"eu_ES\" \/>\n<meta property=\"og:type\" content=\"article\" \/>\n<meta property=\"og:title\" content=\"Varanasi bizia, 500 g. - Caf\u00e9s Baqu\u00e9\" \/>\n<meta property=\"og:description\" content=\"Era naturalean txigortutako kafe aleak.\" \/>\n<meta property=\"og:url\" content=\"https:\/\/www.baque.com\/eu\/denda\/kafe-aleak\/varanasi-bizia-kafe-aleak-500-g\/\" \/>\n<meta property=\"og:site_name\" content=\"Caf\u00e9s Baqu\u00e9\" \/>\n<meta property=\"article:modified_time\" content=\"2025-09-24T13:07:48+00:00\" \/>\n<meta property=\"og:image\" content=\"https:\/\/www.baque.com\/wp-content\/uploads\/2021\/05\/21111004_VARANASI-INTENSO-GRANO-500_Frontal.jpg\" \/>\n\t<meta property=\"og:image:width\" content=\"1429\" \/>\n\t<meta property=\"og:image:height\" content=\"1429\" \/>\n\t<meta property=\"og:image:type\" content=\"image\/jpeg\" \/>\n<meta name=\"twitter:card\" content=\"summary_large_image\" \/>\n<script type=\"application\/ld+json\" class=\"yoast-schema-graph\">{\"@context\":\"https:\\\/\\\/schema.org\",\"@graph\":[{\"@type\":\"WebPage\",\"@id\":\"https:\\\/\\\/www.baque.com\\\/eu\\\/denda\\\/kafe-aleak\\\/varanasi-bizia-kafe-aleak-500-g\\\/\",\"url\":\"https:\\\/\\\/www.baque.com\\\/eu\\\/denda\\\/kafe-aleak\\\/varanasi-bizia-kafe-aleak-500-g\\\/\",\"name\":\"Varanasi bizia, 500 g. - Caf\u00e9s Baqu\u00e9\",\"isPartOf\":{\"@id\":\"https:\\\/\\\/www.baque.com\\\/es\\\/#website\"},\"primaryImageOfPage\":{\"@id\":\"https:\\\/\\\/www.baque.com\\\/eu\\\/denda\\\/kafe-aleak\\\/varanasi-bizia-kafe-aleak-500-g\\\/#primaryimage\"},\"image\":{\"@id\":\"https:\\\/\\\/www.baque.com\\\/eu\\\/denda\\\/kafe-aleak\\\/varanasi-bizia-kafe-aleak-500-g\\\/#primaryimage\"},\"thumbnailUrl\":\"https:\\\/\\\/www.baque.com\\\/wp-content\\\/uploads\\\/2021\\\/05\\\/21111004_VARANASI-INTENSO-GRANO-500_Frontal.jpg\",\"datePublished\":\"2021-05-17T11:12:02+00:00\",\"dateModified\":\"2025-09-24T13:07:48+00:00\",\"breadcrumb\":{\"@id\":\"https:\\\/\\\/www.baque.com\\\/eu\\\/denda\\\/kafe-aleak\\\/varanasi-bizia-kafe-aleak-500-g\\\/#breadcrumb\"},\"inLanguage\":\"eu-ES\",\"potentialAction\":[{\"@type\":\"ReadAction\",\"target\":[\"https:\\\/\\\/www.baque.com\\\/eu\\\/denda\\\/kafe-aleak\\\/varanasi-bizia-kafe-aleak-500-g\\\/\"]}]},{\"@type\":\"ImageObject\",\"inLanguage\":\"eu-ES\",\"@id\":\"https:\\\/\\\/www.baque.com\\\/eu\\\/denda\\\/kafe-aleak\\\/varanasi-bizia-kafe-aleak-500-g\\\/#primaryimage\",\"url\":\"https:\\\/\\\/www.baque.com\\\/wp-content\\\/uploads\\\/2021\\\/05\\\/21111004_VARANASI-INTENSO-GRANO-500_Frontal.jpg\",\"contentUrl\":\"https:\\\/\\\/www.baque.com\\\/wp-content\\\/uploads\\\/2021\\\/05\\\/21111004_VARANASI-INTENSO-GRANO-500_Frontal.jpg\",\"width\":1429,\"height\":1429},{\"@type\":\"BreadcrumbList\",\"@id\":\"https:\\\/\\\/www.baque.com\\\/eu\\\/denda\\\/kafe-aleak\\\/varanasi-bizia-kafe-aleak-500-g\\\/#breadcrumb\",\"itemListElement\":[{\"@type\":\"ListItem\",\"position\":1,\"name\":\"Portada\",\"item\":\"https:\\\/\\\/www.baque.com\\\/eu\\\/\"},{\"@type\":\"ListItem\",\"position\":2,\"name\":\"Denda\",\"item\":\"https:\\\/\\\/www.baque.com\\\/eu\\\/denda\\\/\"},{\"@type\":\"ListItem\",\"position\":3,\"name\":\"Varanasi bizia, 500 g.\"}]},{\"@type\":\"WebSite\",\"@id\":\"https:\\\/\\\/www.baque.com\\\/es\\\/#website\",\"url\":\"https:\\\/\\\/www.baque.com\\\/es\\\/\",\"name\":\"Caf\u00e9s Baqu\u00e9\",\"description\":\"Somos l\u00edderes en hosteler\u00eda en Pa\u00eds Vasco y La Rioja y una de las marcas m\u00e1s reconocidas en el mercado nacional. Somos una empresa familiar en constante innovaci\u00f3n en el producto. Tostamos y distribuimos caf\u00e9 molido, en grano y c\u00e1psulas para disfrutar en casa, en el bar y en la oficina.\",\"potentialAction\":[{\"@type\":\"SearchAction\",\"target\":{\"@type\":\"EntryPoint\",\"urlTemplate\":\"https:\\\/\\\/www.baque.com\\\/es\\\/?s={search_term_string}\"},\"query-input\":{\"@type\":\"PropertyValueSpecification\",\"valueRequired\":true,\"valueName\":\"search_term_string\"}}],\"inLanguage\":\"eu-ES\"}]}<\/script>\n<!-- \/ Yoast SEO plugin. -->","yoast_head_json":{"title":"Varanasi bizia, 500 g. - Caf\u00e9s Baqu\u00e9","robots":{"index":"index","follow":"follow","max-snippet":"max-snippet:-1","max-image-preview":"max-image-preview:large","max-video-preview":"max-video-preview:-1"},"og_locale":"eu_ES","og_type":"article","og_title":"Varanasi bizia, 500 g. - Caf\u00e9s Baqu\u00e9","og_description":"Era naturalean txigortutako kafe aleak.","og_url":"https:\/\/www.baque.com\/eu\/denda\/kafe-aleak\/varanasi-bizia-kafe-aleak-500-g\/","og_site_name":"Caf\u00e9s Baqu\u00e9","article_modified_time":"2025-09-24T13:07:48+00:00","og_image":[{"width":1429,"height":1429,"url":"https:\/\/www.baque.com\/wp-content\/uploads\/2021\/05\/21111004_VARANASI-INTENSO-GRANO-500_Frontal.jpg","type":"image\/jpeg"}],"twitter_card":"summary_large_image","schema":{"@context":"https:\/\/schema.org","@graph":[{"@type":"WebPage","@id":"https:\/\/www.baque.com\/eu\/denda\/kafe-aleak\/varanasi-bizia-kafe-aleak-500-g\/","url":"https:\/\/www.baque.com\/eu\/denda\/kafe-aleak\/varanasi-bizia-kafe-aleak-500-g\/","name":"Varanasi bizia, 500 g. - Caf\u00e9s Baqu\u00e9","isPartOf":{"@id":"https:\/\/www.baque.com\/es\/#website"},"primaryImageOfPage":{"@id":"https:\/\/www.baque.com\/eu\/denda\/kafe-aleak\/varanasi-bizia-kafe-aleak-500-g\/#primaryimage"},"image":{"@id":"https:\/\/www.baque.com\/eu\/denda\/kafe-aleak\/varanasi-bizia-kafe-aleak-500-g\/#primaryimage"},"thumbnailUrl":"https:\/\/www.baque.com\/wp-content\/uploads\/2021\/05\/21111004_VARANASI-INTENSO-GRANO-500_Frontal.jpg","datePublished":"2021-05-17T11:12:02+00:00","dateModified":"2025-09-24T13:07:48+00:00","breadcrumb":{"@id":"https:\/\/www.baque.com\/eu\/denda\/kafe-aleak\/varanasi-bizia-kafe-aleak-500-g\/#breadcrumb"},"inLanguage":"eu-ES","potentialAction":[{"@type":"ReadAction","target":["https:\/\/www.baque.com\/eu\/denda\/kafe-aleak\/varanasi-bizia-kafe-aleak-500-g\/"]}]},{"@type":"ImageObject","inLanguage":"eu-ES","@id":"https:\/\/www.baque.com\/eu\/denda\/kafe-aleak\/varanasi-bizia-kafe-aleak-500-g\/#primaryimage","url":"https:\/\/www.baque.com\/wp-content\/uploads\/2021\/05\/21111004_VARANASI-INTENSO-GRANO-500_Frontal.jpg","contentUrl":"https:\/\/www.baque.com\/wp-content\/uploads\/2021\/05\/21111004_VARANASI-INTENSO-GRANO-500_Frontal.jpg","width":1429,"height":1429},{"@type":"BreadcrumbList","@id":"https:\/\/www.baque.com\/eu\/denda\/kafe-aleak\/varanasi-bizia-kafe-aleak-500-g\/#breadcrumb","itemListElement":[{"@type":"ListItem","position":1,"name":"Portada","item":"https:\/\/www.baque.com\/eu\/"},{"@type":"ListItem","position":2,"name":"Denda","item":"https:\/\/www.baque.com\/eu\/denda\/"},{"@type":"ListItem","position":3,"name":"Varanasi bizia, 500 g."}]},{"@type":"WebSite","@id":"https:\/\/www.baque.com\/es\/#website","url":"https:\/\/www.baque.com\/es\/","name":"Caf\u00e9s Baqu\u00e9","description":"Somos l\u00edderes en hosteler\u00eda en Pa\u00eds Vasco y La Rioja y una de las marcas m\u00e1s reconocidas en el mercado nacional. Somos una empresa familiar en constante innovaci\u00f3n en el producto. Tostamos y distribuimos caf\u00e9 molido, en grano y c\u00e1psulas para disfrutar en casa, en el bar y en la oficina.","potentialAction":[{"@type":"SearchAction","target":{"@type":"EntryPoint","urlTemplate":"https:\/\/www.baque.com\/es\/?s={search_term_string}"},"query-input":{"@type":"PropertyValueSpecification","valueRequired":true,"valueName":"search_term_string"}}],"inLanguage":"eu-ES"}]}},"_links":{"self":[{"href":"https:\/\/www.baque.com\/eu\/wp-json\/wp\/v2\/product\/435393","targetHints":{"allow":["GET"]}}],"collection":[{"href":"https:\/\/www.baque.com\/eu\/wp-json\/wp\/v2\/product"}],"about":[{"href":"https:\/\/www.baque.com\/eu\/wp-json\/wp\/v2\/types\/product"}],"wp:featuredmedia":[{"embeddable":true,"href":"https:\/\/www.baque.com\/eu\/wp-json\/wp\/v2\/media\/435417"}],"wp:attachment":[{"href":"https:\/\/www.baque.com\/eu\/wp-json\/wp\/v2\/media?parent=435393"}],"wp:term":[{"taxonomy":"product_brand","embeddable":true,"href":"https:\/\/www.baque.com\/eu\/wp-json\/wp\/v2\/product_brand?post=435393"},{"taxonomy":"product_cat","embeddable":true,"href":"https:\/\/www.baque.com\/eu\/wp-json\/wp\/v2\/product_cat?post=435393"},{"taxonomy":"product_tag","embeddable":true,"href":"https:\/\/www.baque.com\/eu\/wp-json\/wp\/v2\/product_tag?post=435393"}],"curies":[{"name":"wp","href":"https:\/\/api.w.org\/{rel}","templated":true}]}}