
{"id":439856,"date":"2021-05-21T16:09:07","date_gmt":"2021-05-21T14:09:07","guid":{"rendered":"https:\/\/www.baque.com\/?post_type=product&#038;p=439856"},"modified":"2021-07-20T09:37:47","modified_gmt":"2021-07-20T07:37:47","slug":"tapa-konpostagarria-4-oz-100-unit","status":"publish","type":"product","link":"https:\/\/www.baque.com\/eu\/denda\/osagarriak\/tapa-konpostagarria-4-oz-100-unit\/","title":{"rendered":"Tapa Konpostagarria (4 oz), 100 unit."},"content":{"rendered":"<p>Tapa konpostagarria 4 oz-ko edalontzirako. Ezin hobea kafea nahi duzun lekura eramateko Ingurumena zainduz.<\/p>\n","protected":false},"excerpt":{"rendered":"<p>Tapa konpostagarria 4 oz-ko edalontzirako. Ezin hobea kafea nahi duzun lekura eramateko Ingurumena zainduz.<\/p>\n","protected":false},"featured_media":5485,"template":"","meta":{"_acf_changed":false},"product_brand":[],"product_cat":[122],"product_tag":[],"class_list":{"0":"post-439856","1":"product","2":"type-product","3":"status-publish","4":"has-post-thumbnail","6":"product_cat-osagarriak","8":"first","9":"instock","10":"taxable","11":"shipping-taxable","12":"purchasable","13":"product-type-simple"},"bundled_by":[],"bundle_stock_status":"instock","bundle_stock_quantity":82,"bundle_virtual":false,"bundle_layout":"","bundle_add_to_cart_form_location":"","bundle_editable_in_cart":false,"bundle_sold_individually_context":"","bundle_item_grouping":"","bundle_min_size":"","bundle_max_size":"","bundle_price":[],"bundled_items":[],"bundle_sell_ids":[],"acf":[],"yoast_head":"<!-- This site is optimized with the Yoast SEO plugin v27.3 - https:\/\/yoast.com\/product\/yoast-seo-wordpress\/ -->\n<title>Tapa Konpostagarria (4 oz), 100 unit. - Caf\u00e9s Baqu\u00e9<\/title>\n<meta name=\"robots\" content=\"index, follow, max-snippet:-1, max-image-preview:large, max-video-preview:-1\" \/>\n<meta property=\"og:locale\" content=\"eu_ES\" \/>\n<meta property=\"og:type\" content=\"article\" \/>\n<meta property=\"og:title\" content=\"Tapa Konpostagarria (4 oz), 100 unit. - Caf\u00e9s Baqu\u00e9\" \/>\n<meta property=\"og:description\" content=\"Tapa konpostagarria 4 oz-ko edalontzirako. Ezin hobea kafea nahi duzun lekura eramateko Ingurumena zainduz.\" \/>\n<meta property=\"og:url\" content=\"https:\/\/www.baque.com\/eu\/denda\/osagarriak\/tapa-konpostagarria-4-oz-100-unit\/\" \/>\n<meta property=\"og:site_name\" content=\"Caf\u00e9s Baqu\u00e9\" \/>\n<meta property=\"article:modified_time\" content=\"2021-07-20T07:37:47+00:00\" \/>\n<meta property=\"og:image\" content=\"https:\/\/www.baque.com\/wp-content\/uploads\/2018\/11\/29410030-accesorios-tapas-75.jpg\" \/>\n\t<meta property=\"og:image:width\" content=\"500\" \/>\n\t<meta property=\"og:image:height\" content=\"500\" \/>\n\t<meta property=\"og:image:type\" content=\"image\/jpeg\" \/>\n<meta name=\"twitter:card\" content=\"summary_large_image\" \/>\n<script type=\"application\/ld+json\" class=\"yoast-schema-graph\">{\"@context\":\"https:\\\/\\\/schema.org\",\"@graph\":[{\"@type\":\"WebPage\",\"@id\":\"https:\\\/\\\/www.baque.com\\\/eu\\\/denda\\\/osagarriak\\\/tapa-konpostagarria-4-oz-100-unit\\\/\",\"url\":\"https:\\\/\\\/www.baque.com\\\/eu\\\/denda\\\/osagarriak\\\/tapa-konpostagarria-4-oz-100-unit\\\/\",\"name\":\"Tapa Konpostagarria (4 oz), 100 unit. - Caf\u00e9s Baqu\u00e9\",\"isPartOf\":{\"@id\":\"https:\\\/\\\/www.baque.com\\\/es\\\/#website\"},\"primaryImageOfPage\":{\"@id\":\"https:\\\/\\\/www.baque.com\\\/eu\\\/denda\\\/osagarriak\\\/tapa-konpostagarria-4-oz-100-unit\\\/#primaryimage\"},\"image\":{\"@id\":\"https:\\\/\\\/www.baque.com\\\/eu\\\/denda\\\/osagarriak\\\/tapa-konpostagarria-4-oz-100-unit\\\/#primaryimage\"},\"thumbnailUrl\":\"https:\\\/\\\/www.baque.com\\\/wp-content\\\/uploads\\\/2018\\\/11\\\/29410030-accesorios-tapas-75.jpg\",\"datePublished\":\"2021-05-21T14:09:07+00:00\",\"dateModified\":\"2021-07-20T07:37:47+00:00\",\"breadcrumb\":{\"@id\":\"https:\\\/\\\/www.baque.com\\\/eu\\\/denda\\\/osagarriak\\\/tapa-konpostagarria-4-oz-100-unit\\\/#breadcrumb\"},\"inLanguage\":\"eu-ES\",\"potentialAction\":[{\"@type\":\"ReadAction\",\"target\":[\"https:\\\/\\\/www.baque.com\\\/eu\\\/denda\\\/osagarriak\\\/tapa-konpostagarria-4-oz-100-unit\\\/\"]}]},{\"@type\":\"ImageObject\",\"inLanguage\":\"eu-ES\",\"@id\":\"https:\\\/\\\/www.baque.com\\\/eu\\\/denda\\\/osagarriak\\\/tapa-konpostagarria-4-oz-100-unit\\\/#primaryimage\",\"url\":\"https:\\\/\\\/www.baque.com\\\/wp-content\\\/uploads\\\/2018\\\/11\\\/29410030-accesorios-tapas-75.jpg\",\"contentUrl\":\"https:\\\/\\\/www.baque.com\\\/wp-content\\\/uploads\\\/2018\\\/11\\\/29410030-accesorios-tapas-75.jpg\",\"width\":500,\"height\":500},{\"@type\":\"BreadcrumbList\",\"@id\":\"https:\\\/\\\/www.baque.com\\\/eu\\\/denda\\\/osagarriak\\\/tapa-konpostagarria-4-oz-100-unit\\\/#breadcrumb\",\"itemListElement\":[{\"@type\":\"ListItem\",\"position\":1,\"name\":\"Portada\",\"item\":\"https:\\\/\\\/www.baque.com\\\/eu\\\/\"},{\"@type\":\"ListItem\",\"position\":2,\"name\":\"Denda\",\"item\":\"https:\\\/\\\/www.baque.com\\\/eu\\\/denda\\\/\"},{\"@type\":\"ListItem\",\"position\":3,\"name\":\"Tapa Konpostagarria (4 oz), 100 unit.\"}]},{\"@type\":\"WebSite\",\"@id\":\"https:\\\/\\\/www.baque.com\\\/es\\\/#website\",\"url\":\"https:\\\/\\\/www.baque.com\\\/es\\\/\",\"name\":\"Caf\u00e9s Baqu\u00e9\",\"description\":\"Somos l\u00edderes en hosteler\u00eda en Pa\u00eds Vasco y La Rioja y una de las marcas m\u00e1s reconocidas en el mercado nacional. Somos una empresa familiar en constante innovaci\u00f3n en el producto. Tostamos y distribuimos caf\u00e9 molido, en grano y c\u00e1psulas para disfrutar en casa, en el bar y en la oficina.\",\"potentialAction\":[{\"@type\":\"SearchAction\",\"target\":{\"@type\":\"EntryPoint\",\"urlTemplate\":\"https:\\\/\\\/www.baque.com\\\/es\\\/?s={search_term_string}\"},\"query-input\":{\"@type\":\"PropertyValueSpecification\",\"valueRequired\":true,\"valueName\":\"search_term_string\"}}],\"inLanguage\":\"eu-ES\"}]}<\/script>\n<!-- \/ Yoast SEO plugin. -->","yoast_head_json":{"title":"Tapa Konpostagarria (4 oz), 100 unit. - Caf\u00e9s Baqu\u00e9","robots":{"index":"index","follow":"follow","max-snippet":"max-snippet:-1","max-image-preview":"max-image-preview:large","max-video-preview":"max-video-preview:-1"},"og_locale":"eu_ES","og_type":"article","og_title":"Tapa Konpostagarria (4 oz), 100 unit. - Caf\u00e9s Baqu\u00e9","og_description":"Tapa konpostagarria 4 oz-ko edalontzirako. Ezin hobea kafea nahi duzun lekura eramateko Ingurumena zainduz.","og_url":"https:\/\/www.baque.com\/eu\/denda\/osagarriak\/tapa-konpostagarria-4-oz-100-unit\/","og_site_name":"Caf\u00e9s Baqu\u00e9","article_modified_time":"2021-07-20T07:37:47+00:00","og_image":[{"width":500,"height":500,"url":"https:\/\/www.baque.com\/wp-content\/uploads\/2018\/11\/29410030-accesorios-tapas-75.jpg","type":"image\/jpeg"}],"twitter_card":"summary_large_image","schema":{"@context":"https:\/\/schema.org","@graph":[{"@type":"WebPage","@id":"https:\/\/www.baque.com\/eu\/denda\/osagarriak\/tapa-konpostagarria-4-oz-100-unit\/","url":"https:\/\/www.baque.com\/eu\/denda\/osagarriak\/tapa-konpostagarria-4-oz-100-unit\/","name":"Tapa Konpostagarria (4 oz), 100 unit. - Caf\u00e9s Baqu\u00e9","isPartOf":{"@id":"https:\/\/www.baque.com\/es\/#website"},"primaryImageOfPage":{"@id":"https:\/\/www.baque.com\/eu\/denda\/osagarriak\/tapa-konpostagarria-4-oz-100-unit\/#primaryimage"},"image":{"@id":"https:\/\/www.baque.com\/eu\/denda\/osagarriak\/tapa-konpostagarria-4-oz-100-unit\/#primaryimage"},"thumbnailUrl":"https:\/\/www.baque.com\/wp-content\/uploads\/2018\/11\/29410030-accesorios-tapas-75.jpg","datePublished":"2021-05-21T14:09:07+00:00","dateModified":"2021-07-20T07:37:47+00:00","breadcrumb":{"@id":"https:\/\/www.baque.com\/eu\/denda\/osagarriak\/tapa-konpostagarria-4-oz-100-unit\/#breadcrumb"},"inLanguage":"eu-ES","potentialAction":[{"@type":"ReadAction","target":["https:\/\/www.baque.com\/eu\/denda\/osagarriak\/tapa-konpostagarria-4-oz-100-unit\/"]}]},{"@type":"ImageObject","inLanguage":"eu-ES","@id":"https:\/\/www.baque.com\/eu\/denda\/osagarriak\/tapa-konpostagarria-4-oz-100-unit\/#primaryimage","url":"https:\/\/www.baque.com\/wp-content\/uploads\/2018\/11\/29410030-accesorios-tapas-75.jpg","contentUrl":"https:\/\/www.baque.com\/wp-content\/uploads\/2018\/11\/29410030-accesorios-tapas-75.jpg","width":500,"height":500},{"@type":"BreadcrumbList","@id":"https:\/\/www.baque.com\/eu\/denda\/osagarriak\/tapa-konpostagarria-4-oz-100-unit\/#breadcrumb","itemListElement":[{"@type":"ListItem","position":1,"name":"Portada","item":"https:\/\/www.baque.com\/eu\/"},{"@type":"ListItem","position":2,"name":"Denda","item":"https:\/\/www.baque.com\/eu\/denda\/"},{"@type":"ListItem","position":3,"name":"Tapa Konpostagarria (4 oz), 100 unit."}]},{"@type":"WebSite","@id":"https:\/\/www.baque.com\/es\/#website","url":"https:\/\/www.baque.com\/es\/","name":"Caf\u00e9s Baqu\u00e9","description":"Somos l\u00edderes en hosteler\u00eda en Pa\u00eds Vasco y La Rioja y una de las marcas m\u00e1s reconocidas en el mercado nacional. Somos una empresa familiar en constante innovaci\u00f3n en el producto. Tostamos y distribuimos caf\u00e9 molido, en grano y c\u00e1psulas para disfrutar en casa, en el bar y en la oficina.","potentialAction":[{"@type":"SearchAction","target":{"@type":"EntryPoint","urlTemplate":"https:\/\/www.baque.com\/es\/?s={search_term_string}"},"query-input":{"@type":"PropertyValueSpecification","valueRequired":true,"valueName":"search_term_string"}}],"inLanguage":"eu-ES"}]}},"_links":{"self":[{"href":"https:\/\/www.baque.com\/eu\/wp-json\/wp\/v2\/product\/439856","targetHints":{"allow":["GET"]}}],"collection":[{"href":"https:\/\/www.baque.com\/eu\/wp-json\/wp\/v2\/product"}],"about":[{"href":"https:\/\/www.baque.com\/eu\/wp-json\/wp\/v2\/types\/product"}],"wp:featuredmedia":[{"embeddable":true,"href":"https:\/\/www.baque.com\/eu\/wp-json\/wp\/v2\/media\/5485"}],"wp:attachment":[{"href":"https:\/\/www.baque.com\/eu\/wp-json\/wp\/v2\/media?parent=439856"}],"wp:term":[{"taxonomy":"product_brand","embeddable":true,"href":"https:\/\/www.baque.com\/eu\/wp-json\/wp\/v2\/product_brand?post=439856"},{"taxonomy":"product_cat","embeddable":true,"href":"https:\/\/www.baque.com\/eu\/wp-json\/wp\/v2\/product_cat?post=439856"},{"taxonomy":"product_tag","embeddable":true,"href":"https:\/\/www.baque.com\/eu\/wp-json\/wp\/v2\/product_tag?post=439856"}],"curies":[{"name":"wp","href":"https:\/\/api.w.org\/{rel}","templated":true}]}}