
{"id":458710,"date":"2021-06-08T09:22:44","date_gmt":"2021-06-08T07:22:44","guid":{"rendered":"https:\/\/www.baque.com\/?post_type=product&#038;p=458710"},"modified":"2023-03-21T17:14:23","modified_gmt":"2023-03-21T16:14:23","slug":"kafeinagabe-ebakia-10-kapsula-bateragarriak-dolce-gusto-rekin-copia","status":"publish","type":"product","link":"https:\/\/www.baque.com\/eu\/denda\/kafe-kapsulak\/dolce-gusto-kafegailuarekin\/kafeinagabe-ebakia-10-kapsula-bateragarriak-dolce-gusto-rekin-copia\/","title":{"rendered":"Kafeinagabe Ebakia 10 kapsula bateragarriak Dolce Gusto\u00ae-rekin"},"content":{"rendered":"<p>Kapsula bateragarriak Nescaf\u00e9\u00ae Dolce Gusto\u00ae kafegailuekin.<\/p>\n<p>Kafe ebaki kafeinagabe krematsua, zapore handikoa. Esne ukitu batekin eta kapsula bakarrean, gozatu kafeinagabearen abantaila guztiez eguneko edozein ordutan.<\/p>\n<h3>Pisua\/kantitatea<\/h3>\n<p>10 unit.<\/p>\n<h3>Osagaiak<\/h3>\n<p>Esne hauts erdigaingabetua (%63%), kafe deskafeinatu disolbagarria (%25,5), esne gazura, antiaglomeratzailea: fosfato trikaltzikoa.<\/p>\n<h3>Alergenoak<\/h3>\n<p>Esnea eta eratorriak.<\/p>\n<h3>Nutrizio informazioa<\/h3>\n<table class='ingredientes'><tr><th align='left'>Balio Energetikoa<\/th><th align='right'>364,8 kcal.\/ 1539,5 kJ.<\/th><\/tr><tr><td align='left'>Koipeak guztira<\/td><td align='right'>5,2 g.<\/td><\/tr><tr><td align='left'>eta horietatik aseak<\/td><td align='right'>3,3 g.<\/td><\/tr><tr><td align='left'>Karbohidratoak<\/td><td align='right'>51,2 g.<\/td><\/tr><tr><td align='left'>eta horietatik azukreak<\/td><td align='right'>38,5 g.<\/td><\/tr><tr><td align='left'>Proteinak<\/td><td align='right'>25,4 g.<\/td><\/tr><tr><td align='left'>Gatza<\/td><td align='right'>0,7 g.<\/td><\/tr><\/table>\n<h3>Erabilera\/kontserbazio baldintzak<\/h3>\n<p>Gorde leku fresko eta lehor batean, eguzki argitik kanpo.<\/p>\n<h3>Iraungitze data<\/h3>\n<p>18 hilabete<\/p>\n<h3>Aholkua<\/h3>\n<p>Kapsula bakoitza kafesne deskafeinatu bakar bat prestatzeko erabili. Kafea ohiko eran egin (kafegailuaren erabilera jarraibideak ikusi).<\/p>\n","protected":false},"excerpt":{"rendered":"<p>Esne hautsa kafe deskafeinatu disolbagarriarekin.<\/p>\n","protected":false},"featured_media":2595679,"template":"","meta":{"_acf_changed":false},"product_brand":[],"product_cat":[142],"product_tag":[287,295,318,322,283],"class_list":{"0":"post-458710","1":"product","2":"type-product","3":"status-publish","4":"has-post-thumbnail","6":"product_cat-dolce-gusto-kafegailuarekin","7":"product_tag-bateragarriak","8":"product_tag-dolce-gusto-eu","9":"product_tag-ebakia","10":"product_tag-kafeinagabe","11":"product_tag-kapsulak","13":"first","14":"instock","15":"taxable","16":"shipping-taxable","17":"purchasable","18":"product-type-simple"},"bundled_by":[],"bundle_stock_status":"instock","bundle_stock_quantity":2342,"bundle_virtual":false,"bundle_layout":"","bundle_add_to_cart_form_location":"","bundle_editable_in_cart":false,"bundle_sold_individually_context":"","bundle_item_grouping":"","bundle_min_size":"","bundle_max_size":"","bundle_price":[],"bundled_items":[],"bundle_sell_ids":[],"acf":[],"yoast_head":"<!-- This site is optimized with the Yoast SEO plugin v27.3 - https:\/\/yoast.com\/product\/yoast-seo-wordpress\/ -->\n<title>Kafeinagabe Ebakia 10 kapsula bateragarriak Dolce Gusto\u00ae-rekin - Caf\u00e9s Baqu\u00e9<\/title>\n<meta name=\"robots\" content=\"index, follow, max-snippet:-1, max-image-preview:large, max-video-preview:-1\" \/>\n<meta property=\"og:locale\" content=\"eu_ES\" \/>\n<meta property=\"og:type\" content=\"article\" \/>\n<meta property=\"og:title\" content=\"Kafeinagabe Ebakia 10 kapsula bateragarriak Dolce Gusto\u00ae-rekin - Caf\u00e9s Baqu\u00e9\" \/>\n<meta property=\"og:description\" content=\"Esne hautsa kafe deskafeinatu disolbagarriarekin.\" \/>\n<meta property=\"og:url\" content=\"https:\/\/www.baque.com\/eu\/denda\/kafe-kapsulak\/dolce-gusto-kafegailuarekin\/kafeinagabe-ebakia-10-kapsula-bateragarriak-dolce-gusto-rekin-copia\/\" \/>\n<meta property=\"og:site_name\" content=\"Caf\u00e9s Baqu\u00e9\" \/>\n<meta property=\"article:modified_time\" content=\"2023-03-21T16:14:23+00:00\" \/>\n<meta property=\"og:image\" content=\"https:\/\/www.baque.com\/wp-content\/uploads\/2021\/06\/Montaje-DG-Con-Leche-Descaf-Baque-Facing-01.jpg\" \/>\n\t<meta property=\"og:image:width\" content=\"1117\" \/>\n\t<meta property=\"og:image:height\" content=\"1051\" \/>\n\t<meta property=\"og:image:type\" content=\"image\/jpeg\" \/>\n<meta name=\"twitter:card\" content=\"summary_large_image\" \/>\n<meta name=\"twitter:label1\" content=\"Est. reading time\" \/>\n\t<meta name=\"twitter:data1\" content=\"1 minute\" \/>\n<script type=\"application\/ld+json\" class=\"yoast-schema-graph\">{\"@context\":\"https:\\\/\\\/schema.org\",\"@graph\":[{\"@type\":\"WebPage\",\"@id\":\"https:\\\/\\\/www.baque.com\\\/eu\\\/denda\\\/kafe-kapsulak\\\/dolce-gusto-kafegailuarekin\\\/kafeinagabe-ebakia-10-kapsula-bateragarriak-dolce-gusto-rekin-copia\\\/\",\"url\":\"https:\\\/\\\/www.baque.com\\\/eu\\\/denda\\\/kafe-kapsulak\\\/dolce-gusto-kafegailuarekin\\\/kafeinagabe-ebakia-10-kapsula-bateragarriak-dolce-gusto-rekin-copia\\\/\",\"name\":\"Kafeinagabe Ebakia 10 kapsula bateragarriak Dolce Gusto\u00ae-rekin - Caf\u00e9s Baqu\u00e9\",\"isPartOf\":{\"@id\":\"https:\\\/\\\/www.baque.com\\\/es\\\/#website\"},\"primaryImageOfPage\":{\"@id\":\"https:\\\/\\\/www.baque.com\\\/eu\\\/denda\\\/kafe-kapsulak\\\/dolce-gusto-kafegailuarekin\\\/kafeinagabe-ebakia-10-kapsula-bateragarriak-dolce-gusto-rekin-copia\\\/#primaryimage\"},\"image\":{\"@id\":\"https:\\\/\\\/www.baque.com\\\/eu\\\/denda\\\/kafe-kapsulak\\\/dolce-gusto-kafegailuarekin\\\/kafeinagabe-ebakia-10-kapsula-bateragarriak-dolce-gusto-rekin-copia\\\/#primaryimage\"},\"thumbnailUrl\":\"https:\\\/\\\/www.baque.com\\\/wp-content\\\/uploads\\\/2021\\\/06\\\/Montaje-DG-Con-Leche-Descaf-Baque-Facing-01.jpg\",\"datePublished\":\"2021-06-08T07:22:44+00:00\",\"dateModified\":\"2023-03-21T16:14:23+00:00\",\"breadcrumb\":{\"@id\":\"https:\\\/\\\/www.baque.com\\\/eu\\\/denda\\\/kafe-kapsulak\\\/dolce-gusto-kafegailuarekin\\\/kafeinagabe-ebakia-10-kapsula-bateragarriak-dolce-gusto-rekin-copia\\\/#breadcrumb\"},\"inLanguage\":\"eu-ES\",\"potentialAction\":[{\"@type\":\"ReadAction\",\"target\":[\"https:\\\/\\\/www.baque.com\\\/eu\\\/denda\\\/kafe-kapsulak\\\/dolce-gusto-kafegailuarekin\\\/kafeinagabe-ebakia-10-kapsula-bateragarriak-dolce-gusto-rekin-copia\\\/\"]}]},{\"@type\":\"ImageObject\",\"inLanguage\":\"eu-ES\",\"@id\":\"https:\\\/\\\/www.baque.com\\\/eu\\\/denda\\\/kafe-kapsulak\\\/dolce-gusto-kafegailuarekin\\\/kafeinagabe-ebakia-10-kapsula-bateragarriak-dolce-gusto-rekin-copia\\\/#primaryimage\",\"url\":\"https:\\\/\\\/www.baque.com\\\/wp-content\\\/uploads\\\/2021\\\/06\\\/Montaje-DG-Con-Leche-Descaf-Baque-Facing-01.jpg\",\"contentUrl\":\"https:\\\/\\\/www.baque.com\\\/wp-content\\\/uploads\\\/2021\\\/06\\\/Montaje-DG-Con-Leche-Descaf-Baque-Facing-01.jpg\",\"width\":1117,\"height\":1051},{\"@type\":\"BreadcrumbList\",\"@id\":\"https:\\\/\\\/www.baque.com\\\/eu\\\/denda\\\/kafe-kapsulak\\\/dolce-gusto-kafegailuarekin\\\/kafeinagabe-ebakia-10-kapsula-bateragarriak-dolce-gusto-rekin-copia\\\/#breadcrumb\",\"itemListElement\":[{\"@type\":\"ListItem\",\"position\":1,\"name\":\"Portada\",\"item\":\"https:\\\/\\\/www.baque.com\\\/eu\\\/\"},{\"@type\":\"ListItem\",\"position\":2,\"name\":\"Denda\",\"item\":\"https:\\\/\\\/www.baque.com\\\/eu\\\/denda\\\/\"},{\"@type\":\"ListItem\",\"position\":3,\"name\":\"Kafeinagabe Ebakia 10 kapsula bateragarriak Dolce Gusto\u00ae-rekin\"}]},{\"@type\":\"WebSite\",\"@id\":\"https:\\\/\\\/www.baque.com\\\/es\\\/#website\",\"url\":\"https:\\\/\\\/www.baque.com\\\/es\\\/\",\"name\":\"Caf\u00e9s Baqu\u00e9\",\"description\":\"Somos l\u00edderes en hosteler\u00eda en Pa\u00eds Vasco y La Rioja y una de las marcas m\u00e1s reconocidas en el mercado nacional. Somos una empresa familiar en constante innovaci\u00f3n en el producto. Tostamos y distribuimos caf\u00e9 molido, en grano y c\u00e1psulas para disfrutar en casa, en el bar y en la oficina.\",\"potentialAction\":[{\"@type\":\"SearchAction\",\"target\":{\"@type\":\"EntryPoint\",\"urlTemplate\":\"https:\\\/\\\/www.baque.com\\\/es\\\/?s={search_term_string}\"},\"query-input\":{\"@type\":\"PropertyValueSpecification\",\"valueRequired\":true,\"valueName\":\"search_term_string\"}}],\"inLanguage\":\"eu-ES\"}]}<\/script>\n<!-- \/ Yoast SEO plugin. -->","yoast_head_json":{"title":"Kafeinagabe Ebakia 10 kapsula bateragarriak Dolce Gusto\u00ae-rekin - Caf\u00e9s Baqu\u00e9","robots":{"index":"index","follow":"follow","max-snippet":"max-snippet:-1","max-image-preview":"max-image-preview:large","max-video-preview":"max-video-preview:-1"},"og_locale":"eu_ES","og_type":"article","og_title":"Kafeinagabe Ebakia 10 kapsula bateragarriak Dolce Gusto\u00ae-rekin - Caf\u00e9s Baqu\u00e9","og_description":"Esne hautsa kafe deskafeinatu disolbagarriarekin.","og_url":"https:\/\/www.baque.com\/eu\/denda\/kafe-kapsulak\/dolce-gusto-kafegailuarekin\/kafeinagabe-ebakia-10-kapsula-bateragarriak-dolce-gusto-rekin-copia\/","og_site_name":"Caf\u00e9s Baqu\u00e9","article_modified_time":"2023-03-21T16:14:23+00:00","og_image":[{"width":1117,"height":1051,"url":"https:\/\/www.baque.com\/wp-content\/uploads\/2021\/06\/Montaje-DG-Con-Leche-Descaf-Baque-Facing-01.jpg","type":"image\/jpeg"}],"twitter_card":"summary_large_image","twitter_misc":{"Est. reading time":"1 minute"},"schema":{"@context":"https:\/\/schema.org","@graph":[{"@type":"WebPage","@id":"https:\/\/www.baque.com\/eu\/denda\/kafe-kapsulak\/dolce-gusto-kafegailuarekin\/kafeinagabe-ebakia-10-kapsula-bateragarriak-dolce-gusto-rekin-copia\/","url":"https:\/\/www.baque.com\/eu\/denda\/kafe-kapsulak\/dolce-gusto-kafegailuarekin\/kafeinagabe-ebakia-10-kapsula-bateragarriak-dolce-gusto-rekin-copia\/","name":"Kafeinagabe Ebakia 10 kapsula bateragarriak Dolce Gusto\u00ae-rekin - Caf\u00e9s Baqu\u00e9","isPartOf":{"@id":"https:\/\/www.baque.com\/es\/#website"},"primaryImageOfPage":{"@id":"https:\/\/www.baque.com\/eu\/denda\/kafe-kapsulak\/dolce-gusto-kafegailuarekin\/kafeinagabe-ebakia-10-kapsula-bateragarriak-dolce-gusto-rekin-copia\/#primaryimage"},"image":{"@id":"https:\/\/www.baque.com\/eu\/denda\/kafe-kapsulak\/dolce-gusto-kafegailuarekin\/kafeinagabe-ebakia-10-kapsula-bateragarriak-dolce-gusto-rekin-copia\/#primaryimage"},"thumbnailUrl":"https:\/\/www.baque.com\/wp-content\/uploads\/2021\/06\/Montaje-DG-Con-Leche-Descaf-Baque-Facing-01.jpg","datePublished":"2021-06-08T07:22:44+00:00","dateModified":"2023-03-21T16:14:23+00:00","breadcrumb":{"@id":"https:\/\/www.baque.com\/eu\/denda\/kafe-kapsulak\/dolce-gusto-kafegailuarekin\/kafeinagabe-ebakia-10-kapsula-bateragarriak-dolce-gusto-rekin-copia\/#breadcrumb"},"inLanguage":"eu-ES","potentialAction":[{"@type":"ReadAction","target":["https:\/\/www.baque.com\/eu\/denda\/kafe-kapsulak\/dolce-gusto-kafegailuarekin\/kafeinagabe-ebakia-10-kapsula-bateragarriak-dolce-gusto-rekin-copia\/"]}]},{"@type":"ImageObject","inLanguage":"eu-ES","@id":"https:\/\/www.baque.com\/eu\/denda\/kafe-kapsulak\/dolce-gusto-kafegailuarekin\/kafeinagabe-ebakia-10-kapsula-bateragarriak-dolce-gusto-rekin-copia\/#primaryimage","url":"https:\/\/www.baque.com\/wp-content\/uploads\/2021\/06\/Montaje-DG-Con-Leche-Descaf-Baque-Facing-01.jpg","contentUrl":"https:\/\/www.baque.com\/wp-content\/uploads\/2021\/06\/Montaje-DG-Con-Leche-Descaf-Baque-Facing-01.jpg","width":1117,"height":1051},{"@type":"BreadcrumbList","@id":"https:\/\/www.baque.com\/eu\/denda\/kafe-kapsulak\/dolce-gusto-kafegailuarekin\/kafeinagabe-ebakia-10-kapsula-bateragarriak-dolce-gusto-rekin-copia\/#breadcrumb","itemListElement":[{"@type":"ListItem","position":1,"name":"Portada","item":"https:\/\/www.baque.com\/eu\/"},{"@type":"ListItem","position":2,"name":"Denda","item":"https:\/\/www.baque.com\/eu\/denda\/"},{"@type":"ListItem","position":3,"name":"Kafeinagabe Ebakia 10 kapsula bateragarriak Dolce Gusto\u00ae-rekin"}]},{"@type":"WebSite","@id":"https:\/\/www.baque.com\/es\/#website","url":"https:\/\/www.baque.com\/es\/","name":"Caf\u00e9s Baqu\u00e9","description":"Somos l\u00edderes en hosteler\u00eda en Pa\u00eds Vasco y La Rioja y una de las marcas m\u00e1s reconocidas en el mercado nacional. Somos una empresa familiar en constante innovaci\u00f3n en el producto. Tostamos y distribuimos caf\u00e9 molido, en grano y c\u00e1psulas para disfrutar en casa, en el bar y en la oficina.","potentialAction":[{"@type":"SearchAction","target":{"@type":"EntryPoint","urlTemplate":"https:\/\/www.baque.com\/es\/?s={search_term_string}"},"query-input":{"@type":"PropertyValueSpecification","valueRequired":true,"valueName":"search_term_string"}}],"inLanguage":"eu-ES"}]}},"_links":{"self":[{"href":"https:\/\/www.baque.com\/eu\/wp-json\/wp\/v2\/product\/458710","targetHints":{"allow":["GET"]}}],"collection":[{"href":"https:\/\/www.baque.com\/eu\/wp-json\/wp\/v2\/product"}],"about":[{"href":"https:\/\/www.baque.com\/eu\/wp-json\/wp\/v2\/types\/product"}],"wp:featuredmedia":[{"embeddable":true,"href":"https:\/\/www.baque.com\/eu\/wp-json\/wp\/v2\/media\/2595679"}],"wp:attachment":[{"href":"https:\/\/www.baque.com\/eu\/wp-json\/wp\/v2\/media?parent=458710"}],"wp:term":[{"taxonomy":"product_brand","embeddable":true,"href":"https:\/\/www.baque.com\/eu\/wp-json\/wp\/v2\/product_brand?post=458710"},{"taxonomy":"product_cat","embeddable":true,"href":"https:\/\/www.baque.com\/eu\/wp-json\/wp\/v2\/product_cat?post=458710"},{"taxonomy":"product_tag","embeddable":true,"href":"https:\/\/www.baque.com\/eu\/wp-json\/wp\/v2\/product_tag?post=458710"}],"curies":[{"name":"wp","href":"https:\/\/api.w.org\/{rel}","templated":true}]}}