
{"id":458715,"date":"2021-06-08T09:31:54","date_gmt":"2021-06-08T07:31:54","guid":{"rendered":"https:\/\/www.baque.com\/?post_type=product&#038;p=458715"},"modified":"2024-12-12T13:06:21","modified_gmt":"2024-12-12T12:06:21","slug":"kafesne-bizia10-kapsula-bateragarriak-dolce-gusto-rekin-copia","status":"publish","type":"product","link":"https:\/\/www.baque.com\/eu\/denda\/kafe-kapsulak\/dolce-gusto-kafegailuarekin\/kafesne-bizia10-kapsula-bateragarriak-dolce-gusto-rekin-copia\/","title":{"rendered":"Cappuccino Conguitos, 10 kapsula bateragarriak Dolce Gusto\u00ae-rekin"},"content":{"rendered":"<p>Kapsula bateragarriak Nescaf\u00e9\u00ae Dolce Gusto\u00ae kafegailuekin.<\/p>\n<p>Kakao ukitu batekin kafearean aroma eta saporea biribiltzen dituen Cappuccino krematsua.<\/p>\n<h3>Pisua\/kantitatea<\/h3>\n<p>10 unit.<\/p>\n<h3>Osagaiak<\/h3>\n<p>Azukrea, esne hauts erdigaingabetua (%22), esne hautsa (%22),\u00a0 kakao hauts deskoipetua (%7), aromak, kafe natural disolbagarria (%2,5), gatza, antiaglomeratzailea: E311<\/p>\n<h3>Alergenoak<\/h3>\n<p>Esnea eta eratorriak. Soja aztarnak izan ditzake.<\/p>\n<h3>Nutrizio informazioa<\/h3>\n<table class='ingredientes'><tr><th align='left'>Balio Energetikoa<\/th><th align='right'>363kcal.\/ 1535kJ.<\/th><\/tr><tr><td align='left'>Koipeak guztira<\/td><td align='right'>6,6 g.<\/td><\/tr><tr><td align='left'>eta horietatik aseak<\/td><td align='right'>4,3 g.<\/td><\/tr><tr><td align='left'>Karbohidratoak<\/td><td align='right'>65,3 g.<\/td><\/tr><tr><td align='left'>eta horietatik azukreak<\/td><td align='right'>64 g.<\/td><\/tr><tr><td align='left'>Proteinak<\/td><td align='right'>15 g.<\/td><\/tr><tr><td align='left'>Gatza<\/td><td align='right'>0,9 g.<\/td><\/tr><\/table>\n<h3>Erabilera\/kontserbazio baldintzak<\/h3>\n<p>Gorde leku fresko eta lehor batean, eguzki argitik kanpo.<\/p>\n<h3>Iraungitze data<\/h3>\n<p>18 hilabete<\/p>\n<h3>Aholkua<\/h3>\n<p>Kapsula bakoitza cappuccino bakar bat prestatzeko erabili. Kafea ohiko eran egin (kafegailuaren erabilera jarraibideak ikusi).<\/p>\n","protected":false},"excerpt":{"rendered":"<p>Esne hautsa kakao eta kafe disolbagarriarekin.<\/p>\n","protected":false},"featured_media":2750093,"template":"","meta":{"_acf_changed":false},"product_brand":[],"product_cat":[142],"product_tag":[287,295,316,283],"class_list":{"0":"post-458715","1":"product","2":"type-product","3":"status-publish","4":"has-post-thumbnail","6":"product_cat-dolce-gusto-kafegailuarekin","7":"product_tag-bateragarriak","8":"product_tag-dolce-gusto-eu","9":"product_tag-esnearekin","10":"product_tag-kapsulak","12":"first","13":"instock","14":"featured","15":"taxable","16":"shipping-taxable","17":"purchasable","18":"product-type-simple"},"bundled_by":[],"bundle_stock_status":"instock","bundle_stock_quantity":2733,"bundle_virtual":false,"bundle_layout":"","bundle_add_to_cart_form_location":"","bundle_editable_in_cart":false,"bundle_sold_individually_context":"","bundle_item_grouping":"","bundle_min_size":"","bundle_max_size":"","bundle_price":[],"bundled_items":[],"bundle_sell_ids":[],"acf":[],"yoast_head":"<!-- This site is optimized with the Yoast SEO plugin v27.3 - https:\/\/yoast.com\/product\/yoast-seo-wordpress\/ -->\n<title>Cappuccino Conguitos, 10 kapsula bateragarriak Dolce Gusto\u00ae-rekin - Caf\u00e9s Baqu\u00e9<\/title>\n<meta name=\"robots\" content=\"index, follow, max-snippet:-1, max-image-preview:large, max-video-preview:-1\" \/>\n<meta property=\"og:locale\" content=\"eu_ES\" \/>\n<meta property=\"og:type\" content=\"article\" \/>\n<meta property=\"og:title\" content=\"Cappuccino Conguitos, 10 kapsula bateragarriak Dolce Gusto\u00ae-rekin - Caf\u00e9s Baqu\u00e9\" \/>\n<meta property=\"og:description\" content=\"Esne hautsa kakao eta kafe disolbagarriarekin.\" \/>\n<meta property=\"og:url\" content=\"https:\/\/www.baque.com\/eu\/denda\/kafe-kapsulak\/dolce-gusto-kafegailuarekin\/kafesne-bizia10-kapsula-bateragarriak-dolce-gusto-rekin-copia\/\" \/>\n<meta property=\"og:site_name\" content=\"Caf\u00e9s Baqu\u00e9\" \/>\n<meta property=\"article:modified_time\" content=\"2024-12-12T12:06:21+00:00\" \/>\n<meta property=\"og:image\" content=\"https:\/\/www.baque.com\/wp-content\/uploads\/2021\/06\/Montaje-DG-Cappuccino-Conguitos-Facing.png\" \/>\n\t<meta property=\"og:image:width\" content=\"2234\" \/>\n\t<meta property=\"og:image:height\" content=\"2103\" \/>\n\t<meta property=\"og:image:type\" content=\"image\/png\" \/>\n<meta name=\"twitter:card\" content=\"summary_large_image\" \/>\n<meta name=\"twitter:label1\" content=\"Est. reading time\" \/>\n\t<meta name=\"twitter:data1\" content=\"1 minute\" \/>\n<script type=\"application\/ld+json\" class=\"yoast-schema-graph\">{\"@context\":\"https:\\\/\\\/schema.org\",\"@graph\":[{\"@type\":\"WebPage\",\"@id\":\"https:\\\/\\\/www.baque.com\\\/eu\\\/denda\\\/kafe-kapsulak\\\/dolce-gusto-kafegailuarekin\\\/kafesne-bizia10-kapsula-bateragarriak-dolce-gusto-rekin-copia\\\/\",\"url\":\"https:\\\/\\\/www.baque.com\\\/eu\\\/denda\\\/kafe-kapsulak\\\/dolce-gusto-kafegailuarekin\\\/kafesne-bizia10-kapsula-bateragarriak-dolce-gusto-rekin-copia\\\/\",\"name\":\"Cappuccino Conguitos, 10 kapsula bateragarriak Dolce Gusto\u00ae-rekin - Caf\u00e9s Baqu\u00e9\",\"isPartOf\":{\"@id\":\"https:\\\/\\\/www.baque.com\\\/es\\\/#website\"},\"primaryImageOfPage\":{\"@id\":\"https:\\\/\\\/www.baque.com\\\/eu\\\/denda\\\/kafe-kapsulak\\\/dolce-gusto-kafegailuarekin\\\/kafesne-bizia10-kapsula-bateragarriak-dolce-gusto-rekin-copia\\\/#primaryimage\"},\"image\":{\"@id\":\"https:\\\/\\\/www.baque.com\\\/eu\\\/denda\\\/kafe-kapsulak\\\/dolce-gusto-kafegailuarekin\\\/kafesne-bizia10-kapsula-bateragarriak-dolce-gusto-rekin-copia\\\/#primaryimage\"},\"thumbnailUrl\":\"https:\\\/\\\/www.baque.com\\\/wp-content\\\/uploads\\\/2021\\\/06\\\/Montaje-DG-Cappuccino-Conguitos-Facing.png\",\"datePublished\":\"2021-06-08T07:31:54+00:00\",\"dateModified\":\"2024-12-12T12:06:21+00:00\",\"breadcrumb\":{\"@id\":\"https:\\\/\\\/www.baque.com\\\/eu\\\/denda\\\/kafe-kapsulak\\\/dolce-gusto-kafegailuarekin\\\/kafesne-bizia10-kapsula-bateragarriak-dolce-gusto-rekin-copia\\\/#breadcrumb\"},\"inLanguage\":\"eu-ES\",\"potentialAction\":[{\"@type\":\"ReadAction\",\"target\":[\"https:\\\/\\\/www.baque.com\\\/eu\\\/denda\\\/kafe-kapsulak\\\/dolce-gusto-kafegailuarekin\\\/kafesne-bizia10-kapsula-bateragarriak-dolce-gusto-rekin-copia\\\/\"]}]},{\"@type\":\"ImageObject\",\"inLanguage\":\"eu-ES\",\"@id\":\"https:\\\/\\\/www.baque.com\\\/eu\\\/denda\\\/kafe-kapsulak\\\/dolce-gusto-kafegailuarekin\\\/kafesne-bizia10-kapsula-bateragarriak-dolce-gusto-rekin-copia\\\/#primaryimage\",\"url\":\"https:\\\/\\\/www.baque.com\\\/wp-content\\\/uploads\\\/2021\\\/06\\\/Montaje-DG-Cappuccino-Conguitos-Facing.png\",\"contentUrl\":\"https:\\\/\\\/www.baque.com\\\/wp-content\\\/uploads\\\/2021\\\/06\\\/Montaje-DG-Cappuccino-Conguitos-Facing.png\",\"width\":2234,\"height\":2103},{\"@type\":\"BreadcrumbList\",\"@id\":\"https:\\\/\\\/www.baque.com\\\/eu\\\/denda\\\/kafe-kapsulak\\\/dolce-gusto-kafegailuarekin\\\/kafesne-bizia10-kapsula-bateragarriak-dolce-gusto-rekin-copia\\\/#breadcrumb\",\"itemListElement\":[{\"@type\":\"ListItem\",\"position\":1,\"name\":\"Portada\",\"item\":\"https:\\\/\\\/www.baque.com\\\/eu\\\/\"},{\"@type\":\"ListItem\",\"position\":2,\"name\":\"Denda\",\"item\":\"https:\\\/\\\/www.baque.com\\\/eu\\\/denda\\\/\"},{\"@type\":\"ListItem\",\"position\":3,\"name\":\"Cappuccino Conguitos, 10 kapsula bateragarriak Dolce Gusto\u00ae-rekin\"}]},{\"@type\":\"WebSite\",\"@id\":\"https:\\\/\\\/www.baque.com\\\/es\\\/#website\",\"url\":\"https:\\\/\\\/www.baque.com\\\/es\\\/\",\"name\":\"Caf\u00e9s Baqu\u00e9\",\"description\":\"Somos l\u00edderes en hosteler\u00eda en Pa\u00eds Vasco y La Rioja y una de las marcas m\u00e1s reconocidas en el mercado nacional. Somos una empresa familiar en constante innovaci\u00f3n en el producto. Tostamos y distribuimos caf\u00e9 molido, en grano y c\u00e1psulas para disfrutar en casa, en el bar y en la oficina.\",\"potentialAction\":[{\"@type\":\"SearchAction\",\"target\":{\"@type\":\"EntryPoint\",\"urlTemplate\":\"https:\\\/\\\/www.baque.com\\\/es\\\/?s={search_term_string}\"},\"query-input\":{\"@type\":\"PropertyValueSpecification\",\"valueRequired\":true,\"valueName\":\"search_term_string\"}}],\"inLanguage\":\"eu-ES\"}]}<\/script>\n<!-- \/ Yoast SEO plugin. -->","yoast_head_json":{"title":"Cappuccino Conguitos, 10 kapsula bateragarriak Dolce Gusto\u00ae-rekin - Caf\u00e9s Baqu\u00e9","robots":{"index":"index","follow":"follow","max-snippet":"max-snippet:-1","max-image-preview":"max-image-preview:large","max-video-preview":"max-video-preview:-1"},"og_locale":"eu_ES","og_type":"article","og_title":"Cappuccino Conguitos, 10 kapsula bateragarriak Dolce Gusto\u00ae-rekin - Caf\u00e9s Baqu\u00e9","og_description":"Esne hautsa kakao eta kafe disolbagarriarekin.","og_url":"https:\/\/www.baque.com\/eu\/denda\/kafe-kapsulak\/dolce-gusto-kafegailuarekin\/kafesne-bizia10-kapsula-bateragarriak-dolce-gusto-rekin-copia\/","og_site_name":"Caf\u00e9s Baqu\u00e9","article_modified_time":"2024-12-12T12:06:21+00:00","og_image":[{"width":2234,"height":2103,"url":"https:\/\/www.baque.com\/wp-content\/uploads\/2021\/06\/Montaje-DG-Cappuccino-Conguitos-Facing.png","type":"image\/png"}],"twitter_card":"summary_large_image","twitter_misc":{"Est. reading time":"1 minute"},"schema":{"@context":"https:\/\/schema.org","@graph":[{"@type":"WebPage","@id":"https:\/\/www.baque.com\/eu\/denda\/kafe-kapsulak\/dolce-gusto-kafegailuarekin\/kafesne-bizia10-kapsula-bateragarriak-dolce-gusto-rekin-copia\/","url":"https:\/\/www.baque.com\/eu\/denda\/kafe-kapsulak\/dolce-gusto-kafegailuarekin\/kafesne-bizia10-kapsula-bateragarriak-dolce-gusto-rekin-copia\/","name":"Cappuccino Conguitos, 10 kapsula bateragarriak Dolce Gusto\u00ae-rekin - Caf\u00e9s Baqu\u00e9","isPartOf":{"@id":"https:\/\/www.baque.com\/es\/#website"},"primaryImageOfPage":{"@id":"https:\/\/www.baque.com\/eu\/denda\/kafe-kapsulak\/dolce-gusto-kafegailuarekin\/kafesne-bizia10-kapsula-bateragarriak-dolce-gusto-rekin-copia\/#primaryimage"},"image":{"@id":"https:\/\/www.baque.com\/eu\/denda\/kafe-kapsulak\/dolce-gusto-kafegailuarekin\/kafesne-bizia10-kapsula-bateragarriak-dolce-gusto-rekin-copia\/#primaryimage"},"thumbnailUrl":"https:\/\/www.baque.com\/wp-content\/uploads\/2021\/06\/Montaje-DG-Cappuccino-Conguitos-Facing.png","datePublished":"2021-06-08T07:31:54+00:00","dateModified":"2024-12-12T12:06:21+00:00","breadcrumb":{"@id":"https:\/\/www.baque.com\/eu\/denda\/kafe-kapsulak\/dolce-gusto-kafegailuarekin\/kafesne-bizia10-kapsula-bateragarriak-dolce-gusto-rekin-copia\/#breadcrumb"},"inLanguage":"eu-ES","potentialAction":[{"@type":"ReadAction","target":["https:\/\/www.baque.com\/eu\/denda\/kafe-kapsulak\/dolce-gusto-kafegailuarekin\/kafesne-bizia10-kapsula-bateragarriak-dolce-gusto-rekin-copia\/"]}]},{"@type":"ImageObject","inLanguage":"eu-ES","@id":"https:\/\/www.baque.com\/eu\/denda\/kafe-kapsulak\/dolce-gusto-kafegailuarekin\/kafesne-bizia10-kapsula-bateragarriak-dolce-gusto-rekin-copia\/#primaryimage","url":"https:\/\/www.baque.com\/wp-content\/uploads\/2021\/06\/Montaje-DG-Cappuccino-Conguitos-Facing.png","contentUrl":"https:\/\/www.baque.com\/wp-content\/uploads\/2021\/06\/Montaje-DG-Cappuccino-Conguitos-Facing.png","width":2234,"height":2103},{"@type":"BreadcrumbList","@id":"https:\/\/www.baque.com\/eu\/denda\/kafe-kapsulak\/dolce-gusto-kafegailuarekin\/kafesne-bizia10-kapsula-bateragarriak-dolce-gusto-rekin-copia\/#breadcrumb","itemListElement":[{"@type":"ListItem","position":1,"name":"Portada","item":"https:\/\/www.baque.com\/eu\/"},{"@type":"ListItem","position":2,"name":"Denda","item":"https:\/\/www.baque.com\/eu\/denda\/"},{"@type":"ListItem","position":3,"name":"Cappuccino Conguitos, 10 kapsula bateragarriak Dolce Gusto\u00ae-rekin"}]},{"@type":"WebSite","@id":"https:\/\/www.baque.com\/es\/#website","url":"https:\/\/www.baque.com\/es\/","name":"Caf\u00e9s Baqu\u00e9","description":"Somos l\u00edderes en hosteler\u00eda en Pa\u00eds Vasco y La Rioja y una de las marcas m\u00e1s reconocidas en el mercado nacional. Somos una empresa familiar en constante innovaci\u00f3n en el producto. Tostamos y distribuimos caf\u00e9 molido, en grano y c\u00e1psulas para disfrutar en casa, en el bar y en la oficina.","potentialAction":[{"@type":"SearchAction","target":{"@type":"EntryPoint","urlTemplate":"https:\/\/www.baque.com\/es\/?s={search_term_string}"},"query-input":{"@type":"PropertyValueSpecification","valueRequired":true,"valueName":"search_term_string"}}],"inLanguage":"eu-ES"}]}},"_links":{"self":[{"href":"https:\/\/www.baque.com\/eu\/wp-json\/wp\/v2\/product\/458715","targetHints":{"allow":["GET"]}}],"collection":[{"href":"https:\/\/www.baque.com\/eu\/wp-json\/wp\/v2\/product"}],"about":[{"href":"https:\/\/www.baque.com\/eu\/wp-json\/wp\/v2\/types\/product"}],"wp:featuredmedia":[{"embeddable":true,"href":"https:\/\/www.baque.com\/eu\/wp-json\/wp\/v2\/media\/2750093"}],"wp:attachment":[{"href":"https:\/\/www.baque.com\/eu\/wp-json\/wp\/v2\/media?parent=458715"}],"wp:term":[{"taxonomy":"product_brand","embeddable":true,"href":"https:\/\/www.baque.com\/eu\/wp-json\/wp\/v2\/product_brand?post=458715"},{"taxonomy":"product_cat","embeddable":true,"href":"https:\/\/www.baque.com\/eu\/wp-json\/wp\/v2\/product_cat?post=458715"},{"taxonomy":"product_tag","embeddable":true,"href":"https:\/\/www.baque.com\/eu\/wp-json\/wp\/v2\/product_tag?post=458715"}],"curies":[{"name":"wp","href":"https:\/\/api.w.org\/{rel}","templated":true}]}}