
{"id":5917,"date":"2019-01-04T09:37:31","date_gmt":"2019-01-04T08:37:31","guid":{"rendered":"https:\/\/www.baque.com\/tienda\/kategoria-gabea\/zapore-bizia-20-kapsula-konpostagarri-nespresso-rekin-bateragarriak\/"},"modified":"2026-03-18T06:36:34","modified_gmt":"2026-03-18T05:36:34","slug":"zapore-bizia-20-kapsula-konpostagarri-nespresso-rekin-bateragarriak","status":"publish","type":"product","link":"https:\/\/www.baque.com\/eu\/denda\/kafe-kapsulak\/konpostagarriak-nespresso\/zapore-bizia-20-kapsula-konpostagarri-nespresso-rekin-bateragarriak\/","title":{"rendered":"Zapore Bizia 10 kapsula Konpostagarri Nespresso\u00ae-rekin bateragarriak"},"content":{"rendered":"<p>Kapsula Konpostagarriak\u00a0 Nespresso\u00ae-rekin\u00a0bateragarriak.<\/p>\n<p>Kafe bizi, indartsu eta aparta. Zapore indartsuak, biziak eta gorputz handiko kafea maite dituztenentzat. Nortasun handiko kafea, aparta esnearekin hartzeko ere.<\/p>\n<h3>Intentsitatea<\/h3>\n<p class=\"intensity\">9 <span class=\"circle\"><\/span><span class=\"circle\"><\/span><span class=\"circle\"><\/span><span class=\"circle\"><\/span><span class=\"circle\"><\/span><span class=\"circle\"><\/span><span class=\"circle\"><\/span><span class=\"circle\"><\/span><span class=\"circle\"><\/span><span class=\"circle circle0\"><\/span><\/p>\n<h3>Pisua\/kantitatea<\/h3>\n<p>10 uds.<\/p>\n<h3>Osagaiak<\/h3>\n<p>Kafea.<\/p>\n<h3>Alergenoak<\/h3>\n<p>Bat ere ez.<\/p>\n<h3>Erabilera\/kontserbazio baldintzak<\/h3>\n<p>Gorde leku fresko eta lehor batean, eguzki argitik kanpo.<\/p>\n<h3>Iraungitze data<\/h3>\n<p>18 hilabete<\/p>\n<h3>Aholkua<\/h3>\n<p>Kapsula bakoitza espresso bakar bat prestatzeko erabili. Kafea ohiko eran egin (kafegailuaren erabilera jarraibideak ikusi).<\/p>\n","protected":false},"excerpt":{"rendered":"<p>Kapsula Konpostagarriak\u00a0 Nespresso\u00ae-rekin\u00a0bateragarriak. Kafe bizi, indartsu eta aparta. Zapore indartsuak, biziak eta gorputz handiko kafea maite dituztenentzat. Nortasun handiko kafea, aparta esnearekin hartzeko ere. Intentsitatea Pisua\/kantitatea 10 uds. Osagaiak Kafea. Alergenoak Bat ere ez. Erabilera\/kontserbazio baldintzak Gorde leku fresko eta lehor batean, eguzki argitik kanpo. Iraungitze data 18 hilabete Aholkua Kapsula bakoitza espresso bakar bat [&hellip;]<\/p>\n","protected":false},"featured_media":857926,"template":"","meta":{"_acf_changed":false},"product_brand":[],"product_cat":[143],"product_tag":[388,287,294,324,283,355,365],"class_list":{"0":"post-5917","1":"product","2":"type-product","3":"status-publish","4":"has-post-thumbnail","6":"product_cat-konpostagarriak-nespresso","7":"product_tag-ahorro-eu","8":"product_tag-bateragarriak","9":"product_tag-bizia","10":"product_tag-espresso-eu","11":"product_tag-kapsulak","12":"product_tag-naturala","13":"product_tag-zaporea","15":"first","16":"instock","17":"taxable","18":"shipping-taxable","19":"purchasable","20":"product-type-simple"},"bundled_by":[],"bundle_stock_status":"instock","bundle_stock_quantity":2466,"bundle_virtual":false,"bundle_layout":"","bundle_add_to_cart_form_location":"","bundle_editable_in_cart":false,"bundle_sold_individually_context":"","bundle_item_grouping":"","bundle_min_size":"","bundle_max_size":"","bundle_price":[],"bundled_items":[],"bundle_sell_ids":[],"acf":[],"yoast_head":"<!-- This site is optimized with the Yoast SEO plugin v27.3 - https:\/\/yoast.com\/product\/yoast-seo-wordpress\/ -->\n<title>Zapore Bizia 10 kapsula Konpostagarri Nespresso\u00ae-rekin bateragarriak - Caf\u00e9s Baqu\u00e9<\/title>\n<meta name=\"robots\" content=\"index, follow, max-snippet:-1, max-image-preview:large, max-video-preview:-1\" \/>\n<meta property=\"og:locale\" content=\"eu_ES\" \/>\n<meta property=\"og:type\" content=\"article\" \/>\n<meta property=\"og:title\" content=\"Zapore Bizia 10 kapsula Konpostagarri Nespresso\u00ae-rekin bateragarriak - Caf\u00e9s Baqu\u00e9\" \/>\n<meta property=\"og:description\" content=\"Kapsula Konpostagarriak\u00a0 Nespresso\u00ae-rekin\u00a0bateragarriak. Kafe bizi, indartsu eta aparta. Zapore indartsuak, biziak eta gorputz handiko kafea maite dituztenentzat. Nortasun handiko kafea, aparta esnearekin hartzeko ere. Intentsitatea Pisua\/kantitatea 10 uds. Osagaiak Kafea. Alergenoak Bat ere ez. Erabilera\/kontserbazio baldintzak Gorde leku fresko eta lehor batean, eguzki argitik kanpo. Iraungitze data 18 hilabete Aholkua Kapsula bakoitza espresso bakar bat [&hellip;]\" \/>\n<meta property=\"og:url\" content=\"https:\/\/www.baque.com\/es\/tienda\/cafe-capsulas\/compostables-nespresso\/sabor-intenso-20-capsulas-compostables-compatibles-nespresso\/\" \/>\n<meta property=\"og:site_name\" content=\"Caf\u00e9s Baqu\u00e9\" \/>\n<meta property=\"article:modified_time\" content=\"2026-03-18T05:36:34+00:00\" \/>\n<meta property=\"og:image\" content=\"https:\/\/www.baque.com\/wp-content\/uploads\/2018\/06\/baque_sabor-intenso-9-front.jpg\" \/>\n\t<meta property=\"og:image:width\" content=\"300\" \/>\n\t<meta property=\"og:image:height\" content=\"300\" \/>\n\t<meta property=\"og:image:type\" content=\"image\/jpeg\" \/>\n<meta name=\"twitter:card\" content=\"summary_large_image\" \/>\n<meta name=\"twitter:label1\" content=\"Est. reading time\" \/>\n\t<meta name=\"twitter:data1\" content=\"1 minute\" \/>\n<script type=\"application\/ld+json\" class=\"yoast-schema-graph\">{\"@context\":\"https:\\\/\\\/schema.org\",\"@graph\":[{\"@type\":\"WebPage\",\"@id\":\"https:\\\/\\\/www.baque.com\\\/es\\\/tienda\\\/cafe-capsulas\\\/compostables-nespresso\\\/sabor-intenso-20-capsulas-compostables-compatibles-nespresso\\\/\",\"url\":\"https:\\\/\\\/www.baque.com\\\/es\\\/tienda\\\/cafe-capsulas\\\/compostables-nespresso\\\/sabor-intenso-20-capsulas-compostables-compatibles-nespresso\\\/\",\"name\":\"Zapore Bizia 10 kapsula Konpostagarri Nespresso\u00ae-rekin bateragarriak - Caf\u00e9s Baqu\u00e9\",\"isPartOf\":{\"@id\":\"https:\\\/\\\/www.baque.com\\\/es\\\/#website\"},\"primaryImageOfPage\":{\"@id\":\"https:\\\/\\\/www.baque.com\\\/es\\\/tienda\\\/cafe-capsulas\\\/compostables-nespresso\\\/sabor-intenso-20-capsulas-compostables-compatibles-nespresso\\\/#primaryimage\"},\"image\":{\"@id\":\"https:\\\/\\\/www.baque.com\\\/es\\\/tienda\\\/cafe-capsulas\\\/compostables-nespresso\\\/sabor-intenso-20-capsulas-compostables-compatibles-nespresso\\\/#primaryimage\"},\"thumbnailUrl\":\"https:\\\/\\\/www.baque.com\\\/wp-content\\\/uploads\\\/2018\\\/06\\\/baque_sabor-intenso-9-front.jpg\",\"datePublished\":\"2019-01-04T08:37:31+00:00\",\"dateModified\":\"2026-03-18T05:36:34+00:00\",\"breadcrumb\":{\"@id\":\"https:\\\/\\\/www.baque.com\\\/es\\\/tienda\\\/cafe-capsulas\\\/compostables-nespresso\\\/sabor-intenso-20-capsulas-compostables-compatibles-nespresso\\\/#breadcrumb\"},\"inLanguage\":\"eu-ES\",\"potentialAction\":[{\"@type\":\"ReadAction\",\"target\":[\"https:\\\/\\\/www.baque.com\\\/es\\\/tienda\\\/cafe-capsulas\\\/compostables-nespresso\\\/sabor-intenso-20-capsulas-compostables-compatibles-nespresso\\\/\"]}]},{\"@type\":\"ImageObject\",\"inLanguage\":\"eu-ES\",\"@id\":\"https:\\\/\\\/www.baque.com\\\/es\\\/tienda\\\/cafe-capsulas\\\/compostables-nespresso\\\/sabor-intenso-20-capsulas-compostables-compatibles-nespresso\\\/#primaryimage\",\"url\":\"https:\\\/\\\/www.baque.com\\\/wp-content\\\/uploads\\\/2018\\\/06\\\/baque_sabor-intenso-9-front.jpg\",\"contentUrl\":\"https:\\\/\\\/www.baque.com\\\/wp-content\\\/uploads\\\/2018\\\/06\\\/baque_sabor-intenso-9-front.jpg\",\"width\":300,\"height\":300},{\"@type\":\"BreadcrumbList\",\"@id\":\"https:\\\/\\\/www.baque.com\\\/es\\\/tienda\\\/cafe-capsulas\\\/compostables-nespresso\\\/sabor-intenso-20-capsulas-compostables-compatibles-nespresso\\\/#breadcrumb\",\"itemListElement\":[{\"@type\":\"ListItem\",\"position\":1,\"name\":\"Portada\",\"item\":\"https:\\\/\\\/www.baque.com\\\/eu\\\/\"},{\"@type\":\"ListItem\",\"position\":2,\"name\":\"Denda\",\"item\":\"https:\\\/\\\/www.baque.com\\\/eu\\\/denda\\\/\"},{\"@type\":\"ListItem\",\"position\":3,\"name\":\"Zapore Bizia 10 kapsula Konpostagarri Nespresso\u00ae-rekin bateragarriak\"}]},{\"@type\":\"WebSite\",\"@id\":\"https:\\\/\\\/www.baque.com\\\/es\\\/#website\",\"url\":\"https:\\\/\\\/www.baque.com\\\/es\\\/\",\"name\":\"Caf\u00e9s Baqu\u00e9\",\"description\":\"Somos l\u00edderes en hosteler\u00eda en Pa\u00eds Vasco y La Rioja y una de las marcas m\u00e1s reconocidas en el mercado nacional. Somos una empresa familiar en constante innovaci\u00f3n en el producto. Tostamos y distribuimos caf\u00e9 molido, en grano y c\u00e1psulas para disfrutar en casa, en el bar y en la oficina.\",\"potentialAction\":[{\"@type\":\"SearchAction\",\"target\":{\"@type\":\"EntryPoint\",\"urlTemplate\":\"https:\\\/\\\/www.baque.com\\\/es\\\/?s={search_term_string}\"},\"query-input\":{\"@type\":\"PropertyValueSpecification\",\"valueRequired\":true,\"valueName\":\"search_term_string\"}}],\"inLanguage\":\"eu-ES\"}]}<\/script>\n<!-- \/ Yoast SEO plugin. -->","yoast_head_json":{"title":"Zapore Bizia 10 kapsula Konpostagarri Nespresso\u00ae-rekin bateragarriak - Caf\u00e9s Baqu\u00e9","robots":{"index":"index","follow":"follow","max-snippet":"max-snippet:-1","max-image-preview":"max-image-preview:large","max-video-preview":"max-video-preview:-1"},"og_locale":"eu_ES","og_type":"article","og_title":"Zapore Bizia 10 kapsula Konpostagarri Nespresso\u00ae-rekin bateragarriak - Caf\u00e9s Baqu\u00e9","og_description":"Kapsula Konpostagarriak\u00a0 Nespresso\u00ae-rekin\u00a0bateragarriak. Kafe bizi, indartsu eta aparta. Zapore indartsuak, biziak eta gorputz handiko kafea maite dituztenentzat. Nortasun handiko kafea, aparta esnearekin hartzeko ere. Intentsitatea Pisua\/kantitatea 10 uds. Osagaiak Kafea. Alergenoak Bat ere ez. Erabilera\/kontserbazio baldintzak Gorde leku fresko eta lehor batean, eguzki argitik kanpo. Iraungitze data 18 hilabete Aholkua Kapsula bakoitza espresso bakar bat [&hellip;]","og_url":"https:\/\/www.baque.com\/es\/tienda\/cafe-capsulas\/compostables-nespresso\/sabor-intenso-20-capsulas-compostables-compatibles-nespresso\/","og_site_name":"Caf\u00e9s Baqu\u00e9","article_modified_time":"2026-03-18T05:36:34+00:00","og_image":[{"width":300,"height":300,"url":"https:\/\/www.baque.com\/wp-content\/uploads\/2018\/06\/baque_sabor-intenso-9-front.jpg","type":"image\/jpeg"}],"twitter_card":"summary_large_image","twitter_misc":{"Est. reading time":"1 minute"},"schema":{"@context":"https:\/\/schema.org","@graph":[{"@type":"WebPage","@id":"https:\/\/www.baque.com\/es\/tienda\/cafe-capsulas\/compostables-nespresso\/sabor-intenso-20-capsulas-compostables-compatibles-nespresso\/","url":"https:\/\/www.baque.com\/es\/tienda\/cafe-capsulas\/compostables-nespresso\/sabor-intenso-20-capsulas-compostables-compatibles-nespresso\/","name":"Zapore Bizia 10 kapsula Konpostagarri Nespresso\u00ae-rekin bateragarriak - Caf\u00e9s Baqu\u00e9","isPartOf":{"@id":"https:\/\/www.baque.com\/es\/#website"},"primaryImageOfPage":{"@id":"https:\/\/www.baque.com\/es\/tienda\/cafe-capsulas\/compostables-nespresso\/sabor-intenso-20-capsulas-compostables-compatibles-nespresso\/#primaryimage"},"image":{"@id":"https:\/\/www.baque.com\/es\/tienda\/cafe-capsulas\/compostables-nespresso\/sabor-intenso-20-capsulas-compostables-compatibles-nespresso\/#primaryimage"},"thumbnailUrl":"https:\/\/www.baque.com\/wp-content\/uploads\/2018\/06\/baque_sabor-intenso-9-front.jpg","datePublished":"2019-01-04T08:37:31+00:00","dateModified":"2026-03-18T05:36:34+00:00","breadcrumb":{"@id":"https:\/\/www.baque.com\/es\/tienda\/cafe-capsulas\/compostables-nespresso\/sabor-intenso-20-capsulas-compostables-compatibles-nespresso\/#breadcrumb"},"inLanguage":"eu-ES","potentialAction":[{"@type":"ReadAction","target":["https:\/\/www.baque.com\/es\/tienda\/cafe-capsulas\/compostables-nespresso\/sabor-intenso-20-capsulas-compostables-compatibles-nespresso\/"]}]},{"@type":"ImageObject","inLanguage":"eu-ES","@id":"https:\/\/www.baque.com\/es\/tienda\/cafe-capsulas\/compostables-nespresso\/sabor-intenso-20-capsulas-compostables-compatibles-nespresso\/#primaryimage","url":"https:\/\/www.baque.com\/wp-content\/uploads\/2018\/06\/baque_sabor-intenso-9-front.jpg","contentUrl":"https:\/\/www.baque.com\/wp-content\/uploads\/2018\/06\/baque_sabor-intenso-9-front.jpg","width":300,"height":300},{"@type":"BreadcrumbList","@id":"https:\/\/www.baque.com\/es\/tienda\/cafe-capsulas\/compostables-nespresso\/sabor-intenso-20-capsulas-compostables-compatibles-nespresso\/#breadcrumb","itemListElement":[{"@type":"ListItem","position":1,"name":"Portada","item":"https:\/\/www.baque.com\/eu\/"},{"@type":"ListItem","position":2,"name":"Denda","item":"https:\/\/www.baque.com\/eu\/denda\/"},{"@type":"ListItem","position":3,"name":"Zapore Bizia 10 kapsula Konpostagarri Nespresso\u00ae-rekin bateragarriak"}]},{"@type":"WebSite","@id":"https:\/\/www.baque.com\/es\/#website","url":"https:\/\/www.baque.com\/es\/","name":"Caf\u00e9s Baqu\u00e9","description":"Somos l\u00edderes en hosteler\u00eda en Pa\u00eds Vasco y La Rioja y una de las marcas m\u00e1s reconocidas en el mercado nacional. Somos una empresa familiar en constante innovaci\u00f3n en el producto. Tostamos y distribuimos caf\u00e9 molido, en grano y c\u00e1psulas para disfrutar en casa, en el bar y en la oficina.","potentialAction":[{"@type":"SearchAction","target":{"@type":"EntryPoint","urlTemplate":"https:\/\/www.baque.com\/es\/?s={search_term_string}"},"query-input":{"@type":"PropertyValueSpecification","valueRequired":true,"valueName":"search_term_string"}}],"inLanguage":"eu-ES"}]}},"_links":{"self":[{"href":"https:\/\/www.baque.com\/eu\/wp-json\/wp\/v2\/product\/5917","targetHints":{"allow":["GET"]}}],"collection":[{"href":"https:\/\/www.baque.com\/eu\/wp-json\/wp\/v2\/product"}],"about":[{"href":"https:\/\/www.baque.com\/eu\/wp-json\/wp\/v2\/types\/product"}],"wp:featuredmedia":[{"embeddable":true,"href":"https:\/\/www.baque.com\/eu\/wp-json\/wp\/v2\/media\/857926"}],"wp:attachment":[{"href":"https:\/\/www.baque.com\/eu\/wp-json\/wp\/v2\/media?parent=5917"}],"wp:term":[{"taxonomy":"product_brand","embeddable":true,"href":"https:\/\/www.baque.com\/eu\/wp-json\/wp\/v2\/product_brand?post=5917"},{"taxonomy":"product_cat","embeddable":true,"href":"https:\/\/www.baque.com\/eu\/wp-json\/wp\/v2\/product_cat?post=5917"},{"taxonomy":"product_tag","embeddable":true,"href":"https:\/\/www.baque.com\/eu\/wp-json\/wp\/v2\/product_tag?post=5917"}],"curies":[{"name":"wp","href":"https:\/\/api.w.org\/{rel}","templated":true}]}}