
{"id":85949,"date":"2020-07-21T12:53:18","date_gmt":"2020-10-05T12:29:54","guid":{"rendered":"https:\/\/www.baque.com\/?post_type=product&#038;p=85949"},"modified":"2020-10-15T11:27:44","modified_gmt":"2020-10-15T09:27:44","slug":"gobik-pro-gizonentzako-txalekoa","status":"publish","type":"product","link":"https:\/\/www.baque.com\/eu\/denda\/maillotak\/gobik-pro-gizonentzako-txalekoa\/","title":{"rendered":"GOBIK PRO GIZONENTZAKO TXALEKOA"},"content":{"rendered":"<p>Gizonezkoen osagarri ultra arina, maillot luzeekin eramateko ezin hobea.<\/p>\n<p>Zure mugimenduak eskulekua askatu gabe egiteko pentsatua. Kurtsore bikoitzeko kremailerak aire fluxua eta gorputzeko tenperatura optimizatzera lagunduko dizu. -Gobik Pocket System- poltsikoan gordetzeko arina eta tolesgarria.<\/p>\n<p>Iraunkorra, transpiragarria eta CX PRO maillot luzeekin osagarri moduan erabiltzeko ezin hobea.<\/p>\n<p><strong>\u00b7 Edizio esklusiboa:<\/strong> Gobik-ek ekoiztutako PLUS modeloa.<\/p>\n<p><strong>\u00b7 Ezaugarriak:<\/strong> Windproof | Superlight<\/p>\n<p><strong>\u00b7 Erabilera-tartea:<\/strong> 10\u00baC tik 18\u00baC ra<\/p>\n","protected":false},"excerpt":{"rendered":"<p>Gizonezkoen osagarri ultra arina, maillot luzeekin eramateko ezin hobea. Zure mugimenduak eskulekua askatu gabe egiteko pentsatua. Kurtsore bikoitzeko kremailerak aire fluxua eta gorputzeko tenperatura optimizatzera lagunduko dizu. -Gobik Pocket System- poltsikoan gordetzeko arina eta tolesgarria. Iraunkorra, transpiragarria eta CX PRO maillot luzeekin osagarri moduan erabiltzeko ezin hobea. \u00b7 Edizio esklusiboa: Gobik-ek ekoiztutako PLUS modeloa. \u00b7 [&hellip;]<\/p>\n","protected":false},"featured_media":89467,"template":"","meta":{"_acf_changed":false},"product_brand":[],"product_cat":[401],"product_tag":[],"class_list":{"0":"post-85949","1":"product","2":"type-product","3":"status-publish","4":"has-post-thumbnail","6":"product_cat-maillotak","8":"first","9":"outofstock","10":"sale","11":"taxable","12":"shipping-taxable","13":"purchasable","14":"product-type-variable","15":"has-default-attributes"},"bundled_by":[],"bundle_stock_status":"outofstock","bundle_stock_quantity":null,"bundle_virtual":false,"bundle_layout":"","bundle_add_to_cart_form_location":"","bundle_editable_in_cart":false,"bundle_sold_individually_context":"","bundle_item_grouping":"","bundle_min_size":"","bundle_max_size":"","bundle_price":[],"bundled_items":[],"bundle_sell_ids":[],"acf":[],"yoast_head":"<!-- This site is optimized with the Yoast SEO plugin v27.3 - https:\/\/yoast.com\/product\/yoast-seo-wordpress\/ -->\n<title>GOBIK PRO GIZONENTZAKO TXALEKOA - Caf\u00e9s Baqu\u00e9<\/title>\n<meta name=\"robots\" content=\"index, follow, max-snippet:-1, max-image-preview:large, max-video-preview:-1\" \/>\n<meta property=\"og:locale\" content=\"eu_ES\" \/>\n<meta property=\"og:type\" content=\"article\" \/>\n<meta property=\"og:title\" content=\"GOBIK PRO GIZONENTZAKO TXALEKOA - Caf\u00e9s Baqu\u00e9\" \/>\n<meta property=\"og:description\" content=\"Gizonezkoen osagarri ultra arina, maillot luzeekin eramateko ezin hobea. Zure mugimenduak eskulekua askatu gabe egiteko pentsatua. Kurtsore bikoitzeko kremailerak aire fluxua eta gorputzeko tenperatura optimizatzera lagunduko dizu. -Gobik Pocket System- poltsikoan gordetzeko arina eta tolesgarria. Iraunkorra, transpiragarria eta CX PRO maillot luzeekin osagarri moduan erabiltzeko ezin hobea. \u00b7 Edizio esklusiboa: Gobik-ek ekoiztutako PLUS modeloa. \u00b7 [&hellip;]\" \/>\n<meta property=\"og:url\" content=\"https:\/\/www.baque.com\/eu\/denda\/maillotak\/gobik-pro-gizonentzako-txalekoa\/\" \/>\n<meta property=\"og:site_name\" content=\"Caf\u00e9s Baqu\u00e9\" \/>\n<meta property=\"article:modified_time\" content=\"2020-10-15T09:27:44+00:00\" \/>\n<meta property=\"og:image\" content=\"https:\/\/www.baque.com\/wp-content\/uploads\/2020\/07\/chaleco-tienda-8.png\" \/>\n\t<meta property=\"og:image:width\" content=\"911\" \/>\n\t<meta property=\"og:image:height\" content=\"780\" \/>\n\t<meta property=\"og:image:type\" content=\"image\/png\" \/>\n<meta name=\"twitter:card\" content=\"summary_large_image\" \/>\n<script type=\"application\/ld+json\" class=\"yoast-schema-graph\">{\"@context\":\"https:\\\/\\\/schema.org\",\"@graph\":[{\"@type\":\"WebPage\",\"@id\":\"https:\\\/\\\/www.baque.com\\\/eu\\\/denda\\\/maillotak\\\/gobik-pro-gizonentzako-txalekoa\\\/\",\"url\":\"https:\\\/\\\/www.baque.com\\\/eu\\\/denda\\\/maillotak\\\/gobik-pro-gizonentzako-txalekoa\\\/\",\"name\":\"GOBIK PRO GIZONENTZAKO TXALEKOA - Caf\u00e9s Baqu\u00e9\",\"isPartOf\":{\"@id\":\"https:\\\/\\\/www.baque.com\\\/es\\\/#website\"},\"primaryImageOfPage\":{\"@id\":\"https:\\\/\\\/www.baque.com\\\/eu\\\/denda\\\/maillotak\\\/gobik-pro-gizonentzako-txalekoa\\\/#primaryimage\"},\"image\":{\"@id\":\"https:\\\/\\\/www.baque.com\\\/eu\\\/denda\\\/maillotak\\\/gobik-pro-gizonentzako-txalekoa\\\/#primaryimage\"},\"thumbnailUrl\":\"https:\\\/\\\/www.baque.com\\\/wp-content\\\/uploads\\\/2020\\\/07\\\/chaleco-tienda-8.png\",\"datePublished\":\"2020-10-05T12:29:54+00:00\",\"dateModified\":\"2020-10-15T09:27:44+00:00\",\"breadcrumb\":{\"@id\":\"https:\\\/\\\/www.baque.com\\\/eu\\\/denda\\\/maillotak\\\/gobik-pro-gizonentzako-txalekoa\\\/#breadcrumb\"},\"inLanguage\":\"eu-ES\",\"potentialAction\":[{\"@type\":\"ReadAction\",\"target\":[\"https:\\\/\\\/www.baque.com\\\/eu\\\/denda\\\/maillotak\\\/gobik-pro-gizonentzako-txalekoa\\\/\"]}]},{\"@type\":\"ImageObject\",\"inLanguage\":\"eu-ES\",\"@id\":\"https:\\\/\\\/www.baque.com\\\/eu\\\/denda\\\/maillotak\\\/gobik-pro-gizonentzako-txalekoa\\\/#primaryimage\",\"url\":\"https:\\\/\\\/www.baque.com\\\/wp-content\\\/uploads\\\/2020\\\/07\\\/chaleco-tienda-8.png\",\"contentUrl\":\"https:\\\/\\\/www.baque.com\\\/wp-content\\\/uploads\\\/2020\\\/07\\\/chaleco-tienda-8.png\",\"width\":911,\"height\":780},{\"@type\":\"BreadcrumbList\",\"@id\":\"https:\\\/\\\/www.baque.com\\\/eu\\\/denda\\\/maillotak\\\/gobik-pro-gizonentzako-txalekoa\\\/#breadcrumb\",\"itemListElement\":[{\"@type\":\"ListItem\",\"position\":1,\"name\":\"Portada\",\"item\":\"https:\\\/\\\/www.baque.com\\\/eu\\\/\"},{\"@type\":\"ListItem\",\"position\":2,\"name\":\"Denda\",\"item\":\"https:\\\/\\\/www.baque.com\\\/eu\\\/denda\\\/\"},{\"@type\":\"ListItem\",\"position\":3,\"name\":\"GOBIK PRO GIZONENTZAKO TXALEKOA\"}]},{\"@type\":\"WebSite\",\"@id\":\"https:\\\/\\\/www.baque.com\\\/es\\\/#website\",\"url\":\"https:\\\/\\\/www.baque.com\\\/es\\\/\",\"name\":\"Caf\u00e9s Baqu\u00e9\",\"description\":\"Somos l\u00edderes en hosteler\u00eda en Pa\u00eds Vasco y La Rioja y una de las marcas m\u00e1s reconocidas en el mercado nacional. Somos una empresa familiar en constante innovaci\u00f3n en el producto. Tostamos y distribuimos caf\u00e9 molido, en grano y c\u00e1psulas para disfrutar en casa, en el bar y en la oficina.\",\"potentialAction\":[{\"@type\":\"SearchAction\",\"target\":{\"@type\":\"EntryPoint\",\"urlTemplate\":\"https:\\\/\\\/www.baque.com\\\/es\\\/?s={search_term_string}\"},\"query-input\":{\"@type\":\"PropertyValueSpecification\",\"valueRequired\":true,\"valueName\":\"search_term_string\"}}],\"inLanguage\":\"eu-ES\"}]}<\/script>\n<!-- \/ Yoast SEO plugin. -->","yoast_head_json":{"title":"GOBIK PRO GIZONENTZAKO TXALEKOA - Caf\u00e9s Baqu\u00e9","robots":{"index":"index","follow":"follow","max-snippet":"max-snippet:-1","max-image-preview":"max-image-preview:large","max-video-preview":"max-video-preview:-1"},"og_locale":"eu_ES","og_type":"article","og_title":"GOBIK PRO GIZONENTZAKO TXALEKOA - Caf\u00e9s Baqu\u00e9","og_description":"Gizonezkoen osagarri ultra arina, maillot luzeekin eramateko ezin hobea. Zure mugimenduak eskulekua askatu gabe egiteko pentsatua. Kurtsore bikoitzeko kremailerak aire fluxua eta gorputzeko tenperatura optimizatzera lagunduko dizu. -Gobik Pocket System- poltsikoan gordetzeko arina eta tolesgarria. Iraunkorra, transpiragarria eta CX PRO maillot luzeekin osagarri moduan erabiltzeko ezin hobea. \u00b7 Edizio esklusiboa: Gobik-ek ekoiztutako PLUS modeloa. \u00b7 [&hellip;]","og_url":"https:\/\/www.baque.com\/eu\/denda\/maillotak\/gobik-pro-gizonentzako-txalekoa\/","og_site_name":"Caf\u00e9s Baqu\u00e9","article_modified_time":"2020-10-15T09:27:44+00:00","og_image":[{"width":911,"height":780,"url":"https:\/\/www.baque.com\/wp-content\/uploads\/2020\/07\/chaleco-tienda-8.png","type":"image\/png"}],"twitter_card":"summary_large_image","schema":{"@context":"https:\/\/schema.org","@graph":[{"@type":"WebPage","@id":"https:\/\/www.baque.com\/eu\/denda\/maillotak\/gobik-pro-gizonentzako-txalekoa\/","url":"https:\/\/www.baque.com\/eu\/denda\/maillotak\/gobik-pro-gizonentzako-txalekoa\/","name":"GOBIK PRO GIZONENTZAKO TXALEKOA - Caf\u00e9s Baqu\u00e9","isPartOf":{"@id":"https:\/\/www.baque.com\/es\/#website"},"primaryImageOfPage":{"@id":"https:\/\/www.baque.com\/eu\/denda\/maillotak\/gobik-pro-gizonentzako-txalekoa\/#primaryimage"},"image":{"@id":"https:\/\/www.baque.com\/eu\/denda\/maillotak\/gobik-pro-gizonentzako-txalekoa\/#primaryimage"},"thumbnailUrl":"https:\/\/www.baque.com\/wp-content\/uploads\/2020\/07\/chaleco-tienda-8.png","datePublished":"2020-10-05T12:29:54+00:00","dateModified":"2020-10-15T09:27:44+00:00","breadcrumb":{"@id":"https:\/\/www.baque.com\/eu\/denda\/maillotak\/gobik-pro-gizonentzako-txalekoa\/#breadcrumb"},"inLanguage":"eu-ES","potentialAction":[{"@type":"ReadAction","target":["https:\/\/www.baque.com\/eu\/denda\/maillotak\/gobik-pro-gizonentzako-txalekoa\/"]}]},{"@type":"ImageObject","inLanguage":"eu-ES","@id":"https:\/\/www.baque.com\/eu\/denda\/maillotak\/gobik-pro-gizonentzako-txalekoa\/#primaryimage","url":"https:\/\/www.baque.com\/wp-content\/uploads\/2020\/07\/chaleco-tienda-8.png","contentUrl":"https:\/\/www.baque.com\/wp-content\/uploads\/2020\/07\/chaleco-tienda-8.png","width":911,"height":780},{"@type":"BreadcrumbList","@id":"https:\/\/www.baque.com\/eu\/denda\/maillotak\/gobik-pro-gizonentzako-txalekoa\/#breadcrumb","itemListElement":[{"@type":"ListItem","position":1,"name":"Portada","item":"https:\/\/www.baque.com\/eu\/"},{"@type":"ListItem","position":2,"name":"Denda","item":"https:\/\/www.baque.com\/eu\/denda\/"},{"@type":"ListItem","position":3,"name":"GOBIK PRO GIZONENTZAKO TXALEKOA"}]},{"@type":"WebSite","@id":"https:\/\/www.baque.com\/es\/#website","url":"https:\/\/www.baque.com\/es\/","name":"Caf\u00e9s Baqu\u00e9","description":"Somos l\u00edderes en hosteler\u00eda en Pa\u00eds Vasco y La Rioja y una de las marcas m\u00e1s reconocidas en el mercado nacional. Somos una empresa familiar en constante innovaci\u00f3n en el producto. Tostamos y distribuimos caf\u00e9 molido, en grano y c\u00e1psulas para disfrutar en casa, en el bar y en la oficina.","potentialAction":[{"@type":"SearchAction","target":{"@type":"EntryPoint","urlTemplate":"https:\/\/www.baque.com\/es\/?s={search_term_string}"},"query-input":{"@type":"PropertyValueSpecification","valueRequired":true,"valueName":"search_term_string"}}],"inLanguage":"eu-ES"}]}},"_links":{"self":[{"href":"https:\/\/www.baque.com\/eu\/wp-json\/wp\/v2\/product\/85949","targetHints":{"allow":["GET"]}}],"collection":[{"href":"https:\/\/www.baque.com\/eu\/wp-json\/wp\/v2\/product"}],"about":[{"href":"https:\/\/www.baque.com\/eu\/wp-json\/wp\/v2\/types\/product"}],"wp:featuredmedia":[{"embeddable":true,"href":"https:\/\/www.baque.com\/eu\/wp-json\/wp\/v2\/media\/89467"}],"wp:attachment":[{"href":"https:\/\/www.baque.com\/eu\/wp-json\/wp\/v2\/media?parent=85949"}],"wp:term":[{"taxonomy":"product_brand","embeddable":true,"href":"https:\/\/www.baque.com\/eu\/wp-json\/wp\/v2\/product_brand?post=85949"},{"taxonomy":"product_cat","embeddable":true,"href":"https:\/\/www.baque.com\/eu\/wp-json\/wp\/v2\/product_cat?post=85949"},{"taxonomy":"product_tag","embeddable":true,"href":"https:\/\/www.baque.com\/eu\/wp-json\/wp\/v2\/product_tag?post=85949"}],"curies":[{"name":"wp","href":"https:\/\/api.w.org\/{rel}","templated":true}]}}