
{"id":8847,"date":"2019-12-02T11:00:34","date_gmt":"2019-12-02T09:00:34","guid":{"rendered":"https:\/\/www.baque.com\/?post_type=product&#038;p=8847"},"modified":"2020-10-06T12:16:03","modified_gmt":"2020-10-06T10:16:03","slug":"gobik-maillot-unisex-luzea","status":"publish","type":"product","link":"https:\/\/www.baque.com\/eu\/denda\/maillotak\/gobik-maillot-unisex-luzea\/","title":{"rendered":"GOBIK MAILLOT UNISEX LUZEA"},"content":{"rendered":"<p>Maillot ultrarin eta oso transpiragarria. 4 ehun desberdineko konbinazioak jantzi teknikoki biribila egiten dute CX PRO. Doikuntza perfektua du, eta gehieneko errendimendu aerodinamikoa lortzeko diseinatu da.<\/p>\n<p>Ezkutuko kremailera alderantzikatu berriak bularraldean jantzi uniformeagoa lortzen du.<\/p>\n<p>Atzealdean dituen hiru poltsikoek zure ondasun kuttunenak zaintzeko segurtasun gehigarri bat ematen dute.<\/p>\n<p>Oso ongi geratzen da gorpuzkera ertaina edo mehea duten erabiltzaile aurreratuetan.<\/p>\n<p><strong>\u00b7 Edizio esklusiboa: Gobik<\/strong>-ek ekoizutako <strong>CX Pro <\/strong>modeloa.<\/p>\n<p><strong>\u00b7 Ezaugarriak: <\/strong>Ultra light | Perfect Fit<\/p>\n<p><strong>\u00b7 Erabilera-tartea: <\/strong>18\u00baC &#8211; 25\u00baC<\/p>\n","protected":false},"excerpt":{"rendered":"<p>Maillot ultrarin eta oso transpiragarria. 4 ehun desberdineko konbinazioak jantzi teknikoki biribila egiten dute CX PRO. Doikuntza perfektua du, eta gehieneko errendimendu aerodinamikoa lortzeko diseinatu da. Ezkutuko kremailera alderantzikatu berriak bularraldean jantzi uniformeagoa lortzen du. Atzealdean dituen hiru poltsikoek zure ondasun kuttunenak zaintzeko segurtasun gehigarri bat ematen dute. Oso ongi geratzen da gorpuzkera ertaina edo [&hellip;]<\/p>\n","protected":false},"featured_media":8800,"template":"","meta":{"_acf_changed":false},"product_brand":[],"product_cat":[401],"product_tag":[],"class_list":{"0":"post-8847","1":"product","2":"type-product","3":"status-publish","4":"has-post-thumbnail","6":"product_cat-maillotak","8":"first","9":"instock","10":"sale","11":"taxable","12":"shipping-taxable","13":"purchasable","14":"product-type-variable"},"bundled_by":[],"bundle_stock_status":"instock","bundle_stock_quantity":null,"bundle_virtual":false,"bundle_layout":"","bundle_add_to_cart_form_location":"","bundle_editable_in_cart":false,"bundle_sold_individually_context":"","bundle_item_grouping":"","bundle_min_size":"","bundle_max_size":"","bundle_price":[],"bundled_items":[],"bundle_sell_ids":[],"acf":[],"yoast_head":"<!-- This site is optimized with the Yoast SEO plugin v27.3 - https:\/\/yoast.com\/product\/yoast-seo-wordpress\/ -->\n<title>GOBIK MAILLOT UNISEX LUZEA - Caf\u00e9s Baqu\u00e9<\/title>\n<meta name=\"robots\" content=\"index, follow, max-snippet:-1, max-image-preview:large, max-video-preview:-1\" \/>\n<meta property=\"og:locale\" content=\"eu_ES\" \/>\n<meta property=\"og:type\" content=\"article\" \/>\n<meta property=\"og:title\" content=\"GOBIK MAILLOT UNISEX LUZEA - Caf\u00e9s Baqu\u00e9\" \/>\n<meta property=\"og:description\" content=\"Maillot ultrarin eta oso transpiragarria. 4 ehun desberdineko konbinazioak jantzi teknikoki biribila egiten dute CX PRO. Doikuntza perfektua du, eta gehieneko errendimendu aerodinamikoa lortzeko diseinatu da. Ezkutuko kremailera alderantzikatu berriak bularraldean jantzi uniformeagoa lortzen du. Atzealdean dituen hiru poltsikoek zure ondasun kuttunenak zaintzeko segurtasun gehigarri bat ematen dute. Oso ongi geratzen da gorpuzkera ertaina edo [&hellip;]\" \/>\n<meta property=\"og:url\" content=\"https:\/\/www.baque.com\/eu\/denda\/maillotak\/gobik-maillot-unisex-luzea\/\" \/>\n<meta property=\"og:site_name\" content=\"Caf\u00e9s Baqu\u00e9\" \/>\n<meta property=\"article:modified_time\" content=\"2020-10-06T10:16:03+00:00\" \/>\n<meta property=\"og:image\" content=\"https:\/\/www.baque.com\/wp-content\/uploads\/2019\/11\/Maillot-manga-larga-Gobik-CX-pro.jpg\" \/>\n\t<meta property=\"og:image:width\" content=\"852\" \/>\n\t<meta property=\"og:image:height\" content=\"980\" \/>\n\t<meta property=\"og:image:type\" content=\"image\/jpeg\" \/>\n<meta name=\"twitter:card\" content=\"summary_large_image\" \/>\n<script type=\"application\/ld+json\" class=\"yoast-schema-graph\">{\"@context\":\"https:\\\/\\\/schema.org\",\"@graph\":[{\"@type\":\"WebPage\",\"@id\":\"https:\\\/\\\/www.baque.com\\\/eu\\\/denda\\\/maillotak\\\/gobik-maillot-unisex-luzea\\\/\",\"url\":\"https:\\\/\\\/www.baque.com\\\/eu\\\/denda\\\/maillotak\\\/gobik-maillot-unisex-luzea\\\/\",\"name\":\"GOBIK MAILLOT UNISEX LUZEA - Caf\u00e9s Baqu\u00e9\",\"isPartOf\":{\"@id\":\"https:\\\/\\\/www.baque.com\\\/es\\\/#website\"},\"primaryImageOfPage\":{\"@id\":\"https:\\\/\\\/www.baque.com\\\/eu\\\/denda\\\/maillotak\\\/gobik-maillot-unisex-luzea\\\/#primaryimage\"},\"image\":{\"@id\":\"https:\\\/\\\/www.baque.com\\\/eu\\\/denda\\\/maillotak\\\/gobik-maillot-unisex-luzea\\\/#primaryimage\"},\"thumbnailUrl\":\"https:\\\/\\\/www.baque.com\\\/wp-content\\\/uploads\\\/2019\\\/11\\\/Maillot-manga-larga-Gobik-CX-pro.jpg\",\"datePublished\":\"2019-12-02T09:00:34+00:00\",\"dateModified\":\"2020-10-06T10:16:03+00:00\",\"breadcrumb\":{\"@id\":\"https:\\\/\\\/www.baque.com\\\/eu\\\/denda\\\/maillotak\\\/gobik-maillot-unisex-luzea\\\/#breadcrumb\"},\"inLanguage\":\"eu-ES\",\"potentialAction\":[{\"@type\":\"ReadAction\",\"target\":[\"https:\\\/\\\/www.baque.com\\\/eu\\\/denda\\\/maillotak\\\/gobik-maillot-unisex-luzea\\\/\"]}]},{\"@type\":\"ImageObject\",\"inLanguage\":\"eu-ES\",\"@id\":\"https:\\\/\\\/www.baque.com\\\/eu\\\/denda\\\/maillotak\\\/gobik-maillot-unisex-luzea\\\/#primaryimage\",\"url\":\"https:\\\/\\\/www.baque.com\\\/wp-content\\\/uploads\\\/2019\\\/11\\\/Maillot-manga-larga-Gobik-CX-pro.jpg\",\"contentUrl\":\"https:\\\/\\\/www.baque.com\\\/wp-content\\\/uploads\\\/2019\\\/11\\\/Maillot-manga-larga-Gobik-CX-pro.jpg\",\"width\":852,\"height\":980},{\"@type\":\"BreadcrumbList\",\"@id\":\"https:\\\/\\\/www.baque.com\\\/eu\\\/denda\\\/maillotak\\\/gobik-maillot-unisex-luzea\\\/#breadcrumb\",\"itemListElement\":[{\"@type\":\"ListItem\",\"position\":1,\"name\":\"Portada\",\"item\":\"https:\\\/\\\/www.baque.com\\\/eu\\\/\"},{\"@type\":\"ListItem\",\"position\":2,\"name\":\"Denda\",\"item\":\"https:\\\/\\\/www.baque.com\\\/eu\\\/denda\\\/\"},{\"@type\":\"ListItem\",\"position\":3,\"name\":\"GOBIK MAILLOT UNISEX LUZEA\"}]},{\"@type\":\"WebSite\",\"@id\":\"https:\\\/\\\/www.baque.com\\\/es\\\/#website\",\"url\":\"https:\\\/\\\/www.baque.com\\\/es\\\/\",\"name\":\"Caf\u00e9s Baqu\u00e9\",\"description\":\"Somos l\u00edderes en hosteler\u00eda en Pa\u00eds Vasco y La Rioja y una de las marcas m\u00e1s reconocidas en el mercado nacional. Somos una empresa familiar en constante innovaci\u00f3n en el producto. Tostamos y distribuimos caf\u00e9 molido, en grano y c\u00e1psulas para disfrutar en casa, en el bar y en la oficina.\",\"potentialAction\":[{\"@type\":\"SearchAction\",\"target\":{\"@type\":\"EntryPoint\",\"urlTemplate\":\"https:\\\/\\\/www.baque.com\\\/es\\\/?s={search_term_string}\"},\"query-input\":{\"@type\":\"PropertyValueSpecification\",\"valueRequired\":true,\"valueName\":\"search_term_string\"}}],\"inLanguage\":\"eu-ES\"}]}<\/script>\n<!-- \/ Yoast SEO plugin. -->","yoast_head_json":{"title":"GOBIK MAILLOT UNISEX LUZEA - Caf\u00e9s Baqu\u00e9","robots":{"index":"index","follow":"follow","max-snippet":"max-snippet:-1","max-image-preview":"max-image-preview:large","max-video-preview":"max-video-preview:-1"},"og_locale":"eu_ES","og_type":"article","og_title":"GOBIK MAILLOT UNISEX LUZEA - Caf\u00e9s Baqu\u00e9","og_description":"Maillot ultrarin eta oso transpiragarria. 4 ehun desberdineko konbinazioak jantzi teknikoki biribila egiten dute CX PRO. Doikuntza perfektua du, eta gehieneko errendimendu aerodinamikoa lortzeko diseinatu da. Ezkutuko kremailera alderantzikatu berriak bularraldean jantzi uniformeagoa lortzen du. Atzealdean dituen hiru poltsikoek zure ondasun kuttunenak zaintzeko segurtasun gehigarri bat ematen dute. Oso ongi geratzen da gorpuzkera ertaina edo [&hellip;]","og_url":"https:\/\/www.baque.com\/eu\/denda\/maillotak\/gobik-maillot-unisex-luzea\/","og_site_name":"Caf\u00e9s Baqu\u00e9","article_modified_time":"2020-10-06T10:16:03+00:00","og_image":[{"width":852,"height":980,"url":"https:\/\/www.baque.com\/wp-content\/uploads\/2019\/11\/Maillot-manga-larga-Gobik-CX-pro.jpg","type":"image\/jpeg"}],"twitter_card":"summary_large_image","schema":{"@context":"https:\/\/schema.org","@graph":[{"@type":"WebPage","@id":"https:\/\/www.baque.com\/eu\/denda\/maillotak\/gobik-maillot-unisex-luzea\/","url":"https:\/\/www.baque.com\/eu\/denda\/maillotak\/gobik-maillot-unisex-luzea\/","name":"GOBIK MAILLOT UNISEX LUZEA - Caf\u00e9s Baqu\u00e9","isPartOf":{"@id":"https:\/\/www.baque.com\/es\/#website"},"primaryImageOfPage":{"@id":"https:\/\/www.baque.com\/eu\/denda\/maillotak\/gobik-maillot-unisex-luzea\/#primaryimage"},"image":{"@id":"https:\/\/www.baque.com\/eu\/denda\/maillotak\/gobik-maillot-unisex-luzea\/#primaryimage"},"thumbnailUrl":"https:\/\/www.baque.com\/wp-content\/uploads\/2019\/11\/Maillot-manga-larga-Gobik-CX-pro.jpg","datePublished":"2019-12-02T09:00:34+00:00","dateModified":"2020-10-06T10:16:03+00:00","breadcrumb":{"@id":"https:\/\/www.baque.com\/eu\/denda\/maillotak\/gobik-maillot-unisex-luzea\/#breadcrumb"},"inLanguage":"eu-ES","potentialAction":[{"@type":"ReadAction","target":["https:\/\/www.baque.com\/eu\/denda\/maillotak\/gobik-maillot-unisex-luzea\/"]}]},{"@type":"ImageObject","inLanguage":"eu-ES","@id":"https:\/\/www.baque.com\/eu\/denda\/maillotak\/gobik-maillot-unisex-luzea\/#primaryimage","url":"https:\/\/www.baque.com\/wp-content\/uploads\/2019\/11\/Maillot-manga-larga-Gobik-CX-pro.jpg","contentUrl":"https:\/\/www.baque.com\/wp-content\/uploads\/2019\/11\/Maillot-manga-larga-Gobik-CX-pro.jpg","width":852,"height":980},{"@type":"BreadcrumbList","@id":"https:\/\/www.baque.com\/eu\/denda\/maillotak\/gobik-maillot-unisex-luzea\/#breadcrumb","itemListElement":[{"@type":"ListItem","position":1,"name":"Portada","item":"https:\/\/www.baque.com\/eu\/"},{"@type":"ListItem","position":2,"name":"Denda","item":"https:\/\/www.baque.com\/eu\/denda\/"},{"@type":"ListItem","position":3,"name":"GOBIK MAILLOT UNISEX LUZEA"}]},{"@type":"WebSite","@id":"https:\/\/www.baque.com\/es\/#website","url":"https:\/\/www.baque.com\/es\/","name":"Caf\u00e9s Baqu\u00e9","description":"Somos l\u00edderes en hosteler\u00eda en Pa\u00eds Vasco y La Rioja y una de las marcas m\u00e1s reconocidas en el mercado nacional. Somos una empresa familiar en constante innovaci\u00f3n en el producto. Tostamos y distribuimos caf\u00e9 molido, en grano y c\u00e1psulas para disfrutar en casa, en el bar y en la oficina.","potentialAction":[{"@type":"SearchAction","target":{"@type":"EntryPoint","urlTemplate":"https:\/\/www.baque.com\/es\/?s={search_term_string}"},"query-input":{"@type":"PropertyValueSpecification","valueRequired":true,"valueName":"search_term_string"}}],"inLanguage":"eu-ES"}]}},"_links":{"self":[{"href":"https:\/\/www.baque.com\/eu\/wp-json\/wp\/v2\/product\/8847","targetHints":{"allow":["GET"]}}],"collection":[{"href":"https:\/\/www.baque.com\/eu\/wp-json\/wp\/v2\/product"}],"about":[{"href":"https:\/\/www.baque.com\/eu\/wp-json\/wp\/v2\/types\/product"}],"wp:featuredmedia":[{"embeddable":true,"href":"https:\/\/www.baque.com\/eu\/wp-json\/wp\/v2\/media\/8800"}],"wp:attachment":[{"href":"https:\/\/www.baque.com\/eu\/wp-json\/wp\/v2\/media?parent=8847"}],"wp:term":[{"taxonomy":"product_brand","embeddable":true,"href":"https:\/\/www.baque.com\/eu\/wp-json\/wp\/v2\/product_brand?post=8847"},{"taxonomy":"product_cat","embeddable":true,"href":"https:\/\/www.baque.com\/eu\/wp-json\/wp\/v2\/product_cat?post=8847"},{"taxonomy":"product_tag","embeddable":true,"href":"https:\/\/www.baque.com\/eu\/wp-json\/wp\/v2\/product_tag?post=8847"}],"curies":[{"name":"wp","href":"https:\/\/api.w.org\/{rel}","templated":true}]}}